{"id":10351,"date":"2024-02-16T11:47:00","date_gmt":"2024-02-16T11:47:00","guid":{"rendered":"https:\/\/staging.pigs.no\/?post_type=product&#038;p=10351"},"modified":"2026-01-19T22:19:04","modified_gmt":"2026-01-19T22:19:04","slug":"hahnemuehle-daguerre-canvas-uten","status":"publish","type":"product","link":"https:\/\/staging.pigs.no\/da\/produkt\/hahnemuehle-daguerre-canvas-uten\/","title":{"rendered":"Hahnem\u00fchle Daguerre Canvas 400 - kun til print"},"content":{"rendered":"<p>Daguerre Canvas 400 er et mat polybomuldsl\u00e6rred med en glat overflade og h\u00f8j hvidhed, som giver klare farver og gode detaljer. P\u00e5 trods af den h\u00f8je gramv\u00e6gt har det gode str\u00e6kegenskaber og er ideelt til opsp\u00e6nding p\u00e5 kilramme. Overholder ISO 9706.<\/p>\n<p><strong>NB!<\/strong> Kan printes op til 135 cm p\u00e5 den korte side, n\u00e5r det str\u00e6kkes (f.eks. 135 \u00d7 200 cm). Rullebredde: 152 cm (60\u2033). Tillad ca. 15 cm til opsp\u00e6nding.<\/p>\n<p><strong data-start=\"28419\" data-end=\"28439\">Bedst egnet til:<\/strong> foto \/ illustration \/ reproduktion \/ udstilling<\/p>\n<p data-start=\"28260\" data-end=\"28289\"><strong data-start=\"28260\" data-end=\"28287\">Funktioner:<\/strong><\/p>\n<ul data-start=\"28290\" data-end=\"28417\">\n<li data-start=\"28290\" data-end=\"28305\">\n<p data-start=\"28292\" data-end=\"28305\">Poly-bomuld<\/p>\n<\/li>\n<li data-start=\"28306\" data-end=\"28317\">\n<p data-start=\"28308\" data-end=\"28317\">400 g\/m\u00b2<\/p>\n<\/li>\n<li data-start=\"28318\" data-end=\"28330\">\n<p data-start=\"28320\" data-end=\"28330\">Lys hvid<\/p>\n<\/li>\n<li data-start=\"28331\" data-end=\"28352\">\n<p data-start=\"28333\" data-end=\"28352\">Fin, glat tekstur<\/p>\n<\/li>\n<li data-start=\"28353\" data-end=\"28368\">\n<p data-start=\"28355\" data-end=\"28368\">Mat finish<\/p>\n<\/li>\n<li data-start=\"28369\" data-end=\"28380\">\n<p data-start=\"28371\" data-end=\"28380\">Syrefri<\/p>\n<\/li>\n<li data-start=\"28381\" data-end=\"28417\">\n<p data-start=\"28383\" data-end=\"28417\">ISO 9706-kompatibel \/ museumskvalitet<\/p>\n<\/li>\n<\/ul>\n<p>&nbsp;<\/p>\n<p class=\"\"><a href=\"https:\/\/staging.pigs.no\/wp-content\/uploads\/2022\/09\/Datasheet-Hahnem\u00fchle-Daguerre-Canvas-400.pdf\">L\u00e6s mere om Hahnem\u00fchle Daguerre Canvas 400<\/a><\/p>","protected":false},"excerpt":{"rendered":"<p>Mat polybomuldsl\u00e6rred (400 g\/m\u00b2) med en fin, j\u00e6vn struktur og h\u00f8j hvidhed - friske farver, gode detaljer og st\u00e6rke s\/h-gengivelser.<\/p>","protected":false},"featured_media":2685,"template":"","meta":{"_acf_changed":false},"product_brand":[167],"product_cat":[122,106],"product_tag":[158,156,123,46,65,43,157],"class_list":{"0":"post-10351","1":"product","2":"type-product","3":"status-publish","4":"has-post-thumbnail","6":"product_brand-hahnemuhle","7":"product_cat-fineart-canvas","8":"product_cat-pigs-medier","9":"product_tag-canvas","10":"product_tag-canvas-print","11":"product_tag-fineart-canvas","12":"product_tag-hahnemuhle","13":"product_tag-lerret","14":"product_tag-matt","15":"product_tag-print-pa-lerret","17":"first","18":"instock","19":"taxable","20":"shipping-taxable","21":"purchasable","22":"product-type-simple"},"acf":[],"yoast_head":"<!-- This site is optimized with the Yoast SEO plugin v27.4 - https:\/\/yoast.com\/product\/yoast-seo-wordpress\/ -->\n<title>Daguerre Canvas 400 | Matt lerret til print | PIGS<\/title>\n<meta name=\"description\" content=\"Matt poly-cotton lerret (400 gsm) med jevn tekstur og h\u00f8y hvithet. Gir friske farger og sterke s\/h \u2013 ideelt til lerretsprint og oppspenning.\" \/>\n<meta name=\"robots\" content=\"index, follow, max-snippet:-1, max-image-preview:large, max-video-preview:-1\" \/>\n<link rel=\"canonical\" href=\"https:\/\/staging.pigs.no\/da\/product-2\/hahnemuehle-daguerre-canvas-uten\/\" \/>\n<meta property=\"og:locale\" content=\"da_DK\" \/>\n<meta property=\"og:type\" content=\"article\" \/>\n<meta property=\"og:title\" content=\"Daguerre Canvas 400 | Matt lerret til print | PIGS\" \/>\n<meta property=\"og:description\" content=\"Matt poly-cotton lerret (400 gsm) med jevn tekstur og h\u00f8y hvithet. Gir friske farger og sterke s\/h \u2013 ideelt til lerretsprint og oppspenning.\" \/>\n<meta property=\"og:url\" content=\"https:\/\/staging.pigs.no\/da\/product-2\/hahnemuehle-daguerre-canvas-uten\/\" \/>\n<meta property=\"og:site_name\" content=\"PIGS\" \/>\n<meta property=\"article:publisher\" content=\"https:\/\/www.facebook.com\/PIGSimagingAS\" \/>\n<meta property=\"article:modified_time\" content=\"2026-01-19T22:19:04+00:00\" \/>\n<meta property=\"og:image\" content=\"https:\/\/staging.pigs.no\/wp-content\/uploads\/2022\/10\/PIGS-imaging-HA-DC400.jpg\" \/>\n\t<meta property=\"og:image:width\" content=\"1000\" \/>\n\t<meta property=\"og:image:height\" content=\"1000\" \/>\n\t<meta property=\"og:image:type\" content=\"image\/jpeg\" \/>\n<meta name=\"twitter:card\" content=\"summary_large_image\" \/>\n<meta name=\"twitter:label1\" content=\"Estimeret l\u00e6setid\" \/>\n\t<meta name=\"twitter:data1\" content=\"1 minut\" \/>\n<script type=\"application\/ld+json\" class=\"yoast-schema-graph\">{\"@context\":\"https:\\\/\\\/schema.org\",\"@graph\":[{\"@type\":\"WebPage\",\"@id\":\"https:\\\/\\\/staging.pigs.no\\\/produkt\\\/hahnemuehle-daguerre-canvas-uten\\\/\",\"url\":\"https:\\\/\\\/staging.pigs.no\\\/produkt\\\/hahnemuehle-daguerre-canvas-uten\\\/\",\"name\":\"Daguerre Canvas 400 | Matt lerret til print | PIGS\",\"isPartOf\":{\"@id\":\"https:\\\/\\\/pigs.no\\\/#website\"},\"primaryImageOfPage\":{\"@id\":\"https:\\\/\\\/staging.pigs.no\\\/produkt\\\/hahnemuehle-daguerre-canvas-uten\\\/#primaryimage\"},\"image\":{\"@id\":\"https:\\\/\\\/staging.pigs.no\\\/produkt\\\/hahnemuehle-daguerre-canvas-uten\\\/#primaryimage\"},\"thumbnailUrl\":\"https:\\\/\\\/staging.pigs.no\\\/wp-content\\\/uploads\\\/2022\\\/10\\\/PIGS-imaging-HA-DC400.jpg\",\"datePublished\":\"2024-02-16T11:47:00+00:00\",\"dateModified\":\"2026-01-19T22:19:04+00:00\",\"description\":\"Matt poly-cotton lerret (400 gsm) med jevn tekstur og h\u00f8y hvithet. Gir friske farger og sterke s\\\/h \u2013 ideelt til lerretsprint og oppspenning.\",\"breadcrumb\":{\"@id\":\"https:\\\/\\\/staging.pigs.no\\\/produkt\\\/hahnemuehle-daguerre-canvas-uten\\\/#breadcrumb\"},\"inLanguage\":\"da-DK\",\"potentialAction\":[{\"@type\":\"ReadAction\",\"target\":[\"https:\\\/\\\/staging.pigs.no\\\/produkt\\\/hahnemuehle-daguerre-canvas-uten\\\/\"]}]},{\"@type\":\"ImageObject\",\"inLanguage\":\"da-DK\",\"@id\":\"https:\\\/\\\/staging.pigs.no\\\/produkt\\\/hahnemuehle-daguerre-canvas-uten\\\/#primaryimage\",\"url\":\"https:\\\/\\\/staging.pigs.no\\\/wp-content\\\/uploads\\\/2022\\\/10\\\/PIGS-imaging-HA-DC400.jpg\",\"contentUrl\":\"https:\\\/\\\/staging.pigs.no\\\/wp-content\\\/uploads\\\/2022\\\/10\\\/PIGS-imaging-HA-DC400.jpg\",\"width\":1000,\"height\":1000,\"caption\":\"Hahnem\u00fchle Canvas Daguerre 400\"},{\"@type\":\"BreadcrumbList\",\"@id\":\"https:\\\/\\\/staging.pigs.no\\\/produkt\\\/hahnemuehle-daguerre-canvas-uten\\\/#breadcrumb\",\"itemListElement\":[{\"@type\":\"ListItem\",\"position\":1,\"name\":\"Home\",\"item\":\"https:\\\/\\\/staging.pigs.no\\\/\"},{\"@type\":\"ListItem\",\"position\":2,\"name\":\"Shop\",\"item\":\"https:\\\/\\\/pigs.no\\\/nettbutikk\\\/\"},{\"@type\":\"ListItem\",\"position\":3,\"name\":\"Hahnem\u00fchle Daguerre Canvas 400 \u2013 kun print\"}]},{\"@type\":\"WebSite\",\"@id\":\"https:\\\/\\\/pigs.no\\\/#website\",\"url\":\"https:\\\/\\\/pigs.no\\\/\",\"name\":\"PIGS\",\"description\":\"Digitaltrykk\",\"publisher\":{\"@id\":\"https:\\\/\\\/pigs.no\\\/#organization\"},\"potentialAction\":[{\"@type\":\"SearchAction\",\"target\":{\"@type\":\"EntryPoint\",\"urlTemplate\":\"https:\\\/\\\/pigs.no\\\/?s={search_term_string}\"},\"query-input\":{\"@type\":\"PropertyValueSpecification\",\"valueRequired\":true,\"valueName\":\"search_term_string\"}}],\"inLanguage\":\"da-DK\"},{\"@type\":\"Organization\",\"@id\":\"https:\\\/\\\/pigs.no\\\/#organization\",\"name\":\"PIGS\",\"url\":\"https:\\\/\\\/pigs.no\\\/\",\"logo\":{\"@type\":\"ImageObject\",\"inLanguage\":\"da-DK\",\"@id\":\"https:\\\/\\\/pigs.no\\\/#\\\/schema\\\/logo\\\/image\\\/\",\"url\":\"https:\\\/\\\/staging.pigs.no\\\/wp-content\\\/uploads\\\/2023\\\/09\\\/PIGS-logo_2023-transparent.png\",\"contentUrl\":\"https:\\\/\\\/staging.pigs.no\\\/wp-content\\\/uploads\\\/2023\\\/09\\\/PIGS-logo_2023-transparent.png\",\"width\":1000,\"height\":461,\"caption\":\"PIGS\"},\"image\":{\"@id\":\"https:\\\/\\\/pigs.no\\\/#\\\/schema\\\/logo\\\/image\\\/\"},\"sameAs\":[\"https:\\\/\\\/www.facebook.com\\\/PIGSimagingAS\"]}]}<\/script>\n<!-- \/ Yoast SEO plugin. -->","yoast_head_json":{"title":"Daguerre Canvas 400 | Mat l\u00e6rred til print | PIGS","description":"Mat polybomuldsl\u00e6rred (400 g\/m\u00b2) med glat struktur og h\u00f8j hvidhed. Giver friske farver og st\u00e6rk s\/h - ideel til l\u00e6rredstryk og udsp\u00e6nding.","robots":{"index":"index","follow":"follow","max-snippet":"max-snippet:-1","max-image-preview":"max-image-preview:large","max-video-preview":"max-video-preview:-1"},"canonical":"https:\/\/staging.pigs.no\/da\/product-2\/hahnemuehle-daguerre-canvas-uten\/","og_locale":"da_DK","og_type":"article","og_title":"Daguerre Canvas 400 | Matt lerret til print | PIGS","og_description":"Matt poly-cotton lerret (400 gsm) med jevn tekstur og h\u00f8y hvithet. Gir friske farger og sterke s\/h \u2013 ideelt til lerretsprint og oppspenning.","og_url":"https:\/\/staging.pigs.no\/da\/product-2\/hahnemuehle-daguerre-canvas-uten\/","og_site_name":"PIGS","article_publisher":"https:\/\/www.facebook.com\/PIGSimagingAS","article_modified_time":"2026-01-19T22:19:04+00:00","og_image":[{"width":1000,"height":1000,"url":"https:\/\/staging.pigs.no\/wp-content\/uploads\/2022\/10\/PIGS-imaging-HA-DC400.jpg","type":"image\/jpeg"}],"twitter_card":"summary_large_image","twitter_misc":{"Estimeret l\u00e6setid":"1 minut"},"schema":{"@context":"https:\/\/schema.org","@graph":[{"@type":"WebPage","@id":"https:\/\/staging.pigs.no\/produkt\/hahnemuehle-daguerre-canvas-uten\/","url":"https:\/\/staging.pigs.no\/produkt\/hahnemuehle-daguerre-canvas-uten\/","name":"Daguerre Canvas 400 | Mat l\u00e6rred til print | PIGS","isPartOf":{"@id":"https:\/\/pigs.no\/#website"},"primaryImageOfPage":{"@id":"https:\/\/staging.pigs.no\/produkt\/hahnemuehle-daguerre-canvas-uten\/#primaryimage"},"image":{"@id":"https:\/\/staging.pigs.no\/produkt\/hahnemuehle-daguerre-canvas-uten\/#primaryimage"},"thumbnailUrl":"https:\/\/staging.pigs.no\/wp-content\/uploads\/2022\/10\/PIGS-imaging-HA-DC400.jpg","datePublished":"2024-02-16T11:47:00+00:00","dateModified":"2026-01-19T22:19:04+00:00","description":"Mat polybomuldsl\u00e6rred (400 g\/m\u00b2) med glat struktur og h\u00f8j hvidhed. Giver friske farver og st\u00e6rk s\/h - ideel til l\u00e6rredstryk og udsp\u00e6nding.","breadcrumb":{"@id":"https:\/\/staging.pigs.no\/produkt\/hahnemuehle-daguerre-canvas-uten\/#breadcrumb"},"inLanguage":"da-DK","potentialAction":[{"@type":"ReadAction","target":["https:\/\/staging.pigs.no\/produkt\/hahnemuehle-daguerre-canvas-uten\/"]}]},{"@type":"ImageObject","inLanguage":"da-DK","@id":"https:\/\/staging.pigs.no\/produkt\/hahnemuehle-daguerre-canvas-uten\/#primaryimage","url":"https:\/\/staging.pigs.no\/wp-content\/uploads\/2022\/10\/PIGS-imaging-HA-DC400.jpg","contentUrl":"https:\/\/staging.pigs.no\/wp-content\/uploads\/2022\/10\/PIGS-imaging-HA-DC400.jpg","width":1000,"height":1000,"caption":"Hahnem\u00fchle Canvas Daguerre 400"},{"@type":"BreadcrumbList","@id":"https:\/\/staging.pigs.no\/produkt\/hahnemuehle-daguerre-canvas-uten\/#breadcrumb","itemListElement":[{"@type":"ListItem","position":1,"name":"Home","item":"https:\/\/staging.pigs.no\/"},{"@type":"ListItem","position":2,"name":"Shop","item":"https:\/\/pigs.no\/nettbutikk\/"},{"@type":"ListItem","position":3,"name":"Hahnem\u00fchle Daguerre Canvas 400 \u2013 kun print"}]},{"@type":"WebSite","@id":"https:\/\/pigs.no\/#website","url":"https:\/\/pigs.no\/","name":"PIGS","description":"Digitaltrykk","publisher":{"@id":"https:\/\/pigs.no\/#organization"},"potentialAction":[{"@type":"SearchAction","target":{"@type":"EntryPoint","urlTemplate":"https:\/\/pigs.no\/?s={search_term_string}"},"query-input":{"@type":"PropertyValueSpecification","valueRequired":true,"valueName":"search_term_string"}}],"inLanguage":"da-DK"},{"@type":"Organization","@id":"https:\/\/pigs.no\/#organization","name":"PIGS","url":"https:\/\/pigs.no\/","logo":{"@type":"ImageObject","inLanguage":"da-DK","@id":"https:\/\/pigs.no\/#\/schema\/logo\/image\/","url":"https:\/\/staging.pigs.no\/wp-content\/uploads\/2023\/09\/PIGS-logo_2023-transparent.png","contentUrl":"https:\/\/staging.pigs.no\/wp-content\/uploads\/2023\/09\/PIGS-logo_2023-transparent.png","width":1000,"height":461,"caption":"PIGS"},"image":{"@id":"https:\/\/pigs.no\/#\/schema\/logo\/image\/"},"sameAs":["https:\/\/www.facebook.com\/PIGSimagingAS"]}]}},"_links":{"self":[{"href":"https:\/\/staging.pigs.no\/da\/wp-json\/wp\/v2\/product\/10351","targetHints":{"allow":["GET"]}}],"collection":[{"href":"https:\/\/staging.pigs.no\/da\/wp-json\/wp\/v2\/product"}],"about":[{"href":"https:\/\/staging.pigs.no\/da\/wp-json\/wp\/v2\/types\/product"}],"version-history":[{"count":7,"href":"https:\/\/staging.pigs.no\/da\/wp-json\/wp\/v2\/product\/10351\/revisions"}],"predecessor-version":[{"id":13483,"href":"https:\/\/staging.pigs.no\/da\/wp-json\/wp\/v2\/product\/10351\/revisions\/13483"}],"wp:featuredmedia":[{"embeddable":true,"href":"https:\/\/staging.pigs.no\/da\/wp-json\/wp\/v2\/media\/2685"}],"wp:attachment":[{"href":"https:\/\/staging.pigs.no\/da\/wp-json\/wp\/v2\/media?parent=10351"}],"wp:term":[{"taxonomy":"product_brand","embeddable":true,"href":"https:\/\/staging.pigs.no\/da\/wp-json\/wp\/v2\/product_brand?post=10351"},{"taxonomy":"product_cat","embeddable":true,"href":"https:\/\/staging.pigs.no\/da\/wp-json\/wp\/v2\/product_cat?post=10351"},{"taxonomy":"product_tag","embeddable":true,"href":"https:\/\/staging.pigs.no\/da\/wp-json\/wp\/v2\/product_tag?post=10351"}],"curies":[{"name":"wp","href":"https:\/\/api.w.org\/{rel}","templated":true}]}}