{"id":10678,"date":"2024-06-28T16:48:33","date_gmt":"2024-06-28T16:48:33","guid":{"rendered":"https:\/\/staging.pigs.no\/?post_type=product&#038;p=10678"},"modified":"2025-11-13T10:58:50","modified_gmt":"2025-11-13T10:58:50","slug":"fototapet-170-vatmontering","status":"publish","type":"product","link":"https:\/\/staging.pigs.no\/da\/produkt\/fototapet-170-vatmontering\/","title":{"rendered":"Fototapet 170 (v\u00e5d montering)"},"content":{"rendered":"<p>Ikke-v\u00e6vet tapet af h\u00f8j kvalitet med specialbel\u00e6gning til mat overfladefinish, kendetegnet ved h\u00f8j farvegengivelse og ridsefasthed. Til v\u00e5d ops\u00e6tning med flydende tapetkl\u00e6ber.<\/p>\n<p><strong>NB!<\/strong> Dette produkt er samlet fra kant til kant for at skabe s\u00f8ml\u00f8se overgange. Der er (n\u00e6sten) ingen begr\u00e6nsninger p\u00e5 st\u00f8rrelsen.<\/p>\n<ul>\n<li>170 g\/m\u00b2<\/li>\n<li>Ikke-v\u00e6vet stof p\u00e5 papirunderlag<\/li>\n<li>Mat overflade<\/li>\n<li>Farve hvid CIE 85<\/li>\n<li>Tykkelse 340 \u00b5m<\/li>\n<li>Opacitet &gt;93 %<\/li>\n<li>Brandadf\u00e6rd C-s1,d0 (ISO EN 13501-1)<\/li>\n<\/ul>\n<p>&nbsp;<\/p>\n<p class=\"\"><a href=\"https:\/\/staging.pigs.no\/wp-content\/uploads\/2024\/06\/Datasheet-fototapet-170.pdf\">L\u00e6s mere om Fototapet 170<\/a><\/p>","protected":false},"excerpt":{"rendered":"<p>Ikke-v\u00e6vet tapet af h\u00f8j kvalitet med specialbel\u00e6gning til mat overfladefinish, kendetegnet ved h\u00f8j farvegengivelse og ridsefasthed. Til v\u00e5d ops\u00e6tning med flydende tapetkl\u00e6ber.<\/p>","protected":false},"featured_media":10681,"template":"","meta":{"_acf_changed":false},"product_brand":[],"product_cat":[141],"product_tag":[142,143],"class_list":{"0":"post-10678","1":"product","2":"type-product","3":"status-publish","4":"has-post-thumbnail","6":"product_cat-fototapet","7":"product_tag-fototapet","8":"product_tag-tilbehoer","10":"first","11":"instock","12":"taxable","13":"shipping-taxable","14":"purchasable","15":"product-type-simple"},"acf":[],"yoast_head":"<!-- This site is optimized with the Yoast SEO plugin v27.4 - https:\/\/yoast.com\/product\/yoast-seo-wordpress\/ -->\n<title>Fototapet p\u00e5 m\u00e5l til v\u00e5tmontering \u2013 bestill veggbilder | PIGS<\/title>\n<meta name=\"description\" content=\"Lag din egen fototapet i \u00f8nsket st\u00f8rrelse. Individuell r\u00e5dgivning og tipps om oppl\u00f8sning, underlag, materialer og montering.\" \/>\n<meta name=\"robots\" content=\"index, follow, max-snippet:-1, max-image-preview:large, max-video-preview:-1\" \/>\n<link rel=\"canonical\" href=\"https:\/\/staging.pigs.no\/da\/product-2\/fototapet-170-vatmontering\/\" \/>\n<meta property=\"og:locale\" content=\"da_DK\" \/>\n<meta property=\"og:type\" content=\"article\" \/>\n<meta property=\"og:title\" content=\"Fototapet p\u00e5 m\u00e5l til v\u00e5tmontering \u2013 bestill veggbilder | PIGS\" \/>\n<meta property=\"og:description\" content=\"Lag din egen fototapet i \u00f8nsket st\u00f8rrelse. Individuell r\u00e5dgivning og tipps om oppl\u00f8sning, underlag, materialer og montering.\" \/>\n<meta property=\"og:url\" content=\"https:\/\/staging.pigs.no\/da\/product-2\/fototapet-170-vatmontering\/\" \/>\n<meta property=\"og:site_name\" content=\"PIGS\" \/>\n<meta property=\"article:publisher\" content=\"https:\/\/www.facebook.com\/PIGSimagingAS\" \/>\n<meta property=\"article:modified_time\" content=\"2025-11-13T10:58:50+00:00\" \/>\n<meta property=\"og:image\" content=\"https:\/\/staging.pigs.no\/wp-content\/uploads\/2024\/06\/PIGS-fototapet-11-1.jpg\" \/>\n\t<meta property=\"og:image:width\" content=\"1112\" \/>\n\t<meta property=\"og:image:height\" content=\"1112\" \/>\n\t<meta property=\"og:image:type\" content=\"image\/jpeg\" \/>\n<meta name=\"twitter:card\" content=\"summary_large_image\" \/>\n<meta name=\"twitter:label1\" content=\"Estimeret l\u00e6setid\" \/>\n\t<meta name=\"twitter:data1\" content=\"1 minut\" \/>\n<script type=\"application\/ld+json\" class=\"yoast-schema-graph\">{\"@context\":\"https:\\\/\\\/schema.org\",\"@graph\":[{\"@type\":\"WebPage\",\"@id\":\"https:\\\/\\\/staging.pigs.no\\\/produkt\\\/fototapet-170-vatmontering\\\/\",\"url\":\"https:\\\/\\\/staging.pigs.no\\\/produkt\\\/fototapet-170-vatmontering\\\/\",\"name\":\"Fototapet p\u00e5 m\u00e5l til v\u00e5tmontering \u2013 bestill veggbilder | PIGS\",\"isPartOf\":{\"@id\":\"https:\\\/\\\/pigs.no\\\/#website\"},\"primaryImageOfPage\":{\"@id\":\"https:\\\/\\\/staging.pigs.no\\\/produkt\\\/fototapet-170-vatmontering\\\/#primaryimage\"},\"image\":{\"@id\":\"https:\\\/\\\/staging.pigs.no\\\/produkt\\\/fototapet-170-vatmontering\\\/#primaryimage\"},\"thumbnailUrl\":\"https:\\\/\\\/staging.pigs.no\\\/wp-content\\\/uploads\\\/2024\\\/06\\\/PIGS-fototapet-11-1.jpg\",\"datePublished\":\"2024-06-28T16:48:33+00:00\",\"dateModified\":\"2025-11-13T10:58:50+00:00\",\"description\":\"Lag din egen fototapet i \u00f8nsket st\u00f8rrelse. Individuell r\u00e5dgivning og tipps om oppl\u00f8sning, underlag, materialer og montering.\",\"breadcrumb\":{\"@id\":\"https:\\\/\\\/staging.pigs.no\\\/produkt\\\/fototapet-170-vatmontering\\\/#breadcrumb\"},\"inLanguage\":\"da-DK\",\"potentialAction\":[{\"@type\":\"ReadAction\",\"target\":[\"https:\\\/\\\/staging.pigs.no\\\/produkt\\\/fototapet-170-vatmontering\\\/\"]}]},{\"@type\":\"ImageObject\",\"inLanguage\":\"da-DK\",\"@id\":\"https:\\\/\\\/staging.pigs.no\\\/produkt\\\/fototapet-170-vatmontering\\\/#primaryimage\",\"url\":\"https:\\\/\\\/staging.pigs.no\\\/wp-content\\\/uploads\\\/2024\\\/06\\\/PIGS-fototapet-11-1.jpg\",\"contentUrl\":\"https:\\\/\\\/staging.pigs.no\\\/wp-content\\\/uploads\\\/2024\\\/06\\\/PIGS-fototapet-11-1.jpg\",\"width\":1112,\"height\":1112,\"caption\":\"Skap ditt eget fototapet\"},{\"@type\":\"BreadcrumbList\",\"@id\":\"https:\\\/\\\/staging.pigs.no\\\/produkt\\\/fototapet-170-vatmontering\\\/#breadcrumb\",\"itemListElement\":[{\"@type\":\"ListItem\",\"position\":1,\"name\":\"Home\",\"item\":\"https:\\\/\\\/staging.pigs.no\\\/\"},{\"@type\":\"ListItem\",\"position\":2,\"name\":\"Shop\",\"item\":\"https:\\\/\\\/pigs.no\\\/nettbutikk\\\/\"},{\"@type\":\"ListItem\",\"position\":3,\"name\":\"Fototapet 170 (v\u00e5tmontering)\"}]},{\"@type\":\"WebSite\",\"@id\":\"https:\\\/\\\/pigs.no\\\/#website\",\"url\":\"https:\\\/\\\/pigs.no\\\/\",\"name\":\"PIGS\",\"description\":\"Digitaltrykk\",\"publisher\":{\"@id\":\"https:\\\/\\\/pigs.no\\\/#organization\"},\"potentialAction\":[{\"@type\":\"SearchAction\",\"target\":{\"@type\":\"EntryPoint\",\"urlTemplate\":\"https:\\\/\\\/pigs.no\\\/?s={search_term_string}\"},\"query-input\":{\"@type\":\"PropertyValueSpecification\",\"valueRequired\":true,\"valueName\":\"search_term_string\"}}],\"inLanguage\":\"da-DK\"},{\"@type\":\"Organization\",\"@id\":\"https:\\\/\\\/pigs.no\\\/#organization\",\"name\":\"PIGS\",\"url\":\"https:\\\/\\\/pigs.no\\\/\",\"logo\":{\"@type\":\"ImageObject\",\"inLanguage\":\"da-DK\",\"@id\":\"https:\\\/\\\/pigs.no\\\/#\\\/schema\\\/logo\\\/image\\\/\",\"url\":\"https:\\\/\\\/staging.pigs.no\\\/wp-content\\\/uploads\\\/2023\\\/09\\\/PIGS-logo_2023-transparent.png\",\"contentUrl\":\"https:\\\/\\\/staging.pigs.no\\\/wp-content\\\/uploads\\\/2023\\\/09\\\/PIGS-logo_2023-transparent.png\",\"width\":1000,\"height\":461,\"caption\":\"PIGS\"},\"image\":{\"@id\":\"https:\\\/\\\/pigs.no\\\/#\\\/schema\\\/logo\\\/image\\\/\"},\"sameAs\":[\"https:\\\/\\\/www.facebook.com\\\/PIGSimagingAS\"]}]}<\/script>\n<!-- \/ Yoast SEO plugin. -->","yoast_head_json":{"title":"Skr\u00e6ddersyede fototapeter til v\u00e5dinstallation - bestil fototapeter | PIGS","description":"Lav dit eget fototapet i den st\u00f8rrelse, du \u00f8nsker. Personlig r\u00e5dgivning og tips om opl\u00f8sning, underlag, materialer og installation.","robots":{"index":"index","follow":"follow","max-snippet":"max-snippet:-1","max-image-preview":"max-image-preview:large","max-video-preview":"max-video-preview:-1"},"canonical":"https:\/\/staging.pigs.no\/da\/product-2\/fototapet-170-vatmontering\/","og_locale":"da_DK","og_type":"article","og_title":"Fototapet p\u00e5 m\u00e5l til v\u00e5tmontering \u2013 bestill veggbilder | PIGS","og_description":"Lag din egen fototapet i \u00f8nsket st\u00f8rrelse. Individuell r\u00e5dgivning og tipps om oppl\u00f8sning, underlag, materialer og montering.","og_url":"https:\/\/staging.pigs.no\/da\/product-2\/fototapet-170-vatmontering\/","og_site_name":"PIGS","article_publisher":"https:\/\/www.facebook.com\/PIGSimagingAS","article_modified_time":"2025-11-13T10:58:50+00:00","og_image":[{"width":1112,"height":1112,"url":"https:\/\/staging.pigs.no\/wp-content\/uploads\/2024\/06\/PIGS-fototapet-11-1.jpg","type":"image\/jpeg"}],"twitter_card":"summary_large_image","twitter_misc":{"Estimeret l\u00e6setid":"1 minut"},"schema":{"@context":"https:\/\/schema.org","@graph":[{"@type":"WebPage","@id":"https:\/\/staging.pigs.no\/produkt\/fototapet-170-vatmontering\/","url":"https:\/\/staging.pigs.no\/produkt\/fototapet-170-vatmontering\/","name":"Skr\u00e6ddersyede fototapeter til v\u00e5dinstallation - bestil fototapeter | PIGS","isPartOf":{"@id":"https:\/\/pigs.no\/#website"},"primaryImageOfPage":{"@id":"https:\/\/staging.pigs.no\/produkt\/fototapet-170-vatmontering\/#primaryimage"},"image":{"@id":"https:\/\/staging.pigs.no\/produkt\/fototapet-170-vatmontering\/#primaryimage"},"thumbnailUrl":"https:\/\/staging.pigs.no\/wp-content\/uploads\/2024\/06\/PIGS-fototapet-11-1.jpg","datePublished":"2024-06-28T16:48:33+00:00","dateModified":"2025-11-13T10:58:50+00:00","description":"Lav dit eget fototapet i den st\u00f8rrelse, du \u00f8nsker. Personlig r\u00e5dgivning og tips om opl\u00f8sning, underlag, materialer og installation.","breadcrumb":{"@id":"https:\/\/staging.pigs.no\/produkt\/fototapet-170-vatmontering\/#breadcrumb"},"inLanguage":"da-DK","potentialAction":[{"@type":"ReadAction","target":["https:\/\/staging.pigs.no\/produkt\/fototapet-170-vatmontering\/"]}]},{"@type":"ImageObject","inLanguage":"da-DK","@id":"https:\/\/staging.pigs.no\/produkt\/fototapet-170-vatmontering\/#primaryimage","url":"https:\/\/staging.pigs.no\/wp-content\/uploads\/2024\/06\/PIGS-fototapet-11-1.jpg","contentUrl":"https:\/\/staging.pigs.no\/wp-content\/uploads\/2024\/06\/PIGS-fototapet-11-1.jpg","width":1112,"height":1112,"caption":"Skap ditt eget fototapet"},{"@type":"BreadcrumbList","@id":"https:\/\/staging.pigs.no\/produkt\/fototapet-170-vatmontering\/#breadcrumb","itemListElement":[{"@type":"ListItem","position":1,"name":"Home","item":"https:\/\/staging.pigs.no\/"},{"@type":"ListItem","position":2,"name":"Shop","item":"https:\/\/pigs.no\/nettbutikk\/"},{"@type":"ListItem","position":3,"name":"Fototapet 170 (v\u00e5tmontering)"}]},{"@type":"WebSite","@id":"https:\/\/pigs.no\/#website","url":"https:\/\/pigs.no\/","name":"PIGS","description":"Digitaltrykk","publisher":{"@id":"https:\/\/pigs.no\/#organization"},"potentialAction":[{"@type":"SearchAction","target":{"@type":"EntryPoint","urlTemplate":"https:\/\/pigs.no\/?s={search_term_string}"},"query-input":{"@type":"PropertyValueSpecification","valueRequired":true,"valueName":"search_term_string"}}],"inLanguage":"da-DK"},{"@type":"Organization","@id":"https:\/\/pigs.no\/#organization","name":"PIGS","url":"https:\/\/pigs.no\/","logo":{"@type":"ImageObject","inLanguage":"da-DK","@id":"https:\/\/pigs.no\/#\/schema\/logo\/image\/","url":"https:\/\/staging.pigs.no\/wp-content\/uploads\/2023\/09\/PIGS-logo_2023-transparent.png","contentUrl":"https:\/\/staging.pigs.no\/wp-content\/uploads\/2023\/09\/PIGS-logo_2023-transparent.png","width":1000,"height":461,"caption":"PIGS"},"image":{"@id":"https:\/\/pigs.no\/#\/schema\/logo\/image\/"},"sameAs":["https:\/\/www.facebook.com\/PIGSimagingAS"]}]}},"_links":{"self":[{"href":"https:\/\/staging.pigs.no\/da\/wp-json\/wp\/v2\/product\/10678","targetHints":{"allow":["GET"]}}],"collection":[{"href":"https:\/\/staging.pigs.no\/da\/wp-json\/wp\/v2\/product"}],"about":[{"href":"https:\/\/staging.pigs.no\/da\/wp-json\/wp\/v2\/types\/product"}],"version-history":[{"count":9,"href":"https:\/\/staging.pigs.no\/da\/wp-json\/wp\/v2\/product\/10678\/revisions"}],"predecessor-version":[{"id":12858,"href":"https:\/\/staging.pigs.no\/da\/wp-json\/wp\/v2\/product\/10678\/revisions\/12858"}],"wp:featuredmedia":[{"embeddable":true,"href":"https:\/\/staging.pigs.no\/da\/wp-json\/wp\/v2\/media\/10681"}],"wp:attachment":[{"href":"https:\/\/staging.pigs.no\/da\/wp-json\/wp\/v2\/media?parent=10678"}],"wp:term":[{"taxonomy":"product_brand","embeddable":true,"href":"https:\/\/staging.pigs.no\/da\/wp-json\/wp\/v2\/product_brand?post=10678"},{"taxonomy":"product_cat","embeddable":true,"href":"https:\/\/staging.pigs.no\/da\/wp-json\/wp\/v2\/product_cat?post=10678"},{"taxonomy":"product_tag","embeddable":true,"href":"https:\/\/staging.pigs.no\/da\/wp-json\/wp\/v2\/product_tag?post=10678"}],"curies":[{"name":"wp","href":"https:\/\/api.w.org\/{rel}","templated":true}]}}