{"id":13516,"date":"2026-01-20T14:42:23","date_gmt":"2026-01-20T14:42:23","guid":{"rendered":"https:\/\/staging.pigs.no\/?post_type=product&#038;p=13516"},"modified":"2026-01-21T20:42:18","modified_gmt":"2026-01-21T20:42:18","slug":"skreddersydd-ektetsbevis-coa","status":"publish","type":"product","link":"https:\/\/staging.pigs.no\/da\/produkt\/skreddersydd-ektetsbevis-coa\/","title":{"rendered":"Skr\u00e6ddersyet \u00e6gthedscertifikat A4"},"content":{"rendered":"<p>Skr\u00e6ddersyet \u00e6gthedscertifikat til kunstv\u00e6rker, klar til at blive leveret sammen med trykket. Vi udfylder alle oplysninger for dig og opretter et f\u00e6rdigt certifikat i dit navn.<\/p>\n<p data-start=\"702\" data-end=\"730\"><strong data-start=\"702\" data-end=\"730\">Detaljer:<\/strong><\/p>\n<ul>\n<li data-start=\"1868\" data-end=\"1910\">\n<p data-start=\"1870\" data-end=\"1910\">Trykt i A4 p\u00e5 200 g Hahnem\u00fchle kunstpapir<\/p>\n<\/li>\n<li data-start=\"1911\" data-end=\"1966\">\n<p data-start=\"1913\" data-end=\"1966\">Udfyldt med titel, kunstner, \u00e5rstal, udgave osv.<\/p>\n<\/li>\n<li data-start=\"1967\" data-end=\"2025\">\n<p data-start=\"1969\" data-end=\"2025\">Lille billedikon af det bestilte motiv p\u00e5 certifikatet<\/p>\n<\/li>\n<li data-start=\"2026\" data-end=\"2086\">\n<p data-start=\"2028\" data-end=\"2086\">Neutral tekst uden PIGS-logo - opbyg dit eget brand<\/p>\n<\/li>\n<li data-start=\"2087\" data-end=\"2126\">\n<p data-start=\"2089\" data-end=\"2126\">P\u00e5 norsk eller engelsk<\/p>\n<\/li>\n<li data-start=\"2127\" data-end=\"2166\">\n<p data-start=\"2129\" data-end=\"2166\">Pris: <strong data-start=\"2135\" data-end=\"2147\">kr 159,-.<\/strong> pr. \u00e6gthedscertifikat<\/p>\n<\/li>\n<\/ul>","protected":false},"excerpt":{"rendered":"<p>Skr\u00e6ddersyet \u00e6gthedscertifikat til kunstv\u00e6rker, klar til at blive leveret sammen med trykket. Vi udfylder alle oplysninger for dig og opretter et f\u00e6rdigt certifikat i dit navn.<\/p>","protected":false},"featured_media":13605,"template":"","meta":{"_acf_changed":false},"product_brand":[],"product_cat":[173],"product_tag":[175,174,176],"class_list":{"0":"post-13516","1":"product","2":"type-product","3":"status-publish","4":"has-post-thumbnail","6":"product_cat-sertifikater","7":"product_tag-certificate-of-authenticity","8":"product_tag-coa","9":"product_tag-ekthetsbevis","11":"first","12":"instock","13":"taxable","14":"shipping-taxable","15":"purchasable","16":"product-type-simple"},"acf":[],"yoast_head":"<!-- This site is optimized with the Yoast SEO plugin v27.4 - https:\/\/yoast.com\/product\/yoast-seo-wordpress\/ -->\n<title>Skreddersydd ekthetsbevis (CoA) | Designet for deg | PIGS<\/title>\n<meta name=\"description\" content=\"Skreddersydd ekthetsbevis (CoA) tilpasset kunstner og verk. Velg spr\u00e5k, typografi og uttrykk \u2013 profesjonell l\u00f8sning for salg og utstilling.\" \/>\n<meta name=\"robots\" content=\"index, follow, max-snippet:-1, max-image-preview:large, max-video-preview:-1\" \/>\n<link rel=\"canonical\" href=\"https:\/\/staging.pigs.no\/da\/product-2\/skreddersydd-ektetsbevis-coa\/\" \/>\n<meta property=\"og:locale\" content=\"da_DK\" \/>\n<meta property=\"og:type\" content=\"article\" \/>\n<meta property=\"og:title\" content=\"Skreddersydd ekthetsbevis (CoA) | Designet for deg | PIGS\" \/>\n<meta property=\"og:description\" content=\"Skreddersydd ekthetsbevis (CoA) tilpasset kunstner og verk. Velg spr\u00e5k, typografi og uttrykk \u2013 profesjonell l\u00f8sning for salg og utstilling.\" \/>\n<meta property=\"og:url\" content=\"https:\/\/staging.pigs.no\/da\/product-2\/skreddersydd-ektetsbevis-coa\/\" \/>\n<meta property=\"og:site_name\" content=\"PIGS\" \/>\n<meta property=\"article:publisher\" content=\"https:\/\/www.facebook.com\/PIGSimagingAS\" \/>\n<meta property=\"article:modified_time\" content=\"2026-01-21T20:42:18+00:00\" \/>\n<meta property=\"og:image\" content=\"https:\/\/staging.pigs.no\/wp-content\/uploads\/2026\/01\/S1-pigs-ekthetsbevis-skreddersydd-hahnemuhle-200g.png\" \/>\n\t<meta property=\"og:image:width\" content=\"1600\" \/>\n\t<meta property=\"og:image:height\" content=\"1600\" \/>\n\t<meta property=\"og:image:type\" content=\"image\/png\" \/>\n<meta name=\"twitter:card\" content=\"summary_large_image\" \/>\n<meta name=\"twitter:label1\" content=\"Estimeret l\u00e6setid\" \/>\n\t<meta name=\"twitter:data1\" content=\"1 minut\" \/>\n<script type=\"application\/ld+json\" class=\"yoast-schema-graph\">{\"@context\":\"https:\\\/\\\/schema.org\",\"@graph\":[{\"@type\":\"WebPage\",\"@id\":\"https:\\\/\\\/staging.pigs.no\\\/produkt\\\/skreddersydd-ektetsbevis-coa\\\/\",\"url\":\"https:\\\/\\\/staging.pigs.no\\\/produkt\\\/skreddersydd-ektetsbevis-coa\\\/\",\"name\":\"Skreddersydd ekthetsbevis (CoA) | Designet for deg | PIGS\",\"isPartOf\":{\"@id\":\"https:\\\/\\\/pigs.no\\\/#website\"},\"primaryImageOfPage\":{\"@id\":\"https:\\\/\\\/staging.pigs.no\\\/produkt\\\/skreddersydd-ektetsbevis-coa\\\/#primaryimage\"},\"image\":{\"@id\":\"https:\\\/\\\/staging.pigs.no\\\/produkt\\\/skreddersydd-ektetsbevis-coa\\\/#primaryimage\"},\"thumbnailUrl\":\"https:\\\/\\\/staging.pigs.no\\\/wp-content\\\/uploads\\\/2026\\\/01\\\/S1-pigs-ekthetsbevis-skreddersydd-hahnemuhle-200g.png\",\"datePublished\":\"2026-01-20T14:42:23+00:00\",\"dateModified\":\"2026-01-21T20:42:18+00:00\",\"description\":\"Skreddersydd ekthetsbevis (CoA) tilpasset kunstner og verk. Velg spr\u00e5k, typografi og uttrykk \u2013 profesjonell l\u00f8sning for salg og utstilling.\",\"breadcrumb\":{\"@id\":\"https:\\\/\\\/staging.pigs.no\\\/produkt\\\/skreddersydd-ektetsbevis-coa\\\/#breadcrumb\"},\"inLanguage\":\"da-DK\",\"potentialAction\":[{\"@type\":\"ReadAction\",\"target\":[\"https:\\\/\\\/staging.pigs.no\\\/produkt\\\/skreddersydd-ektetsbevis-coa\\\/\"]}]},{\"@type\":\"ImageObject\",\"inLanguage\":\"da-DK\",\"@id\":\"https:\\\/\\\/staging.pigs.no\\\/produkt\\\/skreddersydd-ektetsbevis-coa\\\/#primaryimage\",\"url\":\"https:\\\/\\\/staging.pigs.no\\\/wp-content\\\/uploads\\\/2026\\\/01\\\/S1-pigs-ekthetsbevis-skreddersydd-hahnemuhle-200g.png\",\"contentUrl\":\"https:\\\/\\\/staging.pigs.no\\\/wp-content\\\/uploads\\\/2026\\\/01\\\/S1-pigs-ekthetsbevis-skreddersydd-hahnemuhle-200g.png\",\"width\":1600,\"height\":1600,\"caption\":\"Skreddersydd, proff ekthetsbevis for kunstverk\"},{\"@type\":\"BreadcrumbList\",\"@id\":\"https:\\\/\\\/staging.pigs.no\\\/produkt\\\/skreddersydd-ektetsbevis-coa\\\/#breadcrumb\",\"itemListElement\":[{\"@type\":\"ListItem\",\"position\":1,\"name\":\"Home\",\"item\":\"https:\\\/\\\/staging.pigs.no\\\/\"},{\"@type\":\"ListItem\",\"position\":2,\"name\":\"Shop\",\"item\":\"https:\\\/\\\/pigs.no\\\/nettbutikk\\\/\"},{\"@type\":\"ListItem\",\"position\":3,\"name\":\"Skreddersydd Ekthetsbevis (Certificate of Authenticity) A4\"}]},{\"@type\":\"WebSite\",\"@id\":\"https:\\\/\\\/pigs.no\\\/#website\",\"url\":\"https:\\\/\\\/pigs.no\\\/\",\"name\":\"PIGS\",\"description\":\"Digitaltrykk\",\"publisher\":{\"@id\":\"https:\\\/\\\/pigs.no\\\/#organization\"},\"potentialAction\":[{\"@type\":\"SearchAction\",\"target\":{\"@type\":\"EntryPoint\",\"urlTemplate\":\"https:\\\/\\\/pigs.no\\\/?s={search_term_string}\"},\"query-input\":{\"@type\":\"PropertyValueSpecification\",\"valueRequired\":true,\"valueName\":\"search_term_string\"}}],\"inLanguage\":\"da-DK\"},{\"@type\":\"Organization\",\"@id\":\"https:\\\/\\\/pigs.no\\\/#organization\",\"name\":\"PIGS\",\"url\":\"https:\\\/\\\/pigs.no\\\/\",\"logo\":{\"@type\":\"ImageObject\",\"inLanguage\":\"da-DK\",\"@id\":\"https:\\\/\\\/pigs.no\\\/#\\\/schema\\\/logo\\\/image\\\/\",\"url\":\"https:\\\/\\\/staging.pigs.no\\\/wp-content\\\/uploads\\\/2023\\\/09\\\/PIGS-logo_2023-transparent.png\",\"contentUrl\":\"https:\\\/\\\/staging.pigs.no\\\/wp-content\\\/uploads\\\/2023\\\/09\\\/PIGS-logo_2023-transparent.png\",\"width\":1000,\"height\":461,\"caption\":\"PIGS\"},\"image\":{\"@id\":\"https:\\\/\\\/pigs.no\\\/#\\\/schema\\\/logo\\\/image\\\/\"},\"sameAs\":[\"https:\\\/\\\/www.facebook.com\\\/PIGSimagingAS\"]}]}<\/script>\n<!-- \/ Yoast SEO plugin. -->","yoast_head_json":{"title":"Skr\u00e6ddersyet \u00e6gthedscertifikat (CoA) | Designet til dig | PIGS","description":"Skr\u00e6ddersyet \u00e6gthedscertifikat (CoA) til kunstneren og v\u00e6rket. V\u00e6lg dit sprog, typografi og udtryk - en professionel l\u00f8sning til salg og udstillinger.","robots":{"index":"index","follow":"follow","max-snippet":"max-snippet:-1","max-image-preview":"max-image-preview:large","max-video-preview":"max-video-preview:-1"},"canonical":"https:\/\/staging.pigs.no\/da\/product-2\/skreddersydd-ektetsbevis-coa\/","og_locale":"da_DK","og_type":"article","og_title":"Skreddersydd ekthetsbevis (CoA) | Designet for deg | PIGS","og_description":"Skreddersydd ekthetsbevis (CoA) tilpasset kunstner og verk. Velg spr\u00e5k, typografi og uttrykk \u2013 profesjonell l\u00f8sning for salg og utstilling.","og_url":"https:\/\/staging.pigs.no\/da\/product-2\/skreddersydd-ektetsbevis-coa\/","og_site_name":"PIGS","article_publisher":"https:\/\/www.facebook.com\/PIGSimagingAS","article_modified_time":"2026-01-21T20:42:18+00:00","og_image":[{"width":1600,"height":1600,"url":"https:\/\/staging.pigs.no\/wp-content\/uploads\/2026\/01\/S1-pigs-ekthetsbevis-skreddersydd-hahnemuhle-200g.png","type":"image\/png"}],"twitter_card":"summary_large_image","twitter_misc":{"Estimeret l\u00e6setid":"1 minut"},"schema":{"@context":"https:\/\/schema.org","@graph":[{"@type":"WebPage","@id":"https:\/\/staging.pigs.no\/produkt\/skreddersydd-ektetsbevis-coa\/","url":"https:\/\/staging.pigs.no\/produkt\/skreddersydd-ektetsbevis-coa\/","name":"Skr\u00e6ddersyet \u00e6gthedscertifikat (CoA) | Designet til dig | PIGS","isPartOf":{"@id":"https:\/\/pigs.no\/#website"},"primaryImageOfPage":{"@id":"https:\/\/staging.pigs.no\/produkt\/skreddersydd-ektetsbevis-coa\/#primaryimage"},"image":{"@id":"https:\/\/staging.pigs.no\/produkt\/skreddersydd-ektetsbevis-coa\/#primaryimage"},"thumbnailUrl":"https:\/\/staging.pigs.no\/wp-content\/uploads\/2026\/01\/S1-pigs-ekthetsbevis-skreddersydd-hahnemuhle-200g.png","datePublished":"2026-01-20T14:42:23+00:00","dateModified":"2026-01-21T20:42:18+00:00","description":"Skr\u00e6ddersyet \u00e6gthedscertifikat (CoA) til kunstneren og v\u00e6rket. V\u00e6lg dit sprog, typografi og udtryk - en professionel l\u00f8sning til salg og udstillinger.","breadcrumb":{"@id":"https:\/\/staging.pigs.no\/produkt\/skreddersydd-ektetsbevis-coa\/#breadcrumb"},"inLanguage":"da-DK","potentialAction":[{"@type":"ReadAction","target":["https:\/\/staging.pigs.no\/produkt\/skreddersydd-ektetsbevis-coa\/"]}]},{"@type":"ImageObject","inLanguage":"da-DK","@id":"https:\/\/staging.pigs.no\/produkt\/skreddersydd-ektetsbevis-coa\/#primaryimage","url":"https:\/\/staging.pigs.no\/wp-content\/uploads\/2026\/01\/S1-pigs-ekthetsbevis-skreddersydd-hahnemuhle-200g.png","contentUrl":"https:\/\/staging.pigs.no\/wp-content\/uploads\/2026\/01\/S1-pigs-ekthetsbevis-skreddersydd-hahnemuhle-200g.png","width":1600,"height":1600,"caption":"Skreddersydd, proff ekthetsbevis for kunstverk"},{"@type":"BreadcrumbList","@id":"https:\/\/staging.pigs.no\/produkt\/skreddersydd-ektetsbevis-coa\/#breadcrumb","itemListElement":[{"@type":"ListItem","position":1,"name":"Home","item":"https:\/\/staging.pigs.no\/"},{"@type":"ListItem","position":2,"name":"Shop","item":"https:\/\/pigs.no\/nettbutikk\/"},{"@type":"ListItem","position":3,"name":"Skreddersydd Ekthetsbevis (Certificate of Authenticity) A4"}]},{"@type":"WebSite","@id":"https:\/\/pigs.no\/#website","url":"https:\/\/pigs.no\/","name":"PIGS","description":"Digitaltrykk","publisher":{"@id":"https:\/\/pigs.no\/#organization"},"potentialAction":[{"@type":"SearchAction","target":{"@type":"EntryPoint","urlTemplate":"https:\/\/pigs.no\/?s={search_term_string}"},"query-input":{"@type":"PropertyValueSpecification","valueRequired":true,"valueName":"search_term_string"}}],"inLanguage":"da-DK"},{"@type":"Organization","@id":"https:\/\/pigs.no\/#organization","name":"PIGS","url":"https:\/\/pigs.no\/","logo":{"@type":"ImageObject","inLanguage":"da-DK","@id":"https:\/\/pigs.no\/#\/schema\/logo\/image\/","url":"https:\/\/staging.pigs.no\/wp-content\/uploads\/2023\/09\/PIGS-logo_2023-transparent.png","contentUrl":"https:\/\/staging.pigs.no\/wp-content\/uploads\/2023\/09\/PIGS-logo_2023-transparent.png","width":1000,"height":461,"caption":"PIGS"},"image":{"@id":"https:\/\/pigs.no\/#\/schema\/logo\/image\/"},"sameAs":["https:\/\/www.facebook.com\/PIGSimagingAS"]}]}},"_links":{"self":[{"href":"https:\/\/staging.pigs.no\/da\/wp-json\/wp\/v2\/product\/13516","targetHints":{"allow":["GET"]}}],"collection":[{"href":"https:\/\/staging.pigs.no\/da\/wp-json\/wp\/v2\/product"}],"about":[{"href":"https:\/\/staging.pigs.no\/da\/wp-json\/wp\/v2\/types\/product"}],"version-history":[{"count":4,"href":"https:\/\/staging.pigs.no\/da\/wp-json\/wp\/v2\/product\/13516\/revisions"}],"predecessor-version":[{"id":13613,"href":"https:\/\/staging.pigs.no\/da\/wp-json\/wp\/v2\/product\/13516\/revisions\/13613"}],"wp:featuredmedia":[{"embeddable":true,"href":"https:\/\/staging.pigs.no\/da\/wp-json\/wp\/v2\/media\/13605"}],"wp:attachment":[{"href":"https:\/\/staging.pigs.no\/da\/wp-json\/wp\/v2\/media?parent=13516"}],"wp:term":[{"taxonomy":"product_brand","embeddable":true,"href":"https:\/\/staging.pigs.no\/da\/wp-json\/wp\/v2\/product_brand?post=13516"},{"taxonomy":"product_cat","embeddable":true,"href":"https:\/\/staging.pigs.no\/da\/wp-json\/wp\/v2\/product_cat?post=13516"},{"taxonomy":"product_tag","embeddable":true,"href":"https:\/\/staging.pigs.no\/da\/wp-json\/wp\/v2\/product_tag?post=13516"}],"curies":[{"name":"wp","href":"https:\/\/api.w.org\/{rel}","templated":true}]}}