{"id":14866,"date":"2026-03-03T13:43:12","date_gmt":"2026-03-03T13:43:12","guid":{"rendered":"https:\/\/staging.pigs.no\/?post_type=product&#038;p=14866"},"modified":"2026-03-04T16:07:15","modified_gmt":"2026-03-04T16:07:15","slug":"heavy-weight-coated-matt-paper-140g","status":"publish","type":"product","link":"https:\/\/staging.pigs.no\/da\/produkt\/heavy-weight-coated-matt-paper-140g\/","title":{"rendered":"Heavy Weight Coated Matt Paper 140"},"content":{"rendered":"<p>Budgetplakater er vores mest overkommelige trykmulighed - perfekt, n\u00e5r du vil holde omkostningerne nede. Et godt valg til udstillinger, events, studenterprojekter eller reklamemateriale.<\/p>\n<p>Vi printer p\u00e5 et mat og glat 140 g papir med pigmentbl\u00e6k, der giver rene detaljer, gode kontraster og solid lysbestandighed. Resultatet er lette, skarpe plakater, der fungerer s\u00e6rligt godt til grafik, illustration og fotografi - n\u00e5r budgettet er vigtigt, men kvaliteten stadig t\u00e6ller.<\/p>","protected":false},"excerpt":{"rendered":"<p>N\u00e5r prisen betyder alt. Heavy weight 140gsm matt papir i enkel kvalitet. Alle print er produceret med pigmentbl\u00e6k.<\/p>","protected":false},"featured_media":2203,"template":"","meta":{"_acf_changed":false},"product_brand":[181],"product_cat":[182,37,98,106],"product_tag":[85,68,183,43,99,47,155,44,45],"class_list":{"0":"post-14866","1":"product","2":"type-product","3":"status-publish","4":"has-post-thumbnail","6":"product_brand-budget-poster-paper","7":"product_cat-budget-poster","8":"product_cat-matt-papir","9":"product_cat-matte-slette-prints","10":"product_cat-pigs-medier","11":"product_tag-alpha-cellulose","12":"product_tag-bright-white","13":"product_tag-budget-poster","14":"product_tag-matt","15":"product_tag-matte-slette-prints","16":"product_tag-papir","17":"product_tag-poster","18":"product_tag-smooth","19":"product_tag-ultrasmooth","21":"first","22":"instock","23":"taxable","24":"shipping-taxable","25":"purchasable","26":"product-type-simple"},"acf":[],"yoast_head":"<!-- This site is optimized with the Yoast SEO plugin v27.4 - https:\/\/yoast.com\/product\/yoast-seo-wordpress\/ -->\n<title>Coated Matt Paper 140 g | Matt budget posterpapir 140 g | PIGS<\/title>\n<meta name=\"description\" content=\"Heavy Weight Coated Matt Paper 140 er et matt, bestr\u00f8ket posterpapir (140 g) med lys og jevn overflate, skarp detalj og god fargegjengivelse.\" \/>\n<meta name=\"robots\" content=\"index, follow, max-snippet:-1, max-image-preview:large, max-video-preview:-1\" \/>\n<link rel=\"canonical\" href=\"https:\/\/staging.pigs.no\/da\/product-2\/heavy-weight-coated-matt-paper-140g\/\" \/>\n<meta property=\"og:locale\" content=\"da_DK\" \/>\n<meta property=\"og:type\" content=\"article\" \/>\n<meta property=\"og:title\" content=\"Coated Matt Paper 140 g | Matt budget posterpapir 140 g | PIGS\" \/>\n<meta property=\"og:description\" content=\"Heavy Weight Coated Matt Paper 140 er et matt, bestr\u00f8ket posterpapir (140 g) med lys og jevn overflate, skarp detalj og god fargegjengivelse.\" \/>\n<meta property=\"og:url\" content=\"https:\/\/staging.pigs.no\/da\/product-2\/heavy-weight-coated-matt-paper-140g\/\" \/>\n<meta property=\"og:site_name\" content=\"PIGS\" \/>\n<meta property=\"article:publisher\" content=\"https:\/\/www.facebook.com\/PIGSimagingAS\" \/>\n<meta property=\"article:modified_time\" content=\"2026-03-04T16:07:15+00:00\" \/>\n<meta property=\"og:image\" content=\"https:\/\/staging.pigs.no\/wp-content\/uploads\/2022\/09\/Pigs-imaging-Wacopa-poster-180.jpg\" \/>\n\t<meta property=\"og:image:width\" content=\"1400\" \/>\n\t<meta property=\"og:image:height\" content=\"1050\" \/>\n\t<meta property=\"og:image:type\" content=\"image\/jpeg\" \/>\n<meta name=\"twitter:card\" content=\"summary_large_image\" \/>\n<meta name=\"twitter:label1\" content=\"Estimeret l\u00e6setid\" \/>\n\t<meta name=\"twitter:data1\" content=\"1 minut\" \/>\n<script type=\"application\/ld+json\" class=\"yoast-schema-graph\">{\"@context\":\"https:\\\/\\\/schema.org\",\"@graph\":[{\"@type\":\"WebPage\",\"@id\":\"https:\\\/\\\/staging.pigs.no\\\/produkt\\\/heavy-weight-coated-matt-paper-140g\\\/\",\"url\":\"https:\\\/\\\/staging.pigs.no\\\/produkt\\\/heavy-weight-coated-matt-paper-140g\\\/\",\"name\":\"Coated Matt Paper 140 g | Matt budget posterpapir 140 g | PIGS\",\"isPartOf\":{\"@id\":\"https:\\\/\\\/pigs.no\\\/#website\"},\"primaryImageOfPage\":{\"@id\":\"https:\\\/\\\/staging.pigs.no\\\/produkt\\\/heavy-weight-coated-matt-paper-140g\\\/#primaryimage\"},\"image\":{\"@id\":\"https:\\\/\\\/staging.pigs.no\\\/produkt\\\/heavy-weight-coated-matt-paper-140g\\\/#primaryimage\"},\"thumbnailUrl\":\"https:\\\/\\\/staging.pigs.no\\\/wp-content\\\/uploads\\\/2022\\\/09\\\/Pigs-imaging-Wacopa-poster-180.jpg\",\"datePublished\":\"2026-03-03T13:43:12+00:00\",\"dateModified\":\"2026-03-04T16:07:15+00:00\",\"description\":\"Heavy Weight Coated Matt Paper 140 er et matt, bestr\u00f8ket posterpapir (140 g) med lys og jevn overflate, skarp detalj og god fargegjengivelse.\",\"breadcrumb\":{\"@id\":\"https:\\\/\\\/staging.pigs.no\\\/produkt\\\/heavy-weight-coated-matt-paper-140g\\\/#breadcrumb\"},\"inLanguage\":\"da-DK\",\"potentialAction\":[{\"@type\":\"ReadAction\",\"target\":[\"https:\\\/\\\/staging.pigs.no\\\/produkt\\\/heavy-weight-coated-matt-paper-140g\\\/\"]}]},{\"@type\":\"ImageObject\",\"inLanguage\":\"da-DK\",\"@id\":\"https:\\\/\\\/staging.pigs.no\\\/produkt\\\/heavy-weight-coated-matt-paper-140g\\\/#primaryimage\",\"url\":\"https:\\\/\\\/staging.pigs.no\\\/wp-content\\\/uploads\\\/2022\\\/09\\\/Pigs-imaging-Wacopa-poster-180.jpg\",\"contentUrl\":\"https:\\\/\\\/staging.pigs.no\\\/wp-content\\\/uploads\\\/2022\\\/09\\\/Pigs-imaging-Wacopa-poster-180.jpg\",\"width\":1400,\"height\":1050,\"caption\":\"Epson Hi-Res Presentation 180\"},{\"@type\":\"BreadcrumbList\",\"@id\":\"https:\\\/\\\/staging.pigs.no\\\/produkt\\\/heavy-weight-coated-matt-paper-140g\\\/#breadcrumb\",\"itemListElement\":[{\"@type\":\"ListItem\",\"position\":1,\"name\":\"Home\",\"item\":\"https:\\\/\\\/staging.pigs.no\\\/\"},{\"@type\":\"ListItem\",\"position\":2,\"name\":\"Shop\",\"item\":\"https:\\\/\\\/pigs.no\\\/nettbutikk\\\/\"},{\"@type\":\"ListItem\",\"position\":3,\"name\":\"Heavy Weight Coated Matt Paper 140\"}]},{\"@type\":\"WebSite\",\"@id\":\"https:\\\/\\\/pigs.no\\\/#website\",\"url\":\"https:\\\/\\\/pigs.no\\\/\",\"name\":\"PIGS\",\"description\":\"Digitaltrykk\",\"publisher\":{\"@id\":\"https:\\\/\\\/pigs.no\\\/#organization\"},\"potentialAction\":[{\"@type\":\"SearchAction\",\"target\":{\"@type\":\"EntryPoint\",\"urlTemplate\":\"https:\\\/\\\/pigs.no\\\/?s={search_term_string}\"},\"query-input\":{\"@type\":\"PropertyValueSpecification\",\"valueRequired\":true,\"valueName\":\"search_term_string\"}}],\"inLanguage\":\"da-DK\"},{\"@type\":\"Organization\",\"@id\":\"https:\\\/\\\/pigs.no\\\/#organization\",\"name\":\"PIGS\",\"url\":\"https:\\\/\\\/pigs.no\\\/\",\"logo\":{\"@type\":\"ImageObject\",\"inLanguage\":\"da-DK\",\"@id\":\"https:\\\/\\\/pigs.no\\\/#\\\/schema\\\/logo\\\/image\\\/\",\"url\":\"https:\\\/\\\/staging.pigs.no\\\/wp-content\\\/uploads\\\/2023\\\/09\\\/PIGS-logo_2023-transparent.png\",\"contentUrl\":\"https:\\\/\\\/staging.pigs.no\\\/wp-content\\\/uploads\\\/2023\\\/09\\\/PIGS-logo_2023-transparent.png\",\"width\":1000,\"height\":461,\"caption\":\"PIGS\"},\"image\":{\"@id\":\"https:\\\/\\\/pigs.no\\\/#\\\/schema\\\/logo\\\/image\\\/\"},\"sameAs\":[\"https:\\\/\\\/www.facebook.com\\\/PIGSimagingAS\"]}]}<\/script>\n<!-- \/ Yoast SEO plugin. -->","yoast_head_json":{"title":"Coated Matt Paper 140 g | Mat budgetplakatpapir 140 g | PIGS","description":"Heavy Weight Coated Matt Paper 140 er et mat, bestr\u00f8get plakatpapir (140 g) med en lys og j\u00e6vn overflade, skarpe detaljer og god farvegengivelse.","robots":{"index":"index","follow":"follow","max-snippet":"max-snippet:-1","max-image-preview":"max-image-preview:large","max-video-preview":"max-video-preview:-1"},"canonical":"https:\/\/staging.pigs.no\/da\/product-2\/heavy-weight-coated-matt-paper-140g\/","og_locale":"da_DK","og_type":"article","og_title":"Coated Matt Paper 140 g | Matt budget posterpapir 140 g | PIGS","og_description":"Heavy Weight Coated Matt Paper 140 er et matt, bestr\u00f8ket posterpapir (140 g) med lys og jevn overflate, skarp detalj og god fargegjengivelse.","og_url":"https:\/\/staging.pigs.no\/da\/product-2\/heavy-weight-coated-matt-paper-140g\/","og_site_name":"PIGS","article_publisher":"https:\/\/www.facebook.com\/PIGSimagingAS","article_modified_time":"2026-03-04T16:07:15+00:00","og_image":[{"width":1400,"height":1050,"url":"https:\/\/staging.pigs.no\/wp-content\/uploads\/2022\/09\/Pigs-imaging-Wacopa-poster-180.jpg","type":"image\/jpeg"}],"twitter_card":"summary_large_image","twitter_misc":{"Estimeret l\u00e6setid":"1 minut"},"schema":{"@context":"https:\/\/schema.org","@graph":[{"@type":"WebPage","@id":"https:\/\/staging.pigs.no\/produkt\/heavy-weight-coated-matt-paper-140g\/","url":"https:\/\/staging.pigs.no\/produkt\/heavy-weight-coated-matt-paper-140g\/","name":"Coated Matt Paper 140 g | Mat budgetplakatpapir 140 g | PIGS","isPartOf":{"@id":"https:\/\/pigs.no\/#website"},"primaryImageOfPage":{"@id":"https:\/\/staging.pigs.no\/produkt\/heavy-weight-coated-matt-paper-140g\/#primaryimage"},"image":{"@id":"https:\/\/staging.pigs.no\/produkt\/heavy-weight-coated-matt-paper-140g\/#primaryimage"},"thumbnailUrl":"https:\/\/staging.pigs.no\/wp-content\/uploads\/2022\/09\/Pigs-imaging-Wacopa-poster-180.jpg","datePublished":"2026-03-03T13:43:12+00:00","dateModified":"2026-03-04T16:07:15+00:00","description":"Heavy Weight Coated Matt Paper 140 er et mat, bestr\u00f8get plakatpapir (140 g) med en lys og j\u00e6vn overflade, skarpe detaljer og god farvegengivelse.","breadcrumb":{"@id":"https:\/\/staging.pigs.no\/produkt\/heavy-weight-coated-matt-paper-140g\/#breadcrumb"},"inLanguage":"da-DK","potentialAction":[{"@type":"ReadAction","target":["https:\/\/staging.pigs.no\/produkt\/heavy-weight-coated-matt-paper-140g\/"]}]},{"@type":"ImageObject","inLanguage":"da-DK","@id":"https:\/\/staging.pigs.no\/produkt\/heavy-weight-coated-matt-paper-140g\/#primaryimage","url":"https:\/\/staging.pigs.no\/wp-content\/uploads\/2022\/09\/Pigs-imaging-Wacopa-poster-180.jpg","contentUrl":"https:\/\/staging.pigs.no\/wp-content\/uploads\/2022\/09\/Pigs-imaging-Wacopa-poster-180.jpg","width":1400,"height":1050,"caption":"Epson Hi-Res Presentation 180"},{"@type":"BreadcrumbList","@id":"https:\/\/staging.pigs.no\/produkt\/heavy-weight-coated-matt-paper-140g\/#breadcrumb","itemListElement":[{"@type":"ListItem","position":1,"name":"Home","item":"https:\/\/staging.pigs.no\/"},{"@type":"ListItem","position":2,"name":"Shop","item":"https:\/\/pigs.no\/nettbutikk\/"},{"@type":"ListItem","position":3,"name":"Heavy Weight Coated Matt Paper 140"}]},{"@type":"WebSite","@id":"https:\/\/pigs.no\/#website","url":"https:\/\/pigs.no\/","name":"PIGS","description":"Digitaltrykk","publisher":{"@id":"https:\/\/pigs.no\/#organization"},"potentialAction":[{"@type":"SearchAction","target":{"@type":"EntryPoint","urlTemplate":"https:\/\/pigs.no\/?s={search_term_string}"},"query-input":{"@type":"PropertyValueSpecification","valueRequired":true,"valueName":"search_term_string"}}],"inLanguage":"da-DK"},{"@type":"Organization","@id":"https:\/\/pigs.no\/#organization","name":"PIGS","url":"https:\/\/pigs.no\/","logo":{"@type":"ImageObject","inLanguage":"da-DK","@id":"https:\/\/pigs.no\/#\/schema\/logo\/image\/","url":"https:\/\/staging.pigs.no\/wp-content\/uploads\/2023\/09\/PIGS-logo_2023-transparent.png","contentUrl":"https:\/\/staging.pigs.no\/wp-content\/uploads\/2023\/09\/PIGS-logo_2023-transparent.png","width":1000,"height":461,"caption":"PIGS"},"image":{"@id":"https:\/\/pigs.no\/#\/schema\/logo\/image\/"},"sameAs":["https:\/\/www.facebook.com\/PIGSimagingAS"]}]}},"_links":{"self":[{"href":"https:\/\/staging.pigs.no\/da\/wp-json\/wp\/v2\/product\/14866","targetHints":{"allow":["GET"]}}],"collection":[{"href":"https:\/\/staging.pigs.no\/da\/wp-json\/wp\/v2\/product"}],"about":[{"href":"https:\/\/staging.pigs.no\/da\/wp-json\/wp\/v2\/types\/product"}],"version-history":[{"count":5,"href":"https:\/\/staging.pigs.no\/da\/wp-json\/wp\/v2\/product\/14866\/revisions"}],"predecessor-version":[{"id":14936,"href":"https:\/\/staging.pigs.no\/da\/wp-json\/wp\/v2\/product\/14866\/revisions\/14936"}],"wp:featuredmedia":[{"embeddable":true,"href":"https:\/\/staging.pigs.no\/da\/wp-json\/wp\/v2\/media\/2203"}],"wp:attachment":[{"href":"https:\/\/staging.pigs.no\/da\/wp-json\/wp\/v2\/media?parent=14866"}],"wp:term":[{"taxonomy":"product_brand","embeddable":true,"href":"https:\/\/staging.pigs.no\/da\/wp-json\/wp\/v2\/product_brand?post=14866"},{"taxonomy":"product_cat","embeddable":true,"href":"https:\/\/staging.pigs.no\/da\/wp-json\/wp\/v2\/product_cat?post=14866"},{"taxonomy":"product_tag","embeddable":true,"href":"https:\/\/staging.pigs.no\/da\/wp-json\/wp\/v2\/product_tag?post=14866"}],"curies":[{"name":"wp","href":"https:\/\/api.w.org\/{rel}","templated":true}]}}