{"id":2072,"date":"2022-09-26T13:45:33","date_gmt":"2022-09-26T13:45:33","guid":{"rendered":"https:\/\/nye.pigs.no\/?post_type=product&#038;p=2072"},"modified":"2026-02-04T21:17:23","modified_gmt":"2026-02-04T21:17:23","slug":"hahnemuehle-photorag-ultra-smooth-305","status":"publish","type":"product","link":"https:\/\/staging.pigs.no\/da\/produkt\/hahnemuehle-photorag-ultra-smooth-305\/","title":{"rendered":"Hahnem\u00fchle Photo Rag Ultra Smooth 305"},"content":{"rendered":"<p>Photo Rag Ultra Smooth 305 er et hvidt fine art-bomuldspapir med en ekstremt fin, diskret struktur og silkeagtig fornemmelse. Det fungerer rigtig godt til b\u00e5de fotografering og fine art-reproduktioner og er s\u00e6rligt st\u00e6rkt til sort-hvid. Syre- og ligninfrit, ISO 9706-kompatibelt.<\/p>\n<p><span style=\"font-weight: 400;\"><strong>NB!<\/strong> Kan printes op til 110 cm p\u00e5 den korte side (f.eks. 110 \u00d7 220 cm). Rullebredde: 111 cm (44\u2033).<\/span><\/p>\n<p><strong data-start=\"7352\" data-end=\"7372\">Bedst egnet til:<\/strong> s-h \/ foto \/ udstilling \/ reproduktion af gamle fotografier \/ stort format<\/p>\n<p data-start=\"7154\" data-end=\"7183\"><strong data-start=\"7154\" data-end=\"7181\">Funktioner:<\/strong><\/p>\n<ul data-start=\"7184\" data-end=\"7350\">\n<li data-start=\"7184\" data-end=\"7208\">\n<p data-start=\"7186\" data-end=\"7208\">305 g\/m\u00b2, 100% bomuld<\/p>\n<\/li>\n<li data-start=\"7209\" data-end=\"7222\">\n<p data-start=\"7211\" data-end=\"7222\">Hvid tone<\/p>\n<\/li>\n<li data-start=\"7223\" data-end=\"7274\">\n<p data-start=\"7225\" data-end=\"7274\">Meget fin, diskret tekstur (silkeagtig fornemmelse)<\/p>\n<\/li>\n<li data-start=\"7275\" data-end=\"7290\">\n<p data-start=\"7277\" data-end=\"7290\">Mat finish<\/p>\n<\/li>\n<li data-start=\"7291\" data-end=\"7313\">\n<p data-start=\"7293\" data-end=\"7313\">Fri for syre og lignin<\/p>\n<\/li>\n<li data-start=\"7314\" data-end=\"7350\">\n<p data-start=\"7316\" data-end=\"7350\">ISO 9706-kompatibel \/ museumskvalitet<\/p>\n<\/li>\n<\/ul>\n<p>&nbsp;<\/p>\n<p class=\"\"><a href=\"https:\/\/staging.pigs.no\/wp-content\/uploads\/2022\/09\/Datasheet-Hahnem\u00fchle-PhotoRag-UltraSmooth-305.pdf\" target=\"_blank\" rel=\"noopener\">L\u00e6s mere om Hahnem\u00fchle Photo Rag Ultra Smooth 305<\/a><\/p>","protected":false},"excerpt":{"rendered":"<p class=\"\">Silkebl\u00f8dt bomuldspapir (305 g\/m\u00b2) med en meget diskret tekstur - roligt udtryk, smukke gradueringer og perfekt til sort\/hvid.<\/p>","protected":false},"featured_media":2662,"template":"","meta":{"_acf_changed":false},"product_brand":[167],"product_cat":[37,100,98,106],"product_tag":[86,42,40,39,46,43,101,99,47,44,45,41],"class_list":{"0":"post-2072","1":"product","2":"type-product","3":"status-publish","4":"has-post-thumbnail","6":"product_brand-hahnemuhle","7":"product_cat-matt-papir","8":"product_cat-matte-fineart-prints","9":"product_cat-matte-slette-prints","10":"product_cat-pigs-medier","11":"product_tag-100-cotton","12":"product_tag-300gsm","13":"product_tag-fineart","14":"product_tag-giclee","15":"product_tag-hahnemuhle","16":"product_tag-matt","17":"product_tag-matte-fineart-prints","18":"product_tag-matte-slette-prints","19":"product_tag-papir","20":"product_tag-smooth","21":"product_tag-ultrasmooth","22":"product_tag-white","24":"first","25":"instock","26":"taxable","27":"shipping-taxable","28":"purchasable","29":"product-type-simple"},"acf":[],"yoast_head":"<!-- This site is optimized with the Yoast SEO plugin v27.4 - https:\/\/yoast.com\/product\/yoast-seo-wordpress\/ -->\n<title>Photo Rag Ultra Smooth 305 | Silkemykt matt papir | PIGS<\/title>\n<meta name=\"description\" content=\"Silkemykt matt bomullspapir (305 gsm) uten tekstur. Ultra Smooth gir flotte graderinger og er et toppvalg til sort-hvitt, utstilling og store formater.\" \/>\n<meta name=\"robots\" content=\"index, follow, max-snippet:-1, max-image-preview:large, max-video-preview:-1\" \/>\n<link rel=\"canonical\" href=\"https:\/\/staging.pigs.no\/da\/product-2\/hahnemuehle-photorag-ultra-smooth-305\/\" \/>\n<meta property=\"og:locale\" content=\"da_DK\" \/>\n<meta property=\"og:type\" content=\"article\" \/>\n<meta property=\"og:title\" content=\"Photo Rag Ultra Smooth 305 | Silkemykt matt papir | PIGS\" \/>\n<meta property=\"og:description\" content=\"Silkemykt matt bomullspapir (305 gsm) uten tekstur. Ultra Smooth gir flotte graderinger og er et toppvalg til sort-hvitt, utstilling og store formater.\" \/>\n<meta property=\"og:url\" content=\"https:\/\/staging.pigs.no\/da\/product-2\/hahnemuehle-photorag-ultra-smooth-305\/\" \/>\n<meta property=\"og:site_name\" content=\"PIGS\" \/>\n<meta property=\"article:publisher\" content=\"https:\/\/www.facebook.com\/PIGSimagingAS\" \/>\n<meta property=\"article:modified_time\" content=\"2026-02-04T21:17:23+00:00\" \/>\n<meta property=\"og:image\" content=\"https:\/\/staging.pigs.no\/wp-content\/uploads\/2022\/10\/PIGS-imaging-HA-PRS305_2.jpg\" \/>\n\t<meta property=\"og:image:width\" content=\"1000\" \/>\n\t<meta property=\"og:image:height\" content=\"1000\" \/>\n\t<meta property=\"og:image:type\" content=\"image\/jpeg\" \/>\n<meta name=\"twitter:card\" content=\"summary_large_image\" \/>\n<meta name=\"twitter:label1\" content=\"Estimeret l\u00e6setid\" \/>\n\t<meta name=\"twitter:data1\" content=\"1 minut\" \/>\n<script type=\"application\/ld+json\" class=\"yoast-schema-graph\">{\"@context\":\"https:\\\/\\\/schema.org\",\"@graph\":[{\"@type\":\"WebPage\",\"@id\":\"https:\\\/\\\/staging.pigs.no\\\/produkt\\\/hahnemuehle-photorag-ultra-smooth-305\\\/\",\"url\":\"https:\\\/\\\/staging.pigs.no\\\/produkt\\\/hahnemuehle-photorag-ultra-smooth-305\\\/\",\"name\":\"Photo Rag Ultra Smooth 305 | Silkemykt matt papir | PIGS\",\"isPartOf\":{\"@id\":\"https:\\\/\\\/pigs.no\\\/#website\"},\"primaryImageOfPage\":{\"@id\":\"https:\\\/\\\/staging.pigs.no\\\/produkt\\\/hahnemuehle-photorag-ultra-smooth-305\\\/#primaryimage\"},\"image\":{\"@id\":\"https:\\\/\\\/staging.pigs.no\\\/produkt\\\/hahnemuehle-photorag-ultra-smooth-305\\\/#primaryimage\"},\"thumbnailUrl\":\"https:\\\/\\\/staging.pigs.no\\\/wp-content\\\/uploads\\\/2022\\\/10\\\/PIGS-imaging-HA-PRS305_2.jpg\",\"datePublished\":\"2022-09-26T13:45:33+00:00\",\"dateModified\":\"2026-02-04T21:17:23+00:00\",\"description\":\"Silkemykt matt bomullspapir (305 gsm) uten tekstur. Ultra Smooth gir flotte graderinger og er et toppvalg til sort-hvitt, utstilling og store formater.\",\"breadcrumb\":{\"@id\":\"https:\\\/\\\/staging.pigs.no\\\/produkt\\\/hahnemuehle-photorag-ultra-smooth-305\\\/#breadcrumb\"},\"inLanguage\":\"da-DK\",\"potentialAction\":[{\"@type\":\"ReadAction\",\"target\":[\"https:\\\/\\\/staging.pigs.no\\\/produkt\\\/hahnemuehle-photorag-ultra-smooth-305\\\/\"]}]},{\"@type\":\"ImageObject\",\"inLanguage\":\"da-DK\",\"@id\":\"https:\\\/\\\/staging.pigs.no\\\/produkt\\\/hahnemuehle-photorag-ultra-smooth-305\\\/#primaryimage\",\"url\":\"https:\\\/\\\/staging.pigs.no\\\/wp-content\\\/uploads\\\/2022\\\/10\\\/PIGS-imaging-HA-PRS305_2.jpg\",\"contentUrl\":\"https:\\\/\\\/staging.pigs.no\\\/wp-content\\\/uploads\\\/2022\\\/10\\\/PIGS-imaging-HA-PRS305_2.jpg\",\"width\":1000,\"height\":1000,\"caption\":\"Hahnem\u00fchle PhotoRag Ultra Smooth 305\"},{\"@type\":\"BreadcrumbList\",\"@id\":\"https:\\\/\\\/staging.pigs.no\\\/produkt\\\/hahnemuehle-photorag-ultra-smooth-305\\\/#breadcrumb\",\"itemListElement\":[{\"@type\":\"ListItem\",\"position\":1,\"name\":\"Home\",\"item\":\"https:\\\/\\\/staging.pigs.no\\\/\"},{\"@type\":\"ListItem\",\"position\":2,\"name\":\"Shop\",\"item\":\"https:\\\/\\\/pigs.no\\\/nettbutikk\\\/\"},{\"@type\":\"ListItem\",\"position\":3,\"name\":\"Hahnem\u00fchle PhotoRag Ultra Smooth 305\"}]},{\"@type\":\"WebSite\",\"@id\":\"https:\\\/\\\/pigs.no\\\/#website\",\"url\":\"https:\\\/\\\/pigs.no\\\/\",\"name\":\"PIGS\",\"description\":\"Digitaltrykk\",\"publisher\":{\"@id\":\"https:\\\/\\\/pigs.no\\\/#organization\"},\"potentialAction\":[{\"@type\":\"SearchAction\",\"target\":{\"@type\":\"EntryPoint\",\"urlTemplate\":\"https:\\\/\\\/pigs.no\\\/?s={search_term_string}\"},\"query-input\":{\"@type\":\"PropertyValueSpecification\",\"valueRequired\":true,\"valueName\":\"search_term_string\"}}],\"inLanguage\":\"da-DK\"},{\"@type\":\"Organization\",\"@id\":\"https:\\\/\\\/pigs.no\\\/#organization\",\"name\":\"PIGS\",\"url\":\"https:\\\/\\\/pigs.no\\\/\",\"logo\":{\"@type\":\"ImageObject\",\"inLanguage\":\"da-DK\",\"@id\":\"https:\\\/\\\/pigs.no\\\/#\\\/schema\\\/logo\\\/image\\\/\",\"url\":\"https:\\\/\\\/staging.pigs.no\\\/wp-content\\\/uploads\\\/2023\\\/09\\\/PIGS-logo_2023-transparent.png\",\"contentUrl\":\"https:\\\/\\\/staging.pigs.no\\\/wp-content\\\/uploads\\\/2023\\\/09\\\/PIGS-logo_2023-transparent.png\",\"width\":1000,\"height\":461,\"caption\":\"PIGS\"},\"image\":{\"@id\":\"https:\\\/\\\/pigs.no\\\/#\\\/schema\\\/logo\\\/image\\\/\"},\"sameAs\":[\"https:\\\/\\\/www.facebook.com\\\/PIGSimagingAS\"]}]}<\/script>\n<!-- \/ Yoast SEO plugin. -->","yoast_head_json":{"title":"Photo Rag Ultra Smooth 305 | Silkemat papir | PIGS","description":"Silkemat bomuldspapir (305 g\/m\u00b2) uden struktur. Ultra Smooth giver flotte gradueringer og er det bedste valg til sort\/hvid, udstillinger og store formater.","robots":{"index":"index","follow":"follow","max-snippet":"max-snippet:-1","max-image-preview":"max-image-preview:large","max-video-preview":"max-video-preview:-1"},"canonical":"https:\/\/staging.pigs.no\/da\/product-2\/hahnemuehle-photorag-ultra-smooth-305\/","og_locale":"da_DK","og_type":"article","og_title":"Photo Rag Ultra Smooth 305 | Silkemykt matt papir | PIGS","og_description":"Silkemykt matt bomullspapir (305 gsm) uten tekstur. Ultra Smooth gir flotte graderinger og er et toppvalg til sort-hvitt, utstilling og store formater.","og_url":"https:\/\/staging.pigs.no\/da\/product-2\/hahnemuehle-photorag-ultra-smooth-305\/","og_site_name":"PIGS","article_publisher":"https:\/\/www.facebook.com\/PIGSimagingAS","article_modified_time":"2026-02-04T21:17:23+00:00","og_image":[{"width":1000,"height":1000,"url":"https:\/\/staging.pigs.no\/wp-content\/uploads\/2022\/10\/PIGS-imaging-HA-PRS305_2.jpg","type":"image\/jpeg"}],"twitter_card":"summary_large_image","twitter_misc":{"Estimeret l\u00e6setid":"1 minut"},"schema":{"@context":"https:\/\/schema.org","@graph":[{"@type":"WebPage","@id":"https:\/\/staging.pigs.no\/produkt\/hahnemuehle-photorag-ultra-smooth-305\/","url":"https:\/\/staging.pigs.no\/produkt\/hahnemuehle-photorag-ultra-smooth-305\/","name":"Photo Rag Ultra Smooth 305 | Silkemat papir | PIGS","isPartOf":{"@id":"https:\/\/pigs.no\/#website"},"primaryImageOfPage":{"@id":"https:\/\/staging.pigs.no\/produkt\/hahnemuehle-photorag-ultra-smooth-305\/#primaryimage"},"image":{"@id":"https:\/\/staging.pigs.no\/produkt\/hahnemuehle-photorag-ultra-smooth-305\/#primaryimage"},"thumbnailUrl":"https:\/\/staging.pigs.no\/wp-content\/uploads\/2022\/10\/PIGS-imaging-HA-PRS305_2.jpg","datePublished":"2022-09-26T13:45:33+00:00","dateModified":"2026-02-04T21:17:23+00:00","description":"Silkemat bomuldspapir (305 g\/m\u00b2) uden struktur. Ultra Smooth giver flotte gradueringer og er det bedste valg til sort\/hvid, udstillinger og store formater.","breadcrumb":{"@id":"https:\/\/staging.pigs.no\/produkt\/hahnemuehle-photorag-ultra-smooth-305\/#breadcrumb"},"inLanguage":"da-DK","potentialAction":[{"@type":"ReadAction","target":["https:\/\/staging.pigs.no\/produkt\/hahnemuehle-photorag-ultra-smooth-305\/"]}]},{"@type":"ImageObject","inLanguage":"da-DK","@id":"https:\/\/staging.pigs.no\/produkt\/hahnemuehle-photorag-ultra-smooth-305\/#primaryimage","url":"https:\/\/staging.pigs.no\/wp-content\/uploads\/2022\/10\/PIGS-imaging-HA-PRS305_2.jpg","contentUrl":"https:\/\/staging.pigs.no\/wp-content\/uploads\/2022\/10\/PIGS-imaging-HA-PRS305_2.jpg","width":1000,"height":1000,"caption":"Hahnem\u00fchle PhotoRag Ultra Smooth 305"},{"@type":"BreadcrumbList","@id":"https:\/\/staging.pigs.no\/produkt\/hahnemuehle-photorag-ultra-smooth-305\/#breadcrumb","itemListElement":[{"@type":"ListItem","position":1,"name":"Home","item":"https:\/\/staging.pigs.no\/"},{"@type":"ListItem","position":2,"name":"Shop","item":"https:\/\/pigs.no\/nettbutikk\/"},{"@type":"ListItem","position":3,"name":"Hahnem\u00fchle PhotoRag Ultra Smooth 305"}]},{"@type":"WebSite","@id":"https:\/\/pigs.no\/#website","url":"https:\/\/pigs.no\/","name":"PIGS","description":"Digitaltrykk","publisher":{"@id":"https:\/\/pigs.no\/#organization"},"potentialAction":[{"@type":"SearchAction","target":{"@type":"EntryPoint","urlTemplate":"https:\/\/pigs.no\/?s={search_term_string}"},"query-input":{"@type":"PropertyValueSpecification","valueRequired":true,"valueName":"search_term_string"}}],"inLanguage":"da-DK"},{"@type":"Organization","@id":"https:\/\/pigs.no\/#organization","name":"PIGS","url":"https:\/\/pigs.no\/","logo":{"@type":"ImageObject","inLanguage":"da-DK","@id":"https:\/\/pigs.no\/#\/schema\/logo\/image\/","url":"https:\/\/staging.pigs.no\/wp-content\/uploads\/2023\/09\/PIGS-logo_2023-transparent.png","contentUrl":"https:\/\/staging.pigs.no\/wp-content\/uploads\/2023\/09\/PIGS-logo_2023-transparent.png","width":1000,"height":461,"caption":"PIGS"},"image":{"@id":"https:\/\/pigs.no\/#\/schema\/logo\/image\/"},"sameAs":["https:\/\/www.facebook.com\/PIGSimagingAS"]}]}},"_links":{"self":[{"href":"https:\/\/staging.pigs.no\/da\/wp-json\/wp\/v2\/product\/2072","targetHints":{"allow":["GET"]}}],"collection":[{"href":"https:\/\/staging.pigs.no\/da\/wp-json\/wp\/v2\/product"}],"about":[{"href":"https:\/\/staging.pigs.no\/da\/wp-json\/wp\/v2\/types\/product"}],"version-history":[{"count":5,"href":"https:\/\/staging.pigs.no\/da\/wp-json\/wp\/v2\/product\/2072\/revisions"}],"predecessor-version":[{"id":14412,"href":"https:\/\/staging.pigs.no\/da\/wp-json\/wp\/v2\/product\/2072\/revisions\/14412"}],"wp:featuredmedia":[{"embeddable":true,"href":"https:\/\/staging.pigs.no\/da\/wp-json\/wp\/v2\/media\/2662"}],"wp:attachment":[{"href":"https:\/\/staging.pigs.no\/da\/wp-json\/wp\/v2\/media?parent=2072"}],"wp:term":[{"taxonomy":"product_brand","embeddable":true,"href":"https:\/\/staging.pigs.no\/da\/wp-json\/wp\/v2\/product_brand?post=2072"},{"taxonomy":"product_cat","embeddable":true,"href":"https:\/\/staging.pigs.no\/da\/wp-json\/wp\/v2\/product_cat?post=2072"},{"taxonomy":"product_tag","embeddable":true,"href":"https:\/\/staging.pigs.no\/da\/wp-json\/wp\/v2\/product_tag?post=2072"}],"curies":[{"name":"wp","href":"https:\/\/api.w.org\/{rel}","templated":true}]}}