{"id":2452,"date":"2022-10-21T17:04:37","date_gmt":"2022-10-21T17:04:37","guid":{"rendered":"https:\/\/nye.pigs.no\/?post_type=product&#038;p=2452"},"modified":"2026-01-19T22:36:32","modified_gmt":"2026-01-19T22:36:32","slug":"hahnemuehle-photorag-bright-white-310","status":"publish","type":"product","link":"https:\/\/staging.pigs.no\/da\/produkt\/hahnemuehle-photorag-bright-white-310\/","title":{"rendered":"Hahnem\u00fchle Photo Rag Bright White 310"},"content":{"rendered":"<p>Photo Rag Bright White 310 har den velkendte Photo Rag-struktur og bl\u00f8de fornemmelse, kombineret med en lysere papirtone, der giver s\u00e6rligt st\u00e6rke resultater i motiver med h\u00f8j kontrast. Syre- og ligninfri, ISO 9706-kompatibel.<\/p>\n<p><span style=\"font-weight: 400;\"><strong>NB! <\/strong>Kan printes op til 110 cm p\u00e5 den korte side (f.eks. 110 \u00d7 220 cm). Rullebredde: 111 cm (44\u2033).<\/span><\/p>\n<p><strong data-start=\"9617\" data-end=\"9637\">Bedst egnet til:<\/strong> foto \/ s-h \/ udstilling \/ illustration<\/p>\n<p data-start=\"9425\" data-end=\"9454\"><strong data-start=\"9425\" data-end=\"9452\">Funktioner:<\/strong><\/p>\n<ul data-start=\"9455\" data-end=\"9615\">\n<li data-start=\"9455\" data-end=\"9479\">\n<p data-start=\"9457\" data-end=\"9479\">310 g\/m\u00b2, 100% bomuld<\/p>\n<\/li>\n<li data-start=\"9480\" data-end=\"9507\">\n<p data-start=\"9482\" data-end=\"9507\">Lys, men varm hvid tone<\/p>\n<\/li>\n<li data-start=\"9508\" data-end=\"9539\">\n<p data-start=\"9510\" data-end=\"9539\">Karakteristisk filtstruktur<\/p>\n<\/li>\n<li data-start=\"9540\" data-end=\"9555\">\n<p data-start=\"9542\" data-end=\"9555\">Mat finish<\/p>\n<\/li>\n<li data-start=\"9556\" data-end=\"9578\">\n<p data-start=\"9558\" data-end=\"9578\">Fri for syre og lignin<\/p>\n<\/li>\n<li data-start=\"9579\" data-end=\"9615\">\n<p data-start=\"9581\" data-end=\"9615\">ISO 9706-kompatibel \/ museumskvalitet<\/p>\n<\/li>\n<\/ul>\n<p>&nbsp;<\/p>\n<p class=\"\"><a href=\"https:\/\/staging.pigs.no\/wp-content\/uploads\/2022\/09\/Datasheet-Hahnem\u00fchle-PhotoRag-Bright-White-310.pdf\">L\u00e6s mere om Hahnem\u00fchle Photo Rag Bright White 310<\/a><\/p>","protected":false},"excerpt":{"rendered":"<p>Lys (men varm) hvid Photo Rag (310 g\/m\u00b2) med mat filtstruktur - ekstra str\u00e5lende i designs med h\u00f8j kontrast.<\/p>","protected":false},"featured_media":2658,"template":"","meta":{"_acf_changed":false},"product_brand":[167],"product_cat":[37,100,98,106],"product_tag":[86,42,68,40,39,46,43,101,99,47,44],"class_list":{"0":"post-2452","1":"product","2":"type-product","3":"status-publish","4":"has-post-thumbnail","6":"product_brand-hahnemuhle","7":"product_cat-matt-papir","8":"product_cat-matte-fineart-prints","9":"product_cat-matte-slette-prints","10":"product_cat-pigs-medier","11":"product_tag-100-cotton","12":"product_tag-300gsm","13":"product_tag-bright-white","14":"product_tag-fineart","15":"product_tag-giclee","16":"product_tag-hahnemuhle","17":"product_tag-matt","18":"product_tag-matte-fineart-prints","19":"product_tag-matte-slette-prints","20":"product_tag-papir","21":"product_tag-smooth","23":"first","24":"instock","25":"taxable","26":"shipping-taxable","27":"purchasable","28":"product-type-simple"},"acf":[],"yoast_head":"<!-- This site is optimized with the Yoast SEO plugin v27.4 - https:\/\/yoast.com\/product\/yoast-seo-wordpress\/ -->\n<title>Photo Rag Bright White 310 | Lys matt bomull | PIGS<\/title>\n<meta name=\"description\" content=\"Lys (varm) hvit Photo Rag (310 gsm) med matt filtstruktur. Gir ekstra briljans og kontrast \u2013 perfekt til foto og sort-hvitt i utstilling.\" \/>\n<meta name=\"robots\" content=\"index, follow, max-snippet:-1, max-image-preview:large, max-video-preview:-1\" \/>\n<link rel=\"canonical\" href=\"https:\/\/staging.pigs.no\/da\/product-2\/hahnemuehle-photorag-bright-white-310\/\" \/>\n<meta property=\"og:locale\" content=\"da_DK\" \/>\n<meta property=\"og:type\" content=\"article\" \/>\n<meta property=\"og:title\" content=\"Photo Rag Bright White 310 | Lys matt bomull | PIGS\" \/>\n<meta property=\"og:description\" content=\"Lys (varm) hvit Photo Rag (310 gsm) med matt filtstruktur. Gir ekstra briljans og kontrast \u2013 perfekt til foto og sort-hvitt i utstilling.\" \/>\n<meta property=\"og:url\" content=\"https:\/\/staging.pigs.no\/da\/product-2\/hahnemuehle-photorag-bright-white-310\/\" \/>\n<meta property=\"og:site_name\" content=\"PIGS\" \/>\n<meta property=\"article:publisher\" content=\"https:\/\/www.facebook.com\/PIGSimagingAS\" \/>\n<meta property=\"article:modified_time\" content=\"2026-01-19T22:36:32+00:00\" \/>\n<meta property=\"og:image\" content=\"https:\/\/staging.pigs.no\/wp-content\/uploads\/2022\/10\/PIGS-imaging-HA-PRB310.jpg\" \/>\n\t<meta property=\"og:image:width\" content=\"1000\" \/>\n\t<meta property=\"og:image:height\" content=\"1000\" \/>\n\t<meta property=\"og:image:type\" content=\"image\/jpeg\" \/>\n<meta name=\"twitter:card\" content=\"summary_large_image\" \/>\n<meta name=\"twitter:label1\" content=\"Estimeret l\u00e6setid\" \/>\n\t<meta name=\"twitter:data1\" content=\"1 minut\" \/>\n<script type=\"application\/ld+json\" class=\"yoast-schema-graph\">{\"@context\":\"https:\\\/\\\/schema.org\",\"@graph\":[{\"@type\":\"WebPage\",\"@id\":\"https:\\\/\\\/staging.pigs.no\\\/produkt\\\/hahnemuehle-photorag-bright-white-310\\\/\",\"url\":\"https:\\\/\\\/staging.pigs.no\\\/produkt\\\/hahnemuehle-photorag-bright-white-310\\\/\",\"name\":\"Photo Rag Bright White 310 | Lys matt bomull | PIGS\",\"isPartOf\":{\"@id\":\"https:\\\/\\\/pigs.no\\\/#website\"},\"primaryImageOfPage\":{\"@id\":\"https:\\\/\\\/staging.pigs.no\\\/produkt\\\/hahnemuehle-photorag-bright-white-310\\\/#primaryimage\"},\"image\":{\"@id\":\"https:\\\/\\\/staging.pigs.no\\\/produkt\\\/hahnemuehle-photorag-bright-white-310\\\/#primaryimage\"},\"thumbnailUrl\":\"https:\\\/\\\/staging.pigs.no\\\/wp-content\\\/uploads\\\/2022\\\/10\\\/PIGS-imaging-HA-PRB310.jpg\",\"datePublished\":\"2022-10-21T17:04:37+00:00\",\"dateModified\":\"2026-01-19T22:36:32+00:00\",\"description\":\"Lys (varm) hvit Photo Rag (310 gsm) med matt filtstruktur. Gir ekstra briljans og kontrast \u2013 perfekt til foto og sort-hvitt i utstilling.\",\"breadcrumb\":{\"@id\":\"https:\\\/\\\/staging.pigs.no\\\/produkt\\\/hahnemuehle-photorag-bright-white-310\\\/#breadcrumb\"},\"inLanguage\":\"da-DK\",\"potentialAction\":[{\"@type\":\"ReadAction\",\"target\":[\"https:\\\/\\\/staging.pigs.no\\\/produkt\\\/hahnemuehle-photorag-bright-white-310\\\/\"]}]},{\"@type\":\"ImageObject\",\"inLanguage\":\"da-DK\",\"@id\":\"https:\\\/\\\/staging.pigs.no\\\/produkt\\\/hahnemuehle-photorag-bright-white-310\\\/#primaryimage\",\"url\":\"https:\\\/\\\/staging.pigs.no\\\/wp-content\\\/uploads\\\/2022\\\/10\\\/PIGS-imaging-HA-PRB310.jpg\",\"contentUrl\":\"https:\\\/\\\/staging.pigs.no\\\/wp-content\\\/uploads\\\/2022\\\/10\\\/PIGS-imaging-HA-PRB310.jpg\",\"width\":1000,\"height\":1000,\"caption\":\"Hahnem\u00fchle PhotoRag Bright White 310\"},{\"@type\":\"BreadcrumbList\",\"@id\":\"https:\\\/\\\/staging.pigs.no\\\/produkt\\\/hahnemuehle-photorag-bright-white-310\\\/#breadcrumb\",\"itemListElement\":[{\"@type\":\"ListItem\",\"position\":1,\"name\":\"Home\",\"item\":\"https:\\\/\\\/staging.pigs.no\\\/\"},{\"@type\":\"ListItem\",\"position\":2,\"name\":\"Shop\",\"item\":\"https:\\\/\\\/pigs.no\\\/nettbutikk\\\/\"},{\"@type\":\"ListItem\",\"position\":3,\"name\":\"Hahnem\u00fchle PhotoRag Bright White 310\"}]},{\"@type\":\"WebSite\",\"@id\":\"https:\\\/\\\/pigs.no\\\/#website\",\"url\":\"https:\\\/\\\/pigs.no\\\/\",\"name\":\"PIGS\",\"description\":\"Digitaltrykk\",\"publisher\":{\"@id\":\"https:\\\/\\\/pigs.no\\\/#organization\"},\"potentialAction\":[{\"@type\":\"SearchAction\",\"target\":{\"@type\":\"EntryPoint\",\"urlTemplate\":\"https:\\\/\\\/pigs.no\\\/?s={search_term_string}\"},\"query-input\":{\"@type\":\"PropertyValueSpecification\",\"valueRequired\":true,\"valueName\":\"search_term_string\"}}],\"inLanguage\":\"da-DK\"},{\"@type\":\"Organization\",\"@id\":\"https:\\\/\\\/pigs.no\\\/#organization\",\"name\":\"PIGS\",\"url\":\"https:\\\/\\\/pigs.no\\\/\",\"logo\":{\"@type\":\"ImageObject\",\"inLanguage\":\"da-DK\",\"@id\":\"https:\\\/\\\/pigs.no\\\/#\\\/schema\\\/logo\\\/image\\\/\",\"url\":\"https:\\\/\\\/staging.pigs.no\\\/wp-content\\\/uploads\\\/2023\\\/09\\\/PIGS-logo_2023-transparent.png\",\"contentUrl\":\"https:\\\/\\\/staging.pigs.no\\\/wp-content\\\/uploads\\\/2023\\\/09\\\/PIGS-logo_2023-transparent.png\",\"width\":1000,\"height\":461,\"caption\":\"PIGS\"},\"image\":{\"@id\":\"https:\\\/\\\/pigs.no\\\/#\\\/schema\\\/logo\\\/image\\\/\"},\"sameAs\":[\"https:\\\/\\\/www.facebook.com\\\/PIGSimagingAS\"]}]}<\/script>\n<!-- \/ Yoast SEO plugin. -->","yoast_head_json":{"title":"Fotoklud Bright White 310 | Let mat bomuld | PIGS","description":"Lys (varm) hvid Photo Rag (310 g\/m\u00b2) med mat filtstruktur. Giver ekstra glans og kontrast - perfekt til fotos og sort-hvid i udstillinger.","robots":{"index":"index","follow":"follow","max-snippet":"max-snippet:-1","max-image-preview":"max-image-preview:large","max-video-preview":"max-video-preview:-1"},"canonical":"https:\/\/staging.pigs.no\/da\/product-2\/hahnemuehle-photorag-bright-white-310\/","og_locale":"da_DK","og_type":"article","og_title":"Photo Rag Bright White 310 | Lys matt bomull | PIGS","og_description":"Lys (varm) hvit Photo Rag (310 gsm) med matt filtstruktur. Gir ekstra briljans og kontrast \u2013 perfekt til foto og sort-hvitt i utstilling.","og_url":"https:\/\/staging.pigs.no\/da\/product-2\/hahnemuehle-photorag-bright-white-310\/","og_site_name":"PIGS","article_publisher":"https:\/\/www.facebook.com\/PIGSimagingAS","article_modified_time":"2026-01-19T22:36:32+00:00","og_image":[{"width":1000,"height":1000,"url":"https:\/\/staging.pigs.no\/wp-content\/uploads\/2022\/10\/PIGS-imaging-HA-PRB310.jpg","type":"image\/jpeg"}],"twitter_card":"summary_large_image","twitter_misc":{"Estimeret l\u00e6setid":"1 minut"},"schema":{"@context":"https:\/\/schema.org","@graph":[{"@type":"WebPage","@id":"https:\/\/staging.pigs.no\/produkt\/hahnemuehle-photorag-bright-white-310\/","url":"https:\/\/staging.pigs.no\/produkt\/hahnemuehle-photorag-bright-white-310\/","name":"Fotoklud Bright White 310 | Let mat bomuld | PIGS","isPartOf":{"@id":"https:\/\/pigs.no\/#website"},"primaryImageOfPage":{"@id":"https:\/\/staging.pigs.no\/produkt\/hahnemuehle-photorag-bright-white-310\/#primaryimage"},"image":{"@id":"https:\/\/staging.pigs.no\/produkt\/hahnemuehle-photorag-bright-white-310\/#primaryimage"},"thumbnailUrl":"https:\/\/staging.pigs.no\/wp-content\/uploads\/2022\/10\/PIGS-imaging-HA-PRB310.jpg","datePublished":"2022-10-21T17:04:37+00:00","dateModified":"2026-01-19T22:36:32+00:00","description":"Lys (varm) hvid Photo Rag (310 g\/m\u00b2) med mat filtstruktur. Giver ekstra glans og kontrast - perfekt til fotos og sort-hvid i udstillinger.","breadcrumb":{"@id":"https:\/\/staging.pigs.no\/produkt\/hahnemuehle-photorag-bright-white-310\/#breadcrumb"},"inLanguage":"da-DK","potentialAction":[{"@type":"ReadAction","target":["https:\/\/staging.pigs.no\/produkt\/hahnemuehle-photorag-bright-white-310\/"]}]},{"@type":"ImageObject","inLanguage":"da-DK","@id":"https:\/\/staging.pigs.no\/produkt\/hahnemuehle-photorag-bright-white-310\/#primaryimage","url":"https:\/\/staging.pigs.no\/wp-content\/uploads\/2022\/10\/PIGS-imaging-HA-PRB310.jpg","contentUrl":"https:\/\/staging.pigs.no\/wp-content\/uploads\/2022\/10\/PIGS-imaging-HA-PRB310.jpg","width":1000,"height":1000,"caption":"Hahnem\u00fchle PhotoRag Bright White 310"},{"@type":"BreadcrumbList","@id":"https:\/\/staging.pigs.no\/produkt\/hahnemuehle-photorag-bright-white-310\/#breadcrumb","itemListElement":[{"@type":"ListItem","position":1,"name":"Home","item":"https:\/\/staging.pigs.no\/"},{"@type":"ListItem","position":2,"name":"Shop","item":"https:\/\/pigs.no\/nettbutikk\/"},{"@type":"ListItem","position":3,"name":"Hahnem\u00fchle PhotoRag Bright White 310"}]},{"@type":"WebSite","@id":"https:\/\/pigs.no\/#website","url":"https:\/\/pigs.no\/","name":"PIGS","description":"Digitaltrykk","publisher":{"@id":"https:\/\/pigs.no\/#organization"},"potentialAction":[{"@type":"SearchAction","target":{"@type":"EntryPoint","urlTemplate":"https:\/\/pigs.no\/?s={search_term_string}"},"query-input":{"@type":"PropertyValueSpecification","valueRequired":true,"valueName":"search_term_string"}}],"inLanguage":"da-DK"},{"@type":"Organization","@id":"https:\/\/pigs.no\/#organization","name":"PIGS","url":"https:\/\/pigs.no\/","logo":{"@type":"ImageObject","inLanguage":"da-DK","@id":"https:\/\/pigs.no\/#\/schema\/logo\/image\/","url":"https:\/\/staging.pigs.no\/wp-content\/uploads\/2023\/09\/PIGS-logo_2023-transparent.png","contentUrl":"https:\/\/staging.pigs.no\/wp-content\/uploads\/2023\/09\/PIGS-logo_2023-transparent.png","width":1000,"height":461,"caption":"PIGS"},"image":{"@id":"https:\/\/pigs.no\/#\/schema\/logo\/image\/"},"sameAs":["https:\/\/www.facebook.com\/PIGSimagingAS"]}]}},"_links":{"self":[{"href":"https:\/\/staging.pigs.no\/da\/wp-json\/wp\/v2\/product\/2452","targetHints":{"allow":["GET"]}}],"collection":[{"href":"https:\/\/staging.pigs.no\/da\/wp-json\/wp\/v2\/product"}],"about":[{"href":"https:\/\/staging.pigs.no\/da\/wp-json\/wp\/v2\/types\/product"}],"version-history":[{"count":3,"href":"https:\/\/staging.pigs.no\/da\/wp-json\/wp\/v2\/product\/2452\/revisions"}],"predecessor-version":[{"id":13461,"href":"https:\/\/staging.pigs.no\/da\/wp-json\/wp\/v2\/product\/2452\/revisions\/13461"}],"wp:featuredmedia":[{"embeddable":true,"href":"https:\/\/staging.pigs.no\/da\/wp-json\/wp\/v2\/media\/2658"}],"wp:attachment":[{"href":"https:\/\/staging.pigs.no\/da\/wp-json\/wp\/v2\/media?parent=2452"}],"wp:term":[{"taxonomy":"product_brand","embeddable":true,"href":"https:\/\/staging.pigs.no\/da\/wp-json\/wp\/v2\/product_brand?post=2452"},{"taxonomy":"product_cat","embeddable":true,"href":"https:\/\/staging.pigs.no\/da\/wp-json\/wp\/v2\/product_cat?post=2452"},{"taxonomy":"product_tag","embeddable":true,"href":"https:\/\/staging.pigs.no\/da\/wp-json\/wp\/v2\/product_tag?post=2452"}],"curies":[{"name":"wp","href":"https:\/\/api.w.org\/{rel}","templated":true}]}}