{"id":2456,"date":"2022-10-21T17:28:12","date_gmt":"2022-10-21T17:28:12","guid":{"rendered":"https:\/\/nye.pigs.no\/?post_type=product&#038;p=2456"},"modified":"2026-01-19T22:36:18","modified_gmt":"2026-01-19T22:36:18","slug":"hahnemuehle-studio-enhanced-210","status":"publish","type":"product","link":"https:\/\/staging.pigs.no\/da\/produkt\/hahnemuehle-studio-enhanced-210\/","title":{"rendered":"Hahnem\u00fchle Studio Enhanced 210"},"content":{"rendered":"<p>Hahnem\u00fchle Studio Enhanced 210 er et mat, glat papir, der er ideelt til plakat- og fotoprint, hvor du \u00f8nsker glatte overflader, god skarphed og et rent udseende. Den matte finish fungerer ogs\u00e5 godt i rum med meget lys og refleksioner.<\/p>\n<p><span style=\"font-weight: 400;\">NB! Kan printes op til 110 cm p\u00e5 den korte side (f.eks. 110 \u00d7 220 cm). Rullebredde: 111 cm (44\u2033).<\/span><\/p>\n<p><strong data-start=\"789\" data-end=\"809\">Bedst egnet til:<\/strong> illustration \/ foto \/ plakat<\/p>\n<p data-start=\"647\" data-end=\"676\"><strong data-start=\"647\" data-end=\"674\">Funktioner:<\/strong><\/p>\n<ul data-start=\"677\" data-end=\"787\">\n<li data-start=\"677\" data-end=\"688\">\n<p data-start=\"679\" data-end=\"688\">210 g\/m\u00b2<\/p>\n<\/li>\n<li data-start=\"689\" data-end=\"712\">\n<p data-start=\"691\" data-end=\"712\">100% alfa-cellulose<\/p>\n<\/li>\n<li data-start=\"713\" data-end=\"732\">\n<p data-start=\"715\" data-end=\"732\">Glat overflade<\/p>\n<\/li>\n<li data-start=\"733\" data-end=\"750\">\n<p data-start=\"735\" data-end=\"750\">Lys hvid tone<\/p>\n<\/li>\n<li data-start=\"751\" data-end=\"766\">\n<p data-start=\"753\" data-end=\"766\">Mat finish<\/p>\n<\/li>\n<li data-start=\"767\" data-end=\"787\">\n<p data-start=\"769\" data-end=\"787\">Fri for syre og lignin<\/p>\n<\/li>\n<\/ul>\n<p>&nbsp;<\/p>\n<p class=\"\"><a href=\"https:\/\/staging.pigs.no\/wp-content\/uploads\/2022\/09\/Datasheet-Hahnemu%CC%88hle-Studio-Enhanced-210.pdf\">L\u00e6s mere om Hahnem\u00fchle Studio Enhanced 210<\/a><\/p>","protected":false},"excerpt":{"rendered":"<p>Mat og glat inkjetpapir (210 g\/m\u00b2) med en lys hvid tone - skarpe detaljer og klar farvegengivelse til plakater og fotos.<\/p>","protected":false},"featured_media":2197,"template":"","meta":{"_acf_changed":false},"product_brand":[167],"product_cat":[37,98,106],"product_tag":[75,85,68,124,46,43,99,47,44],"class_list":{"0":"post-2456","1":"product","2":"type-product","3":"status-publish","4":"has-post-thumbnail","6":"product_brand-hahnemuhle","7":"product_cat-matt-papir","8":"product_cat-matte-slette-prints","9":"product_cat-pigs-medier","10":"product_tag-200gsm","11":"product_tag-alpha-cellulose","12":"product_tag-bright-white","13":"product_tag-fotokvalitet","14":"product_tag-hahnemuhle","15":"product_tag-matt","16":"product_tag-matte-slette-prints","17":"product_tag-papir","18":"product_tag-smooth","20":"first","21":"instock","22":"taxable","23":"shipping-taxable","24":"purchasable","25":"product-type-simple"},"acf":[],"yoast_head":"<!-- This site is optimized with the Yoast SEO plugin v27.4 - https:\/\/yoast.com\/product\/yoast-seo-wordpress\/ -->\n<title>Hahnem\u00fchle Studio Enhanced 210 | Matt papir 210 gsm | PIGS<\/title>\n<meta name=\"description\" content=\"Matt og glatt papir (210 gsm) med lys hvit tone. Skarpe detaljer og klar fargegjengivelse \u2013 perfekt til illustrasjon, plakat og foto.\" \/>\n<meta name=\"robots\" content=\"index, follow, max-snippet:-1, max-image-preview:large, max-video-preview:-1\" \/>\n<link rel=\"canonical\" href=\"https:\/\/staging.pigs.no\/da\/product-2\/hahnemuehle-studio-enhanced-210\/\" \/>\n<meta property=\"og:locale\" content=\"da_DK\" \/>\n<meta property=\"og:type\" content=\"article\" \/>\n<meta property=\"og:title\" content=\"Hahnem\u00fchle Studio Enhanced 210 | Matt papir 210 gsm | PIGS\" \/>\n<meta property=\"og:description\" content=\"Matt og glatt papir (210 gsm) med lys hvit tone. Skarpe detaljer og klar fargegjengivelse \u2013 perfekt til illustrasjon, plakat og foto.\" \/>\n<meta property=\"og:url\" content=\"https:\/\/staging.pigs.no\/da\/product-2\/hahnemuehle-studio-enhanced-210\/\" \/>\n<meta property=\"og:site_name\" content=\"PIGS\" \/>\n<meta property=\"article:publisher\" content=\"https:\/\/www.facebook.com\/PIGSimagingAS\" \/>\n<meta property=\"article:modified_time\" content=\"2026-01-19T22:36:18+00:00\" \/>\n<meta property=\"og:image\" content=\"https:\/\/staging.pigs.no\/wp-content\/uploads\/2022\/09\/Pigs-imaging-hahnemuehle-studio-enhanced-210.jpg\" \/>\n\t<meta property=\"og:image:width\" content=\"1400\" \/>\n\t<meta property=\"og:image:height\" content=\"1050\" \/>\n\t<meta property=\"og:image:type\" content=\"image\/jpeg\" \/>\n<meta name=\"twitter:card\" content=\"summary_large_image\" \/>\n<meta name=\"twitter:label1\" content=\"Estimeret l\u00e6setid\" \/>\n\t<meta name=\"twitter:data1\" content=\"1 minut\" \/>\n<script type=\"application\/ld+json\" class=\"yoast-schema-graph\">{\"@context\":\"https:\\\/\\\/schema.org\",\"@graph\":[{\"@type\":\"WebPage\",\"@id\":\"https:\\\/\\\/staging.pigs.no\\\/produkt\\\/hahnemuehle-studio-enhanced-210\\\/\",\"url\":\"https:\\\/\\\/staging.pigs.no\\\/produkt\\\/hahnemuehle-studio-enhanced-210\\\/\",\"name\":\"Hahnem\u00fchle Studio Enhanced 210 | Matt papir 210 gsm | PIGS\",\"isPartOf\":{\"@id\":\"https:\\\/\\\/pigs.no\\\/#website\"},\"primaryImageOfPage\":{\"@id\":\"https:\\\/\\\/staging.pigs.no\\\/produkt\\\/hahnemuehle-studio-enhanced-210\\\/#primaryimage\"},\"image\":{\"@id\":\"https:\\\/\\\/staging.pigs.no\\\/produkt\\\/hahnemuehle-studio-enhanced-210\\\/#primaryimage\"},\"thumbnailUrl\":\"https:\\\/\\\/staging.pigs.no\\\/wp-content\\\/uploads\\\/2022\\\/09\\\/Pigs-imaging-hahnemuehle-studio-enhanced-210.jpg\",\"datePublished\":\"2022-10-21T17:28:12+00:00\",\"dateModified\":\"2026-01-19T22:36:18+00:00\",\"description\":\"Matt og glatt papir (210 gsm) med lys hvit tone. Skarpe detaljer og klar fargegjengivelse \u2013 perfekt til illustrasjon, plakat og foto.\",\"breadcrumb\":{\"@id\":\"https:\\\/\\\/staging.pigs.no\\\/produkt\\\/hahnemuehle-studio-enhanced-210\\\/#breadcrumb\"},\"inLanguage\":\"da-DK\",\"potentialAction\":[{\"@type\":\"ReadAction\",\"target\":[\"https:\\\/\\\/staging.pigs.no\\\/produkt\\\/hahnemuehle-studio-enhanced-210\\\/\"]}]},{\"@type\":\"ImageObject\",\"inLanguage\":\"da-DK\",\"@id\":\"https:\\\/\\\/staging.pigs.no\\\/produkt\\\/hahnemuehle-studio-enhanced-210\\\/#primaryimage\",\"url\":\"https:\\\/\\\/staging.pigs.no\\\/wp-content\\\/uploads\\\/2022\\\/09\\\/Pigs-imaging-hahnemuehle-studio-enhanced-210.jpg\",\"contentUrl\":\"https:\\\/\\\/staging.pigs.no\\\/wp-content\\\/uploads\\\/2022\\\/09\\\/Pigs-imaging-hahnemuehle-studio-enhanced-210.jpg\",\"width\":1400,\"height\":1050,\"caption\":\"Hahnem\u00fchle Studio Enhanced 210\"},{\"@type\":\"BreadcrumbList\",\"@id\":\"https:\\\/\\\/staging.pigs.no\\\/produkt\\\/hahnemuehle-studio-enhanced-210\\\/#breadcrumb\",\"itemListElement\":[{\"@type\":\"ListItem\",\"position\":1,\"name\":\"Home\",\"item\":\"https:\\\/\\\/staging.pigs.no\\\/\"},{\"@type\":\"ListItem\",\"position\":2,\"name\":\"Shop\",\"item\":\"https:\\\/\\\/pigs.no\\\/nettbutikk\\\/\"},{\"@type\":\"ListItem\",\"position\":3,\"name\":\"Hahnem\u00fchle Studio Enhanced 210\"}]},{\"@type\":\"WebSite\",\"@id\":\"https:\\\/\\\/pigs.no\\\/#website\",\"url\":\"https:\\\/\\\/pigs.no\\\/\",\"name\":\"PIGS\",\"description\":\"Digitaltrykk\",\"publisher\":{\"@id\":\"https:\\\/\\\/pigs.no\\\/#organization\"},\"potentialAction\":[{\"@type\":\"SearchAction\",\"target\":{\"@type\":\"EntryPoint\",\"urlTemplate\":\"https:\\\/\\\/pigs.no\\\/?s={search_term_string}\"},\"query-input\":{\"@type\":\"PropertyValueSpecification\",\"valueRequired\":true,\"valueName\":\"search_term_string\"}}],\"inLanguage\":\"da-DK\"},{\"@type\":\"Organization\",\"@id\":\"https:\\\/\\\/pigs.no\\\/#organization\",\"name\":\"PIGS\",\"url\":\"https:\\\/\\\/pigs.no\\\/\",\"logo\":{\"@type\":\"ImageObject\",\"inLanguage\":\"da-DK\",\"@id\":\"https:\\\/\\\/pigs.no\\\/#\\\/schema\\\/logo\\\/image\\\/\",\"url\":\"https:\\\/\\\/staging.pigs.no\\\/wp-content\\\/uploads\\\/2023\\\/09\\\/PIGS-logo_2023-transparent.png\",\"contentUrl\":\"https:\\\/\\\/staging.pigs.no\\\/wp-content\\\/uploads\\\/2023\\\/09\\\/PIGS-logo_2023-transparent.png\",\"width\":1000,\"height\":461,\"caption\":\"PIGS\"},\"image\":{\"@id\":\"https:\\\/\\\/pigs.no\\\/#\\\/schema\\\/logo\\\/image\\\/\"},\"sameAs\":[\"https:\\\/\\\/www.facebook.com\\\/PIGSimagingAS\"]}]}<\/script>\n<!-- \/ Yoast SEO plugin. -->","yoast_head_json":{"title":"Hahnem\u00fchle Studio Enhanced 210 | Mat papir 210 g\/m\u00b2 | PIGS","description":"Mat og glat papir (210 g\/m\u00b2) med en lys hvid tone. Skarpe detaljer og klar farvegengivelse - perfekt til illustrationer, plakater og fotos.","robots":{"index":"index","follow":"follow","max-snippet":"max-snippet:-1","max-image-preview":"max-image-preview:large","max-video-preview":"max-video-preview:-1"},"canonical":"https:\/\/staging.pigs.no\/da\/product-2\/hahnemuehle-studio-enhanced-210\/","og_locale":"da_DK","og_type":"article","og_title":"Hahnem\u00fchle Studio Enhanced 210 | Matt papir 210 gsm | PIGS","og_description":"Matt og glatt papir (210 gsm) med lys hvit tone. Skarpe detaljer og klar fargegjengivelse \u2013 perfekt til illustrasjon, plakat og foto.","og_url":"https:\/\/staging.pigs.no\/da\/product-2\/hahnemuehle-studio-enhanced-210\/","og_site_name":"PIGS","article_publisher":"https:\/\/www.facebook.com\/PIGSimagingAS","article_modified_time":"2026-01-19T22:36:18+00:00","og_image":[{"width":1400,"height":1050,"url":"https:\/\/staging.pigs.no\/wp-content\/uploads\/2022\/09\/Pigs-imaging-hahnemuehle-studio-enhanced-210.jpg","type":"image\/jpeg"}],"twitter_card":"summary_large_image","twitter_misc":{"Estimeret l\u00e6setid":"1 minut"},"schema":{"@context":"https:\/\/schema.org","@graph":[{"@type":"WebPage","@id":"https:\/\/staging.pigs.no\/produkt\/hahnemuehle-studio-enhanced-210\/","url":"https:\/\/staging.pigs.no\/produkt\/hahnemuehle-studio-enhanced-210\/","name":"Hahnem\u00fchle Studio Enhanced 210 | Mat papir 210 g\/m\u00b2 | PIGS","isPartOf":{"@id":"https:\/\/pigs.no\/#website"},"primaryImageOfPage":{"@id":"https:\/\/staging.pigs.no\/produkt\/hahnemuehle-studio-enhanced-210\/#primaryimage"},"image":{"@id":"https:\/\/staging.pigs.no\/produkt\/hahnemuehle-studio-enhanced-210\/#primaryimage"},"thumbnailUrl":"https:\/\/staging.pigs.no\/wp-content\/uploads\/2022\/09\/Pigs-imaging-hahnemuehle-studio-enhanced-210.jpg","datePublished":"2022-10-21T17:28:12+00:00","dateModified":"2026-01-19T22:36:18+00:00","description":"Mat og glat papir (210 g\/m\u00b2) med en lys hvid tone. Skarpe detaljer og klar farvegengivelse - perfekt til illustrationer, plakater og fotos.","breadcrumb":{"@id":"https:\/\/staging.pigs.no\/produkt\/hahnemuehle-studio-enhanced-210\/#breadcrumb"},"inLanguage":"da-DK","potentialAction":[{"@type":"ReadAction","target":["https:\/\/staging.pigs.no\/produkt\/hahnemuehle-studio-enhanced-210\/"]}]},{"@type":"ImageObject","inLanguage":"da-DK","@id":"https:\/\/staging.pigs.no\/produkt\/hahnemuehle-studio-enhanced-210\/#primaryimage","url":"https:\/\/staging.pigs.no\/wp-content\/uploads\/2022\/09\/Pigs-imaging-hahnemuehle-studio-enhanced-210.jpg","contentUrl":"https:\/\/staging.pigs.no\/wp-content\/uploads\/2022\/09\/Pigs-imaging-hahnemuehle-studio-enhanced-210.jpg","width":1400,"height":1050,"caption":"Hahnem\u00fchle Studio Enhanced 210"},{"@type":"BreadcrumbList","@id":"https:\/\/staging.pigs.no\/produkt\/hahnemuehle-studio-enhanced-210\/#breadcrumb","itemListElement":[{"@type":"ListItem","position":1,"name":"Home","item":"https:\/\/staging.pigs.no\/"},{"@type":"ListItem","position":2,"name":"Shop","item":"https:\/\/pigs.no\/nettbutikk\/"},{"@type":"ListItem","position":3,"name":"Hahnem\u00fchle Studio Enhanced 210"}]},{"@type":"WebSite","@id":"https:\/\/pigs.no\/#website","url":"https:\/\/pigs.no\/","name":"PIGS","description":"Digitaltrykk","publisher":{"@id":"https:\/\/pigs.no\/#organization"},"potentialAction":[{"@type":"SearchAction","target":{"@type":"EntryPoint","urlTemplate":"https:\/\/pigs.no\/?s={search_term_string}"},"query-input":{"@type":"PropertyValueSpecification","valueRequired":true,"valueName":"search_term_string"}}],"inLanguage":"da-DK"},{"@type":"Organization","@id":"https:\/\/pigs.no\/#organization","name":"PIGS","url":"https:\/\/pigs.no\/","logo":{"@type":"ImageObject","inLanguage":"da-DK","@id":"https:\/\/pigs.no\/#\/schema\/logo\/image\/","url":"https:\/\/staging.pigs.no\/wp-content\/uploads\/2023\/09\/PIGS-logo_2023-transparent.png","contentUrl":"https:\/\/staging.pigs.no\/wp-content\/uploads\/2023\/09\/PIGS-logo_2023-transparent.png","width":1000,"height":461,"caption":"PIGS"},"image":{"@id":"https:\/\/pigs.no\/#\/schema\/logo\/image\/"},"sameAs":["https:\/\/www.facebook.com\/PIGSimagingAS"]}]}},"_links":{"self":[{"href":"https:\/\/staging.pigs.no\/da\/wp-json\/wp\/v2\/product\/2456","targetHints":{"allow":["GET"]}}],"collection":[{"href":"https:\/\/staging.pigs.no\/da\/wp-json\/wp\/v2\/product"}],"about":[{"href":"https:\/\/staging.pigs.no\/da\/wp-json\/wp\/v2\/types\/product"}],"version-history":[{"count":5,"href":"https:\/\/staging.pigs.no\/da\/wp-json\/wp\/v2\/product\/2456\/revisions"}],"predecessor-version":[{"id":2457,"href":"https:\/\/staging.pigs.no\/da\/wp-json\/wp\/v2\/product\/2456\/revisions\/2457"}],"wp:featuredmedia":[{"embeddable":true,"href":"https:\/\/staging.pigs.no\/da\/wp-json\/wp\/v2\/media\/2197"}],"wp:attachment":[{"href":"https:\/\/staging.pigs.no\/da\/wp-json\/wp\/v2\/media?parent=2456"}],"wp:term":[{"taxonomy":"product_brand","embeddable":true,"href":"https:\/\/staging.pigs.no\/da\/wp-json\/wp\/v2\/product_brand?post=2456"},{"taxonomy":"product_cat","embeddable":true,"href":"https:\/\/staging.pigs.no\/da\/wp-json\/wp\/v2\/product_cat?post=2456"},{"taxonomy":"product_tag","embeddable":true,"href":"https:\/\/staging.pigs.no\/da\/wp-json\/wp\/v2\/product_tag?post=2456"}],"curies":[{"name":"wp","href":"https:\/\/api.w.org\/{rel}","templated":true}]}}