{"id":2671,"date":"2022-10-24T13:41:51","date_gmt":"2022-10-24T13:41:51","guid":{"rendered":"https:\/\/nye.pigs.no\/?post_type=product&#038;p=2671"},"modified":"2026-01-19T22:35:31","modified_gmt":"2026-01-19T22:35:31","slug":"hahnemuehle-sugar-cane-300","status":"publish","type":"product","link":"https:\/\/staging.pigs.no\/da\/produkt\/hahnemuehle-sugar-cane-300\/","title":{"rendered":"Hahnem\u00fchle Sugar Cane 300"},"content":{"rendered":"<p>Sugar Cane 300 er fremstillet af 70% bagasse (sukkerr\u00f8r) og har en naturlig hvid, varmtonet base uden optiske blegemidler. Den bl\u00f8de, men tydelige filtstruktur giver en defineret gengivelse af farver og detaljer, is\u00e6r i varme toner og sort\/hvid. Overholder ISO 9706.<\/p>\n<p><span style=\"font-weight: 400;\"><strong>NB!<\/strong> Kan printes op til 110 cm p\u00e5 den korte side (f.eks. 110 \u00d7 220 cm). Rullebredde: 111 cm (44\u2033).<\/span><\/p>\n<p><strong data-start=\"16662\" data-end=\"16682\">Bedst egnet til:<\/strong> s-h \/ illustration \/ udstilling \/ foto<\/p>\n<p data-start=\"16423\" data-end=\"16452\"><strong data-start=\"16423\" data-end=\"16450\">Funktioner:<\/strong><\/p>\n<ul data-start=\"16453\" data-end=\"16660\">\n<li data-start=\"16453\" data-end=\"16464\">\n<p data-start=\"16455\" data-end=\"16464\">300 g\/m\u00b2<\/p>\n<\/li>\n<li data-start=\"16465\" data-end=\"16510\">\n<p data-start=\"16467\" data-end=\"16510\">70% sukkerr\u00f8rsfibre (bagasse) \/ 30% bomuld<\/p>\n<\/li>\n<li data-start=\"16511\" data-end=\"16566\">\n<p data-start=\"16513\" data-end=\"16566\">Naturlig hvid, varm tone - uden optiske blegemidler<\/p>\n<\/li>\n<li data-start=\"16567\" data-end=\"16600\">\n<p data-start=\"16569\" data-end=\"16600\">Klart defineret filtstruktur<\/p>\n<\/li>\n<li data-start=\"16601\" data-end=\"16623\">\n<p data-start=\"16603\" data-end=\"16623\">Fri for syre og lignin<\/p>\n<\/li>\n<li data-start=\"16624\" data-end=\"16660\">\n<p data-start=\"16626\" data-end=\"16660\">ISO 9706-kompatibel \/ museumskvalitet<\/p>\n<\/li>\n<\/ul>\n<p>&nbsp;<\/p>\n<p class=\"\"><a href=\"https:\/\/staging.pigs.no\/wp-content\/uploads\/2022\/09\/Datasheet-Hahnem\u00fchle-Sugar-Cane-300.pdf\">L\u00e6s mere om Hahnem\u00fchle Sugar Cane 300<\/a><\/p>","protected":false},"excerpt":{"rendered":"<p>B\u00e6redygtigt kunstpapir (300 g\/m\u00b2) med 70% sukkerr\u00f8rsfibre, varm naturhvid tone uden OBA - klar filtstruktur, s\u00e6rlig god til varme nuancer og s\/h.<\/p>","protected":false},"featured_media":2664,"template":"","meta":{"_acf_changed":false},"product_brand":[167],"product_cat":[81,37,100,102,106],"product_tag":[42,40,39,46,43,101,103,87,47,73,41],"class_list":{"0":"post-2671","1":"product","2":"type-product","3":"status-publish","4":"has-post-thumbnail","6":"product_brand-hahnemuhle","7":"product_cat-natural-line","8":"product_cat-matt-papir","9":"product_cat-matte-fineart-prints","10":"product_cat-matte-prints-med-tekstur","11":"product_cat-pigs-medier","12":"product_tag-300gsm","13":"product_tag-fineart","14":"product_tag-giclee","15":"product_tag-hahnemuhle","16":"product_tag-matt","17":"product_tag-matte-fineart-prints","18":"product_tag-matte-prints-med-tekstur","19":"product_tag-natural-line","20":"product_tag-papir","21":"product_tag-texture","22":"product_tag-white","24":"first","25":"instock","26":"taxable","27":"shipping-taxable","28":"purchasable","29":"product-type-simple"},"acf":[],"yoast_head":"<!-- This site is optimized with the Yoast SEO plugin v27.4 - https:\/\/yoast.com\/product\/yoast-seo-wordpress\/ -->\n<title>Sugar Cane 300 | Varmt fine art-papir uten OBA | PIGS<\/title>\n<meta name=\"description\" content=\"Fine art-papir (300 gsm) med 70% sukkerr\u00f8rfibre og varm naturhvit tone uten OBA. Tydelig filtstruktur \u2013 perfekt til varme nyanser og sort-hvitt.\" \/>\n<meta name=\"robots\" content=\"index, follow, max-snippet:-1, max-image-preview:large, max-video-preview:-1\" \/>\n<link rel=\"canonical\" href=\"https:\/\/staging.pigs.no\/da\/product-2\/hahnemuehle-sugar-cane-300\/\" \/>\n<meta property=\"og:locale\" content=\"da_DK\" \/>\n<meta property=\"og:type\" content=\"article\" \/>\n<meta property=\"og:title\" content=\"Sugar Cane 300 | Varmt fine art-papir uten OBA | PIGS\" \/>\n<meta property=\"og:description\" content=\"Fine art-papir (300 gsm) med 70% sukkerr\u00f8rfibre og varm naturhvit tone uten OBA. Tydelig filtstruktur \u2013 perfekt til varme nyanser og sort-hvitt.\" \/>\n<meta property=\"og:url\" content=\"https:\/\/staging.pigs.no\/da\/product-2\/hahnemuehle-sugar-cane-300\/\" \/>\n<meta property=\"og:site_name\" content=\"PIGS\" \/>\n<meta property=\"article:publisher\" content=\"https:\/\/www.facebook.com\/PIGSimagingAS\" \/>\n<meta property=\"article:modified_time\" content=\"2026-01-19T22:35:31+00:00\" \/>\n<meta property=\"og:image\" content=\"https:\/\/staging.pigs.no\/wp-content\/uploads\/2022\/10\/PIGS-imaging-HA-SC300.jpg\" \/>\n\t<meta property=\"og:image:width\" content=\"1000\" \/>\n\t<meta property=\"og:image:height\" content=\"1000\" \/>\n\t<meta property=\"og:image:type\" content=\"image\/jpeg\" \/>\n<meta name=\"twitter:card\" content=\"summary_large_image\" \/>\n<meta name=\"twitter:label1\" content=\"Estimeret l\u00e6setid\" \/>\n\t<meta name=\"twitter:data1\" content=\"1 minut\" \/>\n<script type=\"application\/ld+json\" class=\"yoast-schema-graph\">{\"@context\":\"https:\\\/\\\/schema.org\",\"@graph\":[{\"@type\":\"WebPage\",\"@id\":\"https:\\\/\\\/staging.pigs.no\\\/produkt\\\/hahnemuehle-sugar-cane-300\\\/\",\"url\":\"https:\\\/\\\/staging.pigs.no\\\/produkt\\\/hahnemuehle-sugar-cane-300\\\/\",\"name\":\"Sugar Cane 300 | Varmt fine art-papir uten OBA | PIGS\",\"isPartOf\":{\"@id\":\"https:\\\/\\\/pigs.no\\\/#website\"},\"primaryImageOfPage\":{\"@id\":\"https:\\\/\\\/staging.pigs.no\\\/produkt\\\/hahnemuehle-sugar-cane-300\\\/#primaryimage\"},\"image\":{\"@id\":\"https:\\\/\\\/staging.pigs.no\\\/produkt\\\/hahnemuehle-sugar-cane-300\\\/#primaryimage\"},\"thumbnailUrl\":\"https:\\\/\\\/staging.pigs.no\\\/wp-content\\\/uploads\\\/2022\\\/10\\\/PIGS-imaging-HA-SC300.jpg\",\"datePublished\":\"2022-10-24T13:41:51+00:00\",\"dateModified\":\"2026-01-19T22:35:31+00:00\",\"description\":\"Fine art-papir (300 gsm) med 70% sukkerr\u00f8rfibre og varm naturhvit tone uten OBA. Tydelig filtstruktur \u2013 perfekt til varme nyanser og sort-hvitt.\",\"breadcrumb\":{\"@id\":\"https:\\\/\\\/staging.pigs.no\\\/produkt\\\/hahnemuehle-sugar-cane-300\\\/#breadcrumb\"},\"inLanguage\":\"da-DK\",\"potentialAction\":[{\"@type\":\"ReadAction\",\"target\":[\"https:\\\/\\\/staging.pigs.no\\\/produkt\\\/hahnemuehle-sugar-cane-300\\\/\"]}]},{\"@type\":\"ImageObject\",\"inLanguage\":\"da-DK\",\"@id\":\"https:\\\/\\\/staging.pigs.no\\\/produkt\\\/hahnemuehle-sugar-cane-300\\\/#primaryimage\",\"url\":\"https:\\\/\\\/staging.pigs.no\\\/wp-content\\\/uploads\\\/2022\\\/10\\\/PIGS-imaging-HA-SC300.jpg\",\"contentUrl\":\"https:\\\/\\\/staging.pigs.no\\\/wp-content\\\/uploads\\\/2022\\\/10\\\/PIGS-imaging-HA-SC300.jpg\",\"width\":1000,\"height\":1000,\"caption\":\"Hahnem\u00fchle Sugar Cane 300\"},{\"@type\":\"BreadcrumbList\",\"@id\":\"https:\\\/\\\/staging.pigs.no\\\/produkt\\\/hahnemuehle-sugar-cane-300\\\/#breadcrumb\",\"itemListElement\":[{\"@type\":\"ListItem\",\"position\":1,\"name\":\"Home\",\"item\":\"https:\\\/\\\/staging.pigs.no\\\/\"},{\"@type\":\"ListItem\",\"position\":2,\"name\":\"Shop\",\"item\":\"https:\\\/\\\/pigs.no\\\/nettbutikk\\\/\"},{\"@type\":\"ListItem\",\"position\":3,\"name\":\"Hahnem\u00fchle Sugar Cane 300\"}]},{\"@type\":\"WebSite\",\"@id\":\"https:\\\/\\\/pigs.no\\\/#website\",\"url\":\"https:\\\/\\\/pigs.no\\\/\",\"name\":\"PIGS\",\"description\":\"Digitaltrykk\",\"publisher\":{\"@id\":\"https:\\\/\\\/pigs.no\\\/#organization\"},\"potentialAction\":[{\"@type\":\"SearchAction\",\"target\":{\"@type\":\"EntryPoint\",\"urlTemplate\":\"https:\\\/\\\/pigs.no\\\/?s={search_term_string}\"},\"query-input\":{\"@type\":\"PropertyValueSpecification\",\"valueRequired\":true,\"valueName\":\"search_term_string\"}}],\"inLanguage\":\"da-DK\"},{\"@type\":\"Organization\",\"@id\":\"https:\\\/\\\/pigs.no\\\/#organization\",\"name\":\"PIGS\",\"url\":\"https:\\\/\\\/pigs.no\\\/\",\"logo\":{\"@type\":\"ImageObject\",\"inLanguage\":\"da-DK\",\"@id\":\"https:\\\/\\\/pigs.no\\\/#\\\/schema\\\/logo\\\/image\\\/\",\"url\":\"https:\\\/\\\/staging.pigs.no\\\/wp-content\\\/uploads\\\/2023\\\/09\\\/PIGS-logo_2023-transparent.png\",\"contentUrl\":\"https:\\\/\\\/staging.pigs.no\\\/wp-content\\\/uploads\\\/2023\\\/09\\\/PIGS-logo_2023-transparent.png\",\"width\":1000,\"height\":461,\"caption\":\"PIGS\"},\"image\":{\"@id\":\"https:\\\/\\\/pigs.no\\\/#\\\/schema\\\/logo\\\/image\\\/\"},\"sameAs\":[\"https:\\\/\\\/www.facebook.com\\\/PIGSimagingAS\"]}]}<\/script>\n<!-- \/ Yoast SEO plugin. -->","yoast_head_json":{"title":"Sugar Cane 300 | Varmt kunstpapir uden OBA | PIGS","description":"Fine art-papir (300 g\/m\u00b2) med 70% sukkerr\u00f8rsfibre og en varm, naturlig hvid tone uden OBA. Tydelig filtstruktur - perfekt til varme farver og sort-hvid.","robots":{"index":"index","follow":"follow","max-snippet":"max-snippet:-1","max-image-preview":"max-image-preview:large","max-video-preview":"max-video-preview:-1"},"canonical":"https:\/\/staging.pigs.no\/da\/product-2\/hahnemuehle-sugar-cane-300\/","og_locale":"da_DK","og_type":"article","og_title":"Sugar Cane 300 | Varmt fine art-papir uten OBA | PIGS","og_description":"Fine art-papir (300 gsm) med 70% sukkerr\u00f8rfibre og varm naturhvit tone uten OBA. Tydelig filtstruktur \u2013 perfekt til varme nyanser og sort-hvitt.","og_url":"https:\/\/staging.pigs.no\/da\/product-2\/hahnemuehle-sugar-cane-300\/","og_site_name":"PIGS","article_publisher":"https:\/\/www.facebook.com\/PIGSimagingAS","article_modified_time":"2026-01-19T22:35:31+00:00","og_image":[{"width":1000,"height":1000,"url":"https:\/\/staging.pigs.no\/wp-content\/uploads\/2022\/10\/PIGS-imaging-HA-SC300.jpg","type":"image\/jpeg"}],"twitter_card":"summary_large_image","twitter_misc":{"Estimeret l\u00e6setid":"1 minut"},"schema":{"@context":"https:\/\/schema.org","@graph":[{"@type":"WebPage","@id":"https:\/\/staging.pigs.no\/produkt\/hahnemuehle-sugar-cane-300\/","url":"https:\/\/staging.pigs.no\/produkt\/hahnemuehle-sugar-cane-300\/","name":"Sugar Cane 300 | Varmt kunstpapir uden OBA | PIGS","isPartOf":{"@id":"https:\/\/pigs.no\/#website"},"primaryImageOfPage":{"@id":"https:\/\/staging.pigs.no\/produkt\/hahnemuehle-sugar-cane-300\/#primaryimage"},"image":{"@id":"https:\/\/staging.pigs.no\/produkt\/hahnemuehle-sugar-cane-300\/#primaryimage"},"thumbnailUrl":"https:\/\/staging.pigs.no\/wp-content\/uploads\/2022\/10\/PIGS-imaging-HA-SC300.jpg","datePublished":"2022-10-24T13:41:51+00:00","dateModified":"2026-01-19T22:35:31+00:00","description":"Fine art-papir (300 g\/m\u00b2) med 70% sukkerr\u00f8rsfibre og en varm, naturlig hvid tone uden OBA. Tydelig filtstruktur - perfekt til varme farver og sort-hvid.","breadcrumb":{"@id":"https:\/\/staging.pigs.no\/produkt\/hahnemuehle-sugar-cane-300\/#breadcrumb"},"inLanguage":"da-DK","potentialAction":[{"@type":"ReadAction","target":["https:\/\/staging.pigs.no\/produkt\/hahnemuehle-sugar-cane-300\/"]}]},{"@type":"ImageObject","inLanguage":"da-DK","@id":"https:\/\/staging.pigs.no\/produkt\/hahnemuehle-sugar-cane-300\/#primaryimage","url":"https:\/\/staging.pigs.no\/wp-content\/uploads\/2022\/10\/PIGS-imaging-HA-SC300.jpg","contentUrl":"https:\/\/staging.pigs.no\/wp-content\/uploads\/2022\/10\/PIGS-imaging-HA-SC300.jpg","width":1000,"height":1000,"caption":"Hahnem\u00fchle Sugar Cane 300"},{"@type":"BreadcrumbList","@id":"https:\/\/staging.pigs.no\/produkt\/hahnemuehle-sugar-cane-300\/#breadcrumb","itemListElement":[{"@type":"ListItem","position":1,"name":"Home","item":"https:\/\/staging.pigs.no\/"},{"@type":"ListItem","position":2,"name":"Shop","item":"https:\/\/pigs.no\/nettbutikk\/"},{"@type":"ListItem","position":3,"name":"Hahnem\u00fchle Sugar Cane 300"}]},{"@type":"WebSite","@id":"https:\/\/pigs.no\/#website","url":"https:\/\/pigs.no\/","name":"PIGS","description":"Digitaltrykk","publisher":{"@id":"https:\/\/pigs.no\/#organization"},"potentialAction":[{"@type":"SearchAction","target":{"@type":"EntryPoint","urlTemplate":"https:\/\/pigs.no\/?s={search_term_string}"},"query-input":{"@type":"PropertyValueSpecification","valueRequired":true,"valueName":"search_term_string"}}],"inLanguage":"da-DK"},{"@type":"Organization","@id":"https:\/\/pigs.no\/#organization","name":"PIGS","url":"https:\/\/pigs.no\/","logo":{"@type":"ImageObject","inLanguage":"da-DK","@id":"https:\/\/pigs.no\/#\/schema\/logo\/image\/","url":"https:\/\/staging.pigs.no\/wp-content\/uploads\/2023\/09\/PIGS-logo_2023-transparent.png","contentUrl":"https:\/\/staging.pigs.no\/wp-content\/uploads\/2023\/09\/PIGS-logo_2023-transparent.png","width":1000,"height":461,"caption":"PIGS"},"image":{"@id":"https:\/\/pigs.no\/#\/schema\/logo\/image\/"},"sameAs":["https:\/\/www.facebook.com\/PIGSimagingAS"]}]}},"_links":{"self":[{"href":"https:\/\/staging.pigs.no\/da\/wp-json\/wp\/v2\/product\/2671","targetHints":{"allow":["GET"]}}],"collection":[{"href":"https:\/\/staging.pigs.no\/da\/wp-json\/wp\/v2\/product"}],"about":[{"href":"https:\/\/staging.pigs.no\/da\/wp-json\/wp\/v2\/types\/product"}],"version-history":[{"count":3,"href":"https:\/\/staging.pigs.no\/da\/wp-json\/wp\/v2\/product\/2671\/revisions"}],"predecessor-version":[{"id":13470,"href":"https:\/\/staging.pigs.no\/da\/wp-json\/wp\/v2\/product\/2671\/revisions\/13470"}],"wp:featuredmedia":[{"embeddable":true,"href":"https:\/\/staging.pigs.no\/da\/wp-json\/wp\/v2\/media\/2664"}],"wp:attachment":[{"href":"https:\/\/staging.pigs.no\/da\/wp-json\/wp\/v2\/media?parent=2671"}],"wp:term":[{"taxonomy":"product_brand","embeddable":true,"href":"https:\/\/staging.pigs.no\/da\/wp-json\/wp\/v2\/product_brand?post=2671"},{"taxonomy":"product_cat","embeddable":true,"href":"https:\/\/staging.pigs.no\/da\/wp-json\/wp\/v2\/product_cat?post=2671"},{"taxonomy":"product_tag","embeddable":true,"href":"https:\/\/staging.pigs.no\/da\/wp-json\/wp\/v2\/product_tag?post=2671"}],"curies":[{"name":"wp","href":"https:\/\/api.w.org\/{rel}","templated":true}]}}