{"id":2675,"date":"2022-10-24T19:30:47","date_gmt":"2022-10-24T19:30:47","guid":{"rendered":"https:\/\/nye.pigs.no\/?post_type=product&#038;p=2675"},"modified":"2026-01-19T21:55:20","modified_gmt":"2026-01-19T21:55:20","slug":"hahnemuehle-photorag-baryta-315","status":"publish","type":"product","link":"https:\/\/staging.pigs.no\/da\/produkt\/hahnemuehle-photorag-baryta-315\/","title":{"rendered":"Hahnem\u00fchle Photo Rag Baryta 315"},"content":{"rendered":"<p>Photo Rag Baryta kombinerer 100%-bomuld med en delikat overfladestruktur og h\u00f8jglans baryta-finish for et klassisk fotografisk look. Giver meget h\u00f8j billedkvalitet, stor kontrast og imponerende dybde, is\u00e6r til sort\/hvid og portr\u00e6tter. Overholder ISO 9706.<\/p>\n<p><strong>NB!<\/strong> Kan printes op til 110 cm p\u00e5 den korte side (f.eks. 110 \u00d7 200 cm). Rullebredde: 111 cm (44\u2033).<\/p>\n<p><strong data-start=\"19087\" data-end=\"19107\">Bedst egnet til:<\/strong> s-h \/ foto \/ udstilling \/ stort format<\/p>\n<p data-start=\"18805\" data-end=\"18834\"><strong data-start=\"18805\" data-end=\"18832\">Funktioner:<\/strong><\/p>\n<ul data-start=\"18835\" data-end=\"19085\">\n<li data-start=\"18835\" data-end=\"18850\">\n<p data-start=\"18837\" data-end=\"18850\">100% bomuld<\/p>\n<\/li>\n<li data-start=\"18851\" data-end=\"18923\">\n<p data-start=\"18853\" data-end=\"18923\">(Deklareret v\u00e6gt: 315\/320 g\/m\u00b2 - v\u00e6lg en af dem p\u00e5 produktsiden for at sikre konsistens)<\/p>\n<\/li>\n<li data-start=\"18924\" data-end=\"18979\">\n<p data-start=\"18926\" data-end=\"18979\">Naturlig hvid, varm tone - uden optiske blegemidler<\/p>\n<\/li>\n<li data-start=\"18980\" data-end=\"19009\">\n<p data-start=\"18982\" data-end=\"19009\">Delikat overfladestruktur<\/p>\n<\/li>\n<li data-start=\"19010\" data-end=\"19036\">\n<p data-start=\"19012\" data-end=\"19036\">H\u00f8jglans baryta-finish<\/p>\n<\/li>\n<li data-start=\"19037\" data-end=\"19048\">\n<p data-start=\"19039\" data-end=\"19048\">Syrefri<\/p>\n<\/li>\n<li data-start=\"19049\" data-end=\"19085\">\n<p data-start=\"19051\" data-end=\"19085\">ISO 9706-kompatibel \/ museumskvalitet<\/p>\n<\/li>\n<\/ul>\n<p>&nbsp;<\/p>\n<p><a href=\"https:\/\/staging.pigs.no\/wp-content\/uploads\/2022\/09\/Datasheet-Hahnem\u00fchle-PhotoRag-Baryta-315.pdf\">L\u00e6s mere om Hahnem\u00fchle Photo Rag Baryta 315<\/a><\/p>","protected":false},"excerpt":{"rendered":"<p>Baryta FineArt-papir i bomuld 100% med en varm naturhvid tone og h\u00f8jglansfinish - uovertruffen dybde, sortniveau og gallerifoto-look.<\/p>","protected":false},"featured_media":2659,"template":"","meta":{"_acf_changed":false},"product_brand":[167],"product_cat":[91,107,104,106],"product_tag":[86,42,150,151,92,70,152,40,39,46,47,149,41],"class_list":{"0":"post-2675","1":"product","2":"type-product","3":"status-publish","4":"has-post-thumbnail","6":"product_brand-hahnemuhle","7":"product_cat-baryta-prints","8":"product_cat-blanke-fineart-prints","9":"product_cat-blankt-papir","10":"product_cat-pigs-medier","11":"product_tag-100-cotton","12":"product_tag-300gsm","13":"product_tag-64-tommer","14":"product_tag-151","15":"product_tag-baryta","16":"product_tag-blank","17":"product_tag-blank-fineart-papir","18":"product_tag-fineart","19":"product_tag-giclee","20":"product_tag-hahnemuhle","21":"product_tag-papir","22":"product_tag-storformat","23":"product_tag-white","25":"first","26":"instock","27":"taxable","28":"shipping-taxable","29":"purchasable","30":"product-type-simple"},"acf":[],"yoast_head":"<!-- This site is optimized with the Yoast SEO plugin v27.4 - https:\/\/yoast.com\/product\/yoast-seo-wordpress\/ -->\n<title>Photo Rag Baryta 315 | H\u00f8yglans baryta fine art | PIGS<\/title>\n<meta name=\"description\" content=\"Photo Rag Baryta i 100% bomull med h\u00f8yglans baryta-finish gir maksimal dybde og kontrast \u2013 et premium papirvalg til foto og sort-hvitt i utstilling.\" \/>\n<meta name=\"robots\" content=\"index, follow, max-snippet:-1, max-image-preview:large, max-video-preview:-1\" \/>\n<link rel=\"canonical\" href=\"https:\/\/staging.pigs.no\/da\/product-2\/hahnemuehle-photorag-baryta-315\/\" \/>\n<meta property=\"og:locale\" content=\"da_DK\" \/>\n<meta property=\"og:type\" content=\"article\" \/>\n<meta property=\"og:title\" content=\"Photo Rag Baryta 315 | H\u00f8yglans baryta fine art | PIGS\" \/>\n<meta property=\"og:description\" content=\"Photo Rag Baryta i 100% bomull med h\u00f8yglans baryta-finish gir maksimal dybde og kontrast \u2013 et premium papirvalg til foto og sort-hvitt i utstilling.\" \/>\n<meta property=\"og:url\" content=\"https:\/\/staging.pigs.no\/da\/product-2\/hahnemuehle-photorag-baryta-315\/\" \/>\n<meta property=\"og:site_name\" content=\"PIGS\" \/>\n<meta property=\"article:publisher\" content=\"https:\/\/www.facebook.com\/PIGSimagingAS\" \/>\n<meta property=\"article:modified_time\" content=\"2026-01-19T21:55:20+00:00\" \/>\n<meta property=\"og:image\" content=\"https:\/\/staging.pigs.no\/wp-content\/uploads\/2022\/10\/PIGS-imaging-HA-PRB315_2.jpg\" \/>\n\t<meta property=\"og:image:width\" content=\"1000\" \/>\n\t<meta property=\"og:image:height\" content=\"1000\" \/>\n\t<meta property=\"og:image:type\" content=\"image\/jpeg\" \/>\n<meta name=\"twitter:card\" content=\"summary_large_image\" \/>\n<meta name=\"twitter:label1\" content=\"Estimeret l\u00e6setid\" \/>\n\t<meta name=\"twitter:data1\" content=\"1 minut\" \/>\n<script type=\"application\/ld+json\" class=\"yoast-schema-graph\">{\"@context\":\"https:\\\/\\\/schema.org\",\"@graph\":[{\"@type\":\"WebPage\",\"@id\":\"https:\\\/\\\/staging.pigs.no\\\/produkt\\\/hahnemuehle-photorag-baryta-315\\\/\",\"url\":\"https:\\\/\\\/staging.pigs.no\\\/produkt\\\/hahnemuehle-photorag-baryta-315\\\/\",\"name\":\"Photo Rag Baryta 315 | H\u00f8yglans baryta fine art | PIGS\",\"isPartOf\":{\"@id\":\"https:\\\/\\\/pigs.no\\\/#website\"},\"primaryImageOfPage\":{\"@id\":\"https:\\\/\\\/staging.pigs.no\\\/produkt\\\/hahnemuehle-photorag-baryta-315\\\/#primaryimage\"},\"image\":{\"@id\":\"https:\\\/\\\/staging.pigs.no\\\/produkt\\\/hahnemuehle-photorag-baryta-315\\\/#primaryimage\"},\"thumbnailUrl\":\"https:\\\/\\\/staging.pigs.no\\\/wp-content\\\/uploads\\\/2022\\\/10\\\/PIGS-imaging-HA-PRB315_2.jpg\",\"datePublished\":\"2022-10-24T19:30:47+00:00\",\"dateModified\":\"2026-01-19T21:55:20+00:00\",\"description\":\"Photo Rag Baryta i 100% bomull med h\u00f8yglans baryta-finish gir maksimal dybde og kontrast \u2013 et premium papirvalg til foto og sort-hvitt i utstilling.\",\"breadcrumb\":{\"@id\":\"https:\\\/\\\/staging.pigs.no\\\/produkt\\\/hahnemuehle-photorag-baryta-315\\\/#breadcrumb\"},\"inLanguage\":\"da-DK\",\"potentialAction\":[{\"@type\":\"ReadAction\",\"target\":[\"https:\\\/\\\/staging.pigs.no\\\/produkt\\\/hahnemuehle-photorag-baryta-315\\\/\"]}]},{\"@type\":\"ImageObject\",\"inLanguage\":\"da-DK\",\"@id\":\"https:\\\/\\\/staging.pigs.no\\\/produkt\\\/hahnemuehle-photorag-baryta-315\\\/#primaryimage\",\"url\":\"https:\\\/\\\/staging.pigs.no\\\/wp-content\\\/uploads\\\/2022\\\/10\\\/PIGS-imaging-HA-PRB315_2.jpg\",\"contentUrl\":\"https:\\\/\\\/staging.pigs.no\\\/wp-content\\\/uploads\\\/2022\\\/10\\\/PIGS-imaging-HA-PRB315_2.jpg\",\"width\":1000,\"height\":1000},{\"@type\":\"BreadcrumbList\",\"@id\":\"https:\\\/\\\/staging.pigs.no\\\/produkt\\\/hahnemuehle-photorag-baryta-315\\\/#breadcrumb\",\"itemListElement\":[{\"@type\":\"ListItem\",\"position\":1,\"name\":\"Home\",\"item\":\"https:\\\/\\\/staging.pigs.no\\\/\"},{\"@type\":\"ListItem\",\"position\":2,\"name\":\"Shop\",\"item\":\"https:\\\/\\\/pigs.no\\\/nettbutikk\\\/\"},{\"@type\":\"ListItem\",\"position\":3,\"name\":\"Hahnem\u00fchle Photo Rag Baryta 315\"}]},{\"@type\":\"WebSite\",\"@id\":\"https:\\\/\\\/pigs.no\\\/#website\",\"url\":\"https:\\\/\\\/pigs.no\\\/\",\"name\":\"PIGS\",\"description\":\"Digitaltrykk\",\"publisher\":{\"@id\":\"https:\\\/\\\/pigs.no\\\/#organization\"},\"potentialAction\":[{\"@type\":\"SearchAction\",\"target\":{\"@type\":\"EntryPoint\",\"urlTemplate\":\"https:\\\/\\\/pigs.no\\\/?s={search_term_string}\"},\"query-input\":{\"@type\":\"PropertyValueSpecification\",\"valueRequired\":true,\"valueName\":\"search_term_string\"}}],\"inLanguage\":\"da-DK\"},{\"@type\":\"Organization\",\"@id\":\"https:\\\/\\\/pigs.no\\\/#organization\",\"name\":\"PIGS\",\"url\":\"https:\\\/\\\/pigs.no\\\/\",\"logo\":{\"@type\":\"ImageObject\",\"inLanguage\":\"da-DK\",\"@id\":\"https:\\\/\\\/pigs.no\\\/#\\\/schema\\\/logo\\\/image\\\/\",\"url\":\"https:\\\/\\\/staging.pigs.no\\\/wp-content\\\/uploads\\\/2023\\\/09\\\/PIGS-logo_2023-transparent.png\",\"contentUrl\":\"https:\\\/\\\/staging.pigs.no\\\/wp-content\\\/uploads\\\/2023\\\/09\\\/PIGS-logo_2023-transparent.png\",\"width\":1000,\"height\":461,\"caption\":\"PIGS\"},\"image\":{\"@id\":\"https:\\\/\\\/pigs.no\\\/#\\\/schema\\\/logo\\\/image\\\/\"},\"sameAs\":[\"https:\\\/\\\/www.facebook.com\\\/PIGSimagingAS\"]}]}<\/script>\n<!-- \/ Yoast SEO plugin. -->","yoast_head_json":{"title":"Photo Rag Baryta 315 | High gloss baryta fine art | PIGS","description":"Photo Rag Baryta i 100% bomuld med h\u00f8jglans baryta-finish giver maksimal dybde og kontrast - et f\u00f8rsteklasses papirvalg til foto- og sort\/hvid-udstillinger.","robots":{"index":"index","follow":"follow","max-snippet":"max-snippet:-1","max-image-preview":"max-image-preview:large","max-video-preview":"max-video-preview:-1"},"canonical":"https:\/\/staging.pigs.no\/da\/product-2\/hahnemuehle-photorag-baryta-315\/","og_locale":"da_DK","og_type":"article","og_title":"Photo Rag Baryta 315 | H\u00f8yglans baryta fine art | PIGS","og_description":"Photo Rag Baryta i 100% bomull med h\u00f8yglans baryta-finish gir maksimal dybde og kontrast \u2013 et premium papirvalg til foto og sort-hvitt i utstilling.","og_url":"https:\/\/staging.pigs.no\/da\/product-2\/hahnemuehle-photorag-baryta-315\/","og_site_name":"PIGS","article_publisher":"https:\/\/www.facebook.com\/PIGSimagingAS","article_modified_time":"2026-01-19T21:55:20+00:00","og_image":[{"width":1000,"height":1000,"url":"https:\/\/staging.pigs.no\/wp-content\/uploads\/2022\/10\/PIGS-imaging-HA-PRB315_2.jpg","type":"image\/jpeg"}],"twitter_card":"summary_large_image","twitter_misc":{"Estimeret l\u00e6setid":"1 minut"},"schema":{"@context":"https:\/\/schema.org","@graph":[{"@type":"WebPage","@id":"https:\/\/staging.pigs.no\/produkt\/hahnemuehle-photorag-baryta-315\/","url":"https:\/\/staging.pigs.no\/produkt\/hahnemuehle-photorag-baryta-315\/","name":"Photo Rag Baryta 315 | High gloss baryta fine art | PIGS","isPartOf":{"@id":"https:\/\/pigs.no\/#website"},"primaryImageOfPage":{"@id":"https:\/\/staging.pigs.no\/produkt\/hahnemuehle-photorag-baryta-315\/#primaryimage"},"image":{"@id":"https:\/\/staging.pigs.no\/produkt\/hahnemuehle-photorag-baryta-315\/#primaryimage"},"thumbnailUrl":"https:\/\/staging.pigs.no\/wp-content\/uploads\/2022\/10\/PIGS-imaging-HA-PRB315_2.jpg","datePublished":"2022-10-24T19:30:47+00:00","dateModified":"2026-01-19T21:55:20+00:00","description":"Photo Rag Baryta i 100% bomuld med h\u00f8jglans baryta-finish giver maksimal dybde og kontrast - et f\u00f8rsteklasses papirvalg til foto- og sort\/hvid-udstillinger.","breadcrumb":{"@id":"https:\/\/staging.pigs.no\/produkt\/hahnemuehle-photorag-baryta-315\/#breadcrumb"},"inLanguage":"da-DK","potentialAction":[{"@type":"ReadAction","target":["https:\/\/staging.pigs.no\/produkt\/hahnemuehle-photorag-baryta-315\/"]}]},{"@type":"ImageObject","inLanguage":"da-DK","@id":"https:\/\/staging.pigs.no\/produkt\/hahnemuehle-photorag-baryta-315\/#primaryimage","url":"https:\/\/staging.pigs.no\/wp-content\/uploads\/2022\/10\/PIGS-imaging-HA-PRB315_2.jpg","contentUrl":"https:\/\/staging.pigs.no\/wp-content\/uploads\/2022\/10\/PIGS-imaging-HA-PRB315_2.jpg","width":1000,"height":1000},{"@type":"BreadcrumbList","@id":"https:\/\/staging.pigs.no\/produkt\/hahnemuehle-photorag-baryta-315\/#breadcrumb","itemListElement":[{"@type":"ListItem","position":1,"name":"Home","item":"https:\/\/staging.pigs.no\/"},{"@type":"ListItem","position":2,"name":"Shop","item":"https:\/\/pigs.no\/nettbutikk\/"},{"@type":"ListItem","position":3,"name":"Hahnem\u00fchle Photo Rag Baryta 315"}]},{"@type":"WebSite","@id":"https:\/\/pigs.no\/#website","url":"https:\/\/pigs.no\/","name":"PIGS","description":"Digitaltrykk","publisher":{"@id":"https:\/\/pigs.no\/#organization"},"potentialAction":[{"@type":"SearchAction","target":{"@type":"EntryPoint","urlTemplate":"https:\/\/pigs.no\/?s={search_term_string}"},"query-input":{"@type":"PropertyValueSpecification","valueRequired":true,"valueName":"search_term_string"}}],"inLanguage":"da-DK"},{"@type":"Organization","@id":"https:\/\/pigs.no\/#organization","name":"PIGS","url":"https:\/\/pigs.no\/","logo":{"@type":"ImageObject","inLanguage":"da-DK","@id":"https:\/\/pigs.no\/#\/schema\/logo\/image\/","url":"https:\/\/staging.pigs.no\/wp-content\/uploads\/2023\/09\/PIGS-logo_2023-transparent.png","contentUrl":"https:\/\/staging.pigs.no\/wp-content\/uploads\/2023\/09\/PIGS-logo_2023-transparent.png","width":1000,"height":461,"caption":"PIGS"},"image":{"@id":"https:\/\/pigs.no\/#\/schema\/logo\/image\/"},"sameAs":["https:\/\/www.facebook.com\/PIGSimagingAS"]}]}},"_links":{"self":[{"href":"https:\/\/staging.pigs.no\/da\/wp-json\/wp\/v2\/product\/2675","targetHints":{"allow":["GET"]}}],"collection":[{"href":"https:\/\/staging.pigs.no\/da\/wp-json\/wp\/v2\/product"}],"about":[{"href":"https:\/\/staging.pigs.no\/da\/wp-json\/wp\/v2\/types\/product"}],"version-history":[{"count":5,"href":"https:\/\/staging.pigs.no\/da\/wp-json\/wp\/v2\/product\/2675\/revisions"}],"predecessor-version":[{"id":13472,"href":"https:\/\/staging.pigs.no\/da\/wp-json\/wp\/v2\/product\/2675\/revisions\/13472"}],"wp:featuredmedia":[{"embeddable":true,"href":"https:\/\/staging.pigs.no\/da\/wp-json\/wp\/v2\/media\/2659"}],"wp:attachment":[{"href":"https:\/\/staging.pigs.no\/da\/wp-json\/wp\/v2\/media?parent=2675"}],"wp:term":[{"taxonomy":"product_brand","embeddable":true,"href":"https:\/\/staging.pigs.no\/da\/wp-json\/wp\/v2\/product_brand?post=2675"},{"taxonomy":"product_cat","embeddable":true,"href":"https:\/\/staging.pigs.no\/da\/wp-json\/wp\/v2\/product_cat?post=2675"},{"taxonomy":"product_tag","embeddable":true,"href":"https:\/\/staging.pigs.no\/da\/wp-json\/wp\/v2\/product_tag?post=2675"}],"curies":[{"name":"wp","href":"https:\/\/api.w.org\/{rel}","templated":true}]}}