{"id":2677,"date":"2022-10-24T19:45:55","date_gmt":"2022-10-24T19:45:55","guid":{"rendered":"https:\/\/nye.pigs.no\/?post_type=product&#038;p=2677"},"modified":"2026-01-19T22:35:08","modified_gmt":"2026-01-19T22:35:08","slug":"hahnemuehle-white-velvet-270","status":"publish","type":"product","link":"https:\/\/staging.pigs.no\/da\/produkt\/hahnemuehle-white-velvet-270\/","title":{"rendered":"Hahnem\u00fchle White Velvet 270"},"content":{"rendered":"<p>Hahnem\u00fchle White Velvet 270 er et hvidt kunstpapir fremstillet af 25% bomuld og 75% alfacellulose. Den matte finish giver h\u00f8j kvalitet i t\u00e6thed, farvegraduering og skarphed, samtidig med at det bevarer en tydelig taktil kunstpapirkarakter.<\/p>\n<p><strong>NB!<\/strong> Kan printes op til 110 cm p\u00e5 den korte side (f.eks. 110 \u00d7 200 cm). Rullebredde: 111 cm (44\u2033).<\/p>\n<p><strong data-start=\"5048\" data-end=\"5068\">Bedst egnet til:<\/strong> illustration \/ udstilling \/ foto \/ s-h<\/p>\n<p data-start=\"4897\" data-end=\"4926\"><strong data-start=\"4897\" data-end=\"4924\">Funktioner:<\/strong><\/p>\n<ul data-start=\"4927\" data-end=\"5046\">\n<li data-start=\"4927\" data-end=\"4938\">\n<p data-start=\"4929\" data-end=\"4938\">270 g\/m\u00b2<\/p>\n<\/li>\n<li data-start=\"4939\" data-end=\"4974\">\n<p data-start=\"4941\" data-end=\"4974\">25% bomuld \/ 75% alfa-cellulose<\/p>\n<\/li>\n<li data-start=\"4975\" data-end=\"4988\">\n<p data-start=\"4977\" data-end=\"4988\">Hvid tone<\/p>\n<\/li>\n<li data-start=\"4989\" data-end=\"5018\">\n<p data-start=\"4991\" data-end=\"5018\">Let struktureret overflade<\/p>\n<\/li>\n<li data-start=\"5019\" data-end=\"5034\">\n<p data-start=\"5021\" data-end=\"5034\">Mat finish<\/p>\n<\/li>\n<li data-start=\"5035\" data-end=\"5046\">\n<p data-start=\"5037\" data-end=\"5046\">Syrefri<\/p>\n<\/li>\n<\/ul>\n<p>&nbsp;<\/p>\n<p class=\"\"><a href=\"https:\/\/staging.pigs.no\/wp-content\/uploads\/2022\/09\/Datasheet-Hahnem\u00fchle-White-Velvet-270.pdf\">L\u00e6s mere om Hahnem\u00fchle White Velvet 270<\/a><\/p>","protected":false},"excerpt":{"rendered":"<p>Mat kunstpapir (270 g\/m\u00b2) med let tekstur og \u00e6gte kunstpapirfornemmelse - h\u00f8j detaljegrad og flotte gradienter.<\/p>","protected":false},"featured_media":2199,"template":"","meta":{"_acf_changed":false},"product_brand":[167],"product_cat":[37,102,49,106],"product_tag":[42,46,43,103,108,47,73,72,41],"class_list":{"0":"post-2677","1":"product","2":"type-product","3":"status-publish","4":"has-post-thumbnail","6":"product_brand-hahnemuhle","7":"product_cat-matt-papir","8":"product_cat-matte-prints-med-tekstur","9":"product_cat-matte-velvet-prints","10":"product_cat-pigs-medier","11":"product_tag-300gsm","12":"product_tag-hahnemuhle","13":"product_tag-matt","14":"product_tag-matte-prints-med-tekstur","15":"product_tag-matte-velvet-prints","16":"product_tag-papir","17":"product_tag-texture","18":"product_tag-velvet","19":"product_tag-white","21":"first","22":"instock","23":"taxable","24":"shipping-taxable","25":"purchasable","26":"product-type-simple"},"acf":[],"yoast_head":"<!-- This site is optimized with the Yoast SEO plugin v27.4 - https:\/\/yoast.com\/product\/yoast-seo-wordpress\/ -->\n<title>Hahnem\u00fchle White Velvet 270 | Matt fine art-papir | PIGS<\/title>\n<meta name=\"description\" content=\"White Velvet 270 er et matt fine art-papir (270 gsm) med lett tekstur og kunstpapir-f\u00f8lelse \u2013 perfekt til utstilling, foto og illustrasjon.\" \/>\n<meta name=\"robots\" content=\"index, follow, max-snippet:-1, max-image-preview:large, max-video-preview:-1\" \/>\n<link rel=\"canonical\" href=\"https:\/\/staging.pigs.no\/da\/product-2\/hahnemuehle-white-velvet-270\/\" \/>\n<meta property=\"og:locale\" content=\"da_DK\" \/>\n<meta property=\"og:type\" content=\"article\" \/>\n<meta property=\"og:title\" content=\"Hahnem\u00fchle White Velvet 270 | Matt fine art-papir | PIGS\" \/>\n<meta property=\"og:description\" content=\"White Velvet 270 er et matt fine art-papir (270 gsm) med lett tekstur og kunstpapir-f\u00f8lelse \u2013 perfekt til utstilling, foto og illustrasjon.\" \/>\n<meta property=\"og:url\" content=\"https:\/\/staging.pigs.no\/da\/product-2\/hahnemuehle-white-velvet-270\/\" \/>\n<meta property=\"og:site_name\" content=\"PIGS\" \/>\n<meta property=\"article:publisher\" content=\"https:\/\/www.facebook.com\/PIGSimagingAS\" \/>\n<meta property=\"article:modified_time\" content=\"2026-01-19T22:35:08+00:00\" \/>\n<meta property=\"og:image\" content=\"https:\/\/staging.pigs.no\/wp-content\/uploads\/2022\/09\/Pigs-imaging-hahnemuehle-white-velvet-270.jpg\" \/>\n\t<meta property=\"og:image:width\" content=\"1400\" \/>\n\t<meta property=\"og:image:height\" content=\"1050\" \/>\n\t<meta property=\"og:image:type\" content=\"image\/jpeg\" \/>\n<meta name=\"twitter:card\" content=\"summary_large_image\" \/>\n<meta name=\"twitter:label1\" content=\"Estimeret l\u00e6setid\" \/>\n\t<meta name=\"twitter:data1\" content=\"1 minut\" \/>\n<script type=\"application\/ld+json\" class=\"yoast-schema-graph\">{\"@context\":\"https:\\\/\\\/schema.org\",\"@graph\":[{\"@type\":\"WebPage\",\"@id\":\"https:\\\/\\\/staging.pigs.no\\\/produkt\\\/hahnemuehle-white-velvet-270\\\/\",\"url\":\"https:\\\/\\\/staging.pigs.no\\\/produkt\\\/hahnemuehle-white-velvet-270\\\/\",\"name\":\"Hahnem\u00fchle White Velvet 270 | Matt fine art-papir | PIGS\",\"isPartOf\":{\"@id\":\"https:\\\/\\\/pigs.no\\\/#website\"},\"primaryImageOfPage\":{\"@id\":\"https:\\\/\\\/staging.pigs.no\\\/produkt\\\/hahnemuehle-white-velvet-270\\\/#primaryimage\"},\"image\":{\"@id\":\"https:\\\/\\\/staging.pigs.no\\\/produkt\\\/hahnemuehle-white-velvet-270\\\/#primaryimage\"},\"thumbnailUrl\":\"https:\\\/\\\/staging.pigs.no\\\/wp-content\\\/uploads\\\/2022\\\/09\\\/Pigs-imaging-hahnemuehle-white-velvet-270.jpg\",\"datePublished\":\"2022-10-24T19:45:55+00:00\",\"dateModified\":\"2026-01-19T22:35:08+00:00\",\"description\":\"White Velvet 270 er et matt fine art-papir (270 gsm) med lett tekstur og kunstpapir-f\u00f8lelse \u2013 perfekt til utstilling, foto og illustrasjon.\",\"breadcrumb\":{\"@id\":\"https:\\\/\\\/staging.pigs.no\\\/produkt\\\/hahnemuehle-white-velvet-270\\\/#breadcrumb\"},\"inLanguage\":\"da-DK\",\"potentialAction\":[{\"@type\":\"ReadAction\",\"target\":[\"https:\\\/\\\/staging.pigs.no\\\/produkt\\\/hahnemuehle-white-velvet-270\\\/\"]}]},{\"@type\":\"ImageObject\",\"inLanguage\":\"da-DK\",\"@id\":\"https:\\\/\\\/staging.pigs.no\\\/produkt\\\/hahnemuehle-white-velvet-270\\\/#primaryimage\",\"url\":\"https:\\\/\\\/staging.pigs.no\\\/wp-content\\\/uploads\\\/2022\\\/09\\\/Pigs-imaging-hahnemuehle-white-velvet-270.jpg\",\"contentUrl\":\"https:\\\/\\\/staging.pigs.no\\\/wp-content\\\/uploads\\\/2022\\\/09\\\/Pigs-imaging-hahnemuehle-white-velvet-270.jpg\",\"width\":1400,\"height\":1050,\"caption\":\"Hahnem\u00fchle White Velvet 270\"},{\"@type\":\"BreadcrumbList\",\"@id\":\"https:\\\/\\\/staging.pigs.no\\\/produkt\\\/hahnemuehle-white-velvet-270\\\/#breadcrumb\",\"itemListElement\":[{\"@type\":\"ListItem\",\"position\":1,\"name\":\"Home\",\"item\":\"https:\\\/\\\/staging.pigs.no\\\/\"},{\"@type\":\"ListItem\",\"position\":2,\"name\":\"Shop\",\"item\":\"https:\\\/\\\/pigs.no\\\/nettbutikk\\\/\"},{\"@type\":\"ListItem\",\"position\":3,\"name\":\"Hahnem\u00fchle White Velvet 270\"}]},{\"@type\":\"WebSite\",\"@id\":\"https:\\\/\\\/pigs.no\\\/#website\",\"url\":\"https:\\\/\\\/pigs.no\\\/\",\"name\":\"PIGS\",\"description\":\"Digitaltrykk\",\"publisher\":{\"@id\":\"https:\\\/\\\/pigs.no\\\/#organization\"},\"potentialAction\":[{\"@type\":\"SearchAction\",\"target\":{\"@type\":\"EntryPoint\",\"urlTemplate\":\"https:\\\/\\\/pigs.no\\\/?s={search_term_string}\"},\"query-input\":{\"@type\":\"PropertyValueSpecification\",\"valueRequired\":true,\"valueName\":\"search_term_string\"}}],\"inLanguage\":\"da-DK\"},{\"@type\":\"Organization\",\"@id\":\"https:\\\/\\\/pigs.no\\\/#organization\",\"name\":\"PIGS\",\"url\":\"https:\\\/\\\/pigs.no\\\/\",\"logo\":{\"@type\":\"ImageObject\",\"inLanguage\":\"da-DK\",\"@id\":\"https:\\\/\\\/pigs.no\\\/#\\\/schema\\\/logo\\\/image\\\/\",\"url\":\"https:\\\/\\\/staging.pigs.no\\\/wp-content\\\/uploads\\\/2023\\\/09\\\/PIGS-logo_2023-transparent.png\",\"contentUrl\":\"https:\\\/\\\/staging.pigs.no\\\/wp-content\\\/uploads\\\/2023\\\/09\\\/PIGS-logo_2023-transparent.png\",\"width\":1000,\"height\":461,\"caption\":\"PIGS\"},\"image\":{\"@id\":\"https:\\\/\\\/pigs.no\\\/#\\\/schema\\\/logo\\\/image\\\/\"},\"sameAs\":[\"https:\\\/\\\/www.facebook.com\\\/PIGSimagingAS\"]}]}<\/script>\n<!-- \/ Yoast SEO plugin. -->","yoast_head_json":{"title":"Hahnem\u00fchle White Velvet 270 | Mat kunstpapir | PIGS","description":"White Velvet 270 er et mat kunstpapir (270 g\/m\u00b2) med en let tekstur og en fornemmelse af kunstpapir - perfekt til udstillinger, fotografering og illustration.","robots":{"index":"index","follow":"follow","max-snippet":"max-snippet:-1","max-image-preview":"max-image-preview:large","max-video-preview":"max-video-preview:-1"},"canonical":"https:\/\/staging.pigs.no\/da\/product-2\/hahnemuehle-white-velvet-270\/","og_locale":"da_DK","og_type":"article","og_title":"Hahnem\u00fchle White Velvet 270 | Matt fine art-papir | PIGS","og_description":"White Velvet 270 er et matt fine art-papir (270 gsm) med lett tekstur og kunstpapir-f\u00f8lelse \u2013 perfekt til utstilling, foto og illustrasjon.","og_url":"https:\/\/staging.pigs.no\/da\/product-2\/hahnemuehle-white-velvet-270\/","og_site_name":"PIGS","article_publisher":"https:\/\/www.facebook.com\/PIGSimagingAS","article_modified_time":"2026-01-19T22:35:08+00:00","og_image":[{"width":1400,"height":1050,"url":"https:\/\/staging.pigs.no\/wp-content\/uploads\/2022\/09\/Pigs-imaging-hahnemuehle-white-velvet-270.jpg","type":"image\/jpeg"}],"twitter_card":"summary_large_image","twitter_misc":{"Estimeret l\u00e6setid":"1 minut"},"schema":{"@context":"https:\/\/schema.org","@graph":[{"@type":"WebPage","@id":"https:\/\/staging.pigs.no\/produkt\/hahnemuehle-white-velvet-270\/","url":"https:\/\/staging.pigs.no\/produkt\/hahnemuehle-white-velvet-270\/","name":"Hahnem\u00fchle White Velvet 270 | Mat kunstpapir | PIGS","isPartOf":{"@id":"https:\/\/pigs.no\/#website"},"primaryImageOfPage":{"@id":"https:\/\/staging.pigs.no\/produkt\/hahnemuehle-white-velvet-270\/#primaryimage"},"image":{"@id":"https:\/\/staging.pigs.no\/produkt\/hahnemuehle-white-velvet-270\/#primaryimage"},"thumbnailUrl":"https:\/\/staging.pigs.no\/wp-content\/uploads\/2022\/09\/Pigs-imaging-hahnemuehle-white-velvet-270.jpg","datePublished":"2022-10-24T19:45:55+00:00","dateModified":"2026-01-19T22:35:08+00:00","description":"White Velvet 270 er et mat kunstpapir (270 g\/m\u00b2) med en let tekstur og en fornemmelse af kunstpapir - perfekt til udstillinger, fotografering og illustration.","breadcrumb":{"@id":"https:\/\/staging.pigs.no\/produkt\/hahnemuehle-white-velvet-270\/#breadcrumb"},"inLanguage":"da-DK","potentialAction":[{"@type":"ReadAction","target":["https:\/\/staging.pigs.no\/produkt\/hahnemuehle-white-velvet-270\/"]}]},{"@type":"ImageObject","inLanguage":"da-DK","@id":"https:\/\/staging.pigs.no\/produkt\/hahnemuehle-white-velvet-270\/#primaryimage","url":"https:\/\/staging.pigs.no\/wp-content\/uploads\/2022\/09\/Pigs-imaging-hahnemuehle-white-velvet-270.jpg","contentUrl":"https:\/\/staging.pigs.no\/wp-content\/uploads\/2022\/09\/Pigs-imaging-hahnemuehle-white-velvet-270.jpg","width":1400,"height":1050,"caption":"Hahnem\u00fchle White Velvet 270"},{"@type":"BreadcrumbList","@id":"https:\/\/staging.pigs.no\/produkt\/hahnemuehle-white-velvet-270\/#breadcrumb","itemListElement":[{"@type":"ListItem","position":1,"name":"Home","item":"https:\/\/staging.pigs.no\/"},{"@type":"ListItem","position":2,"name":"Shop","item":"https:\/\/pigs.no\/nettbutikk\/"},{"@type":"ListItem","position":3,"name":"Hahnem\u00fchle White Velvet 270"}]},{"@type":"WebSite","@id":"https:\/\/pigs.no\/#website","url":"https:\/\/pigs.no\/","name":"PIGS","description":"Digitaltrykk","publisher":{"@id":"https:\/\/pigs.no\/#organization"},"potentialAction":[{"@type":"SearchAction","target":{"@type":"EntryPoint","urlTemplate":"https:\/\/pigs.no\/?s={search_term_string}"},"query-input":{"@type":"PropertyValueSpecification","valueRequired":true,"valueName":"search_term_string"}}],"inLanguage":"da-DK"},{"@type":"Organization","@id":"https:\/\/pigs.no\/#organization","name":"PIGS","url":"https:\/\/pigs.no\/","logo":{"@type":"ImageObject","inLanguage":"da-DK","@id":"https:\/\/pigs.no\/#\/schema\/logo\/image\/","url":"https:\/\/staging.pigs.no\/wp-content\/uploads\/2023\/09\/PIGS-logo_2023-transparent.png","contentUrl":"https:\/\/staging.pigs.no\/wp-content\/uploads\/2023\/09\/PIGS-logo_2023-transparent.png","width":1000,"height":461,"caption":"PIGS"},"image":{"@id":"https:\/\/pigs.no\/#\/schema\/logo\/image\/"},"sameAs":["https:\/\/www.facebook.com\/PIGSimagingAS"]}]}},"_links":{"self":[{"href":"https:\/\/staging.pigs.no\/da\/wp-json\/wp\/v2\/product\/2677","targetHints":{"allow":["GET"]}}],"collection":[{"href":"https:\/\/staging.pigs.no\/da\/wp-json\/wp\/v2\/product"}],"about":[{"href":"https:\/\/staging.pigs.no\/da\/wp-json\/wp\/v2\/types\/product"}],"version-history":[{"count":3,"href":"https:\/\/staging.pigs.no\/da\/wp-json\/wp\/v2\/product\/2677\/revisions"}],"predecessor-version":[{"id":13455,"href":"https:\/\/staging.pigs.no\/da\/wp-json\/wp\/v2\/product\/2677\/revisions\/13455"}],"wp:featuredmedia":[{"embeddable":true,"href":"https:\/\/staging.pigs.no\/da\/wp-json\/wp\/v2\/media\/2199"}],"wp:attachment":[{"href":"https:\/\/staging.pigs.no\/da\/wp-json\/wp\/v2\/media?parent=2677"}],"wp:term":[{"taxonomy":"product_brand","embeddable":true,"href":"https:\/\/staging.pigs.no\/da\/wp-json\/wp\/v2\/product_brand?post=2677"},{"taxonomy":"product_cat","embeddable":true,"href":"https:\/\/staging.pigs.no\/da\/wp-json\/wp\/v2\/product_cat?post=2677"},{"taxonomy":"product_tag","embeddable":true,"href":"https:\/\/staging.pigs.no\/da\/wp-json\/wp\/v2\/product_tag?post=2677"}],"curies":[{"name":"wp","href":"https:\/\/api.w.org\/{rel}","templated":true}]}}