{"id":2679,"date":"2022-10-24T20:05:12","date_gmt":"2022-10-24T20:05:12","guid":{"rendered":"https:\/\/nye.pigs.no\/?post_type=product&#038;p=2679"},"modified":"2026-01-19T22:34:40","modified_gmt":"2026-01-19T22:34:40","slug":"tecco-glossy-ultra-white-285","status":"publish","type":"product","link":"https:\/\/staging.pigs.no\/da\/produkt\/tecco-glossy-ultra-white-285\/","title":{"rendered":"Tecco Glossy Ultra-White 285"},"content":{"rendered":"<p>Tecco Glossy Ultra-White 285 er et kraftigt, blankt fotopapir med en helt glat overflade. Den ultrahvide base og den h\u00f8jglansede finish giver et klassisk blankt fotolook med knivskarpe detaljer og tydelig kontrast.<\/p>\n<p><strong>NB!<\/strong> Kan printes op til 110 cm p\u00e5 den korte side (f.eks. 110 \u00d7 200 cm). Rullebredde: 111 cm (44\u2033).<\/p>\n<p><strong data-start=\"2952\" data-end=\"2972\">Bedst egnet til:<\/strong> udstilling \/ foto<\/p>\n<p data-start=\"3810\" data-end=\"3839\"><strong data-start=\"3810\" data-end=\"3837\">Funktioner:<\/strong><\/p>\n<ul data-start=\"3840\" data-end=\"3983\">\n<li data-start=\"3840\" data-end=\"3882\">\n<p data-start=\"3842\" data-end=\"3882\">Klassisk fotopapir til inkjetprint<\/p>\n<\/li>\n<li data-start=\"3883\" data-end=\"3894\">\n<p data-start=\"3885\" data-end=\"3894\">285 g\/m\u00b2<\/p>\n<\/li>\n<li data-start=\"3895\" data-end=\"3929\">\n<p data-start=\"3897\" data-end=\"3929\">Skinnende som glas, ingen tekstur<\/p>\n<\/li>\n<li data-start=\"3930\" data-end=\"3944\">\n<p data-start=\"3932\" data-end=\"3944\">Ultrahvid<\/p>\n<\/li>\n<li data-start=\"3945\" data-end=\"3973\">\n<p data-start=\"3947\" data-end=\"3973\">H\u00f8jglans (blank) finish<\/p>\n<\/li>\n<li data-start=\"3974\" data-end=\"3983\">\n<p data-start=\"3976\" data-end=\"3983\">Syrefri<\/p>\n<\/li>\n<\/ul>","protected":false},"excerpt":{"rendered":"<p>Ultrah\u00f8jglans, ultrahvidt fotopapir (285 g\/m\u00b2) uden struktur - maksimal skarphed, kontrast og \u201cpop\u201d.<\/p>","protected":false},"featured_media":2201,"template":"","meta":{"_acf_changed":false},"product_brand":[171],"product_cat":[104,54,106],"product_tag":[42,70,68,124,67,47,95,78],"class_list":{"0":"post-2679","1":"product","2":"type-product","3":"status-publish","4":"has-post-thumbnail","6":"product_brand-tecco","7":"product_cat-blankt-papir","8":"product_cat-klassiske-fotoprints","9":"product_cat-pigs-medier","10":"product_tag-300gsm","11":"product_tag-blank","12":"product_tag-bright-white","13":"product_tag-fotokvalitet","14":"product_tag-klassiske-fotoprints","15":"product_tag-papir","16":"product_tag-pe-papir","17":"product_tag-tecco","19":"first","20":"instock","21":"taxable","22":"shipping-taxable","23":"purchasable","24":"product-type-simple"},"acf":[],"yoast_head":"<!-- This site is optimized with the Yoast SEO plugin v27.4 - https:\/\/yoast.com\/product\/yoast-seo-wordpress\/ -->\n<title>Tecco Glossy Ultra-White 285 | H\u00f8yglans fotopapir | PIGS<\/title>\n<meta name=\"description\" content=\"Ultrah\u00f8yglans fotopapir (285 gsm) uten tekstur og mye glans. Gir knivskarpe detaljer og h\u00f8y kontrast \u2013 perfekt til foto og plakater som skal synes.\" \/>\n<meta name=\"robots\" content=\"index, follow, max-snippet:-1, max-image-preview:large, max-video-preview:-1\" \/>\n<link rel=\"canonical\" href=\"https:\/\/staging.pigs.no\/da\/product-2\/tecco-glossy-ultra-white-285\/\" \/>\n<meta property=\"og:locale\" content=\"da_DK\" \/>\n<meta property=\"og:type\" content=\"article\" \/>\n<meta property=\"og:title\" content=\"Tecco Glossy Ultra-White 285 | H\u00f8yglans fotopapir | PIGS\" \/>\n<meta property=\"og:description\" content=\"Ultrah\u00f8yglans fotopapir (285 gsm) uten tekstur og mye glans. Gir knivskarpe detaljer og h\u00f8y kontrast \u2013 perfekt til foto og plakater som skal synes.\" \/>\n<meta property=\"og:url\" content=\"https:\/\/staging.pigs.no\/da\/product-2\/tecco-glossy-ultra-white-285\/\" \/>\n<meta property=\"og:site_name\" content=\"PIGS\" \/>\n<meta property=\"article:publisher\" content=\"https:\/\/www.facebook.com\/PIGSimagingAS\" \/>\n<meta property=\"article:modified_time\" content=\"2026-01-19T22:34:40+00:00\" \/>\n<meta property=\"og:image\" content=\"https:\/\/staging.pigs.no\/wp-content\/uploads\/2022\/09\/Pigs-imaging-tecco-glossy-ultra-white-285.jpg\" \/>\n\t<meta property=\"og:image:width\" content=\"1400\" \/>\n\t<meta property=\"og:image:height\" content=\"1050\" \/>\n\t<meta property=\"og:image:type\" content=\"image\/jpeg\" \/>\n<meta name=\"twitter:card\" content=\"summary_large_image\" \/>\n<meta name=\"twitter:label1\" content=\"Estimeret l\u00e6setid\" \/>\n\t<meta name=\"twitter:data1\" content=\"1 minut\" \/>\n<script type=\"application\/ld+json\" class=\"yoast-schema-graph\">{\"@context\":\"https:\\\/\\\/schema.org\",\"@graph\":[{\"@type\":\"WebPage\",\"@id\":\"https:\\\/\\\/staging.pigs.no\\\/produkt\\\/tecco-glossy-ultra-white-285\\\/\",\"url\":\"https:\\\/\\\/staging.pigs.no\\\/produkt\\\/tecco-glossy-ultra-white-285\\\/\",\"name\":\"Tecco Glossy Ultra-White 285 | H\u00f8yglans fotopapir | PIGS\",\"isPartOf\":{\"@id\":\"https:\\\/\\\/pigs.no\\\/#website\"},\"primaryImageOfPage\":{\"@id\":\"https:\\\/\\\/staging.pigs.no\\\/produkt\\\/tecco-glossy-ultra-white-285\\\/#primaryimage\"},\"image\":{\"@id\":\"https:\\\/\\\/staging.pigs.no\\\/produkt\\\/tecco-glossy-ultra-white-285\\\/#primaryimage\"},\"thumbnailUrl\":\"https:\\\/\\\/staging.pigs.no\\\/wp-content\\\/uploads\\\/2022\\\/09\\\/Pigs-imaging-tecco-glossy-ultra-white-285.jpg\",\"datePublished\":\"2022-10-24T20:05:12+00:00\",\"dateModified\":\"2026-01-19T22:34:40+00:00\",\"description\":\"Ultrah\u00f8yglans fotopapir (285 gsm) uten tekstur og mye glans. Gir knivskarpe detaljer og h\u00f8y kontrast \u2013 perfekt til foto og plakater som skal synes.\",\"breadcrumb\":{\"@id\":\"https:\\\/\\\/staging.pigs.no\\\/produkt\\\/tecco-glossy-ultra-white-285\\\/#breadcrumb\"},\"inLanguage\":\"da-DK\",\"potentialAction\":[{\"@type\":\"ReadAction\",\"target\":[\"https:\\\/\\\/staging.pigs.no\\\/produkt\\\/tecco-glossy-ultra-white-285\\\/\"]}]},{\"@type\":\"ImageObject\",\"inLanguage\":\"da-DK\",\"@id\":\"https:\\\/\\\/staging.pigs.no\\\/produkt\\\/tecco-glossy-ultra-white-285\\\/#primaryimage\",\"url\":\"https:\\\/\\\/staging.pigs.no\\\/wp-content\\\/uploads\\\/2022\\\/09\\\/Pigs-imaging-tecco-glossy-ultra-white-285.jpg\",\"contentUrl\":\"https:\\\/\\\/staging.pigs.no\\\/wp-content\\\/uploads\\\/2022\\\/09\\\/Pigs-imaging-tecco-glossy-ultra-white-285.jpg\",\"width\":1400,\"height\":1050,\"caption\":\"Tecco Glossy Ultra White 285\"},{\"@type\":\"BreadcrumbList\",\"@id\":\"https:\\\/\\\/staging.pigs.no\\\/produkt\\\/tecco-glossy-ultra-white-285\\\/#breadcrumb\",\"itemListElement\":[{\"@type\":\"ListItem\",\"position\":1,\"name\":\"Home\",\"item\":\"https:\\\/\\\/staging.pigs.no\\\/\"},{\"@type\":\"ListItem\",\"position\":2,\"name\":\"Shop\",\"item\":\"https:\\\/\\\/pigs.no\\\/nettbutikk\\\/\"},{\"@type\":\"ListItem\",\"position\":3,\"name\":\"Tecco Glossy Ultra-White 285\"}]},{\"@type\":\"WebSite\",\"@id\":\"https:\\\/\\\/pigs.no\\\/#website\",\"url\":\"https:\\\/\\\/pigs.no\\\/\",\"name\":\"PIGS\",\"description\":\"Digitaltrykk\",\"publisher\":{\"@id\":\"https:\\\/\\\/pigs.no\\\/#organization\"},\"potentialAction\":[{\"@type\":\"SearchAction\",\"target\":{\"@type\":\"EntryPoint\",\"urlTemplate\":\"https:\\\/\\\/pigs.no\\\/?s={search_term_string}\"},\"query-input\":{\"@type\":\"PropertyValueSpecification\",\"valueRequired\":true,\"valueName\":\"search_term_string\"}}],\"inLanguage\":\"da-DK\"},{\"@type\":\"Organization\",\"@id\":\"https:\\\/\\\/pigs.no\\\/#organization\",\"name\":\"PIGS\",\"url\":\"https:\\\/\\\/pigs.no\\\/\",\"logo\":{\"@type\":\"ImageObject\",\"inLanguage\":\"da-DK\",\"@id\":\"https:\\\/\\\/pigs.no\\\/#\\\/schema\\\/logo\\\/image\\\/\",\"url\":\"https:\\\/\\\/staging.pigs.no\\\/wp-content\\\/uploads\\\/2023\\\/09\\\/PIGS-logo_2023-transparent.png\",\"contentUrl\":\"https:\\\/\\\/staging.pigs.no\\\/wp-content\\\/uploads\\\/2023\\\/09\\\/PIGS-logo_2023-transparent.png\",\"width\":1000,\"height\":461,\"caption\":\"PIGS\"},\"image\":{\"@id\":\"https:\\\/\\\/pigs.no\\\/#\\\/schema\\\/logo\\\/image\\\/\"},\"sameAs\":[\"https:\\\/\\\/www.facebook.com\\\/PIGSimagingAS\"]}]}<\/script>\n<!-- \/ Yoast SEO plugin. -->","yoast_head_json":{"title":"Tecco Glossy Ultra-White 285 | H\u00f8jglans fotopapir | PIGS","description":"Ultrah\u00f8jglans fotopapir (285 g\/m\u00b2) uden struktur og med masser af glans. Giver knivskarpe detaljer og h\u00f8j kontrast - perfekt til fotos og plakater, der skal ses.","robots":{"index":"index","follow":"follow","max-snippet":"max-snippet:-1","max-image-preview":"max-image-preview:large","max-video-preview":"max-video-preview:-1"},"canonical":"https:\/\/staging.pigs.no\/da\/product-2\/tecco-glossy-ultra-white-285\/","og_locale":"da_DK","og_type":"article","og_title":"Tecco Glossy Ultra-White 285 | H\u00f8yglans fotopapir | PIGS","og_description":"Ultrah\u00f8yglans fotopapir (285 gsm) uten tekstur og mye glans. Gir knivskarpe detaljer og h\u00f8y kontrast \u2013 perfekt til foto og plakater som skal synes.","og_url":"https:\/\/staging.pigs.no\/da\/product-2\/tecco-glossy-ultra-white-285\/","og_site_name":"PIGS","article_publisher":"https:\/\/www.facebook.com\/PIGSimagingAS","article_modified_time":"2026-01-19T22:34:40+00:00","og_image":[{"width":1400,"height":1050,"url":"https:\/\/staging.pigs.no\/wp-content\/uploads\/2022\/09\/Pigs-imaging-tecco-glossy-ultra-white-285.jpg","type":"image\/jpeg"}],"twitter_card":"summary_large_image","twitter_misc":{"Estimeret l\u00e6setid":"1 minut"},"schema":{"@context":"https:\/\/schema.org","@graph":[{"@type":"WebPage","@id":"https:\/\/staging.pigs.no\/produkt\/tecco-glossy-ultra-white-285\/","url":"https:\/\/staging.pigs.no\/produkt\/tecco-glossy-ultra-white-285\/","name":"Tecco Glossy Ultra-White 285 | H\u00f8jglans fotopapir | PIGS","isPartOf":{"@id":"https:\/\/pigs.no\/#website"},"primaryImageOfPage":{"@id":"https:\/\/staging.pigs.no\/produkt\/tecco-glossy-ultra-white-285\/#primaryimage"},"image":{"@id":"https:\/\/staging.pigs.no\/produkt\/tecco-glossy-ultra-white-285\/#primaryimage"},"thumbnailUrl":"https:\/\/staging.pigs.no\/wp-content\/uploads\/2022\/09\/Pigs-imaging-tecco-glossy-ultra-white-285.jpg","datePublished":"2022-10-24T20:05:12+00:00","dateModified":"2026-01-19T22:34:40+00:00","description":"Ultrah\u00f8jglans fotopapir (285 g\/m\u00b2) uden struktur og med masser af glans. Giver knivskarpe detaljer og h\u00f8j kontrast - perfekt til fotos og plakater, der skal ses.","breadcrumb":{"@id":"https:\/\/staging.pigs.no\/produkt\/tecco-glossy-ultra-white-285\/#breadcrumb"},"inLanguage":"da-DK","potentialAction":[{"@type":"ReadAction","target":["https:\/\/staging.pigs.no\/produkt\/tecco-glossy-ultra-white-285\/"]}]},{"@type":"ImageObject","inLanguage":"da-DK","@id":"https:\/\/staging.pigs.no\/produkt\/tecco-glossy-ultra-white-285\/#primaryimage","url":"https:\/\/staging.pigs.no\/wp-content\/uploads\/2022\/09\/Pigs-imaging-tecco-glossy-ultra-white-285.jpg","contentUrl":"https:\/\/staging.pigs.no\/wp-content\/uploads\/2022\/09\/Pigs-imaging-tecco-glossy-ultra-white-285.jpg","width":1400,"height":1050,"caption":"Tecco Glossy Ultra White 285"},{"@type":"BreadcrumbList","@id":"https:\/\/staging.pigs.no\/produkt\/tecco-glossy-ultra-white-285\/#breadcrumb","itemListElement":[{"@type":"ListItem","position":1,"name":"Home","item":"https:\/\/staging.pigs.no\/"},{"@type":"ListItem","position":2,"name":"Shop","item":"https:\/\/pigs.no\/nettbutikk\/"},{"@type":"ListItem","position":3,"name":"Tecco Glossy Ultra-White 285"}]},{"@type":"WebSite","@id":"https:\/\/pigs.no\/#website","url":"https:\/\/pigs.no\/","name":"PIGS","description":"Digitaltrykk","publisher":{"@id":"https:\/\/pigs.no\/#organization"},"potentialAction":[{"@type":"SearchAction","target":{"@type":"EntryPoint","urlTemplate":"https:\/\/pigs.no\/?s={search_term_string}"},"query-input":{"@type":"PropertyValueSpecification","valueRequired":true,"valueName":"search_term_string"}}],"inLanguage":"da-DK"},{"@type":"Organization","@id":"https:\/\/pigs.no\/#organization","name":"PIGS","url":"https:\/\/pigs.no\/","logo":{"@type":"ImageObject","inLanguage":"da-DK","@id":"https:\/\/pigs.no\/#\/schema\/logo\/image\/","url":"https:\/\/staging.pigs.no\/wp-content\/uploads\/2023\/09\/PIGS-logo_2023-transparent.png","contentUrl":"https:\/\/staging.pigs.no\/wp-content\/uploads\/2023\/09\/PIGS-logo_2023-transparent.png","width":1000,"height":461,"caption":"PIGS"},"image":{"@id":"https:\/\/pigs.no\/#\/schema\/logo\/image\/"},"sameAs":["https:\/\/www.facebook.com\/PIGSimagingAS"]}]}},"_links":{"self":[{"href":"https:\/\/staging.pigs.no\/da\/wp-json\/wp\/v2\/product\/2679","targetHints":{"allow":["GET"]}}],"collection":[{"href":"https:\/\/staging.pigs.no\/da\/wp-json\/wp\/v2\/product"}],"about":[{"href":"https:\/\/staging.pigs.no\/da\/wp-json\/wp\/v2\/types\/product"}],"version-history":[{"count":3,"href":"https:\/\/staging.pigs.no\/da\/wp-json\/wp\/v2\/product\/2679\/revisions"}],"predecessor-version":[{"id":13454,"href":"https:\/\/staging.pigs.no\/da\/wp-json\/wp\/v2\/product\/2679\/revisions\/13454"}],"wp:featuredmedia":[{"embeddable":true,"href":"https:\/\/staging.pigs.no\/da\/wp-json\/wp\/v2\/media\/2201"}],"wp:attachment":[{"href":"https:\/\/staging.pigs.no\/da\/wp-json\/wp\/v2\/media?parent=2679"}],"wp:term":[{"taxonomy":"product_brand","embeddable":true,"href":"https:\/\/staging.pigs.no\/da\/wp-json\/wp\/v2\/product_brand?post=2679"},{"taxonomy":"product_cat","embeddable":true,"href":"https:\/\/staging.pigs.no\/da\/wp-json\/wp\/v2\/product_cat?post=2679"},{"taxonomy":"product_tag","embeddable":true,"href":"https:\/\/staging.pigs.no\/da\/wp-json\/wp\/v2\/product_tag?post=2679"}],"curies":[{"name":"wp","href":"https:\/\/api.w.org\/{rel}","templated":true}]}}