{"id":2687,"date":"2022-10-25T11:28:56","date_gmt":"2022-10-25T11:28:56","guid":{"rendered":"https:\/\/nye.pigs.no\/?post_type=product&#038;p=2687"},"modified":"2026-01-19T22:03:25","modified_gmt":"2026-01-19T22:03:25","slug":"canson-baryta-prestige-ii-340","status":"publish","type":"product","link":"https:\/\/staging.pigs.no\/da\/produkt\/canson-baryta-prestige-ii-340\/","title":{"rendered":"Canson Baryta Prestige II 340"},"content":{"rendered":"<p>Canson Baryta Prestige II 340 er designet til at bringe en traditionel \u201cm\u00f8rkekammer\u201d-fornemmelse til moderne inkjet. Den lyse hvide tone og meget fine overflade giver en h\u00f8j detaljegengivelse og et bredt toneomr\u00e5de - s\u00e6rligt imponerende til sort\/hvid, men ogs\u00e5 til farvebilleder med dybde. Overholder ISO 9706.<\/p>\n<p><strong>NB!<\/strong> Kan trykkes op til 126 cm p\u00e5 den korte side. Rullebredde: 127 cm (50\u2033).<\/p>\n<p><strong data-start=\"22653\" data-end=\"22673\">Bedst egnet til:<\/strong> s-h \/ foto \/ udstilling \/ stort format<\/p>\n<p data-start=\"22428\" data-end=\"22457\"><strong data-start=\"22428\" data-end=\"22455\">Funktioner:<\/strong><\/p>\n<ul data-start=\"22458\" data-end=\"22651\">\n<li data-start=\"22458\" data-end=\"22469\">\n<p data-start=\"22460\" data-end=\"22469\">340 g\/m\u00b2<\/p>\n<\/li>\n<li data-start=\"22470\" data-end=\"22498\">\n<p data-start=\"22472\" data-end=\"22498\">Alfa-cellulose og bomuld<\/p>\n<\/li>\n<li data-start=\"22499\" data-end=\"22538\">\n<p data-start=\"22501\" data-end=\"22538\">Hvid tone, uden optiske blegemidler<\/p>\n<\/li>\n<li data-start=\"22539\" data-end=\"22575\">\n<p data-start=\"22541\" data-end=\"22575\">Meget fin og finkornet overflade<\/p>\n<\/li>\n<li data-start=\"22576\" data-end=\"22602\">\n<p data-start=\"22578\" data-end=\"22602\">H\u00f8jglans baryta-finish<\/p>\n<\/li>\n<li data-start=\"22603\" data-end=\"22614\">\n<p data-start=\"22605\" data-end=\"22614\">Syrefri<\/p>\n<\/li>\n<li data-start=\"22615\" data-end=\"22651\">\n<p data-start=\"22617\" data-end=\"22651\">ISO 9706-kompatibel \/ museumskvalitet<\/p>\n<\/li>\n<\/ul>\n<p>&nbsp;<\/p>\n<p><a href=\"https:\/\/staging.pigs.no\/wp-content\/uploads\/2022\/09\/Datasheet-Canson-Baryta-Prestige-2-340.pdf\">L\u00e6s mere om Canson Baryta Prestige II 340<\/a><\/p>","protected":false},"excerpt":{"rendered":"<p data-start=\"21973\" data-end=\"22112\">Baryta-papir med en klassisk m\u00f8rkekammer\u00e6stetik, lys hvid tone uden OBA og et bredt toneomr\u00e5de - fantastisk til s\/h og farve.<\/p>\n<p data-start=\"22114\" data-end=\"22426\">","protected":false},"featured_media":2180,"template":"","meta":{"_acf_changed":false},"product_brand":[168],"product_cat":[91,107,104,106],"product_tag":[42,85,92,70,68,77,40,39,47],"class_list":{"0":"post-2687","1":"product","2":"type-product","3":"status-publish","4":"has-post-thumbnail","6":"product_brand-canson-infinity","7":"product_cat-baryta-prints","8":"product_cat-blanke-fineart-prints","9":"product_cat-blankt-papir","10":"product_cat-pigs-medier","11":"product_tag-300gsm","12":"product_tag-alpha-cellulose","13":"product_tag-baryta","14":"product_tag-blank","15":"product_tag-bright-white","16":"product_tag-canson","17":"product_tag-fineart","18":"product_tag-giclee","19":"product_tag-papir","21":"first","22":"instock","23":"taxable","24":"shipping-taxable","25":"purchasable","26":"product-type-simple"},"acf":[],"yoast_head":"<!-- This site is optimized with the Yoast SEO plugin v27.4 - https:\/\/yoast.com\/product\/yoast-seo-wordpress\/ -->\n<title>Canson Baryta Prestige II 340 | H\u00f8yglans baryta | PIGS<\/title>\n<meta name=\"description\" content=\"Canson Baryta Prestige II 340 gir klassisk baryta\/m\u00f8rkerom-look med stort toneomfang og h\u00f8y detalj \u2013 perfekt til sort-hvitt og utstillingsfoto.\" \/>\n<meta name=\"robots\" content=\"index, follow, max-snippet:-1, max-image-preview:large, max-video-preview:-1\" \/>\n<link rel=\"canonical\" href=\"https:\/\/staging.pigs.no\/da\/product-2\/canson-baryta-prestige-ii-340\/\" \/>\n<meta property=\"og:locale\" content=\"da_DK\" \/>\n<meta property=\"og:type\" content=\"article\" \/>\n<meta property=\"og:title\" content=\"Canson Baryta Prestige II 340 | H\u00f8yglans baryta | PIGS\" \/>\n<meta property=\"og:description\" content=\"Canson Baryta Prestige II 340 gir klassisk baryta\/m\u00f8rkerom-look med stort toneomfang og h\u00f8y detalj \u2013 perfekt til sort-hvitt og utstillingsfoto.\" \/>\n<meta property=\"og:url\" content=\"https:\/\/staging.pigs.no\/da\/product-2\/canson-baryta-prestige-ii-340\/\" \/>\n<meta property=\"og:site_name\" content=\"PIGS\" \/>\n<meta property=\"article:publisher\" content=\"https:\/\/www.facebook.com\/PIGSimagingAS\" \/>\n<meta property=\"article:modified_time\" content=\"2026-01-19T22:03:25+00:00\" \/>\n<meta property=\"og:image\" content=\"https:\/\/staging.pigs.no\/wp-content\/uploads\/2022\/09\/PIGS-imaging-canson-baryta-prestige-2-340-2.jpg\" \/>\n\t<meta property=\"og:image:width\" content=\"1400\" \/>\n\t<meta property=\"og:image:height\" content=\"1050\" \/>\n\t<meta property=\"og:image:type\" content=\"image\/jpeg\" \/>\n<meta name=\"twitter:card\" content=\"summary_large_image\" \/>\n<meta name=\"twitter:label1\" content=\"Estimeret l\u00e6setid\" \/>\n\t<meta name=\"twitter:data1\" content=\"1 minut\" \/>\n<script type=\"application\/ld+json\" class=\"yoast-schema-graph\">{\"@context\":\"https:\\\/\\\/schema.org\",\"@graph\":[{\"@type\":\"WebPage\",\"@id\":\"https:\\\/\\\/staging.pigs.no\\\/produkt\\\/canson-baryta-prestige-ii-340\\\/\",\"url\":\"https:\\\/\\\/staging.pigs.no\\\/produkt\\\/canson-baryta-prestige-ii-340\\\/\",\"name\":\"Canson Baryta Prestige II 340 | H\u00f8yglans baryta | PIGS\",\"isPartOf\":{\"@id\":\"https:\\\/\\\/pigs.no\\\/#website\"},\"primaryImageOfPage\":{\"@id\":\"https:\\\/\\\/staging.pigs.no\\\/produkt\\\/canson-baryta-prestige-ii-340\\\/#primaryimage\"},\"image\":{\"@id\":\"https:\\\/\\\/staging.pigs.no\\\/produkt\\\/canson-baryta-prestige-ii-340\\\/#primaryimage\"},\"thumbnailUrl\":\"https:\\\/\\\/staging.pigs.no\\\/wp-content\\\/uploads\\\/2022\\\/09\\\/PIGS-imaging-canson-baryta-prestige-2-340-2.jpg\",\"datePublished\":\"2022-10-25T11:28:56+00:00\",\"dateModified\":\"2026-01-19T22:03:25+00:00\",\"description\":\"Canson Baryta Prestige II 340 gir klassisk baryta\\\/m\u00f8rkerom-look med stort toneomfang og h\u00f8y detalj \u2013 perfekt til sort-hvitt og utstillingsfoto.\",\"breadcrumb\":{\"@id\":\"https:\\\/\\\/staging.pigs.no\\\/produkt\\\/canson-baryta-prestige-ii-340\\\/#breadcrumb\"},\"inLanguage\":\"da-DK\",\"potentialAction\":[{\"@type\":\"ReadAction\",\"target\":[\"https:\\\/\\\/staging.pigs.no\\\/produkt\\\/canson-baryta-prestige-ii-340\\\/\"]}]},{\"@type\":\"ImageObject\",\"inLanguage\":\"da-DK\",\"@id\":\"https:\\\/\\\/staging.pigs.no\\\/produkt\\\/canson-baryta-prestige-ii-340\\\/#primaryimage\",\"url\":\"https:\\\/\\\/staging.pigs.no\\\/wp-content\\\/uploads\\\/2022\\\/09\\\/PIGS-imaging-canson-baryta-prestige-2-340-2.jpg\",\"contentUrl\":\"https:\\\/\\\/staging.pigs.no\\\/wp-content\\\/uploads\\\/2022\\\/09\\\/PIGS-imaging-canson-baryta-prestige-2-340-2.jpg\",\"width\":1400,\"height\":1050,\"caption\":\"Canson Baryta Prestige II 340\"},{\"@type\":\"BreadcrumbList\",\"@id\":\"https:\\\/\\\/staging.pigs.no\\\/produkt\\\/canson-baryta-prestige-ii-340\\\/#breadcrumb\",\"itemListElement\":[{\"@type\":\"ListItem\",\"position\":1,\"name\":\"Home\",\"item\":\"https:\\\/\\\/staging.pigs.no\\\/\"},{\"@type\":\"ListItem\",\"position\":2,\"name\":\"Shop\",\"item\":\"https:\\\/\\\/pigs.no\\\/nettbutikk\\\/\"},{\"@type\":\"ListItem\",\"position\":3,\"name\":\"Canson Baryta Prestige II 340\"}]},{\"@type\":\"WebSite\",\"@id\":\"https:\\\/\\\/pigs.no\\\/#website\",\"url\":\"https:\\\/\\\/pigs.no\\\/\",\"name\":\"PIGS\",\"description\":\"Digitaltrykk\",\"publisher\":{\"@id\":\"https:\\\/\\\/pigs.no\\\/#organization\"},\"potentialAction\":[{\"@type\":\"SearchAction\",\"target\":{\"@type\":\"EntryPoint\",\"urlTemplate\":\"https:\\\/\\\/pigs.no\\\/?s={search_term_string}\"},\"query-input\":{\"@type\":\"PropertyValueSpecification\",\"valueRequired\":true,\"valueName\":\"search_term_string\"}}],\"inLanguage\":\"da-DK\"},{\"@type\":\"Organization\",\"@id\":\"https:\\\/\\\/pigs.no\\\/#organization\",\"name\":\"PIGS\",\"url\":\"https:\\\/\\\/pigs.no\\\/\",\"logo\":{\"@type\":\"ImageObject\",\"inLanguage\":\"da-DK\",\"@id\":\"https:\\\/\\\/pigs.no\\\/#\\\/schema\\\/logo\\\/image\\\/\",\"url\":\"https:\\\/\\\/staging.pigs.no\\\/wp-content\\\/uploads\\\/2023\\\/09\\\/PIGS-logo_2023-transparent.png\",\"contentUrl\":\"https:\\\/\\\/staging.pigs.no\\\/wp-content\\\/uploads\\\/2023\\\/09\\\/PIGS-logo_2023-transparent.png\",\"width\":1000,\"height\":461,\"caption\":\"PIGS\"},\"image\":{\"@id\":\"https:\\\/\\\/pigs.no\\\/#\\\/schema\\\/logo\\\/image\\\/\"},\"sameAs\":[\"https:\\\/\\\/www.facebook.com\\\/PIGSimagingAS\"]}]}<\/script>\n<!-- \/ Yoast SEO plugin. -->","yoast_head_json":{"title":"Canson Baryta Prestige II 340 | H\u00f8jglans baryta | PIGS","description":"Canson Baryta Prestige II 340 giver et klassisk baryta\/m\u00f8rkerumslook med et bredt toneomr\u00e5de og mange detaljer - perfekt til sort\/hvid- og udstillingsfotografering.","robots":{"index":"index","follow":"follow","max-snippet":"max-snippet:-1","max-image-preview":"max-image-preview:large","max-video-preview":"max-video-preview:-1"},"canonical":"https:\/\/staging.pigs.no\/da\/product-2\/canson-baryta-prestige-ii-340\/","og_locale":"da_DK","og_type":"article","og_title":"Canson Baryta Prestige II 340 | H\u00f8yglans baryta | PIGS","og_description":"Canson Baryta Prestige II 340 gir klassisk baryta\/m\u00f8rkerom-look med stort toneomfang og h\u00f8y detalj \u2013 perfekt til sort-hvitt og utstillingsfoto.","og_url":"https:\/\/staging.pigs.no\/da\/product-2\/canson-baryta-prestige-ii-340\/","og_site_name":"PIGS","article_publisher":"https:\/\/www.facebook.com\/PIGSimagingAS","article_modified_time":"2026-01-19T22:03:25+00:00","og_image":[{"width":1400,"height":1050,"url":"https:\/\/staging.pigs.no\/wp-content\/uploads\/2022\/09\/PIGS-imaging-canson-baryta-prestige-2-340-2.jpg","type":"image\/jpeg"}],"twitter_card":"summary_large_image","twitter_misc":{"Estimeret l\u00e6setid":"1 minut"},"schema":{"@context":"https:\/\/schema.org","@graph":[{"@type":"WebPage","@id":"https:\/\/staging.pigs.no\/produkt\/canson-baryta-prestige-ii-340\/","url":"https:\/\/staging.pigs.no\/produkt\/canson-baryta-prestige-ii-340\/","name":"Canson Baryta Prestige II 340 | H\u00f8jglans baryta | PIGS","isPartOf":{"@id":"https:\/\/pigs.no\/#website"},"primaryImageOfPage":{"@id":"https:\/\/staging.pigs.no\/produkt\/canson-baryta-prestige-ii-340\/#primaryimage"},"image":{"@id":"https:\/\/staging.pigs.no\/produkt\/canson-baryta-prestige-ii-340\/#primaryimage"},"thumbnailUrl":"https:\/\/staging.pigs.no\/wp-content\/uploads\/2022\/09\/PIGS-imaging-canson-baryta-prestige-2-340-2.jpg","datePublished":"2022-10-25T11:28:56+00:00","dateModified":"2026-01-19T22:03:25+00:00","description":"Canson Baryta Prestige II 340 giver et klassisk baryta\/m\u00f8rkerumslook med et bredt toneomr\u00e5de og mange detaljer - perfekt til sort\/hvid- og udstillingsfotografering.","breadcrumb":{"@id":"https:\/\/staging.pigs.no\/produkt\/canson-baryta-prestige-ii-340\/#breadcrumb"},"inLanguage":"da-DK","potentialAction":[{"@type":"ReadAction","target":["https:\/\/staging.pigs.no\/produkt\/canson-baryta-prestige-ii-340\/"]}]},{"@type":"ImageObject","inLanguage":"da-DK","@id":"https:\/\/staging.pigs.no\/produkt\/canson-baryta-prestige-ii-340\/#primaryimage","url":"https:\/\/staging.pigs.no\/wp-content\/uploads\/2022\/09\/PIGS-imaging-canson-baryta-prestige-2-340-2.jpg","contentUrl":"https:\/\/staging.pigs.no\/wp-content\/uploads\/2022\/09\/PIGS-imaging-canson-baryta-prestige-2-340-2.jpg","width":1400,"height":1050,"caption":"Canson Baryta Prestige II 340"},{"@type":"BreadcrumbList","@id":"https:\/\/staging.pigs.no\/produkt\/canson-baryta-prestige-ii-340\/#breadcrumb","itemListElement":[{"@type":"ListItem","position":1,"name":"Home","item":"https:\/\/staging.pigs.no\/"},{"@type":"ListItem","position":2,"name":"Shop","item":"https:\/\/pigs.no\/nettbutikk\/"},{"@type":"ListItem","position":3,"name":"Canson Baryta Prestige II 340"}]},{"@type":"WebSite","@id":"https:\/\/pigs.no\/#website","url":"https:\/\/pigs.no\/","name":"PIGS","description":"Digitaltrykk","publisher":{"@id":"https:\/\/pigs.no\/#organization"},"potentialAction":[{"@type":"SearchAction","target":{"@type":"EntryPoint","urlTemplate":"https:\/\/pigs.no\/?s={search_term_string}"},"query-input":{"@type":"PropertyValueSpecification","valueRequired":true,"valueName":"search_term_string"}}],"inLanguage":"da-DK"},{"@type":"Organization","@id":"https:\/\/pigs.no\/#organization","name":"PIGS","url":"https:\/\/pigs.no\/","logo":{"@type":"ImageObject","inLanguage":"da-DK","@id":"https:\/\/pigs.no\/#\/schema\/logo\/image\/","url":"https:\/\/staging.pigs.no\/wp-content\/uploads\/2023\/09\/PIGS-logo_2023-transparent.png","contentUrl":"https:\/\/staging.pigs.no\/wp-content\/uploads\/2023\/09\/PIGS-logo_2023-transparent.png","width":1000,"height":461,"caption":"PIGS"},"image":{"@id":"https:\/\/pigs.no\/#\/schema\/logo\/image\/"},"sameAs":["https:\/\/www.facebook.com\/PIGSimagingAS"]}]}},"_links":{"self":[{"href":"https:\/\/staging.pigs.no\/da\/wp-json\/wp\/v2\/product\/2687","targetHints":{"allow":["GET"]}}],"collection":[{"href":"https:\/\/staging.pigs.no\/da\/wp-json\/wp\/v2\/product"}],"about":[{"href":"https:\/\/staging.pigs.no\/da\/wp-json\/wp\/v2\/types\/product"}],"version-history":[{"count":3,"href":"https:\/\/staging.pigs.no\/da\/wp-json\/wp\/v2\/product\/2687\/revisions"}],"predecessor-version":[{"id":5687,"href":"https:\/\/staging.pigs.no\/da\/wp-json\/wp\/v2\/product\/2687\/revisions\/5687"}],"wp:featuredmedia":[{"embeddable":true,"href":"https:\/\/staging.pigs.no\/da\/wp-json\/wp\/v2\/media\/2180"}],"wp:attachment":[{"href":"https:\/\/staging.pigs.no\/da\/wp-json\/wp\/v2\/media?parent=2687"}],"wp:term":[{"taxonomy":"product_brand","embeddable":true,"href":"https:\/\/staging.pigs.no\/da\/wp-json\/wp\/v2\/product_brand?post=2687"},{"taxonomy":"product_cat","embeddable":true,"href":"https:\/\/staging.pigs.no\/da\/wp-json\/wp\/v2\/product_cat?post=2687"},{"taxonomy":"product_tag","embeddable":true,"href":"https:\/\/staging.pigs.no\/da\/wp-json\/wp\/v2\/product_tag?post=2687"}],"curies":[{"name":"wp","href":"https:\/\/api.w.org\/{rel}","templated":true}]}}