{"id":2689,"date":"2022-10-25T11:40:19","date_gmt":"2022-10-25T11:40:19","guid":{"rendered":"https:\/\/nye.pigs.no\/?post_type=product&#038;p=2689"},"modified":"2026-01-19T22:22:37","modified_gmt":"2026-01-19T22:22:37","slug":"hahnemuehle-daguerre-canvas-montert","status":"publish","type":"product","link":"https:\/\/staging.pigs.no\/da\/produkt\/hahnemuehle-daguerre-canvas-montert\/","title":{"rendered":"V\u00e6lg Hahnem\u00fchle Daguerre Canvas 400 - opsp\u00e6ndt p\u00e5 kilrammer"},"content":{"rendered":"<p>Daguerre Canvas 400 er et mat polybomuldsl\u00e6rred med en glat overflade og h\u00f8j hvidhed, som giver klare farver og gode detaljer. P\u00e5 trods af den h\u00f8je gramv\u00e6gt har det gode str\u00e6kegenskaber og er ideelt til opsp\u00e6nding p\u00e5 kilramme. Overholder ISO 9706.<\/p>\n<p><strong>NB!<\/strong> Kan printes op til 135 cm p\u00e5 den korte side, n\u00e5r det str\u00e6kkes (f.eks. 135 \u00d7 200 cm). Rullebredde: 152 cm (60\u2033). Tillad ca. 15 cm til opsp\u00e6nding.<\/p>\n<p><strong data-start=\"28419\" data-end=\"28439\">Bedst egnet til:<\/strong> foto \/ illustration \/ reproduktion \/ udstilling<\/p>\n<p data-start=\"28260\" data-end=\"28289\"><strong data-start=\"28260\" data-end=\"28287\">Funktioner:<\/strong><\/p>\n<ul data-start=\"28290\" data-end=\"28417\">\n<li data-start=\"28290\" data-end=\"28305\">\n<p data-start=\"28292\" data-end=\"28305\">Poly-bomuld<\/p>\n<\/li>\n<li data-start=\"28306\" data-end=\"28317\">\n<p data-start=\"28308\" data-end=\"28317\">400 g\/m\u00b2<\/p>\n<\/li>\n<li data-start=\"28318\" data-end=\"28330\">\n<p data-start=\"28320\" data-end=\"28330\">Lys hvid<\/p>\n<\/li>\n<li data-start=\"28331\" data-end=\"28352\">\n<p data-start=\"28333\" data-end=\"28352\">Fin, glat tekstur<\/p>\n<\/li>\n<li data-start=\"28353\" data-end=\"28368\">\n<p data-start=\"28355\" data-end=\"28368\">Mat finish<\/p>\n<\/li>\n<li data-start=\"28369\" data-end=\"28380\">\n<p data-start=\"28371\" data-end=\"28380\">Syrefri<\/p>\n<\/li>\n<li data-start=\"28381\" data-end=\"28417\">\n<p data-start=\"28383\" data-end=\"28417\">ISO 9706-kompatibel \/ museumskvalitet<\/p>\n<\/li>\n<\/ul>","protected":false},"excerpt":{"rendered":"<p>Mat polybomuldsl\u00e6rred (400 g\/m\u00b2) med en fin, j\u00e6vn struktur og h\u00f8j hvidhed - friske farver, gode detaljer og st\u00e6rke s\/h-gengivelser.<\/p>","protected":false},"featured_media":2685,"template":"","meta":{"_acf_changed":false},"product_brand":[167],"product_cat":[122,56,106],"product_tag":[68,158,156,123,46,65,43,157],"class_list":{"0":"post-2689","1":"product","2":"type-product","3":"status-publish","4":"has-post-thumbnail","6":"product_brand-hahnemuhle","7":"product_cat-fineart-canvas","8":"product_cat-lerret-og-japanpapir","9":"product_cat-pigs-medier","10":"product_tag-bright-white","11":"product_tag-canvas","12":"product_tag-canvas-print","13":"product_tag-fineart-canvas","14":"product_tag-hahnemuhle","15":"product_tag-lerret","16":"product_tag-matt","17":"product_tag-print-pa-lerret","19":"first","20":"instock","21":"taxable","22":"shipping-taxable","23":"purchasable","24":"product-type-simple"},"acf":[],"yoast_head":"<!-- This site is optimized with the Yoast SEO plugin v27.4 - https:\/\/yoast.com\/product\/yoast-seo-wordpress\/ -->\n<title>Hahnem\u00fchle Daguerre Canvas 400 ferdig med ramme | PIGS<\/title>\n<meta name=\"description\" content=\"Matt poly-cotton lerret (400 gsm) med jevn tekstur og h\u00f8y hvithet. Gir friske farger og sterke s\/h \u2013 ferdig oppspent p\u00e5 norskproduserte blindrammer.\" \/>\n<meta name=\"robots\" content=\"index, follow, max-snippet:-1, max-image-preview:large, max-video-preview:-1\" \/>\n<link rel=\"canonical\" href=\"https:\/\/staging.pigs.no\/da\/product-2\/hahnemuehle-daguerre-canvas-montert\/\" \/>\n<meta property=\"og:locale\" content=\"da_DK\" \/>\n<meta property=\"og:type\" content=\"article\" \/>\n<meta property=\"og:title\" content=\"Hahnem\u00fchle Daguerre Canvas 400 ferdig med ramme | PIGS\" \/>\n<meta property=\"og:description\" content=\"Matt poly-cotton lerret (400 gsm) med jevn tekstur og h\u00f8y hvithet. Gir friske farger og sterke s\/h \u2013 ferdig oppspent p\u00e5 norskproduserte blindrammer.\" \/>\n<meta property=\"og:url\" content=\"https:\/\/staging.pigs.no\/da\/product-2\/hahnemuehle-daguerre-canvas-montert\/\" \/>\n<meta property=\"og:site_name\" content=\"PIGS\" \/>\n<meta property=\"article:publisher\" content=\"https:\/\/www.facebook.com\/PIGSimagingAS\" \/>\n<meta property=\"article:modified_time\" content=\"2026-01-19T22:22:37+00:00\" \/>\n<meta property=\"og:image\" content=\"https:\/\/staging.pigs.no\/wp-content\/uploads\/2022\/10\/PIGS-imaging-HA-DC400.jpg\" \/>\n\t<meta property=\"og:image:width\" content=\"1000\" \/>\n\t<meta property=\"og:image:height\" content=\"1000\" \/>\n\t<meta property=\"og:image:type\" content=\"image\/jpeg\" \/>\n<meta name=\"twitter:card\" content=\"summary_large_image\" \/>\n<meta name=\"twitter:label1\" content=\"Estimeret l\u00e6setid\" \/>\n\t<meta name=\"twitter:data1\" content=\"1 minut\" \/>\n<script type=\"application\/ld+json\" class=\"yoast-schema-graph\">{\"@context\":\"https:\\\/\\\/schema.org\",\"@graph\":[{\"@type\":\"WebPage\",\"@id\":\"https:\\\/\\\/staging.pigs.no\\\/produkt\\\/hahnemuehle-daguerre-canvas-montert\\\/\",\"url\":\"https:\\\/\\\/staging.pigs.no\\\/produkt\\\/hahnemuehle-daguerre-canvas-montert\\\/\",\"name\":\"Hahnem\u00fchle Daguerre Canvas 400 ferdig med ramme | PIGS\",\"isPartOf\":{\"@id\":\"https:\\\/\\\/pigs.no\\\/#website\"},\"primaryImageOfPage\":{\"@id\":\"https:\\\/\\\/staging.pigs.no\\\/produkt\\\/hahnemuehle-daguerre-canvas-montert\\\/#primaryimage\"},\"image\":{\"@id\":\"https:\\\/\\\/staging.pigs.no\\\/produkt\\\/hahnemuehle-daguerre-canvas-montert\\\/#primaryimage\"},\"thumbnailUrl\":\"https:\\\/\\\/staging.pigs.no\\\/wp-content\\\/uploads\\\/2022\\\/10\\\/PIGS-imaging-HA-DC400.jpg\",\"datePublished\":\"2022-10-25T11:40:19+00:00\",\"dateModified\":\"2026-01-19T22:22:37+00:00\",\"description\":\"Matt poly-cotton lerret (400 gsm) med jevn tekstur og h\u00f8y hvithet. Gir friske farger og sterke s\\\/h \u2013 ferdig oppspent p\u00e5 norskproduserte blindrammer.\",\"breadcrumb\":{\"@id\":\"https:\\\/\\\/staging.pigs.no\\\/produkt\\\/hahnemuehle-daguerre-canvas-montert\\\/#breadcrumb\"},\"inLanguage\":\"da-DK\",\"potentialAction\":[{\"@type\":\"ReadAction\",\"target\":[\"https:\\\/\\\/staging.pigs.no\\\/produkt\\\/hahnemuehle-daguerre-canvas-montert\\\/\"]}]},{\"@type\":\"ImageObject\",\"inLanguage\":\"da-DK\",\"@id\":\"https:\\\/\\\/staging.pigs.no\\\/produkt\\\/hahnemuehle-daguerre-canvas-montert\\\/#primaryimage\",\"url\":\"https:\\\/\\\/staging.pigs.no\\\/wp-content\\\/uploads\\\/2022\\\/10\\\/PIGS-imaging-HA-DC400.jpg\",\"contentUrl\":\"https:\\\/\\\/staging.pigs.no\\\/wp-content\\\/uploads\\\/2022\\\/10\\\/PIGS-imaging-HA-DC400.jpg\",\"width\":1000,\"height\":1000,\"caption\":\"Hahnem\u00fchle Canvas Daguerre 400\"},{\"@type\":\"BreadcrumbList\",\"@id\":\"https:\\\/\\\/staging.pigs.no\\\/produkt\\\/hahnemuehle-daguerre-canvas-montert\\\/#breadcrumb\",\"itemListElement\":[{\"@type\":\"ListItem\",\"position\":1,\"name\":\"Home\",\"item\":\"https:\\\/\\\/staging.pigs.no\\\/\"},{\"@type\":\"ListItem\",\"position\":2,\"name\":\"Shop\",\"item\":\"https:\\\/\\\/pigs.no\\\/nettbutikk\\\/\"},{\"@type\":\"ListItem\",\"position\":3,\"name\":\"Hahnem\u00fchle Daguerre Canvas 400 \u2013 ferdig montert p\u00e5 blindrammer\"}]},{\"@type\":\"WebSite\",\"@id\":\"https:\\\/\\\/pigs.no\\\/#website\",\"url\":\"https:\\\/\\\/pigs.no\\\/\",\"name\":\"PIGS\",\"description\":\"Digitaltrykk\",\"publisher\":{\"@id\":\"https:\\\/\\\/pigs.no\\\/#organization\"},\"potentialAction\":[{\"@type\":\"SearchAction\",\"target\":{\"@type\":\"EntryPoint\",\"urlTemplate\":\"https:\\\/\\\/pigs.no\\\/?s={search_term_string}\"},\"query-input\":{\"@type\":\"PropertyValueSpecification\",\"valueRequired\":true,\"valueName\":\"search_term_string\"}}],\"inLanguage\":\"da-DK\"},{\"@type\":\"Organization\",\"@id\":\"https:\\\/\\\/pigs.no\\\/#organization\",\"name\":\"PIGS\",\"url\":\"https:\\\/\\\/pigs.no\\\/\",\"logo\":{\"@type\":\"ImageObject\",\"inLanguage\":\"da-DK\",\"@id\":\"https:\\\/\\\/pigs.no\\\/#\\\/schema\\\/logo\\\/image\\\/\",\"url\":\"https:\\\/\\\/staging.pigs.no\\\/wp-content\\\/uploads\\\/2023\\\/09\\\/PIGS-logo_2023-transparent.png\",\"contentUrl\":\"https:\\\/\\\/staging.pigs.no\\\/wp-content\\\/uploads\\\/2023\\\/09\\\/PIGS-logo_2023-transparent.png\",\"width\":1000,\"height\":461,\"caption\":\"PIGS\"},\"image\":{\"@id\":\"https:\\\/\\\/pigs.no\\\/#\\\/schema\\\/logo\\\/image\\\/\"},\"sameAs\":[\"https:\\\/\\\/www.facebook.com\\\/PIGSimagingAS\"]}]}<\/script>\n<!-- \/ Yoast SEO plugin. -->","yoast_head_json":{"title":"Hahnem\u00fchle Daguerre Canvas 400 f\u00e6rdig med ramme | PIGS","description":"Mat polybomuldsl\u00e6rred (400 g\/m\u00b2) med glat struktur og h\u00f8j hvidhed. Giver friske farver og st\u00e6rk s\/h - forsp\u00e6ndt p\u00e5 norskproducerede blindrammer.","robots":{"index":"index","follow":"follow","max-snippet":"max-snippet:-1","max-image-preview":"max-image-preview:large","max-video-preview":"max-video-preview:-1"},"canonical":"https:\/\/staging.pigs.no\/da\/product-2\/hahnemuehle-daguerre-canvas-montert\/","og_locale":"da_DK","og_type":"article","og_title":"Hahnem\u00fchle Daguerre Canvas 400 ferdig med ramme | PIGS","og_description":"Matt poly-cotton lerret (400 gsm) med jevn tekstur og h\u00f8y hvithet. Gir friske farger og sterke s\/h \u2013 ferdig oppspent p\u00e5 norskproduserte blindrammer.","og_url":"https:\/\/staging.pigs.no\/da\/product-2\/hahnemuehle-daguerre-canvas-montert\/","og_site_name":"PIGS","article_publisher":"https:\/\/www.facebook.com\/PIGSimagingAS","article_modified_time":"2026-01-19T22:22:37+00:00","og_image":[{"width":1000,"height":1000,"url":"https:\/\/staging.pigs.no\/wp-content\/uploads\/2022\/10\/PIGS-imaging-HA-DC400.jpg","type":"image\/jpeg"}],"twitter_card":"summary_large_image","twitter_misc":{"Estimeret l\u00e6setid":"1 minut"},"schema":{"@context":"https:\/\/schema.org","@graph":[{"@type":"WebPage","@id":"https:\/\/staging.pigs.no\/produkt\/hahnemuehle-daguerre-canvas-montert\/","url":"https:\/\/staging.pigs.no\/produkt\/hahnemuehle-daguerre-canvas-montert\/","name":"Hahnem\u00fchle Daguerre Canvas 400 f\u00e6rdig med ramme | PIGS","isPartOf":{"@id":"https:\/\/pigs.no\/#website"},"primaryImageOfPage":{"@id":"https:\/\/staging.pigs.no\/produkt\/hahnemuehle-daguerre-canvas-montert\/#primaryimage"},"image":{"@id":"https:\/\/staging.pigs.no\/produkt\/hahnemuehle-daguerre-canvas-montert\/#primaryimage"},"thumbnailUrl":"https:\/\/staging.pigs.no\/wp-content\/uploads\/2022\/10\/PIGS-imaging-HA-DC400.jpg","datePublished":"2022-10-25T11:40:19+00:00","dateModified":"2026-01-19T22:22:37+00:00","description":"Mat polybomuldsl\u00e6rred (400 g\/m\u00b2) med glat struktur og h\u00f8j hvidhed. Giver friske farver og st\u00e6rk s\/h - forsp\u00e6ndt p\u00e5 norskproducerede blindrammer.","breadcrumb":{"@id":"https:\/\/staging.pigs.no\/produkt\/hahnemuehle-daguerre-canvas-montert\/#breadcrumb"},"inLanguage":"da-DK","potentialAction":[{"@type":"ReadAction","target":["https:\/\/staging.pigs.no\/produkt\/hahnemuehle-daguerre-canvas-montert\/"]}]},{"@type":"ImageObject","inLanguage":"da-DK","@id":"https:\/\/staging.pigs.no\/produkt\/hahnemuehle-daguerre-canvas-montert\/#primaryimage","url":"https:\/\/staging.pigs.no\/wp-content\/uploads\/2022\/10\/PIGS-imaging-HA-DC400.jpg","contentUrl":"https:\/\/staging.pigs.no\/wp-content\/uploads\/2022\/10\/PIGS-imaging-HA-DC400.jpg","width":1000,"height":1000,"caption":"Hahnem\u00fchle Canvas Daguerre 400"},{"@type":"BreadcrumbList","@id":"https:\/\/staging.pigs.no\/produkt\/hahnemuehle-daguerre-canvas-montert\/#breadcrumb","itemListElement":[{"@type":"ListItem","position":1,"name":"Home","item":"https:\/\/staging.pigs.no\/"},{"@type":"ListItem","position":2,"name":"Shop","item":"https:\/\/pigs.no\/nettbutikk\/"},{"@type":"ListItem","position":3,"name":"Hahnem\u00fchle Daguerre Canvas 400 \u2013 ferdig montert p\u00e5 blindrammer"}]},{"@type":"WebSite","@id":"https:\/\/pigs.no\/#website","url":"https:\/\/pigs.no\/","name":"PIGS","description":"Digitaltrykk","publisher":{"@id":"https:\/\/pigs.no\/#organization"},"potentialAction":[{"@type":"SearchAction","target":{"@type":"EntryPoint","urlTemplate":"https:\/\/pigs.no\/?s={search_term_string}"},"query-input":{"@type":"PropertyValueSpecification","valueRequired":true,"valueName":"search_term_string"}}],"inLanguage":"da-DK"},{"@type":"Organization","@id":"https:\/\/pigs.no\/#organization","name":"PIGS","url":"https:\/\/pigs.no\/","logo":{"@type":"ImageObject","inLanguage":"da-DK","@id":"https:\/\/pigs.no\/#\/schema\/logo\/image\/","url":"https:\/\/staging.pigs.no\/wp-content\/uploads\/2023\/09\/PIGS-logo_2023-transparent.png","contentUrl":"https:\/\/staging.pigs.no\/wp-content\/uploads\/2023\/09\/PIGS-logo_2023-transparent.png","width":1000,"height":461,"caption":"PIGS"},"image":{"@id":"https:\/\/pigs.no\/#\/schema\/logo\/image\/"},"sameAs":["https:\/\/www.facebook.com\/PIGSimagingAS"]}]}},"_links":{"self":[{"href":"https:\/\/staging.pigs.no\/da\/wp-json\/wp\/v2\/product\/2689","targetHints":{"allow":["GET"]}}],"collection":[{"href":"https:\/\/staging.pigs.no\/da\/wp-json\/wp\/v2\/product"}],"about":[{"href":"https:\/\/staging.pigs.no\/da\/wp-json\/wp\/v2\/types\/product"}],"version-history":[{"count":5,"href":"https:\/\/staging.pigs.no\/da\/wp-json\/wp\/v2\/product\/2689\/revisions"}],"predecessor-version":[{"id":13484,"href":"https:\/\/staging.pigs.no\/da\/wp-json\/wp\/v2\/product\/2689\/revisions\/13484"}],"wp:featuredmedia":[{"embeddable":true,"href":"https:\/\/staging.pigs.no\/da\/wp-json\/wp\/v2\/media\/2685"}],"wp:attachment":[{"href":"https:\/\/staging.pigs.no\/da\/wp-json\/wp\/v2\/media?parent=2689"}],"wp:term":[{"taxonomy":"product_brand","embeddable":true,"href":"https:\/\/staging.pigs.no\/da\/wp-json\/wp\/v2\/product_brand?post=2689"},{"taxonomy":"product_cat","embeddable":true,"href":"https:\/\/staging.pigs.no\/da\/wp-json\/wp\/v2\/product_cat?post=2689"},{"taxonomy":"product_tag","embeddable":true,"href":"https:\/\/staging.pigs.no\/da\/wp-json\/wp\/v2\/product_tag?post=2689"}],"curies":[{"name":"wp","href":"https:\/\/api.w.org\/{rel}","templated":true}]}}