{"id":4900,"date":"2022-11-08T20:40:19","date_gmt":"2022-11-08T20:40:19","guid":{"rendered":"https:\/\/nye.pigs.no\/?post_type=product&#038;p=4900"},"modified":"2023-02-14T12:31:11","modified_gmt":"2023-02-14T12:31:11","slug":"ibond-bildemontering","status":"publish","type":"product","link":"https:\/\/staging.pigs.no\/da\/produkt\/ibond-bildemontering\/","title":{"rendered":"iBond 3 mm"},"content":{"rendered":"<p>Stiv og hard PVC plate \u2013 egner seg b\u00e5de til \u00e5 ha i ramme eller uten direkte p\u00e5 veggen. Bestill hengelister p\u00e5 baksiden som veggfeste.<\/p>\n<ul>\n<li>3mm tykkelse<\/li>\n<li>PVC sandwich plate med sort kjern<\/li>\n<li>alu \u2013 pvc \u2013 alu<\/li>\n<li>meget stiv<\/li>\n<li>skj\u00f8r p\u00e5 hj\u00f8rnene<\/li>\n<\/ul>\n<p>&nbsp;<\/p>\n<p><strong>Tilleggsprodukt: <\/strong><\/p>\n<p>10mm hengelist (huk av om du \u00f8nsker hengelist i skjemaet nedenfor)<\/p>\n<p>10mm aluminium hengelist p\u00e5 baksiden av platen. Listen limes med epoksi p\u00e5 plate og gir meget god feste. Til veggmontering uten rammer, festes med to skruer. Meget enkel, solid og langvarig hengel\u00f8sning til harde plater som alu eller iBond.<\/p>","protected":false},"excerpt":{"rendered":"<p>Stiv og hard PVC plate \u2013 egner seg b\u00e5de til \u00e5 ha i ramme eller uten direkte p\u00e5 veggen. Bestill hengelister p\u00e5 baksiden som veggfeste.<\/p>","protected":false},"featured_media":4910,"template":"","meta":{"_acf_changed":false},"product_brand":[],"product_cat":[120,112,111],"product_tag":[136,135,117,116],"class_list":{"0":"post-4900","1":"product","2":"type-product","3":"status-publish","4":"has-post-thumbnail","6":"product_cat-hengelist-10mm","7":"product_cat-ibond-3mm","8":"product_cat-monteringsplater","9":"product_tag-bestill-bildemontering","10":"product_tag-bestill-bildemontering-online","11":"product_tag-ibond","12":"product_tag-monteringsplate","14":"first","15":"instock","16":"taxable","17":"shipping-taxable","18":"purchasable","19":"product-type-simple"},"acf":[],"yoast_head":"<!-- This site is optimized with the Yoast SEO plugin v27.4 - https:\/\/yoast.com\/product\/yoast-seo-wordpress\/ -->\n<title>iBond 3mm - PIGS<\/title>\n<meta name=\"description\" content=\"Stiv og hard PVC plate \u2013 egner seg b\u00e5de til \u00e5 ha i ramme eller uten direkte p\u00e5 veggen. Bestill hengelister p\u00e5 baksiden som veggfeste.\" \/>\n<meta name=\"robots\" content=\"index, follow, max-snippet:-1, max-image-preview:large, max-video-preview:-1\" \/>\n<link rel=\"canonical\" href=\"https:\/\/staging.pigs.no\/da\/product-2\/ibond-bildemontering\/\" \/>\n<meta property=\"og:locale\" content=\"da_DK\" \/>\n<meta property=\"og:type\" content=\"article\" \/>\n<meta property=\"og:title\" content=\"iBond 3mm - PIGS\" \/>\n<meta property=\"og:description\" content=\"Stiv og hard PVC plate \u2013 egner seg b\u00e5de til \u00e5 ha i ramme eller uten direkte p\u00e5 veggen. Bestill hengelister p\u00e5 baksiden som veggfeste.\" \/>\n<meta property=\"og:url\" content=\"https:\/\/staging.pigs.no\/da\/product-2\/ibond-bildemontering\/\" \/>\n<meta property=\"og:site_name\" content=\"PIGS\" \/>\n<meta property=\"article:publisher\" content=\"https:\/\/www.facebook.com\/PIGSimagingAS\" \/>\n<meta property=\"article:modified_time\" content=\"2023-02-14T12:31:11+00:00\" \/>\n<meta property=\"og:image\" content=\"https:\/\/staging.pigs.no\/wp-content\/uploads\/2022\/11\/PIGS-imaging-montering-ibond-01.jpg\" \/>\n\t<meta property=\"og:image:width\" content=\"1200\" \/>\n\t<meta property=\"og:image:height\" content=\"1200\" \/>\n\t<meta property=\"og:image:type\" content=\"image\/jpeg\" \/>\n<meta name=\"twitter:card\" content=\"summary_large_image\" \/>\n<meta name=\"twitter:label1\" content=\"Estimeret l\u00e6setid\" \/>\n\t<meta name=\"twitter:data1\" content=\"1 minut\" \/>\n<script type=\"application\/ld+json\" class=\"yoast-schema-graph\">{\"@context\":\"https:\\\/\\\/schema.org\",\"@graph\":[{\"@type\":\"WebPage\",\"@id\":\"https:\\\/\\\/staging.pigs.no\\\/produkt\\\/ibond-bildemontering\\\/\",\"url\":\"https:\\\/\\\/staging.pigs.no\\\/produkt\\\/ibond-bildemontering\\\/\",\"name\":\"iBond 3mm - PIGS\",\"isPartOf\":{\"@id\":\"https:\\\/\\\/pigs.no\\\/#website\"},\"primaryImageOfPage\":{\"@id\":\"https:\\\/\\\/staging.pigs.no\\\/produkt\\\/ibond-bildemontering\\\/#primaryimage\"},\"image\":{\"@id\":\"https:\\\/\\\/staging.pigs.no\\\/produkt\\\/ibond-bildemontering\\\/#primaryimage\"},\"thumbnailUrl\":\"https:\\\/\\\/staging.pigs.no\\\/wp-content\\\/uploads\\\/2022\\\/11\\\/PIGS-imaging-montering-ibond-01.jpg\",\"datePublished\":\"2022-11-08T20:40:19+00:00\",\"dateModified\":\"2023-02-14T12:31:11+00:00\",\"description\":\"Stiv og hard PVC plate \u2013 egner seg b\u00e5de til \u00e5 ha i ramme eller uten direkte p\u00e5 veggen. Bestill hengelister p\u00e5 baksiden som veggfeste.\",\"breadcrumb\":{\"@id\":\"https:\\\/\\\/staging.pigs.no\\\/produkt\\\/ibond-bildemontering\\\/#breadcrumb\"},\"inLanguage\":\"da-DK\",\"potentialAction\":[{\"@type\":\"ReadAction\",\"target\":[\"https:\\\/\\\/staging.pigs.no\\\/produkt\\\/ibond-bildemontering\\\/\"]}]},{\"@type\":\"ImageObject\",\"inLanguage\":\"da-DK\",\"@id\":\"https:\\\/\\\/staging.pigs.no\\\/produkt\\\/ibond-bildemontering\\\/#primaryimage\",\"url\":\"https:\\\/\\\/staging.pigs.no\\\/wp-content\\\/uploads\\\/2022\\\/11\\\/PIGS-imaging-montering-ibond-01.jpg\",\"contentUrl\":\"https:\\\/\\\/staging.pigs.no\\\/wp-content\\\/uploads\\\/2022\\\/11\\\/PIGS-imaging-montering-ibond-01.jpg\",\"width\":1200,\"height\":1200,\"caption\":\"ibond Bildemontering p\u00e5 plate\"},{\"@type\":\"BreadcrumbList\",\"@id\":\"https:\\\/\\\/staging.pigs.no\\\/produkt\\\/ibond-bildemontering\\\/#breadcrumb\",\"itemListElement\":[{\"@type\":\"ListItem\",\"position\":1,\"name\":\"Home\",\"item\":\"https:\\\/\\\/staging.pigs.no\\\/\"},{\"@type\":\"ListItem\",\"position\":2,\"name\":\"Shop\",\"item\":\"https:\\\/\\\/pigs.no\\\/nettbutikk\\\/\"},{\"@type\":\"ListItem\",\"position\":3,\"name\":\"iBond 3mm\"}]},{\"@type\":\"WebSite\",\"@id\":\"https:\\\/\\\/pigs.no\\\/#website\",\"url\":\"https:\\\/\\\/pigs.no\\\/\",\"name\":\"PIGS\",\"description\":\"Digitaltrykk\",\"publisher\":{\"@id\":\"https:\\\/\\\/pigs.no\\\/#organization\"},\"potentialAction\":[{\"@type\":\"SearchAction\",\"target\":{\"@type\":\"EntryPoint\",\"urlTemplate\":\"https:\\\/\\\/pigs.no\\\/?s={search_term_string}\"},\"query-input\":{\"@type\":\"PropertyValueSpecification\",\"valueRequired\":true,\"valueName\":\"search_term_string\"}}],\"inLanguage\":\"da-DK\"},{\"@type\":\"Organization\",\"@id\":\"https:\\\/\\\/pigs.no\\\/#organization\",\"name\":\"PIGS\",\"url\":\"https:\\\/\\\/pigs.no\\\/\",\"logo\":{\"@type\":\"ImageObject\",\"inLanguage\":\"da-DK\",\"@id\":\"https:\\\/\\\/pigs.no\\\/#\\\/schema\\\/logo\\\/image\\\/\",\"url\":\"https:\\\/\\\/staging.pigs.no\\\/wp-content\\\/uploads\\\/2023\\\/09\\\/PIGS-logo_2023-transparent.png\",\"contentUrl\":\"https:\\\/\\\/staging.pigs.no\\\/wp-content\\\/uploads\\\/2023\\\/09\\\/PIGS-logo_2023-transparent.png\",\"width\":1000,\"height\":461,\"caption\":\"PIGS\"},\"image\":{\"@id\":\"https:\\\/\\\/pigs.no\\\/#\\\/schema\\\/logo\\\/image\\\/\"},\"sameAs\":[\"https:\\\/\\\/www.facebook.com\\\/PIGSimagingAS\"]}]}<\/script>\n<!-- \/ Yoast SEO plugin. -->","yoast_head_json":{"title":"iBond 3mm - PIGS","description":"Stiv og hard PVC plate \u2013 egner seg b\u00e5de til \u00e5 ha i ramme eller uten direkte p\u00e5 veggen. Bestill hengelister p\u00e5 baksiden som veggfeste.","robots":{"index":"index","follow":"follow","max-snippet":"max-snippet:-1","max-image-preview":"max-image-preview:large","max-video-preview":"max-video-preview:-1"},"canonical":"https:\/\/staging.pigs.no\/da\/product-2\/ibond-bildemontering\/","og_locale":"da_DK","og_type":"article","og_title":"iBond 3mm - PIGS","og_description":"Stiv og hard PVC plate \u2013 egner seg b\u00e5de til \u00e5 ha i ramme eller uten direkte p\u00e5 veggen. Bestill hengelister p\u00e5 baksiden som veggfeste.","og_url":"https:\/\/staging.pigs.no\/da\/product-2\/ibond-bildemontering\/","og_site_name":"PIGS","article_publisher":"https:\/\/www.facebook.com\/PIGSimagingAS","article_modified_time":"2023-02-14T12:31:11+00:00","og_image":[{"width":1200,"height":1200,"url":"https:\/\/staging.pigs.no\/wp-content\/uploads\/2022\/11\/PIGS-imaging-montering-ibond-01.jpg","type":"image\/jpeg"}],"twitter_card":"summary_large_image","twitter_misc":{"Estimeret l\u00e6setid":"1 minut"},"schema":{"@context":"https:\/\/schema.org","@graph":[{"@type":"WebPage","@id":"https:\/\/staging.pigs.no\/produkt\/ibond-bildemontering\/","url":"https:\/\/staging.pigs.no\/produkt\/ibond-bildemontering\/","name":"iBond 3mm - PIGS","isPartOf":{"@id":"https:\/\/pigs.no\/#website"},"primaryImageOfPage":{"@id":"https:\/\/staging.pigs.no\/produkt\/ibond-bildemontering\/#primaryimage"},"image":{"@id":"https:\/\/staging.pigs.no\/produkt\/ibond-bildemontering\/#primaryimage"},"thumbnailUrl":"https:\/\/staging.pigs.no\/wp-content\/uploads\/2022\/11\/PIGS-imaging-montering-ibond-01.jpg","datePublished":"2022-11-08T20:40:19+00:00","dateModified":"2023-02-14T12:31:11+00:00","description":"Stiv og hard PVC plate \u2013 egner seg b\u00e5de til \u00e5 ha i ramme eller uten direkte p\u00e5 veggen. Bestill hengelister p\u00e5 baksiden som veggfeste.","breadcrumb":{"@id":"https:\/\/staging.pigs.no\/produkt\/ibond-bildemontering\/#breadcrumb"},"inLanguage":"da-DK","potentialAction":[{"@type":"ReadAction","target":["https:\/\/staging.pigs.no\/produkt\/ibond-bildemontering\/"]}]},{"@type":"ImageObject","inLanguage":"da-DK","@id":"https:\/\/staging.pigs.no\/produkt\/ibond-bildemontering\/#primaryimage","url":"https:\/\/staging.pigs.no\/wp-content\/uploads\/2022\/11\/PIGS-imaging-montering-ibond-01.jpg","contentUrl":"https:\/\/staging.pigs.no\/wp-content\/uploads\/2022\/11\/PIGS-imaging-montering-ibond-01.jpg","width":1200,"height":1200,"caption":"ibond Bildemontering p\u00e5 plate"},{"@type":"BreadcrumbList","@id":"https:\/\/staging.pigs.no\/produkt\/ibond-bildemontering\/#breadcrumb","itemListElement":[{"@type":"ListItem","position":1,"name":"Home","item":"https:\/\/staging.pigs.no\/"},{"@type":"ListItem","position":2,"name":"Shop","item":"https:\/\/pigs.no\/nettbutikk\/"},{"@type":"ListItem","position":3,"name":"iBond 3mm"}]},{"@type":"WebSite","@id":"https:\/\/pigs.no\/#website","url":"https:\/\/pigs.no\/","name":"PIGS","description":"Digitaltrykk","publisher":{"@id":"https:\/\/pigs.no\/#organization"},"potentialAction":[{"@type":"SearchAction","target":{"@type":"EntryPoint","urlTemplate":"https:\/\/pigs.no\/?s={search_term_string}"},"query-input":{"@type":"PropertyValueSpecification","valueRequired":true,"valueName":"search_term_string"}}],"inLanguage":"da-DK"},{"@type":"Organization","@id":"https:\/\/pigs.no\/#organization","name":"PIGS","url":"https:\/\/pigs.no\/","logo":{"@type":"ImageObject","inLanguage":"da-DK","@id":"https:\/\/pigs.no\/#\/schema\/logo\/image\/","url":"https:\/\/staging.pigs.no\/wp-content\/uploads\/2023\/09\/PIGS-logo_2023-transparent.png","contentUrl":"https:\/\/staging.pigs.no\/wp-content\/uploads\/2023\/09\/PIGS-logo_2023-transparent.png","width":1000,"height":461,"caption":"PIGS"},"image":{"@id":"https:\/\/pigs.no\/#\/schema\/logo\/image\/"},"sameAs":["https:\/\/www.facebook.com\/PIGSimagingAS"]}]}},"_links":{"self":[{"href":"https:\/\/staging.pigs.no\/da\/wp-json\/wp\/v2\/product\/4900","targetHints":{"allow":["GET"]}}],"collection":[{"href":"https:\/\/staging.pigs.no\/da\/wp-json\/wp\/v2\/product"}],"about":[{"href":"https:\/\/staging.pigs.no\/da\/wp-json\/wp\/v2\/types\/product"}],"version-history":[{"count":1,"href":"https:\/\/staging.pigs.no\/da\/wp-json\/wp\/v2\/product\/4900\/revisions"}],"predecessor-version":[{"id":5677,"href":"https:\/\/staging.pigs.no\/da\/wp-json\/wp\/v2\/product\/4900\/revisions\/5677"}],"wp:featuredmedia":[{"embeddable":true,"href":"https:\/\/staging.pigs.no\/da\/wp-json\/wp\/v2\/media\/4910"}],"wp:attachment":[{"href":"https:\/\/staging.pigs.no\/da\/wp-json\/wp\/v2\/media?parent=4900"}],"wp:term":[{"taxonomy":"product_brand","embeddable":true,"href":"https:\/\/staging.pigs.no\/da\/wp-json\/wp\/v2\/product_brand?post=4900"},{"taxonomy":"product_cat","embeddable":true,"href":"https:\/\/staging.pigs.no\/da\/wp-json\/wp\/v2\/product_cat?post=4900"},{"taxonomy":"product_tag","embeddable":true,"href":"https:\/\/staging.pigs.no\/da\/wp-json\/wp\/v2\/product_tag?post=4900"}],"curies":[{"name":"wp","href":"https:\/\/api.w.org\/{rel}","templated":true}]}}