{"id":10436,"date":"2024-02-21T11:07:05","date_gmt":"2024-02-21T11:07:05","guid":{"rendered":"https:\/\/staging.pigs.no\/?post_type=product&#038;p=10436"},"modified":"2026-01-19T22:33:28","modified_gmt":"2026-01-19T22:33:28","slug":"hahnemuehle-matt-baryta-308","status":"publish","type":"product","link":"https:\/\/staging.pigs.no\/sv\/produkt\/hahnemuehle-matt-baryta-308\/","title":{"rendered":"Hahnem\u00fchle PhotoRag Matt Baryta 308"},"content":{"rendered":"<p>Photo Rag Matt Baryta 308 kombinerar bomullspapper utan optiska vitmedel med en barytabestrykning som f\u00f6rb\u00e4ttrar f\u00e4rgskala, sk\u00e4rpa och klarhet. Tryckta omr\u00e5den f\u00e5r en elegant, l\u00e4tt glans, medan otryckta omr\u00e5den f\u00f6rblir matta - ett exklusivt alternativ till analogt barytapapper. \u00d6verensst\u00e4mmer med ISO 9706.<\/p>\n<p><strong>NB!<\/strong> Kan tryckas upp till 110 cm p\u00e5 kortsidan (t.ex. 110 \u00d7 200 cm). Rullens bredd: 111 cm (44\u2033).<\/p>\n<p><strong data-start=\"10866\" data-end=\"10886\">L\u00e4mpar sig b\u00e4st f\u00f6r:<\/strong> s-h \/ foto \/ illustration \/ utst\u00e4llning<\/p>\n<p data-start=\"10624\" data-end=\"10653\"><strong data-start=\"10624\" data-end=\"10651\">Funktioner:<\/strong><\/p>\n<ul data-start=\"10654\" data-end=\"10864\">\n<li data-start=\"10654\" data-end=\"10678\">\n<p data-start=\"10656\" data-end=\"10678\">308 g\/m\u00b2, 100% bomull<\/p>\n<\/li>\n<li data-start=\"10679\" data-end=\"10718\">\n<p data-start=\"10681\" data-end=\"10718\">Vit ton, utan optiska vitmedel<\/p>\n<\/li>\n<li data-start=\"10719\" data-end=\"10748\">\n<p data-start=\"10721\" data-end=\"10748\">Mycket finkornig yta<\/p>\n<\/li>\n<li data-start=\"10749\" data-end=\"10804\">\n<p data-start=\"10751\" data-end=\"10804\">Matt yta med unik, subtil lyster i tryckta omr\u00e5den<\/p>\n<\/li>\n<li data-start=\"10805\" data-end=\"10827\">\n<p data-start=\"10807\" data-end=\"10827\">Fri fr\u00e5n syra och lignin<\/p>\n<\/li>\n<li data-start=\"10828\" data-end=\"10864\">\n<p data-start=\"10830\" data-end=\"10864\">ISO 9706-kompatibel \/ museikvalitet<\/p>\n<\/li>\n<\/ul>\n<p>&nbsp;<\/p>\n<p class=\"\"><a href=\"https:\/\/staging.pigs.no\/wp-content\/uploads\/2024\/02\/Datasheet-Hahnemuhle-PhotoRagMattBaryta308.pdf\">L\u00e4s mer om Hahnem\u00fchle PhotoRag Matt Baryta 308<\/a><\/p>","protected":false},"excerpt":{"rendered":"<p>Matt baryta i Photo Rag-familjen (308 g\/m\u00b2) utan optiska vitmedel - finkornig yta och subtil glans i de tryckta omr\u00e5dena.<\/p>","protected":false},"featured_media":10438,"template":"","meta":{"_acf_changed":false},"product_brand":[167],"product_cat":[37,100,98,106],"product_tag":[86,42,40,39,46,43,101,99,47,44,41],"class_list":{"0":"post-10436","1":"product","2":"type-product","3":"status-publish","4":"has-post-thumbnail","6":"product_brand-hahnemuhle","7":"product_cat-matt-papir","8":"product_cat-matte-fineart-prints","9":"product_cat-matte-slette-prints","10":"product_cat-pigs-medier","11":"product_tag-100-cotton","12":"product_tag-300gsm","13":"product_tag-fineart","14":"product_tag-giclee","15":"product_tag-hahnemuhle","16":"product_tag-matt","17":"product_tag-matte-fineart-prints","18":"product_tag-matte-slette-prints","19":"product_tag-papir","20":"product_tag-smooth","21":"product_tag-white","23":"first","24":"instock","25":"taxable","26":"shipping-taxable","27":"purchasable","28":"product-type-simple"},"acf":[],"yoast_head":"<!-- This site is optimized with the Yoast SEO plugin v27.4 - https:\/\/yoast.com\/product\/yoast-seo-wordpress\/ -->\n<title>Photo Rag Matt Baryta 308 | Matt baryta fine art | PIGS<\/title>\n<meta name=\"description\" content=\"Matt baryta-bomullspapir (308 gsm) uten OBA. Finkornet overflate og subtil glans i trykte flater \u2013 premium til foto og sort-hvitt.\" \/>\n<meta name=\"robots\" content=\"index, follow, max-snippet:-1, max-image-preview:large, max-video-preview:-1\" \/>\n<link rel=\"canonical\" href=\"https:\/\/staging.pigs.no\/sv\/product-2\/hahnemuehle-matt-baryta-308\/\" \/>\n<meta property=\"og:locale\" content=\"sv_SE\" \/>\n<meta property=\"og:type\" content=\"article\" \/>\n<meta property=\"og:title\" content=\"Photo Rag Matt Baryta 308 | Matt baryta fine art | PIGS\" \/>\n<meta property=\"og:description\" content=\"Matt baryta-bomullspapir (308 gsm) uten OBA. Finkornet overflate og subtil glans i trykte flater \u2013 premium til foto og sort-hvitt.\" \/>\n<meta property=\"og:url\" content=\"https:\/\/staging.pigs.no\/sv\/product-2\/hahnemuehle-matt-baryta-308\/\" \/>\n<meta property=\"og:site_name\" content=\"PIGS\" \/>\n<meta property=\"article:publisher\" content=\"https:\/\/www.facebook.com\/PIGSimagingAS\" \/>\n<meta property=\"article:modified_time\" content=\"2026-01-19T22:33:28+00:00\" \/>\n<meta property=\"og:image\" content=\"https:\/\/staging.pigs.no\/wp-content\/uploads\/2024\/02\/PIGS-imaging-HA-PRMB308-e1708514603592.jpeg\" \/>\n\t<meta property=\"og:image:width\" content=\"998\" \/>\n\t<meta property=\"og:image:height\" content=\"998\" \/>\n\t<meta property=\"og:image:type\" content=\"image\/jpeg\" \/>\n<meta name=\"twitter:card\" content=\"summary_large_image\" \/>\n<meta name=\"twitter:label1\" content=\"Ber\u00e4knad l\u00e4stid\" \/>\n\t<meta name=\"twitter:data1\" content=\"1 minut\" \/>\n<script type=\"application\/ld+json\" class=\"yoast-schema-graph\">{\"@context\":\"https:\\\/\\\/schema.org\",\"@graph\":[{\"@type\":\"WebPage\",\"@id\":\"https:\\\/\\\/staging.pigs.no\\\/produkt\\\/hahnemuehle-matt-baryta-308\\\/\",\"url\":\"https:\\\/\\\/staging.pigs.no\\\/produkt\\\/hahnemuehle-matt-baryta-308\\\/\",\"name\":\"Photo Rag Matt Baryta 308 | Matt baryta fine art | PIGS\",\"isPartOf\":{\"@id\":\"https:\\\/\\\/pigs.no\\\/#website\"},\"primaryImageOfPage\":{\"@id\":\"https:\\\/\\\/staging.pigs.no\\\/produkt\\\/hahnemuehle-matt-baryta-308\\\/#primaryimage\"},\"image\":{\"@id\":\"https:\\\/\\\/staging.pigs.no\\\/produkt\\\/hahnemuehle-matt-baryta-308\\\/#primaryimage\"},\"thumbnailUrl\":\"https:\\\/\\\/staging.pigs.no\\\/wp-content\\\/uploads\\\/2024\\\/02\\\/PIGS-imaging-HA-PRMB308-e1708514603592.jpeg\",\"datePublished\":\"2024-02-21T11:07:05+00:00\",\"dateModified\":\"2026-01-19T22:33:28+00:00\",\"description\":\"Matt baryta-bomullspapir (308 gsm) uten OBA. Finkornet overflate og subtil glans i trykte flater \u2013 premium til foto og sort-hvitt.\",\"breadcrumb\":{\"@id\":\"https:\\\/\\\/staging.pigs.no\\\/produkt\\\/hahnemuehle-matt-baryta-308\\\/#breadcrumb\"},\"inLanguage\":\"sv-SE\",\"potentialAction\":[{\"@type\":\"ReadAction\",\"target\":[\"https:\\\/\\\/staging.pigs.no\\\/produkt\\\/hahnemuehle-matt-baryta-308\\\/\"]}]},{\"@type\":\"ImageObject\",\"inLanguage\":\"sv-SE\",\"@id\":\"https:\\\/\\\/staging.pigs.no\\\/produkt\\\/hahnemuehle-matt-baryta-308\\\/#primaryimage\",\"url\":\"https:\\\/\\\/staging.pigs.no\\\/wp-content\\\/uploads\\\/2024\\\/02\\\/PIGS-imaging-HA-PRMB308-e1708514603592.jpeg\",\"contentUrl\":\"https:\\\/\\\/staging.pigs.no\\\/wp-content\\\/uploads\\\/2024\\\/02\\\/PIGS-imaging-HA-PRMB308-e1708514603592.jpeg\",\"width\":998,\"height\":998,\"caption\":\"Hahnem\u00fchle PhotoRag Matt Baryta\"},{\"@type\":\"BreadcrumbList\",\"@id\":\"https:\\\/\\\/staging.pigs.no\\\/produkt\\\/hahnemuehle-matt-baryta-308\\\/#breadcrumb\",\"itemListElement\":[{\"@type\":\"ListItem\",\"position\":1,\"name\":\"Home\",\"item\":\"https:\\\/\\\/staging.pigs.no\\\/\"},{\"@type\":\"ListItem\",\"position\":2,\"name\":\"Shop\",\"item\":\"https:\\\/\\\/pigs.no\\\/nettbutikk\\\/\"},{\"@type\":\"ListItem\",\"position\":3,\"name\":\"Hahnem\u00fchle PhotoRag Matt Baryta 308\"}]},{\"@type\":\"WebSite\",\"@id\":\"https:\\\/\\\/pigs.no\\\/#website\",\"url\":\"https:\\\/\\\/pigs.no\\\/\",\"name\":\"PIGS\",\"description\":\"Digitaltrykk\",\"publisher\":{\"@id\":\"https:\\\/\\\/pigs.no\\\/#organization\"},\"potentialAction\":[{\"@type\":\"SearchAction\",\"target\":{\"@type\":\"EntryPoint\",\"urlTemplate\":\"https:\\\/\\\/pigs.no\\\/?s={search_term_string}\"},\"query-input\":{\"@type\":\"PropertyValueSpecification\",\"valueRequired\":true,\"valueName\":\"search_term_string\"}}],\"inLanguage\":\"sv-SE\"},{\"@type\":\"Organization\",\"@id\":\"https:\\\/\\\/pigs.no\\\/#organization\",\"name\":\"PIGS\",\"url\":\"https:\\\/\\\/pigs.no\\\/\",\"logo\":{\"@type\":\"ImageObject\",\"inLanguage\":\"sv-SE\",\"@id\":\"https:\\\/\\\/pigs.no\\\/#\\\/schema\\\/logo\\\/image\\\/\",\"url\":\"https:\\\/\\\/staging.pigs.no\\\/wp-content\\\/uploads\\\/2023\\\/09\\\/PIGS-logo_2023-transparent.png\",\"contentUrl\":\"https:\\\/\\\/staging.pigs.no\\\/wp-content\\\/uploads\\\/2023\\\/09\\\/PIGS-logo_2023-transparent.png\",\"width\":1000,\"height\":461,\"caption\":\"PIGS\"},\"image\":{\"@id\":\"https:\\\/\\\/pigs.no\\\/#\\\/schema\\\/logo\\\/image\\\/\"},\"sameAs\":[\"https:\\\/\\\/www.facebook.com\\\/PIGSimagingAS\"]}]}<\/script>\n<!-- \/ Yoast SEO plugin. -->","yoast_head_json":{"title":"Photo Rag Matt Baryta 308 | Matt baryta fine art | PIGS","description":"Matt barytabomullspapper (308 g\/m\u00b2) utan OBA. Finkornig yta och subtil glans i tryckta omr\u00e5den - premium f\u00f6r foto och svartvitt.","robots":{"index":"index","follow":"follow","max-snippet":"max-snippet:-1","max-image-preview":"max-image-preview:large","max-video-preview":"max-video-preview:-1"},"canonical":"https:\/\/staging.pigs.no\/sv\/product-2\/hahnemuehle-matt-baryta-308\/","og_locale":"sv_SE","og_type":"article","og_title":"Photo Rag Matt Baryta 308 | Matt baryta fine art | PIGS","og_description":"Matt baryta-bomullspapir (308 gsm) uten OBA. Finkornet overflate og subtil glans i trykte flater \u2013 premium til foto og sort-hvitt.","og_url":"https:\/\/staging.pigs.no\/sv\/product-2\/hahnemuehle-matt-baryta-308\/","og_site_name":"PIGS","article_publisher":"https:\/\/www.facebook.com\/PIGSimagingAS","article_modified_time":"2026-01-19T22:33:28+00:00","og_image":[{"width":998,"height":998,"url":"https:\/\/staging.pigs.no\/wp-content\/uploads\/2024\/02\/PIGS-imaging-HA-PRMB308-e1708514603592.jpeg","type":"image\/jpeg"}],"twitter_card":"summary_large_image","twitter_misc":{"Ber\u00e4knad l\u00e4stid":"1 minut"},"schema":{"@context":"https:\/\/schema.org","@graph":[{"@type":"WebPage","@id":"https:\/\/staging.pigs.no\/produkt\/hahnemuehle-matt-baryta-308\/","url":"https:\/\/staging.pigs.no\/produkt\/hahnemuehle-matt-baryta-308\/","name":"Photo Rag Matt Baryta 308 | Matt baryta fine art | PIGS","isPartOf":{"@id":"https:\/\/pigs.no\/#website"},"primaryImageOfPage":{"@id":"https:\/\/staging.pigs.no\/produkt\/hahnemuehle-matt-baryta-308\/#primaryimage"},"image":{"@id":"https:\/\/staging.pigs.no\/produkt\/hahnemuehle-matt-baryta-308\/#primaryimage"},"thumbnailUrl":"https:\/\/staging.pigs.no\/wp-content\/uploads\/2024\/02\/PIGS-imaging-HA-PRMB308-e1708514603592.jpeg","datePublished":"2024-02-21T11:07:05+00:00","dateModified":"2026-01-19T22:33:28+00:00","description":"Matt barytabomullspapper (308 g\/m\u00b2) utan OBA. Finkornig yta och subtil glans i tryckta omr\u00e5den - premium f\u00f6r foto och svartvitt.","breadcrumb":{"@id":"https:\/\/staging.pigs.no\/produkt\/hahnemuehle-matt-baryta-308\/#breadcrumb"},"inLanguage":"sv-SE","potentialAction":[{"@type":"ReadAction","target":["https:\/\/staging.pigs.no\/produkt\/hahnemuehle-matt-baryta-308\/"]}]},{"@type":"ImageObject","inLanguage":"sv-SE","@id":"https:\/\/staging.pigs.no\/produkt\/hahnemuehle-matt-baryta-308\/#primaryimage","url":"https:\/\/staging.pigs.no\/wp-content\/uploads\/2024\/02\/PIGS-imaging-HA-PRMB308-e1708514603592.jpeg","contentUrl":"https:\/\/staging.pigs.no\/wp-content\/uploads\/2024\/02\/PIGS-imaging-HA-PRMB308-e1708514603592.jpeg","width":998,"height":998,"caption":"Hahnem\u00fchle PhotoRag Matt Baryta"},{"@type":"BreadcrumbList","@id":"https:\/\/staging.pigs.no\/produkt\/hahnemuehle-matt-baryta-308\/#breadcrumb","itemListElement":[{"@type":"ListItem","position":1,"name":"Home","item":"https:\/\/staging.pigs.no\/"},{"@type":"ListItem","position":2,"name":"Shop","item":"https:\/\/pigs.no\/nettbutikk\/"},{"@type":"ListItem","position":3,"name":"Hahnem\u00fchle PhotoRag Matt Baryta 308"}]},{"@type":"WebSite","@id":"https:\/\/pigs.no\/#website","url":"https:\/\/pigs.no\/","name":"PIGS","description":"Digitaltrykk","publisher":{"@id":"https:\/\/pigs.no\/#organization"},"potentialAction":[{"@type":"SearchAction","target":{"@type":"EntryPoint","urlTemplate":"https:\/\/pigs.no\/?s={search_term_string}"},"query-input":{"@type":"PropertyValueSpecification","valueRequired":true,"valueName":"search_term_string"}}],"inLanguage":"sv-SE"},{"@type":"Organization","@id":"https:\/\/pigs.no\/#organization","name":"PIGS","url":"https:\/\/pigs.no\/","logo":{"@type":"ImageObject","inLanguage":"sv-SE","@id":"https:\/\/pigs.no\/#\/schema\/logo\/image\/","url":"https:\/\/staging.pigs.no\/wp-content\/uploads\/2023\/09\/PIGS-logo_2023-transparent.png","contentUrl":"https:\/\/staging.pigs.no\/wp-content\/uploads\/2023\/09\/PIGS-logo_2023-transparent.png","width":1000,"height":461,"caption":"PIGS"},"image":{"@id":"https:\/\/pigs.no\/#\/schema\/logo\/image\/"},"sameAs":["https:\/\/www.facebook.com\/PIGSimagingAS"]}]}},"_links":{"self":[{"href":"https:\/\/staging.pigs.no\/sv\/wp-json\/wp\/v2\/product\/10436","targetHints":{"allow":["GET"]}}],"collection":[{"href":"https:\/\/staging.pigs.no\/sv\/wp-json\/wp\/v2\/product"}],"about":[{"href":"https:\/\/staging.pigs.no\/sv\/wp-json\/wp\/v2\/types\/product"}],"version-history":[{"count":5,"href":"https:\/\/staging.pigs.no\/sv\/wp-json\/wp\/v2\/product\/10436\/revisions"}],"predecessor-version":[{"id":13460,"href":"https:\/\/staging.pigs.no\/sv\/wp-json\/wp\/v2\/product\/10436\/revisions\/13460"}],"wp:featuredmedia":[{"embeddable":true,"href":"https:\/\/staging.pigs.no\/sv\/wp-json\/wp\/v2\/media\/10438"}],"wp:attachment":[{"href":"https:\/\/staging.pigs.no\/sv\/wp-json\/wp\/v2\/media?parent=10436"}],"wp:term":[{"taxonomy":"product_brand","embeddable":true,"href":"https:\/\/staging.pigs.no\/sv\/wp-json\/wp\/v2\/product_brand?post=10436"},{"taxonomy":"product_cat","embeddable":true,"href":"https:\/\/staging.pigs.no\/sv\/wp-json\/wp\/v2\/product_cat?post=10436"},{"taxonomy":"product_tag","embeddable":true,"href":"https:\/\/staging.pigs.no\/sv\/wp-json\/wp\/v2\/product_tag?post=10436"}],"curies":[{"name":"wp","href":"https:\/\/api.w.org\/{rel}","templated":true}]}}