{"id":10782,"date":"2024-08-12T11:52:58","date_gmt":"2024-08-12T11:52:58","guid":{"rendered":"https:\/\/staging.pigs.no\/?post_type=product&#038;p=10782"},"modified":"2026-01-13T15:05:32","modified_gmt":"2026-01-13T15:05:32","slug":"tapetboerste","status":"publish","type":"product","link":"https:\/\/staging.pigs.no\/sv\/produkt\/tapetboerste\/","title":{"rendered":"Tapetborste 3-radig"},"content":{"rendered":"<p>Tapetb\u00f8rste med syntetbust som hjelper deg med \u00e5 jevne ut tapeten for \u00e5 unng\u00e5 bobler, folder og ujevnheter. Stanset med 3 rader med bust, inkludert syntetbust.<\/p>","protected":false},"excerpt":{"rendered":"<p>Tapetb\u00f8rste med syntetbust som hjelper deg med \u00e5 jevne ut tapeten for \u00e5 unng\u00e5 bobler, folder og ujevnheter. Stanset med 3 rader med bust, inkludert syntetbust.<\/p>","protected":false},"featured_media":10783,"template":"","meta":{"_acf_changed":false},"product_brand":[],"product_cat":[144],"product_tag":[142,148,146,143],"class_list":{"0":"post-10782","1":"product","2":"type-product","3":"status-publish","4":"has-post-thumbnail","6":"product_cat-tilbehoer","7":"product_tag-fototapet","8":"product_tag-tapet","9":"product_tag-tapetborste","10":"product_tag-tilbehoer","12":"first","13":"instock","14":"sold-individually","15":"taxable","16":"shipping-taxable","17":"purchasable","18":"product-type-simple"},"acf":[],"yoast_head":"<!-- This site is optimized with the Yoast SEO plugin v27.4 - https:\/\/yoast.com\/product\/yoast-seo-wordpress\/ -->\n<title>Tapetb\u00f8rste 3-rads - PIGS<\/title>\n<meta name=\"description\" content=\"Tapetb\u00f8rste med syntetbust som hjelper deg med \u00e5 jevne ut tapeten for \u00e5 unng\u00e5 bobler, folder og ujevnheter. Stanset med 3 rader med bust.\" \/>\n<meta name=\"robots\" content=\"index, follow, max-snippet:-1, max-image-preview:large, max-video-preview:-1\" \/>\n<link rel=\"canonical\" href=\"https:\/\/staging.pigs.no\/sv\/product-2\/tapetboerste\/\" \/>\n<meta property=\"og:locale\" content=\"sv_SE\" \/>\n<meta property=\"og:type\" content=\"article\" \/>\n<meta property=\"og:title\" content=\"Tapetb\u00f8rste 3-rads - PIGS\" \/>\n<meta property=\"og:description\" content=\"Tapetb\u00f8rste med syntetbust som hjelper deg med \u00e5 jevne ut tapeten for \u00e5 unng\u00e5 bobler, folder og ujevnheter. Stanset med 3 rader med bust.\" \/>\n<meta property=\"og:url\" content=\"https:\/\/staging.pigs.no\/sv\/product-2\/tapetboerste\/\" \/>\n<meta property=\"og:site_name\" content=\"PIGS\" \/>\n<meta property=\"article:publisher\" content=\"https:\/\/www.facebook.com\/PIGSimagingAS\" \/>\n<meta property=\"article:modified_time\" content=\"2026-01-13T15:05:32+00:00\" \/>\n<meta property=\"og:image\" content=\"https:\/\/staging.pigs.no\/wp-content\/uploads\/2024\/08\/Pigs-imaging-tapetboerste.jpg\" \/>\n\t<meta property=\"og:image:width\" content=\"800\" \/>\n\t<meta property=\"og:image:height\" content=\"557\" \/>\n\t<meta property=\"og:image:type\" content=\"image\/jpeg\" \/>\n<meta name=\"twitter:card\" content=\"summary_large_image\" \/>\n<meta name=\"twitter:label1\" content=\"Ber\u00e4knad l\u00e4stid\" \/>\n\t<meta name=\"twitter:data1\" content=\"1 minut\" \/>\n<script type=\"application\/ld+json\" class=\"yoast-schema-graph\">{\"@context\":\"https:\\\/\\\/schema.org\",\"@graph\":[{\"@type\":\"WebPage\",\"@id\":\"https:\\\/\\\/staging.pigs.no\\\/produkt\\\/tapetboerste\\\/\",\"url\":\"https:\\\/\\\/staging.pigs.no\\\/produkt\\\/tapetboerste\\\/\",\"name\":\"Tapetb\u00f8rste 3-rads - PIGS\",\"isPartOf\":{\"@id\":\"https:\\\/\\\/pigs.no\\\/#website\"},\"primaryImageOfPage\":{\"@id\":\"https:\\\/\\\/staging.pigs.no\\\/produkt\\\/tapetboerste\\\/#primaryimage\"},\"image\":{\"@id\":\"https:\\\/\\\/staging.pigs.no\\\/produkt\\\/tapetboerste\\\/#primaryimage\"},\"thumbnailUrl\":\"https:\\\/\\\/staging.pigs.no\\\/wp-content\\\/uploads\\\/2024\\\/08\\\/Pigs-imaging-tapetboerste.jpg\",\"datePublished\":\"2024-08-12T11:52:58+00:00\",\"dateModified\":\"2026-01-13T15:05:32+00:00\",\"description\":\"Tapetb\u00f8rste med syntetbust som hjelper deg med \u00e5 jevne ut tapeten for \u00e5 unng\u00e5 bobler, folder og ujevnheter. Stanset med 3 rader med bust.\",\"breadcrumb\":{\"@id\":\"https:\\\/\\\/staging.pigs.no\\\/produkt\\\/tapetboerste\\\/#breadcrumb\"},\"inLanguage\":\"sv-SE\",\"potentialAction\":[{\"@type\":\"ReadAction\",\"target\":[\"https:\\\/\\\/staging.pigs.no\\\/produkt\\\/tapetboerste\\\/\"]}]},{\"@type\":\"ImageObject\",\"inLanguage\":\"sv-SE\",\"@id\":\"https:\\\/\\\/staging.pigs.no\\\/produkt\\\/tapetboerste\\\/#primaryimage\",\"url\":\"https:\\\/\\\/staging.pigs.no\\\/wp-content\\\/uploads\\\/2024\\\/08\\\/Pigs-imaging-tapetboerste.jpg\",\"contentUrl\":\"https:\\\/\\\/staging.pigs.no\\\/wp-content\\\/uploads\\\/2024\\\/08\\\/Pigs-imaging-tapetboerste.jpg\",\"width\":800,\"height\":557,\"caption\":\"tapetb\u00f8rste\"},{\"@type\":\"BreadcrumbList\",\"@id\":\"https:\\\/\\\/staging.pigs.no\\\/produkt\\\/tapetboerste\\\/#breadcrumb\",\"itemListElement\":[{\"@type\":\"ListItem\",\"position\":1,\"name\":\"Home\",\"item\":\"https:\\\/\\\/staging.pigs.no\\\/\"},{\"@type\":\"ListItem\",\"position\":2,\"name\":\"Shop\",\"item\":\"https:\\\/\\\/pigs.no\\\/nettbutikk\\\/\"},{\"@type\":\"ListItem\",\"position\":3,\"name\":\"Tapetb\u00f8rste 3-rads\"}]},{\"@type\":\"WebSite\",\"@id\":\"https:\\\/\\\/pigs.no\\\/#website\",\"url\":\"https:\\\/\\\/pigs.no\\\/\",\"name\":\"PIGS\",\"description\":\"Digitaltrykk\",\"publisher\":{\"@id\":\"https:\\\/\\\/pigs.no\\\/#organization\"},\"potentialAction\":[{\"@type\":\"SearchAction\",\"target\":{\"@type\":\"EntryPoint\",\"urlTemplate\":\"https:\\\/\\\/pigs.no\\\/?s={search_term_string}\"},\"query-input\":{\"@type\":\"PropertyValueSpecification\",\"valueRequired\":true,\"valueName\":\"search_term_string\"}}],\"inLanguage\":\"sv-SE\"},{\"@type\":\"Organization\",\"@id\":\"https:\\\/\\\/pigs.no\\\/#organization\",\"name\":\"PIGS\",\"url\":\"https:\\\/\\\/pigs.no\\\/\",\"logo\":{\"@type\":\"ImageObject\",\"inLanguage\":\"sv-SE\",\"@id\":\"https:\\\/\\\/pigs.no\\\/#\\\/schema\\\/logo\\\/image\\\/\",\"url\":\"https:\\\/\\\/staging.pigs.no\\\/wp-content\\\/uploads\\\/2023\\\/09\\\/PIGS-logo_2023-transparent.png\",\"contentUrl\":\"https:\\\/\\\/staging.pigs.no\\\/wp-content\\\/uploads\\\/2023\\\/09\\\/PIGS-logo_2023-transparent.png\",\"width\":1000,\"height\":461,\"caption\":\"PIGS\"},\"image\":{\"@id\":\"https:\\\/\\\/pigs.no\\\/#\\\/schema\\\/logo\\\/image\\\/\"},\"sameAs\":[\"https:\\\/\\\/www.facebook.com\\\/PIGSimagingAS\"]}]}<\/script>\n<!-- \/ Yoast SEO plugin. -->","yoast_head_json":{"title":"Tapetb\u00f8rste 3-rads - PIGS","description":"Tapetb\u00f8rste med syntetbust som hjelper deg med \u00e5 jevne ut tapeten for \u00e5 unng\u00e5 bobler, folder og ujevnheter. Stanset med 3 rader med bust.","robots":{"index":"index","follow":"follow","max-snippet":"max-snippet:-1","max-image-preview":"max-image-preview:large","max-video-preview":"max-video-preview:-1"},"canonical":"https:\/\/staging.pigs.no\/sv\/product-2\/tapetboerste\/","og_locale":"sv_SE","og_type":"article","og_title":"Tapetb\u00f8rste 3-rads - PIGS","og_description":"Tapetb\u00f8rste med syntetbust som hjelper deg med \u00e5 jevne ut tapeten for \u00e5 unng\u00e5 bobler, folder og ujevnheter. Stanset med 3 rader med bust.","og_url":"https:\/\/staging.pigs.no\/sv\/product-2\/tapetboerste\/","og_site_name":"PIGS","article_publisher":"https:\/\/www.facebook.com\/PIGSimagingAS","article_modified_time":"2026-01-13T15:05:32+00:00","og_image":[{"width":800,"height":557,"url":"https:\/\/staging.pigs.no\/wp-content\/uploads\/2024\/08\/Pigs-imaging-tapetboerste.jpg","type":"image\/jpeg"}],"twitter_card":"summary_large_image","twitter_misc":{"Ber\u00e4knad l\u00e4stid":"1 minut"},"schema":{"@context":"https:\/\/schema.org","@graph":[{"@type":"WebPage","@id":"https:\/\/staging.pigs.no\/produkt\/tapetboerste\/","url":"https:\/\/staging.pigs.no\/produkt\/tapetboerste\/","name":"Tapetb\u00f8rste 3-rads - PIGS","isPartOf":{"@id":"https:\/\/pigs.no\/#website"},"primaryImageOfPage":{"@id":"https:\/\/staging.pigs.no\/produkt\/tapetboerste\/#primaryimage"},"image":{"@id":"https:\/\/staging.pigs.no\/produkt\/tapetboerste\/#primaryimage"},"thumbnailUrl":"https:\/\/staging.pigs.no\/wp-content\/uploads\/2024\/08\/Pigs-imaging-tapetboerste.jpg","datePublished":"2024-08-12T11:52:58+00:00","dateModified":"2026-01-13T15:05:32+00:00","description":"Tapetb\u00f8rste med syntetbust som hjelper deg med \u00e5 jevne ut tapeten for \u00e5 unng\u00e5 bobler, folder og ujevnheter. Stanset med 3 rader med bust.","breadcrumb":{"@id":"https:\/\/staging.pigs.no\/produkt\/tapetboerste\/#breadcrumb"},"inLanguage":"sv-SE","potentialAction":[{"@type":"ReadAction","target":["https:\/\/staging.pigs.no\/produkt\/tapetboerste\/"]}]},{"@type":"ImageObject","inLanguage":"sv-SE","@id":"https:\/\/staging.pigs.no\/produkt\/tapetboerste\/#primaryimage","url":"https:\/\/staging.pigs.no\/wp-content\/uploads\/2024\/08\/Pigs-imaging-tapetboerste.jpg","contentUrl":"https:\/\/staging.pigs.no\/wp-content\/uploads\/2024\/08\/Pigs-imaging-tapetboerste.jpg","width":800,"height":557,"caption":"tapetb\u00f8rste"},{"@type":"BreadcrumbList","@id":"https:\/\/staging.pigs.no\/produkt\/tapetboerste\/#breadcrumb","itemListElement":[{"@type":"ListItem","position":1,"name":"Home","item":"https:\/\/staging.pigs.no\/"},{"@type":"ListItem","position":2,"name":"Shop","item":"https:\/\/pigs.no\/nettbutikk\/"},{"@type":"ListItem","position":3,"name":"Tapetb\u00f8rste 3-rads"}]},{"@type":"WebSite","@id":"https:\/\/pigs.no\/#website","url":"https:\/\/pigs.no\/","name":"PIGS","description":"Digitaltrykk","publisher":{"@id":"https:\/\/pigs.no\/#organization"},"potentialAction":[{"@type":"SearchAction","target":{"@type":"EntryPoint","urlTemplate":"https:\/\/pigs.no\/?s={search_term_string}"},"query-input":{"@type":"PropertyValueSpecification","valueRequired":true,"valueName":"search_term_string"}}],"inLanguage":"sv-SE"},{"@type":"Organization","@id":"https:\/\/pigs.no\/#organization","name":"PIGS","url":"https:\/\/pigs.no\/","logo":{"@type":"ImageObject","inLanguage":"sv-SE","@id":"https:\/\/pigs.no\/#\/schema\/logo\/image\/","url":"https:\/\/staging.pigs.no\/wp-content\/uploads\/2023\/09\/PIGS-logo_2023-transparent.png","contentUrl":"https:\/\/staging.pigs.no\/wp-content\/uploads\/2023\/09\/PIGS-logo_2023-transparent.png","width":1000,"height":461,"caption":"PIGS"},"image":{"@id":"https:\/\/pigs.no\/#\/schema\/logo\/image\/"},"sameAs":["https:\/\/www.facebook.com\/PIGSimagingAS"]}]}},"_links":{"self":[{"href":"https:\/\/staging.pigs.no\/sv\/wp-json\/wp\/v2\/product\/10782","targetHints":{"allow":["GET"]}}],"collection":[{"href":"https:\/\/staging.pigs.no\/sv\/wp-json\/wp\/v2\/product"}],"about":[{"href":"https:\/\/staging.pigs.no\/sv\/wp-json\/wp\/v2\/types\/product"}],"version-history":[{"count":3,"href":"https:\/\/staging.pigs.no\/sv\/wp-json\/wp\/v2\/product\/10782\/revisions"}],"predecessor-version":[{"id":10791,"href":"https:\/\/staging.pigs.no\/sv\/wp-json\/wp\/v2\/product\/10782\/revisions\/10791"}],"wp:featuredmedia":[{"embeddable":true,"href":"https:\/\/staging.pigs.no\/sv\/wp-json\/wp\/v2\/media\/10783"}],"wp:attachment":[{"href":"https:\/\/staging.pigs.no\/sv\/wp-json\/wp\/v2\/media?parent=10782"}],"wp:term":[{"taxonomy":"product_brand","embeddable":true,"href":"https:\/\/staging.pigs.no\/sv\/wp-json\/wp\/v2\/product_brand?post=10782"},{"taxonomy":"product_cat","embeddable":true,"href":"https:\/\/staging.pigs.no\/sv\/wp-json\/wp\/v2\/product_cat?post=10782"},{"taxonomy":"product_tag","embeddable":true,"href":"https:\/\/staging.pigs.no\/sv\/wp-json\/wp\/v2\/product_tag?post=10782"}],"curies":[{"name":"wp","href":"https:\/\/api.w.org\/{rel}","templated":true}]}}