{"id":13504,"date":"2026-01-20T12:19:09","date_gmt":"2026-01-20T12:19:09","guid":{"rendered":"https:\/\/staging.pigs.no\/?post_type=product&#038;p=13504"},"modified":"2026-01-21T20:47:21","modified_gmt":"2026-01-21T20:47:21","slug":"gratis-ektetsbevis-coa","status":"publish","type":"product","link":"https:\/\/staging.pigs.no\/sv\/produkt\/gratis-ektetsbevis-coa\/","title":{"rendered":"Gratis \u00e4kthetsintyg A4"},"content":{"rendered":"<p>Gratis \u00e4kthetsintyg ing\u00e5r n\u00e4r du f\u00e5r ditt konstverk tryckt hos PIGS. Certifikatet ger en enkel, professionell dokumentation som du sj\u00e4lv kan fylla i f\u00f6r varje konstverk.<\/p>\n<p data-start=\"702\" data-end=\"730\"><strong data-start=\"702\" data-end=\"730\">Detaljer:<\/strong><\/p>\n<ul data-start=\"732\" data-end=\"1045\">\n<li data-start=\"732\" data-end=\"764\">\n<p data-start=\"734\" data-end=\"764\">Tryckt i A4 p\u00e5 140 g inkjetpapper<\/p>\n<\/li>\n<li data-start=\"765\" data-end=\"819\">\n<p data-start=\"767\" data-end=\"819\">Mall med f\u00e4lt f\u00f6r titel, artist, \u00e5r, utg\u00e5va etc.<\/p>\n<\/li>\n<li data-start=\"820\" data-end=\"878\">\n<p data-start=\"822\" data-end=\"878\">Ingen bildikon - du kan anv\u00e4nda samma mall f\u00f6r flera verk<\/p>\n<\/li>\n<li data-start=\"879\" data-end=\"937\">\n<p data-start=\"881\" data-end=\"937\">Med PIGS logotyp och text som h\u00e4nvisar till PIGS digitaltryck<\/p>\n<\/li>\n<li data-start=\"938\" data-end=\"977\">\n<p data-start=\"940\" data-end=\"977\">P\u00e5 norska eller engelska<\/p>\n<\/li>\n<li data-start=\"938\" data-end=\"977\">Pris: <strong data-start=\"986\" data-end=\"996\">kr 0,-<\/strong> (kostnadsfritt vid best\u00e4llning av digitaltryck fr\u00e5n PIGS)<\/li>\n<\/ul>","protected":false},"excerpt":{"rendered":"<p>Gratis \u00e4kthetsintyg ing\u00e5r n\u00e4r du f\u00e5r ditt konstverk tryckt hos PIGS. Certifikatet ger en enkel, professionell dokumentation som du sj\u00e4lv kan fylla i f\u00f6r varje konstverk.<\/p>","protected":false},"featured_media":13596,"template":"","meta":{"_acf_changed":false},"product_brand":[],"product_cat":[177],"product_tag":[175,174,176],"class_list":{"0":"post-13504","1":"product","2":"type-product","3":"status-publish","4":"has-post-thumbnail","6":"product_cat-gratis","7":"product_tag-certificate-of-authenticity","8":"product_tag-coa","9":"product_tag-ekthetsbevis","11":"first","12":"instock","13":"taxable","14":"shipping-taxable","15":"purchasable","16":"product-type-simple"},"acf":[],"yoast_head":"<!-- This site is optimized with the Yoast SEO plugin v27.4 - https:\/\/yoast.com\/product\/yoast-seo-wordpress\/ -->\n<title>Gratis ekthetsbevis (CoA) | Enkelt og raskt | PIGS<\/title>\n<meta name=\"description\" content=\"Gratis ekthetsbevis (CoA) for kunst og foto. En enkel, n\u00f8ytral mal du kan bestille raskt p\u00e5 nett \u2013 klart til signering og bruk.\" \/>\n<meta name=\"robots\" content=\"index, follow, max-snippet:-1, max-image-preview:large, max-video-preview:-1\" \/>\n<link rel=\"canonical\" href=\"https:\/\/staging.pigs.no\/sv\/product-2\/gratis-ektetsbevis-coa\/\" \/>\n<meta property=\"og:locale\" content=\"sv_SE\" \/>\n<meta property=\"og:type\" content=\"article\" \/>\n<meta property=\"og:title\" content=\"Gratis ekthetsbevis (CoA) | Enkelt og raskt | PIGS\" \/>\n<meta property=\"og:description\" content=\"Gratis ekthetsbevis (CoA) for kunst og foto. En enkel, n\u00f8ytral mal du kan bestille raskt p\u00e5 nett \u2013 klart til signering og bruk.\" \/>\n<meta property=\"og:url\" content=\"https:\/\/staging.pigs.no\/sv\/product-2\/gratis-ektetsbevis-coa\/\" \/>\n<meta property=\"og:site_name\" content=\"PIGS\" \/>\n<meta property=\"article:publisher\" content=\"https:\/\/www.facebook.com\/PIGSimagingAS\" \/>\n<meta property=\"article:modified_time\" content=\"2026-01-21T20:47:21+00:00\" \/>\n<meta property=\"og:image\" content=\"https:\/\/staging.pigs.no\/wp-content\/uploads\/2026\/01\/G1-pigs-gratis-ekthetsbevis-pigs-digitaltrykk-norsk.png\" \/>\n\t<meta property=\"og:image:width\" content=\"1600\" \/>\n\t<meta property=\"og:image:height\" content=\"1600\" \/>\n\t<meta property=\"og:image:type\" content=\"image\/png\" \/>\n<meta name=\"twitter:card\" content=\"summary_large_image\" \/>\n<meta name=\"twitter:label1\" content=\"Ber\u00e4knad l\u00e4stid\" \/>\n\t<meta name=\"twitter:data1\" content=\"1 minut\" \/>\n<script type=\"application\/ld+json\" class=\"yoast-schema-graph\">{\"@context\":\"https:\\\/\\\/schema.org\",\"@graph\":[{\"@type\":\"WebPage\",\"@id\":\"https:\\\/\\\/staging.pigs.no\\\/produkt\\\/gratis-ektetsbevis-coa\\\/\",\"url\":\"https:\\\/\\\/staging.pigs.no\\\/produkt\\\/gratis-ektetsbevis-coa\\\/\",\"name\":\"Gratis ekthetsbevis (CoA) | Enkelt og raskt | PIGS\",\"isPartOf\":{\"@id\":\"https:\\\/\\\/pigs.no\\\/#website\"},\"primaryImageOfPage\":{\"@id\":\"https:\\\/\\\/staging.pigs.no\\\/produkt\\\/gratis-ektetsbevis-coa\\\/#primaryimage\"},\"image\":{\"@id\":\"https:\\\/\\\/staging.pigs.no\\\/produkt\\\/gratis-ektetsbevis-coa\\\/#primaryimage\"},\"thumbnailUrl\":\"https:\\\/\\\/staging.pigs.no\\\/wp-content\\\/uploads\\\/2026\\\/01\\\/G1-pigs-gratis-ekthetsbevis-pigs-digitaltrykk-norsk.png\",\"datePublished\":\"2026-01-20T12:19:09+00:00\",\"dateModified\":\"2026-01-21T20:47:21+00:00\",\"description\":\"Gratis ekthetsbevis (CoA) for kunst og foto. En enkel, n\u00f8ytral mal du kan bestille raskt p\u00e5 nett \u2013 klart til signering og bruk.\",\"breadcrumb\":{\"@id\":\"https:\\\/\\\/staging.pigs.no\\\/produkt\\\/gratis-ektetsbevis-coa\\\/#breadcrumb\"},\"inLanguage\":\"sv-SE\",\"potentialAction\":[{\"@type\":\"ReadAction\",\"target\":[\"https:\\\/\\\/staging.pigs.no\\\/produkt\\\/gratis-ektetsbevis-coa\\\/\"]}]},{\"@type\":\"ImageObject\",\"inLanguage\":\"sv-SE\",\"@id\":\"https:\\\/\\\/staging.pigs.no\\\/produkt\\\/gratis-ektetsbevis-coa\\\/#primaryimage\",\"url\":\"https:\\\/\\\/staging.pigs.no\\\/wp-content\\\/uploads\\\/2026\\\/01\\\/G1-pigs-gratis-ekthetsbevis-pigs-digitaltrykk-norsk.png\",\"contentUrl\":\"https:\\\/\\\/staging.pigs.no\\\/wp-content\\\/uploads\\\/2026\\\/01\\\/G1-pigs-gratis-ekthetsbevis-pigs-digitaltrykk-norsk.png\",\"width\":1600,\"height\":1600,\"caption\":\"Gratis ekthetsbevis med PIGS-logo\"},{\"@type\":\"BreadcrumbList\",\"@id\":\"https:\\\/\\\/staging.pigs.no\\\/produkt\\\/gratis-ektetsbevis-coa\\\/#breadcrumb\",\"itemListElement\":[{\"@type\":\"ListItem\",\"position\":1,\"name\":\"Home\",\"item\":\"https:\\\/\\\/staging.pigs.no\\\/\"},{\"@type\":\"ListItem\",\"position\":2,\"name\":\"Shop\",\"item\":\"https:\\\/\\\/pigs.no\\\/nettbutikk\\\/\"},{\"@type\":\"ListItem\",\"position\":3,\"name\":\"Gratis Ekthetsbevis (Certificate of Authenticity) A4\"}]},{\"@type\":\"WebSite\",\"@id\":\"https:\\\/\\\/pigs.no\\\/#website\",\"url\":\"https:\\\/\\\/pigs.no\\\/\",\"name\":\"PIGS\",\"description\":\"Digitaltrykk\",\"publisher\":{\"@id\":\"https:\\\/\\\/pigs.no\\\/#organization\"},\"potentialAction\":[{\"@type\":\"SearchAction\",\"target\":{\"@type\":\"EntryPoint\",\"urlTemplate\":\"https:\\\/\\\/pigs.no\\\/?s={search_term_string}\"},\"query-input\":{\"@type\":\"PropertyValueSpecification\",\"valueRequired\":true,\"valueName\":\"search_term_string\"}}],\"inLanguage\":\"sv-SE\"},{\"@type\":\"Organization\",\"@id\":\"https:\\\/\\\/pigs.no\\\/#organization\",\"name\":\"PIGS\",\"url\":\"https:\\\/\\\/pigs.no\\\/\",\"logo\":{\"@type\":\"ImageObject\",\"inLanguage\":\"sv-SE\",\"@id\":\"https:\\\/\\\/pigs.no\\\/#\\\/schema\\\/logo\\\/image\\\/\",\"url\":\"https:\\\/\\\/staging.pigs.no\\\/wp-content\\\/uploads\\\/2023\\\/09\\\/PIGS-logo_2023-transparent.png\",\"contentUrl\":\"https:\\\/\\\/staging.pigs.no\\\/wp-content\\\/uploads\\\/2023\\\/09\\\/PIGS-logo_2023-transparent.png\",\"width\":1000,\"height\":461,\"caption\":\"PIGS\"},\"image\":{\"@id\":\"https:\\\/\\\/pigs.no\\\/#\\\/schema\\\/logo\\\/image\\\/\"},\"sameAs\":[\"https:\\\/\\\/www.facebook.com\\\/PIGSimagingAS\"]}]}<\/script>\n<!-- \/ Yoast SEO plugin. -->","yoast_head_json":{"title":"Gratis \u00e4kthetsintyg (CoA) | Enkelt och snabbt | PIGS","description":"Gratis \u00e4kthetsintyg (CoA) f\u00f6r konst och foton. En enkel, neutral mall som du snabbt kan best\u00e4lla online - redo att signeras och anv\u00e4ndas.","robots":{"index":"index","follow":"follow","max-snippet":"max-snippet:-1","max-image-preview":"max-image-preview:large","max-video-preview":"max-video-preview:-1"},"canonical":"https:\/\/staging.pigs.no\/sv\/product-2\/gratis-ektetsbevis-coa\/","og_locale":"sv_SE","og_type":"article","og_title":"Gratis ekthetsbevis (CoA) | Enkelt og raskt | PIGS","og_description":"Gratis ekthetsbevis (CoA) for kunst og foto. En enkel, n\u00f8ytral mal du kan bestille raskt p\u00e5 nett \u2013 klart til signering og bruk.","og_url":"https:\/\/staging.pigs.no\/sv\/product-2\/gratis-ektetsbevis-coa\/","og_site_name":"PIGS","article_publisher":"https:\/\/www.facebook.com\/PIGSimagingAS","article_modified_time":"2026-01-21T20:47:21+00:00","og_image":[{"width":1600,"height":1600,"url":"https:\/\/staging.pigs.no\/wp-content\/uploads\/2026\/01\/G1-pigs-gratis-ekthetsbevis-pigs-digitaltrykk-norsk.png","type":"image\/png"}],"twitter_card":"summary_large_image","twitter_misc":{"Ber\u00e4knad l\u00e4stid":"1 minut"},"schema":{"@context":"https:\/\/schema.org","@graph":[{"@type":"WebPage","@id":"https:\/\/staging.pigs.no\/produkt\/gratis-ektetsbevis-coa\/","url":"https:\/\/staging.pigs.no\/produkt\/gratis-ektetsbevis-coa\/","name":"Gratis \u00e4kthetsintyg (CoA) | Enkelt och snabbt | PIGS","isPartOf":{"@id":"https:\/\/pigs.no\/#website"},"primaryImageOfPage":{"@id":"https:\/\/staging.pigs.no\/produkt\/gratis-ektetsbevis-coa\/#primaryimage"},"image":{"@id":"https:\/\/staging.pigs.no\/produkt\/gratis-ektetsbevis-coa\/#primaryimage"},"thumbnailUrl":"https:\/\/staging.pigs.no\/wp-content\/uploads\/2026\/01\/G1-pigs-gratis-ekthetsbevis-pigs-digitaltrykk-norsk.png","datePublished":"2026-01-20T12:19:09+00:00","dateModified":"2026-01-21T20:47:21+00:00","description":"Gratis \u00e4kthetsintyg (CoA) f\u00f6r konst och foton. En enkel, neutral mall som du snabbt kan best\u00e4lla online - redo att signeras och anv\u00e4ndas.","breadcrumb":{"@id":"https:\/\/staging.pigs.no\/produkt\/gratis-ektetsbevis-coa\/#breadcrumb"},"inLanguage":"sv-SE","potentialAction":[{"@type":"ReadAction","target":["https:\/\/staging.pigs.no\/produkt\/gratis-ektetsbevis-coa\/"]}]},{"@type":"ImageObject","inLanguage":"sv-SE","@id":"https:\/\/staging.pigs.no\/produkt\/gratis-ektetsbevis-coa\/#primaryimage","url":"https:\/\/staging.pigs.no\/wp-content\/uploads\/2026\/01\/G1-pigs-gratis-ekthetsbevis-pigs-digitaltrykk-norsk.png","contentUrl":"https:\/\/staging.pigs.no\/wp-content\/uploads\/2026\/01\/G1-pigs-gratis-ekthetsbevis-pigs-digitaltrykk-norsk.png","width":1600,"height":1600,"caption":"Gratis ekthetsbevis med PIGS-logo"},{"@type":"BreadcrumbList","@id":"https:\/\/staging.pigs.no\/produkt\/gratis-ektetsbevis-coa\/#breadcrumb","itemListElement":[{"@type":"ListItem","position":1,"name":"Home","item":"https:\/\/staging.pigs.no\/"},{"@type":"ListItem","position":2,"name":"Shop","item":"https:\/\/pigs.no\/nettbutikk\/"},{"@type":"ListItem","position":3,"name":"Gratis Ekthetsbevis (Certificate of Authenticity) A4"}]},{"@type":"WebSite","@id":"https:\/\/pigs.no\/#website","url":"https:\/\/pigs.no\/","name":"PIGS","description":"Digitaltrykk","publisher":{"@id":"https:\/\/pigs.no\/#organization"},"potentialAction":[{"@type":"SearchAction","target":{"@type":"EntryPoint","urlTemplate":"https:\/\/pigs.no\/?s={search_term_string}"},"query-input":{"@type":"PropertyValueSpecification","valueRequired":true,"valueName":"search_term_string"}}],"inLanguage":"sv-SE"},{"@type":"Organization","@id":"https:\/\/pigs.no\/#organization","name":"PIGS","url":"https:\/\/pigs.no\/","logo":{"@type":"ImageObject","inLanguage":"sv-SE","@id":"https:\/\/pigs.no\/#\/schema\/logo\/image\/","url":"https:\/\/staging.pigs.no\/wp-content\/uploads\/2023\/09\/PIGS-logo_2023-transparent.png","contentUrl":"https:\/\/staging.pigs.no\/wp-content\/uploads\/2023\/09\/PIGS-logo_2023-transparent.png","width":1000,"height":461,"caption":"PIGS"},"image":{"@id":"https:\/\/pigs.no\/#\/schema\/logo\/image\/"},"sameAs":["https:\/\/www.facebook.com\/PIGSimagingAS"]}]}},"_links":{"self":[{"href":"https:\/\/staging.pigs.no\/sv\/wp-json\/wp\/v2\/product\/13504","targetHints":{"allow":["GET"]}}],"collection":[{"href":"https:\/\/staging.pigs.no\/sv\/wp-json\/wp\/v2\/product"}],"about":[{"href":"https:\/\/staging.pigs.no\/sv\/wp-json\/wp\/v2\/types\/product"}],"version-history":[{"count":4,"href":"https:\/\/staging.pigs.no\/sv\/wp-json\/wp\/v2\/product\/13504\/revisions"}],"predecessor-version":[{"id":13507,"href":"https:\/\/staging.pigs.no\/sv\/wp-json\/wp\/v2\/product\/13504\/revisions\/13507"}],"wp:featuredmedia":[{"embeddable":true,"href":"https:\/\/staging.pigs.no\/sv\/wp-json\/wp\/v2\/media\/13596"}],"wp:attachment":[{"href":"https:\/\/staging.pigs.no\/sv\/wp-json\/wp\/v2\/media?parent=13504"}],"wp:term":[{"taxonomy":"product_brand","embeddable":true,"href":"https:\/\/staging.pigs.no\/sv\/wp-json\/wp\/v2\/product_brand?post=13504"},{"taxonomy":"product_cat","embeddable":true,"href":"https:\/\/staging.pigs.no\/sv\/wp-json\/wp\/v2\/product_cat?post=13504"},{"taxonomy":"product_tag","embeddable":true,"href":"https:\/\/staging.pigs.no\/sv\/wp-json\/wp\/v2\/product_tag?post=13504"}],"curies":[{"name":"wp","href":"https:\/\/api.w.org\/{rel}","templated":true}]}}