{"id":2450,"date":"2022-10-21T16:54:38","date_gmt":"2022-10-21T16:54:38","guid":{"rendered":"https:\/\/nye.pigs.no\/?post_type=product&#038;p=2450"},"modified":"2026-01-19T22:36:41","modified_gmt":"2026-01-19T22:36:41","slug":"hahnemuehle-photorag-308","status":"publish","type":"product","link":"https:\/\/staging.pigs.no\/sv\/produkt\/hahnemuehle-photorag-308\/","title":{"rendered":"Hahnem\u00fchle PhotoRag 308"},"content":{"rendered":"<p>Photo Rag 308 kombinerar den karakteristiska, l\u00e4tt definierade filtstrukturen med h\u00f6g tryckkvalitet och stabil vikt. Resultatet \u00e4r djup sv\u00e4rta, stora kontraster och exakta detaljer, perfekt f\u00f6r konstfotografering och konsttryck. Syra- och ligninfritt, uppfyller ISO 9706.<\/p>\n<p><strong>NB!<\/strong> Kan tryckas upp till 110 cm p\u00e5 kortsidan (t.ex. 110 \u00d7 200 cm). Rullens bredd: 111 cm (44\u2033).<\/p>\n<p><strong data-start=\"8517\" data-end=\"8537\">L\u00e4mpar sig b\u00e4st f\u00f6r:<\/strong> foto \/ s-h \/ utst\u00e4llning \/ illustration<\/p>\n<p data-start=\"8315\" data-end=\"8344\"><strong data-start=\"8315\" data-end=\"8342\">Funktioner:<\/strong><\/p>\n<ul data-start=\"8345\" data-end=\"8515\">\n<li data-start=\"8345\" data-end=\"8369\">\n<p data-start=\"8347\" data-end=\"8369\">308 g\/m\u00b2, 100% bomull<\/p>\n<\/li>\n<li data-start=\"8370\" data-end=\"8383\">\n<p data-start=\"8372\" data-end=\"8383\">Vit ton<\/p>\n<\/li>\n<li data-start=\"8384\" data-end=\"8414\">\n<p data-start=\"8386\" data-end=\"8414\">Karakteristisk filtstruktur<\/p>\n<\/li>\n<li data-start=\"8415\" data-end=\"8455\">\n<p data-start=\"8417\" data-end=\"8455\">Matt (optimerad f\u00f6r pigmentbl\u00e4ck)<\/p>\n<\/li>\n<li data-start=\"8456\" data-end=\"8478\">\n<p data-start=\"8458\" data-end=\"8478\">Fri fr\u00e5n syra och lignin<\/p>\n<\/li>\n<li data-start=\"8479\" data-end=\"8515\">\n<p data-start=\"8481\" data-end=\"8515\">ISO 9706-kompatibel \/ museikvalitet<\/p>\n<\/li>\n<\/ul>\n<p>&nbsp;<\/p>\n<p class=\"\"><a href=\"https:\/\/staging.pigs.no\/wp-content\/uploads\/2022\/09\/Datasheet-Hahnem\u00fchle-PhotoRag-308.pdf\">L\u00e4s mer om Hahnem\u00fchle Photo Rag 308<\/a><\/p>","protected":false},"excerpt":{"rendered":"<p>Classic Photo Rag i utst\u00e4llningsvikt (308 g\/m\u00b2): matt 100%-bomull med l\u00e4tt filtstruktur och museikvalitet.<\/p>","protected":false},"featured_media":2657,"template":"","meta":{"_acf_changed":false},"product_brand":[167],"product_cat":[37,100,98,106],"product_tag":[86,42,40,39,46,43,101,99,47,44,41],"class_list":{"0":"post-2450","1":"product","2":"type-product","3":"status-publish","4":"has-post-thumbnail","6":"product_brand-hahnemuhle","7":"product_cat-matt-papir","8":"product_cat-matte-fineart-prints","9":"product_cat-matte-slette-prints","10":"product_cat-pigs-medier","11":"product_tag-100-cotton","12":"product_tag-300gsm","13":"product_tag-fineart","14":"product_tag-giclee","15":"product_tag-hahnemuhle","16":"product_tag-matt","17":"product_tag-matte-fineart-prints","18":"product_tag-matte-slette-prints","19":"product_tag-papir","20":"product_tag-smooth","21":"product_tag-white","23":"first","24":"instock","25":"taxable","26":"shipping-taxable","27":"purchasable","28":"product-type-simple"},"acf":[],"yoast_head":"<!-- This site is optimized with the Yoast SEO plugin v27.4 - https:\/\/yoast.com\/product\/yoast-seo-wordpress\/ -->\n<title>Hahnem\u00fchle Photo Rag 308 | Matt fine art bomull | PIGS<\/title>\n<meta name=\"description\" content=\"Matt fine art-bomullspapir (308 gsm) med filtstruktur. Photo Rag 308 gir stor dybde og h\u00f8y detalj i museumskvalitet. Verdens beste Fine Art papir\" \/>\n<meta name=\"robots\" content=\"index, follow, max-snippet:-1, max-image-preview:large, max-video-preview:-1\" \/>\n<link rel=\"canonical\" href=\"https:\/\/staging.pigs.no\/sv\/product-2\/hahnemuehle-photorag-308\/\" \/>\n<meta property=\"og:locale\" content=\"sv_SE\" \/>\n<meta property=\"og:type\" content=\"article\" \/>\n<meta property=\"og:title\" content=\"Hahnem\u00fchle Photo Rag 308 | Matt fine art bomull | PIGS\" \/>\n<meta property=\"og:description\" content=\"Matt fine art-bomullspapir (308 gsm) med filtstruktur. Photo Rag 308 gir stor dybde og h\u00f8y detalj i museumskvalitet. Verdens beste Fine Art papir\" \/>\n<meta property=\"og:url\" content=\"https:\/\/staging.pigs.no\/sv\/product-2\/hahnemuehle-photorag-308\/\" \/>\n<meta property=\"og:site_name\" content=\"PIGS\" \/>\n<meta property=\"article:publisher\" content=\"https:\/\/www.facebook.com\/PIGSimagingAS\" \/>\n<meta property=\"article:modified_time\" content=\"2026-01-19T22:36:41+00:00\" \/>\n<meta property=\"og:image\" content=\"https:\/\/staging.pigs.no\/wp-content\/uploads\/2022\/10\/PIGS-imaging-HA-PR308_2.jpg\" \/>\n\t<meta property=\"og:image:width\" content=\"1000\" \/>\n\t<meta property=\"og:image:height\" content=\"1000\" \/>\n\t<meta property=\"og:image:type\" content=\"image\/jpeg\" \/>\n<meta name=\"twitter:card\" content=\"summary_large_image\" \/>\n<meta name=\"twitter:label1\" content=\"Ber\u00e4knad l\u00e4stid\" \/>\n\t<meta name=\"twitter:data1\" content=\"1 minut\" \/>\n<script type=\"application\/ld+json\" class=\"yoast-schema-graph\">{\"@context\":\"https:\\\/\\\/schema.org\",\"@graph\":[{\"@type\":\"WebPage\",\"@id\":\"https:\\\/\\\/staging.pigs.no\\\/produkt\\\/hahnemuehle-photorag-308\\\/\",\"url\":\"https:\\\/\\\/staging.pigs.no\\\/produkt\\\/hahnemuehle-photorag-308\\\/\",\"name\":\"Hahnem\u00fchle Photo Rag 308 | Matt fine art bomull | PIGS\",\"isPartOf\":{\"@id\":\"https:\\\/\\\/pigs.no\\\/#website\"},\"primaryImageOfPage\":{\"@id\":\"https:\\\/\\\/staging.pigs.no\\\/produkt\\\/hahnemuehle-photorag-308\\\/#primaryimage\"},\"image\":{\"@id\":\"https:\\\/\\\/staging.pigs.no\\\/produkt\\\/hahnemuehle-photorag-308\\\/#primaryimage\"},\"thumbnailUrl\":\"https:\\\/\\\/staging.pigs.no\\\/wp-content\\\/uploads\\\/2022\\\/10\\\/PIGS-imaging-HA-PR308_2.jpg\",\"datePublished\":\"2022-10-21T16:54:38+00:00\",\"dateModified\":\"2026-01-19T22:36:41+00:00\",\"description\":\"Matt fine art-bomullspapir (308 gsm) med filtstruktur. Photo Rag 308 gir stor dybde og h\u00f8y detalj i museumskvalitet. Verdens beste Fine Art papir\",\"breadcrumb\":{\"@id\":\"https:\\\/\\\/staging.pigs.no\\\/produkt\\\/hahnemuehle-photorag-308\\\/#breadcrumb\"},\"inLanguage\":\"sv-SE\",\"potentialAction\":[{\"@type\":\"ReadAction\",\"target\":[\"https:\\\/\\\/staging.pigs.no\\\/produkt\\\/hahnemuehle-photorag-308\\\/\"]}]},{\"@type\":\"ImageObject\",\"inLanguage\":\"sv-SE\",\"@id\":\"https:\\\/\\\/staging.pigs.no\\\/produkt\\\/hahnemuehle-photorag-308\\\/#primaryimage\",\"url\":\"https:\\\/\\\/staging.pigs.no\\\/wp-content\\\/uploads\\\/2022\\\/10\\\/PIGS-imaging-HA-PR308_2.jpg\",\"contentUrl\":\"https:\\\/\\\/staging.pigs.no\\\/wp-content\\\/uploads\\\/2022\\\/10\\\/PIGS-imaging-HA-PR308_2.jpg\",\"width\":1000,\"height\":1000,\"caption\":\"Hahnem\u00fchle PhotoRag 308\"},{\"@type\":\"BreadcrumbList\",\"@id\":\"https:\\\/\\\/staging.pigs.no\\\/produkt\\\/hahnemuehle-photorag-308\\\/#breadcrumb\",\"itemListElement\":[{\"@type\":\"ListItem\",\"position\":1,\"name\":\"Home\",\"item\":\"https:\\\/\\\/staging.pigs.no\\\/\"},{\"@type\":\"ListItem\",\"position\":2,\"name\":\"Shop\",\"item\":\"https:\\\/\\\/pigs.no\\\/nettbutikk\\\/\"},{\"@type\":\"ListItem\",\"position\":3,\"name\":\"Hahnem\u00fchle PhotoRag 308\"}]},{\"@type\":\"WebSite\",\"@id\":\"https:\\\/\\\/pigs.no\\\/#website\",\"url\":\"https:\\\/\\\/pigs.no\\\/\",\"name\":\"PIGS\",\"description\":\"Digitaltrykk\",\"publisher\":{\"@id\":\"https:\\\/\\\/pigs.no\\\/#organization\"},\"potentialAction\":[{\"@type\":\"SearchAction\",\"target\":{\"@type\":\"EntryPoint\",\"urlTemplate\":\"https:\\\/\\\/pigs.no\\\/?s={search_term_string}\"},\"query-input\":{\"@type\":\"PropertyValueSpecification\",\"valueRequired\":true,\"valueName\":\"search_term_string\"}}],\"inLanguage\":\"sv-SE\"},{\"@type\":\"Organization\",\"@id\":\"https:\\\/\\\/pigs.no\\\/#organization\",\"name\":\"PIGS\",\"url\":\"https:\\\/\\\/pigs.no\\\/\",\"logo\":{\"@type\":\"ImageObject\",\"inLanguage\":\"sv-SE\",\"@id\":\"https:\\\/\\\/pigs.no\\\/#\\\/schema\\\/logo\\\/image\\\/\",\"url\":\"https:\\\/\\\/staging.pigs.no\\\/wp-content\\\/uploads\\\/2023\\\/09\\\/PIGS-logo_2023-transparent.png\",\"contentUrl\":\"https:\\\/\\\/staging.pigs.no\\\/wp-content\\\/uploads\\\/2023\\\/09\\\/PIGS-logo_2023-transparent.png\",\"width\":1000,\"height\":461,\"caption\":\"PIGS\"},\"image\":{\"@id\":\"https:\\\/\\\/pigs.no\\\/#\\\/schema\\\/logo\\\/image\\\/\"},\"sameAs\":[\"https:\\\/\\\/www.facebook.com\\\/PIGSimagingAS\"]}]}<\/script>\n<!-- \/ Yoast SEO plugin. -->","yoast_head_json":{"title":"Hahnem\u00fchle Photo Rag 308 | Matt fine art bomull | PIGS","description":"Matt fine art-bomullspapper (308 g\/m\u00b2) med filtstruktur. Photo Rag 308 ger stort djup och h\u00f6g detaljrikedom i museikvalitet. V\u00e4rldens b\u00e4sta fine art-papper","robots":{"index":"index","follow":"follow","max-snippet":"max-snippet:-1","max-image-preview":"max-image-preview:large","max-video-preview":"max-video-preview:-1"},"canonical":"https:\/\/staging.pigs.no\/sv\/product-2\/hahnemuehle-photorag-308\/","og_locale":"sv_SE","og_type":"article","og_title":"Hahnem\u00fchle Photo Rag 308 | Matt fine art bomull | PIGS","og_description":"Matt fine art-bomullspapir (308 gsm) med filtstruktur. Photo Rag 308 gir stor dybde og h\u00f8y detalj i museumskvalitet. Verdens beste Fine Art papir","og_url":"https:\/\/staging.pigs.no\/sv\/product-2\/hahnemuehle-photorag-308\/","og_site_name":"PIGS","article_publisher":"https:\/\/www.facebook.com\/PIGSimagingAS","article_modified_time":"2026-01-19T22:36:41+00:00","og_image":[{"width":1000,"height":1000,"url":"https:\/\/staging.pigs.no\/wp-content\/uploads\/2022\/10\/PIGS-imaging-HA-PR308_2.jpg","type":"image\/jpeg"}],"twitter_card":"summary_large_image","twitter_misc":{"Ber\u00e4knad l\u00e4stid":"1 minut"},"schema":{"@context":"https:\/\/schema.org","@graph":[{"@type":"WebPage","@id":"https:\/\/staging.pigs.no\/produkt\/hahnemuehle-photorag-308\/","url":"https:\/\/staging.pigs.no\/produkt\/hahnemuehle-photorag-308\/","name":"Hahnem\u00fchle Photo Rag 308 | Matt fine art bomull | PIGS","isPartOf":{"@id":"https:\/\/pigs.no\/#website"},"primaryImageOfPage":{"@id":"https:\/\/staging.pigs.no\/produkt\/hahnemuehle-photorag-308\/#primaryimage"},"image":{"@id":"https:\/\/staging.pigs.no\/produkt\/hahnemuehle-photorag-308\/#primaryimage"},"thumbnailUrl":"https:\/\/staging.pigs.no\/wp-content\/uploads\/2022\/10\/PIGS-imaging-HA-PR308_2.jpg","datePublished":"2022-10-21T16:54:38+00:00","dateModified":"2026-01-19T22:36:41+00:00","description":"Matt fine art-bomullspapper (308 g\/m\u00b2) med filtstruktur. Photo Rag 308 ger stort djup och h\u00f6g detaljrikedom i museikvalitet. V\u00e4rldens b\u00e4sta fine art-papper","breadcrumb":{"@id":"https:\/\/staging.pigs.no\/produkt\/hahnemuehle-photorag-308\/#breadcrumb"},"inLanguage":"sv-SE","potentialAction":[{"@type":"ReadAction","target":["https:\/\/staging.pigs.no\/produkt\/hahnemuehle-photorag-308\/"]}]},{"@type":"ImageObject","inLanguage":"sv-SE","@id":"https:\/\/staging.pigs.no\/produkt\/hahnemuehle-photorag-308\/#primaryimage","url":"https:\/\/staging.pigs.no\/wp-content\/uploads\/2022\/10\/PIGS-imaging-HA-PR308_2.jpg","contentUrl":"https:\/\/staging.pigs.no\/wp-content\/uploads\/2022\/10\/PIGS-imaging-HA-PR308_2.jpg","width":1000,"height":1000,"caption":"Hahnem\u00fchle PhotoRag 308"},{"@type":"BreadcrumbList","@id":"https:\/\/staging.pigs.no\/produkt\/hahnemuehle-photorag-308\/#breadcrumb","itemListElement":[{"@type":"ListItem","position":1,"name":"Home","item":"https:\/\/staging.pigs.no\/"},{"@type":"ListItem","position":2,"name":"Shop","item":"https:\/\/pigs.no\/nettbutikk\/"},{"@type":"ListItem","position":3,"name":"Hahnem\u00fchle PhotoRag 308"}]},{"@type":"WebSite","@id":"https:\/\/pigs.no\/#website","url":"https:\/\/pigs.no\/","name":"PIGS","description":"Digitaltrykk","publisher":{"@id":"https:\/\/pigs.no\/#organization"},"potentialAction":[{"@type":"SearchAction","target":{"@type":"EntryPoint","urlTemplate":"https:\/\/pigs.no\/?s={search_term_string}"},"query-input":{"@type":"PropertyValueSpecification","valueRequired":true,"valueName":"search_term_string"}}],"inLanguage":"sv-SE"},{"@type":"Organization","@id":"https:\/\/pigs.no\/#organization","name":"PIGS","url":"https:\/\/pigs.no\/","logo":{"@type":"ImageObject","inLanguage":"sv-SE","@id":"https:\/\/pigs.no\/#\/schema\/logo\/image\/","url":"https:\/\/staging.pigs.no\/wp-content\/uploads\/2023\/09\/PIGS-logo_2023-transparent.png","contentUrl":"https:\/\/staging.pigs.no\/wp-content\/uploads\/2023\/09\/PIGS-logo_2023-transparent.png","width":1000,"height":461,"caption":"PIGS"},"image":{"@id":"https:\/\/pigs.no\/#\/schema\/logo\/image\/"},"sameAs":["https:\/\/www.facebook.com\/PIGSimagingAS"]}]}},"_links":{"self":[{"href":"https:\/\/staging.pigs.no\/sv\/wp-json\/wp\/v2\/product\/2450","targetHints":{"allow":["GET"]}}],"collection":[{"href":"https:\/\/staging.pigs.no\/sv\/wp-json\/wp\/v2\/product"}],"about":[{"href":"https:\/\/staging.pigs.no\/sv\/wp-json\/wp\/v2\/types\/product"}],"version-history":[{"count":3,"href":"https:\/\/staging.pigs.no\/sv\/wp-json\/wp\/v2\/product\/2450\/revisions"}],"predecessor-version":[{"id":13458,"href":"https:\/\/staging.pigs.no\/sv\/wp-json\/wp\/v2\/product\/2450\/revisions\/13458"}],"wp:featuredmedia":[{"embeddable":true,"href":"https:\/\/staging.pigs.no\/sv\/wp-json\/wp\/v2\/media\/2657"}],"wp:attachment":[{"href":"https:\/\/staging.pigs.no\/sv\/wp-json\/wp\/v2\/media?parent=2450"}],"wp:term":[{"taxonomy":"product_brand","embeddable":true,"href":"https:\/\/staging.pigs.no\/sv\/wp-json\/wp\/v2\/product_brand?post=2450"},{"taxonomy":"product_cat","embeddable":true,"href":"https:\/\/staging.pigs.no\/sv\/wp-json\/wp\/v2\/product_cat?post=2450"},{"taxonomy":"product_tag","embeddable":true,"href":"https:\/\/staging.pigs.no\/sv\/wp-json\/wp\/v2\/product_tag?post=2450"}],"curies":[{"name":"wp","href":"https:\/\/api.w.org\/{rel}","templated":true}]}}