{"id":2454,"date":"2022-10-21T17:12:49","date_gmt":"2022-10-21T17:12:49","guid":{"rendered":"https:\/\/nye.pigs.no\/?post_type=product&#038;p=2454"},"modified":"2026-01-19T22:36:24","modified_gmt":"2026-01-19T22:36:24","slug":"hahnemuehle-hemp-290","status":"publish","type":"product","link":"https:\/\/staging.pigs.no\/sv\/produkt\/hahnemuehle-hemp-290\/","title":{"rendered":"Hahnem\u00fchle Hemp 290"},"content":{"rendered":"<div data-elementor-type=\"product-post\" data-elementor-id=\"2454\" class=\"elementor elementor-2454\" data-elementor-post-type=\"product\">\n\t\t\t\t<div class=\"elementor-element elementor-element-6354f8f9 e-flex e-con-boxed e-con e-parent\" data-id=\"6354f8f9\" data-element_type=\"container\" data-e-type=\"container\">\n\t\t\t\t\t<div class=\"e-con-inner\">\n\t\t\t\t<div class=\"elementor-element elementor-element-6eebb18d elementor-widget elementor-widget-text-editor\" data-id=\"6eebb18d\" data-element_type=\"widget\" data-e-type=\"widget\" data-widget_type=\"text-editor.default\">\n\t\t\t\t\t\t\t\t\t<p><span style=\"font-weight: 400;\">Hahnem\u00fchle Hemp 290 har en l\u00e4tt strukturerad yta med en behaglig, silkeslen k\u00e4nsla. Papperet \u00e4r fritt fr\u00e5n optiska vitmedel samt syra- och ligninfritt f\u00f6r maximal \u00e5ldersbest\u00e4ndighet. Ger vackra tryck f\u00f6r b\u00e5de fotografi och konst. <\/span><\/p><p><span style=\"font-weight: 400;\"><strong>NB!<\/strong> Kan tryckas upp till 110 cm p\u00e5 kortsidan (t.ex. 110 \u00d7 200 cm). Rullens bredd: 111 cm (44\u2033).<\/span><\/p><p><strong data-start=\"11975\" data-end=\"11995\">L\u00e4mpar sig b\u00e4st f\u00f6r:<\/strong> utst\u00e4llning \/ illustration \/ foto \/ s-h<\/p><p data-start=\"11777\" data-end=\"11806\"><strong data-start=\"11777\" data-end=\"11804\">Funktioner:<\/strong><\/p><ul data-start=\"11807\" data-end=\"11973\"><li data-start=\"11807\" data-end=\"11818\"><p data-start=\"11809\" data-end=\"11818\">290 g\/m\u00b2<\/p><\/li><li data-start=\"11819\" data-end=\"11854\"><p data-start=\"11821\" data-end=\"11854\">Naturfiberbaserat fine art-papper<\/p><\/li><li data-start=\"11855\" data-end=\"11883\"><p data-start=\"11857\" data-end=\"11883\">Utan optiska vitmedel<\/p><\/li><li data-start=\"11884\" data-end=\"11913\"><p data-start=\"11886\" data-end=\"11913\">L\u00e4tt strukturerad yta<\/p><\/li><li data-start=\"11914\" data-end=\"11936\"><p data-start=\"11916\" data-end=\"11936\">Fri fr\u00e5n syra och lignin<\/p><\/li><li data-start=\"11937\" data-end=\"11973\"><p data-start=\"11939\" data-end=\"11973\">ISO 9706-kompatibel \/ museikvalitet<\/p><\/li><\/ul><p>\u00a0<\/p><p class=\"\"><a href=\"https:\/\/pigs.no\/wp-content\/uploads\/2022\/09\/Datasheet-Hahnemuehle-Hemp-290.pdf\">L\u00e4s mer om Hahnem\u00fchle Hemp 290<\/a><\/p>\t\t\t\t\t\t\t\t<\/div>\n\t\t\t\t\t<\/div>\n\t\t\t\t<\/div>\n\t\t\t\t<\/div>","protected":false},"excerpt":{"rendered":"<p>Fine art-papper (290 gsm) med naturfiber och l\u00e4tt struktur - utan optiska vitmedel och med museikvalitet.<\/p>","protected":false},"featured_media":2654,"template":"","meta":{"_acf_changed":false},"product_brand":[167],"product_cat":[81,37,100,98,106],"product_tag":[42,40,39,46,43,101,99,87,47,44,41],"class_list":{"0":"post-2454","1":"product","2":"type-product","3":"status-publish","4":"has-post-thumbnail","6":"product_brand-hahnemuhle","7":"product_cat-natural-line","8":"product_cat-matt-papir","9":"product_cat-matte-fineart-prints","10":"product_cat-matte-slette-prints","11":"product_cat-pigs-medier","12":"product_tag-300gsm","13":"product_tag-fineart","14":"product_tag-giclee","15":"product_tag-hahnemuhle","16":"product_tag-matt","17":"product_tag-matte-fineart-prints","18":"product_tag-matte-slette-prints","19":"product_tag-natural-line","20":"product_tag-papir","21":"product_tag-smooth","22":"product_tag-white","24":"first","25":"instock","26":"taxable","27":"shipping-taxable","28":"purchasable","29":"product-type-simple"},"acf":[],"yoast_head":"<!-- This site is optimized with the Yoast SEO plugin v27.4 - https:\/\/yoast.com\/product\/yoast-seo-wordpress\/ -->\n<title>Hahnem\u00fchle Hemp 290 | Fine art uten OBA | PIGS<\/title>\n<meta name=\"description\" content=\"Fine art-papir (290 gsm) uten optiske blekemidler, med lett tekstur og museumskvalitet \u2013 et eksklusivt valg til kunst, foto og sort-hvitt.\" \/>\n<meta name=\"robots\" content=\"index, follow, max-snippet:-1, max-image-preview:large, max-video-preview:-1\" \/>\n<link rel=\"canonical\" href=\"https:\/\/staging.pigs.no\/sv\/product-2\/hahnemuehle-hemp-290\/\" \/>\n<meta property=\"og:locale\" content=\"sv_SE\" \/>\n<meta property=\"og:type\" content=\"article\" \/>\n<meta property=\"og:title\" content=\"Hahnem\u00fchle Hemp 290 | Fine art uten OBA | PIGS\" \/>\n<meta property=\"og:description\" content=\"Fine art-papir (290 gsm) uten optiske blekemidler, med lett tekstur og museumskvalitet \u2013 et eksklusivt valg til kunst, foto og sort-hvitt.\" \/>\n<meta property=\"og:url\" content=\"https:\/\/staging.pigs.no\/sv\/product-2\/hahnemuehle-hemp-290\/\" \/>\n<meta property=\"og:site_name\" content=\"PIGS\" \/>\n<meta property=\"article:publisher\" content=\"https:\/\/www.facebook.com\/PIGSimagingAS\" \/>\n<meta property=\"article:modified_time\" content=\"2026-01-19T22:36:24+00:00\" \/>\n<meta property=\"og:image\" content=\"https:\/\/staging.pigs.no\/wp-content\/uploads\/2022\/10\/PIGS-imaging-HA-HE290.jpg\" \/>\n\t<meta property=\"og:image:width\" content=\"1000\" \/>\n\t<meta property=\"og:image:height\" content=\"1000\" \/>\n\t<meta property=\"og:image:type\" content=\"image\/jpeg\" \/>\n<meta name=\"twitter:card\" content=\"summary_large_image\" \/>\n<meta name=\"twitter:label1\" content=\"Ber\u00e4knad l\u00e4stid\" \/>\n\t<meta name=\"twitter:data1\" content=\"1 minut\" \/>\n<script type=\"application\/ld+json\" class=\"yoast-schema-graph\">{\"@context\":\"https:\\\/\\\/schema.org\",\"@graph\":[{\"@type\":\"WebPage\",\"@id\":\"https:\\\/\\\/staging.pigs.no\\\/produkt\\\/hahnemuehle-hemp-290\\\/\",\"url\":\"https:\\\/\\\/staging.pigs.no\\\/produkt\\\/hahnemuehle-hemp-290\\\/\",\"name\":\"Hahnem\u00fchle Hemp 290 | Fine art uten OBA | PIGS\",\"isPartOf\":{\"@id\":\"https:\\\/\\\/pigs.no\\\/#website\"},\"primaryImageOfPage\":{\"@id\":\"https:\\\/\\\/staging.pigs.no\\\/produkt\\\/hahnemuehle-hemp-290\\\/#primaryimage\"},\"image\":{\"@id\":\"https:\\\/\\\/staging.pigs.no\\\/produkt\\\/hahnemuehle-hemp-290\\\/#primaryimage\"},\"thumbnailUrl\":\"https:\\\/\\\/staging.pigs.no\\\/wp-content\\\/uploads\\\/2022\\\/10\\\/PIGS-imaging-HA-HE290.jpg\",\"datePublished\":\"2022-10-21T17:12:49+00:00\",\"dateModified\":\"2026-01-19T22:36:24+00:00\",\"description\":\"Fine art-papir (290 gsm) uten optiske blekemidler, med lett tekstur og museumskvalitet \u2013 et eksklusivt valg til kunst, foto og sort-hvitt.\",\"breadcrumb\":{\"@id\":\"https:\\\/\\\/staging.pigs.no\\\/produkt\\\/hahnemuehle-hemp-290\\\/#breadcrumb\"},\"inLanguage\":\"sv-SE\",\"potentialAction\":[{\"@type\":\"ReadAction\",\"target\":[\"https:\\\/\\\/staging.pigs.no\\\/produkt\\\/hahnemuehle-hemp-290\\\/\"]}]},{\"@type\":\"ImageObject\",\"inLanguage\":\"sv-SE\",\"@id\":\"https:\\\/\\\/staging.pigs.no\\\/produkt\\\/hahnemuehle-hemp-290\\\/#primaryimage\",\"url\":\"https:\\\/\\\/staging.pigs.no\\\/wp-content\\\/uploads\\\/2022\\\/10\\\/PIGS-imaging-HA-HE290.jpg\",\"contentUrl\":\"https:\\\/\\\/staging.pigs.no\\\/wp-content\\\/uploads\\\/2022\\\/10\\\/PIGS-imaging-HA-HE290.jpg\",\"width\":1000,\"height\":1000,\"caption\":\"Hahnem\u00fchle Hemp 290\"},{\"@type\":\"BreadcrumbList\",\"@id\":\"https:\\\/\\\/staging.pigs.no\\\/produkt\\\/hahnemuehle-hemp-290\\\/#breadcrumb\",\"itemListElement\":[{\"@type\":\"ListItem\",\"position\":1,\"name\":\"Home\",\"item\":\"https:\\\/\\\/staging.pigs.no\\\/\"},{\"@type\":\"ListItem\",\"position\":2,\"name\":\"Shop\",\"item\":\"https:\\\/\\\/pigs.no\\\/nettbutikk\\\/\"},{\"@type\":\"ListItem\",\"position\":3,\"name\":\"Hahnem\u00fchle Hemp 290\"}]},{\"@type\":\"WebSite\",\"@id\":\"https:\\\/\\\/pigs.no\\\/#website\",\"url\":\"https:\\\/\\\/pigs.no\\\/\",\"name\":\"PIGS\",\"description\":\"Digitaltrykk\",\"publisher\":{\"@id\":\"https:\\\/\\\/pigs.no\\\/#organization\"},\"potentialAction\":[{\"@type\":\"SearchAction\",\"target\":{\"@type\":\"EntryPoint\",\"urlTemplate\":\"https:\\\/\\\/pigs.no\\\/?s={search_term_string}\"},\"query-input\":{\"@type\":\"PropertyValueSpecification\",\"valueRequired\":true,\"valueName\":\"search_term_string\"}}],\"inLanguage\":\"sv-SE\"},{\"@type\":\"Organization\",\"@id\":\"https:\\\/\\\/pigs.no\\\/#organization\",\"name\":\"PIGS\",\"url\":\"https:\\\/\\\/pigs.no\\\/\",\"logo\":{\"@type\":\"ImageObject\",\"inLanguage\":\"sv-SE\",\"@id\":\"https:\\\/\\\/pigs.no\\\/#\\\/schema\\\/logo\\\/image\\\/\",\"url\":\"https:\\\/\\\/staging.pigs.no\\\/wp-content\\\/uploads\\\/2023\\\/09\\\/PIGS-logo_2023-transparent.png\",\"contentUrl\":\"https:\\\/\\\/staging.pigs.no\\\/wp-content\\\/uploads\\\/2023\\\/09\\\/PIGS-logo_2023-transparent.png\",\"width\":1000,\"height\":461,\"caption\":\"PIGS\"},\"image\":{\"@id\":\"https:\\\/\\\/pigs.no\\\/#\\\/schema\\\/logo\\\/image\\\/\"},\"sameAs\":[\"https:\\\/\\\/www.facebook.com\\\/PIGSimagingAS\"]}]}<\/script>\n<!-- \/ Yoast SEO plugin. -->","yoast_head_json":{"title":"Hahnem\u00fchle Hemp 290 | Fine art utan OBA | PIGS","description":"Fine art-papper (290 gsm) utan optiska vitmedel, med l\u00e4tt struktur och museikvalitet - ett exklusivt val f\u00f6r konst, fotografi och svartvitt.","robots":{"index":"index","follow":"follow","max-snippet":"max-snippet:-1","max-image-preview":"max-image-preview:large","max-video-preview":"max-video-preview:-1"},"canonical":"https:\/\/staging.pigs.no\/sv\/product-2\/hahnemuehle-hemp-290\/","og_locale":"sv_SE","og_type":"article","og_title":"Hahnem\u00fchle Hemp 290 | Fine art uten OBA | PIGS","og_description":"Fine art-papir (290 gsm) uten optiske blekemidler, med lett tekstur og museumskvalitet \u2013 et eksklusivt valg til kunst, foto og sort-hvitt.","og_url":"https:\/\/staging.pigs.no\/sv\/product-2\/hahnemuehle-hemp-290\/","og_site_name":"PIGS","article_publisher":"https:\/\/www.facebook.com\/PIGSimagingAS","article_modified_time":"2026-01-19T22:36:24+00:00","og_image":[{"width":1000,"height":1000,"url":"https:\/\/staging.pigs.no\/wp-content\/uploads\/2022\/10\/PIGS-imaging-HA-HE290.jpg","type":"image\/jpeg"}],"twitter_card":"summary_large_image","twitter_misc":{"Ber\u00e4knad l\u00e4stid":"1 minut"},"schema":{"@context":"https:\/\/schema.org","@graph":[{"@type":"WebPage","@id":"https:\/\/staging.pigs.no\/produkt\/hahnemuehle-hemp-290\/","url":"https:\/\/staging.pigs.no\/produkt\/hahnemuehle-hemp-290\/","name":"Hahnem\u00fchle Hemp 290 | Fine art utan OBA | PIGS","isPartOf":{"@id":"https:\/\/pigs.no\/#website"},"primaryImageOfPage":{"@id":"https:\/\/staging.pigs.no\/produkt\/hahnemuehle-hemp-290\/#primaryimage"},"image":{"@id":"https:\/\/staging.pigs.no\/produkt\/hahnemuehle-hemp-290\/#primaryimage"},"thumbnailUrl":"https:\/\/staging.pigs.no\/wp-content\/uploads\/2022\/10\/PIGS-imaging-HA-HE290.jpg","datePublished":"2022-10-21T17:12:49+00:00","dateModified":"2026-01-19T22:36:24+00:00","description":"Fine art-papper (290 gsm) utan optiska vitmedel, med l\u00e4tt struktur och museikvalitet - ett exklusivt val f\u00f6r konst, fotografi och svartvitt.","breadcrumb":{"@id":"https:\/\/staging.pigs.no\/produkt\/hahnemuehle-hemp-290\/#breadcrumb"},"inLanguage":"sv-SE","potentialAction":[{"@type":"ReadAction","target":["https:\/\/staging.pigs.no\/produkt\/hahnemuehle-hemp-290\/"]}]},{"@type":"ImageObject","inLanguage":"sv-SE","@id":"https:\/\/staging.pigs.no\/produkt\/hahnemuehle-hemp-290\/#primaryimage","url":"https:\/\/staging.pigs.no\/wp-content\/uploads\/2022\/10\/PIGS-imaging-HA-HE290.jpg","contentUrl":"https:\/\/staging.pigs.no\/wp-content\/uploads\/2022\/10\/PIGS-imaging-HA-HE290.jpg","width":1000,"height":1000,"caption":"Hahnem\u00fchle Hemp 290"},{"@type":"BreadcrumbList","@id":"https:\/\/staging.pigs.no\/produkt\/hahnemuehle-hemp-290\/#breadcrumb","itemListElement":[{"@type":"ListItem","position":1,"name":"Home","item":"https:\/\/staging.pigs.no\/"},{"@type":"ListItem","position":2,"name":"Shop","item":"https:\/\/pigs.no\/nettbutikk\/"},{"@type":"ListItem","position":3,"name":"Hahnem\u00fchle Hemp 290"}]},{"@type":"WebSite","@id":"https:\/\/pigs.no\/#website","url":"https:\/\/pigs.no\/","name":"PIGS","description":"Digitaltrykk","publisher":{"@id":"https:\/\/pigs.no\/#organization"},"potentialAction":[{"@type":"SearchAction","target":{"@type":"EntryPoint","urlTemplate":"https:\/\/pigs.no\/?s={search_term_string}"},"query-input":{"@type":"PropertyValueSpecification","valueRequired":true,"valueName":"search_term_string"}}],"inLanguage":"sv-SE"},{"@type":"Organization","@id":"https:\/\/pigs.no\/#organization","name":"PIGS","url":"https:\/\/pigs.no\/","logo":{"@type":"ImageObject","inLanguage":"sv-SE","@id":"https:\/\/pigs.no\/#\/schema\/logo\/image\/","url":"https:\/\/staging.pigs.no\/wp-content\/uploads\/2023\/09\/PIGS-logo_2023-transparent.png","contentUrl":"https:\/\/staging.pigs.no\/wp-content\/uploads\/2023\/09\/PIGS-logo_2023-transparent.png","width":1000,"height":461,"caption":"PIGS"},"image":{"@id":"https:\/\/pigs.no\/#\/schema\/logo\/image\/"},"sameAs":["https:\/\/www.facebook.com\/PIGSimagingAS"]}]}},"_links":{"self":[{"href":"https:\/\/staging.pigs.no\/sv\/wp-json\/wp\/v2\/product\/2454","targetHints":{"allow":["GET"]}}],"collection":[{"href":"https:\/\/staging.pigs.no\/sv\/wp-json\/wp\/v2\/product"}],"about":[{"href":"https:\/\/staging.pigs.no\/sv\/wp-json\/wp\/v2\/types\/product"}],"version-history":[{"count":6,"href":"https:\/\/staging.pigs.no\/sv\/wp-json\/wp\/v2\/product\/2454\/revisions"}],"predecessor-version":[{"id":13466,"href":"https:\/\/staging.pigs.no\/sv\/wp-json\/wp\/v2\/product\/2454\/revisions\/13466"}],"wp:featuredmedia":[{"embeddable":true,"href":"https:\/\/staging.pigs.no\/sv\/wp-json\/wp\/v2\/media\/2654"}],"wp:attachment":[{"href":"https:\/\/staging.pigs.no\/sv\/wp-json\/wp\/v2\/media?parent=2454"}],"wp:term":[{"taxonomy":"product_brand","embeddable":true,"href":"https:\/\/staging.pigs.no\/sv\/wp-json\/wp\/v2\/product_brand?post=2454"},{"taxonomy":"product_cat","embeddable":true,"href":"https:\/\/staging.pigs.no\/sv\/wp-json\/wp\/v2\/product_cat?post=2454"},{"taxonomy":"product_tag","embeddable":true,"href":"https:\/\/staging.pigs.no\/sv\/wp-json\/wp\/v2\/product_tag?post=2454"}],"curies":[{"name":"wp","href":"https:\/\/api.w.org\/{rel}","templated":true}]}}