{"id":2462,"date":"2022-10-21T17:54:51","date_gmt":"2022-10-21T17:54:51","guid":{"rendered":"https:\/\/nye.pigs.no\/?post_type=product&#038;p=2462"},"modified":"2026-01-19T22:35:55","modified_gmt":"2026-01-19T22:35:55","slug":"epson-hires-presentation-180-matt-poster-prints","status":"publish","type":"product","link":"https:\/\/staging.pigs.no\/sv\/produkt\/epson-hires-presentation-180-matt-poster-prints\/","title":{"rendered":"Epson Hi-Res Presentation 180"},"content":{"rendered":"<p>Ett matt, bestruket multifunktionspapper som ger j\u00e4mna, skarpa affischtryck med god detalj\u00e5tergivning och solida f\u00e4rger och \u00e4r l\u00e4mpligt f\u00f6r ett brett spektrum av storformatsapplikationer.<\/p>\n<ul>\n<li data-start=\"531\" data-end=\"565\">\n<p data-start=\"533\" data-end=\"565\">Matt, bestruket universalpapper<\/p>\n<\/li>\n<li data-start=\"566\" data-end=\"635\">\n<p data-start=\"568\" data-end=\"635\">Kompatibel med f\u00e4rg-, pigment-, l\u00f6sningsmedels- och vattenbaserade bl\u00e4ck<\/p>\n<\/li>\n<li data-start=\"636\" data-end=\"689\">\n<p data-start=\"638\" data-end=\"689\">Perfekt f\u00f6r affischer och reklammaterial<\/p>\n<\/li>\n<li data-start=\"690\" data-end=\"751\">\n<p data-start=\"692\" data-end=\"751\">Bra tryckbarhet: skarp text, fina detaljer och sl\u00e4t yta<\/p>\n<\/li>\n<li data-start=\"752\" data-end=\"800\">\n<p data-start=\"754\" data-end=\"800\">Bra f\u00e4rg\u00e5tergivning och h\u00f6g visuell kvalitet<\/p>\n<\/li>\n<\/ul>","protected":false},"excerpt":{"rendered":"<p>Matt, bestruket universalpapper f\u00f6r affischer och print - f\u00f6r j\u00e4mna ytor, skarpa detaljer och bra f\u00e4rg\u00e5tergivning. L\u00e4mpar sig f\u00f6r flera olika typer av bl\u00e4ck. F\u00f6r utomhusbruk rekommenderas laminering.<\/p>","protected":false},"featured_media":2203,"template":"","meta":{"_acf_changed":false},"product_brand":[169],"product_cat":[50,37,98,106],"product_tag":[75,85,71,68,79,43,99,47,155,44,45],"class_list":{"0":"post-2462","1":"product","2":"type-product","3":"status-publish","4":"has-post-thumbnail","6":"product_brand-epson","7":"product_cat-artposter","8":"product_cat-matt-papir","9":"product_cat-matte-slette-prints","10":"product_cat-pigs-medier","11":"product_tag-200gsm","12":"product_tag-alpha-cellulose","13":"product_tag-artposter","14":"product_tag-bright-white","15":"product_tag-epson","16":"product_tag-matt","17":"product_tag-matte-slette-prints","18":"product_tag-papir","19":"product_tag-poster","20":"product_tag-smooth","21":"product_tag-ultrasmooth","23":"first","24":"instock","25":"taxable","26":"shipping-taxable","27":"purchasable","28":"product-type-simple"},"acf":[],"yoast_head":"<!-- This site is optimized with the Yoast SEO plugin v27.4 - https:\/\/yoast.com\/product\/yoast-seo-wordpress\/ -->\n<title>Epson Hi-Res Presentation 180 | Matt posterpapir 180 g | PIGS<\/title>\n<meta name=\"description\" content=\"Epson Hi-Res Presentation 180 er et matt, bestr\u00f8ket posterpapir (180 g) med jevn overflate, skarp detalj og god fargegjengivelse.\" \/>\n<meta name=\"robots\" content=\"index, follow, max-snippet:-1, max-image-preview:large, max-video-preview:-1\" \/>\n<link rel=\"canonical\" href=\"https:\/\/staging.pigs.no\/sv\/product-2\/epson-hires-presentation-180-matt-poster-prints\/\" \/>\n<meta property=\"og:locale\" content=\"sv_SE\" \/>\n<meta property=\"og:type\" content=\"article\" \/>\n<meta property=\"og:title\" content=\"Epson Hi-Res Presentation 180 | Matt posterpapir 180 g | PIGS\" \/>\n<meta property=\"og:description\" content=\"Epson Hi-Res Presentation 180 er et matt, bestr\u00f8ket posterpapir (180 g) med jevn overflate, skarp detalj og god fargegjengivelse.\" \/>\n<meta property=\"og:url\" content=\"https:\/\/staging.pigs.no\/sv\/product-2\/epson-hires-presentation-180-matt-poster-prints\/\" \/>\n<meta property=\"og:site_name\" content=\"PIGS\" \/>\n<meta property=\"article:publisher\" content=\"https:\/\/www.facebook.com\/PIGSimagingAS\" \/>\n<meta property=\"article:modified_time\" content=\"2026-01-19T22:35:55+00:00\" \/>\n<meta property=\"og:image\" content=\"https:\/\/staging.pigs.no\/wp-content\/uploads\/2022\/09\/Pigs-imaging-Wacopa-poster-180.jpg\" \/>\n\t<meta property=\"og:image:width\" content=\"1400\" \/>\n\t<meta property=\"og:image:height\" content=\"1050\" \/>\n\t<meta property=\"og:image:type\" content=\"image\/jpeg\" \/>\n<meta name=\"twitter:card\" content=\"summary_large_image\" \/>\n<meta name=\"twitter:label1\" content=\"Ber\u00e4knad l\u00e4stid\" \/>\n\t<meta name=\"twitter:data1\" content=\"1 minut\" \/>\n<script type=\"application\/ld+json\" class=\"yoast-schema-graph\">{\"@context\":\"https:\\\/\\\/schema.org\",\"@graph\":[{\"@type\":\"WebPage\",\"@id\":\"https:\\\/\\\/staging.pigs.no\\\/produkt\\\/epson-hires-presentation-180-matt-poster-prints\\\/\",\"url\":\"https:\\\/\\\/staging.pigs.no\\\/produkt\\\/epson-hires-presentation-180-matt-poster-prints\\\/\",\"name\":\"Epson Hi-Res Presentation 180 | Matt posterpapir 180 g | PIGS\",\"isPartOf\":{\"@id\":\"https:\\\/\\\/pigs.no\\\/#website\"},\"primaryImageOfPage\":{\"@id\":\"https:\\\/\\\/staging.pigs.no\\\/produkt\\\/epson-hires-presentation-180-matt-poster-prints\\\/#primaryimage\"},\"image\":{\"@id\":\"https:\\\/\\\/staging.pigs.no\\\/produkt\\\/epson-hires-presentation-180-matt-poster-prints\\\/#primaryimage\"},\"thumbnailUrl\":\"https:\\\/\\\/staging.pigs.no\\\/wp-content\\\/uploads\\\/2022\\\/09\\\/Pigs-imaging-Wacopa-poster-180.jpg\",\"datePublished\":\"2022-10-21T17:54:51+00:00\",\"dateModified\":\"2026-01-19T22:35:55+00:00\",\"description\":\"Epson Hi-Res Presentation 180 er et matt, bestr\u00f8ket posterpapir (180 g) med jevn overflate, skarp detalj og god fargegjengivelse.\",\"breadcrumb\":{\"@id\":\"https:\\\/\\\/staging.pigs.no\\\/produkt\\\/epson-hires-presentation-180-matt-poster-prints\\\/#breadcrumb\"},\"inLanguage\":\"sv-SE\",\"potentialAction\":[{\"@type\":\"ReadAction\",\"target\":[\"https:\\\/\\\/staging.pigs.no\\\/produkt\\\/epson-hires-presentation-180-matt-poster-prints\\\/\"]}]},{\"@type\":\"ImageObject\",\"inLanguage\":\"sv-SE\",\"@id\":\"https:\\\/\\\/staging.pigs.no\\\/produkt\\\/epson-hires-presentation-180-matt-poster-prints\\\/#primaryimage\",\"url\":\"https:\\\/\\\/staging.pigs.no\\\/wp-content\\\/uploads\\\/2022\\\/09\\\/Pigs-imaging-Wacopa-poster-180.jpg\",\"contentUrl\":\"https:\\\/\\\/staging.pigs.no\\\/wp-content\\\/uploads\\\/2022\\\/09\\\/Pigs-imaging-Wacopa-poster-180.jpg\",\"width\":1400,\"height\":1050,\"caption\":\"Epson Hi-Res Presentation 180\"},{\"@type\":\"BreadcrumbList\",\"@id\":\"https:\\\/\\\/staging.pigs.no\\\/produkt\\\/epson-hires-presentation-180-matt-poster-prints\\\/#breadcrumb\",\"itemListElement\":[{\"@type\":\"ListItem\",\"position\":1,\"name\":\"Home\",\"item\":\"https:\\\/\\\/staging.pigs.no\\\/\"},{\"@type\":\"ListItem\",\"position\":2,\"name\":\"Shop\",\"item\":\"https:\\\/\\\/pigs.no\\\/nettbutikk\\\/\"},{\"@type\":\"ListItem\",\"position\":3,\"name\":\"Epson Hi-Res Presentation 180\"}]},{\"@type\":\"WebSite\",\"@id\":\"https:\\\/\\\/pigs.no\\\/#website\",\"url\":\"https:\\\/\\\/pigs.no\\\/\",\"name\":\"PIGS\",\"description\":\"Digitaltrykk\",\"publisher\":{\"@id\":\"https:\\\/\\\/pigs.no\\\/#organization\"},\"potentialAction\":[{\"@type\":\"SearchAction\",\"target\":{\"@type\":\"EntryPoint\",\"urlTemplate\":\"https:\\\/\\\/pigs.no\\\/?s={search_term_string}\"},\"query-input\":{\"@type\":\"PropertyValueSpecification\",\"valueRequired\":true,\"valueName\":\"search_term_string\"}}],\"inLanguage\":\"sv-SE\"},{\"@type\":\"Organization\",\"@id\":\"https:\\\/\\\/pigs.no\\\/#organization\",\"name\":\"PIGS\",\"url\":\"https:\\\/\\\/pigs.no\\\/\",\"logo\":{\"@type\":\"ImageObject\",\"inLanguage\":\"sv-SE\",\"@id\":\"https:\\\/\\\/pigs.no\\\/#\\\/schema\\\/logo\\\/image\\\/\",\"url\":\"https:\\\/\\\/staging.pigs.no\\\/wp-content\\\/uploads\\\/2023\\\/09\\\/PIGS-logo_2023-transparent.png\",\"contentUrl\":\"https:\\\/\\\/staging.pigs.no\\\/wp-content\\\/uploads\\\/2023\\\/09\\\/PIGS-logo_2023-transparent.png\",\"width\":1000,\"height\":461,\"caption\":\"PIGS\"},\"image\":{\"@id\":\"https:\\\/\\\/pigs.no\\\/#\\\/schema\\\/logo\\\/image\\\/\"},\"sameAs\":[\"https:\\\/\\\/www.facebook.com\\\/PIGSimagingAS\"]}]}<\/script>\n<!-- \/ Yoast SEO plugin. -->","yoast_head_json":{"title":"Epson Hi-Res Presentation 180 | Matt affischpapper 180 g | PIGS","description":"Epson Hi-Res Presentation 180 \u00e4r ett matt, bestruket affischpapper (180 g) med sl\u00e4t yta, skarpa detaljer och bra f\u00e4rg\u00e5tergivning.","robots":{"index":"index","follow":"follow","max-snippet":"max-snippet:-1","max-image-preview":"max-image-preview:large","max-video-preview":"max-video-preview:-1"},"canonical":"https:\/\/staging.pigs.no\/sv\/product-2\/epson-hires-presentation-180-matt-poster-prints\/","og_locale":"sv_SE","og_type":"article","og_title":"Epson Hi-Res Presentation 180 | Matt posterpapir 180 g | PIGS","og_description":"Epson Hi-Res Presentation 180 er et matt, bestr\u00f8ket posterpapir (180 g) med jevn overflate, skarp detalj og god fargegjengivelse.","og_url":"https:\/\/staging.pigs.no\/sv\/product-2\/epson-hires-presentation-180-matt-poster-prints\/","og_site_name":"PIGS","article_publisher":"https:\/\/www.facebook.com\/PIGSimagingAS","article_modified_time":"2026-01-19T22:35:55+00:00","og_image":[{"width":1400,"height":1050,"url":"https:\/\/staging.pigs.no\/wp-content\/uploads\/2022\/09\/Pigs-imaging-Wacopa-poster-180.jpg","type":"image\/jpeg"}],"twitter_card":"summary_large_image","twitter_misc":{"Ber\u00e4knad l\u00e4stid":"1 minut"},"schema":{"@context":"https:\/\/schema.org","@graph":[{"@type":"WebPage","@id":"https:\/\/staging.pigs.no\/produkt\/epson-hires-presentation-180-matt-poster-prints\/","url":"https:\/\/staging.pigs.no\/produkt\/epson-hires-presentation-180-matt-poster-prints\/","name":"Epson Hi-Res Presentation 180 | Matt affischpapper 180 g | PIGS","isPartOf":{"@id":"https:\/\/pigs.no\/#website"},"primaryImageOfPage":{"@id":"https:\/\/staging.pigs.no\/produkt\/epson-hires-presentation-180-matt-poster-prints\/#primaryimage"},"image":{"@id":"https:\/\/staging.pigs.no\/produkt\/epson-hires-presentation-180-matt-poster-prints\/#primaryimage"},"thumbnailUrl":"https:\/\/staging.pigs.no\/wp-content\/uploads\/2022\/09\/Pigs-imaging-Wacopa-poster-180.jpg","datePublished":"2022-10-21T17:54:51+00:00","dateModified":"2026-01-19T22:35:55+00:00","description":"Epson Hi-Res Presentation 180 \u00e4r ett matt, bestruket affischpapper (180 g) med sl\u00e4t yta, skarpa detaljer och bra f\u00e4rg\u00e5tergivning.","breadcrumb":{"@id":"https:\/\/staging.pigs.no\/produkt\/epson-hires-presentation-180-matt-poster-prints\/#breadcrumb"},"inLanguage":"sv-SE","potentialAction":[{"@type":"ReadAction","target":["https:\/\/staging.pigs.no\/produkt\/epson-hires-presentation-180-matt-poster-prints\/"]}]},{"@type":"ImageObject","inLanguage":"sv-SE","@id":"https:\/\/staging.pigs.no\/produkt\/epson-hires-presentation-180-matt-poster-prints\/#primaryimage","url":"https:\/\/staging.pigs.no\/wp-content\/uploads\/2022\/09\/Pigs-imaging-Wacopa-poster-180.jpg","contentUrl":"https:\/\/staging.pigs.no\/wp-content\/uploads\/2022\/09\/Pigs-imaging-Wacopa-poster-180.jpg","width":1400,"height":1050,"caption":"Epson Hi-Res Presentation 180"},{"@type":"BreadcrumbList","@id":"https:\/\/staging.pigs.no\/produkt\/epson-hires-presentation-180-matt-poster-prints\/#breadcrumb","itemListElement":[{"@type":"ListItem","position":1,"name":"Home","item":"https:\/\/staging.pigs.no\/"},{"@type":"ListItem","position":2,"name":"Shop","item":"https:\/\/pigs.no\/nettbutikk\/"},{"@type":"ListItem","position":3,"name":"Epson Hi-Res Presentation 180"}]},{"@type":"WebSite","@id":"https:\/\/pigs.no\/#website","url":"https:\/\/pigs.no\/","name":"PIGS","description":"Digitaltrykk","publisher":{"@id":"https:\/\/pigs.no\/#organization"},"potentialAction":[{"@type":"SearchAction","target":{"@type":"EntryPoint","urlTemplate":"https:\/\/pigs.no\/?s={search_term_string}"},"query-input":{"@type":"PropertyValueSpecification","valueRequired":true,"valueName":"search_term_string"}}],"inLanguage":"sv-SE"},{"@type":"Organization","@id":"https:\/\/pigs.no\/#organization","name":"PIGS","url":"https:\/\/pigs.no\/","logo":{"@type":"ImageObject","inLanguage":"sv-SE","@id":"https:\/\/pigs.no\/#\/schema\/logo\/image\/","url":"https:\/\/staging.pigs.no\/wp-content\/uploads\/2023\/09\/PIGS-logo_2023-transparent.png","contentUrl":"https:\/\/staging.pigs.no\/wp-content\/uploads\/2023\/09\/PIGS-logo_2023-transparent.png","width":1000,"height":461,"caption":"PIGS"},"image":{"@id":"https:\/\/pigs.no\/#\/schema\/logo\/image\/"},"sameAs":["https:\/\/www.facebook.com\/PIGSimagingAS"]}]}},"_links":{"self":[{"href":"https:\/\/staging.pigs.no\/sv\/wp-json\/wp\/v2\/product\/2462","targetHints":{"allow":["GET"]}}],"collection":[{"href":"https:\/\/staging.pigs.no\/sv\/wp-json\/wp\/v2\/product"}],"about":[{"href":"https:\/\/staging.pigs.no\/sv\/wp-json\/wp\/v2\/types\/product"}],"version-history":[{"count":5,"href":"https:\/\/staging.pigs.no\/sv\/wp-json\/wp\/v2\/product\/2462\/revisions"}],"predecessor-version":[{"id":2463,"href":"https:\/\/staging.pigs.no\/sv\/wp-json\/wp\/v2\/product\/2462\/revisions\/2463"}],"wp:featuredmedia":[{"embeddable":true,"href":"https:\/\/staging.pigs.no\/sv\/wp-json\/wp\/v2\/media\/2203"}],"wp:attachment":[{"href":"https:\/\/staging.pigs.no\/sv\/wp-json\/wp\/v2\/media?parent=2462"}],"wp:term":[{"taxonomy":"product_brand","embeddable":true,"href":"https:\/\/staging.pigs.no\/sv\/wp-json\/wp\/v2\/product_brand?post=2462"},{"taxonomy":"product_cat","embeddable":true,"href":"https:\/\/staging.pigs.no\/sv\/wp-json\/wp\/v2\/product_cat?post=2462"},{"taxonomy":"product_tag","embeddable":true,"href":"https:\/\/staging.pigs.no\/sv\/wp-json\/wp\/v2\/product_tag?post=2462"}],"curies":[{"name":"wp","href":"https:\/\/api.w.org\/{rel}","templated":true}]}}