{"id":2631,"date":"2022-10-24T12:25:42","date_gmt":"2022-10-24T12:25:42","guid":{"rendered":"https:\/\/nye.pigs.no\/?post_type=product&#038;p=2631"},"modified":"2026-01-19T22:09:09","modified_gmt":"2026-01-19T22:09:09","slug":"hahnemuehle-rice-paper-100","status":"publish","type":"product","link":"https:\/\/staging.pigs.no\/sv\/produkt\/hahnemuehle-rice-paper-100\/","title":{"rendered":"Hahnem\u00fchle Rice Paper 100"},"content":{"rendered":"<p>Rice Paper 100 \u00e4r ett ultral\u00e4tt, vitt konstpapper med subtila linjer och en l\u00e4tt textur som ger en delikat, \u201casiatisk\u201d papperslook. Speciellt utformat f\u00f6r konst, reproduktion av gamla dokument och uttryck inspirerade av asiatiska m\u00e5lningstekniker. \u00d6verensst\u00e4mmer med ISO 9706.<\/p>\n<p><b>NB!<\/b> Kan tryckas upp till 110 cm p\u00e5 kortsidan (t.ex. 110 \u00d7 200 cm). Rullens bredd: 111 cm (44\u2033).<\/p>\n<p><strong data-start=\"24973\" data-end=\"24993\">L\u00e4mpar sig b\u00e4st f\u00f6r:<\/strong> illustration \/ foto \/ utst\u00e4llning<\/p>\n<p data-start=\"24769\" data-end=\"24798\"><strong data-start=\"24769\" data-end=\"24796\">Funktioner:<\/strong><\/p>\n<ul data-start=\"24799\" data-end=\"24971\">\n<li data-start=\"24799\" data-end=\"24831\">\n<p data-start=\"24801\" data-end=\"24831\">100 gsm, 100% alfa-cellulosa<\/p>\n<\/li>\n<li data-start=\"24832\" data-end=\"24866\">\n<p data-start=\"24834\" data-end=\"24866\">Vit, utan optiska vitmedel<\/p>\n<\/li>\n<li data-start=\"24867\" data-end=\"24906\">\n<p data-start=\"24869\" data-end=\"24906\">L\u00e4tt texturerad med subtila linjer<\/p>\n<\/li>\n<li data-start=\"24907\" data-end=\"24922\">\n<p data-start=\"24909\" data-end=\"24922\">Matt yta<\/p>\n<\/li>\n<li data-start=\"24923\" data-end=\"24934\">\n<p data-start=\"24925\" data-end=\"24934\">Syrafri<\/p>\n<\/li>\n<li data-start=\"24935\" data-end=\"24971\">\n<p data-start=\"24937\" data-end=\"24971\">ISO 9706-kompatibel \/ museikvalitet<\/p>\n<\/li>\n<\/ul>\n<p>&nbsp;<\/p>\n<p class=\"\"><a href=\"https:\/\/staging.pigs.no\/wp-content\/uploads\/2022\/09\/Datasheet-Hahnem\u00fchle-Rice-Paper-100.pdf\">L\u00e4s mer om Hahnem\u00fchle Rice Paper 100<\/a><\/p>","protected":false},"excerpt":{"rendered":"<p>Ultral\u00e4tt fine art-papper (100 gsm) i 100% alfacellulosa utan OBA, med subtila linjer och l\u00e4tt textur - perfekt f\u00f6r k\u00e4nsliga uttryck och dokumentrepro.<\/p>","protected":false},"featured_media":2663,"template":"","meta":{"_acf_changed":false},"product_brand":[167],"product_cat":[128,138,106],"product_tag":[76,85,40,39,46,66,154,43,47,153,44,72,41],"class_list":{"0":"post-2631","1":"product","2":"type-product","3":"status-publish","4":"has-post-thumbnail","6":"product_brand-hahnemuhle","7":"product_cat-japanpapir","8":"product_cat-manedens-papir","9":"product_cat-pigs-medier","10":"product_tag-100gsm","11":"product_tag-alpha-cellulose","12":"product_tag-fineart","13":"product_tag-giclee","14":"product_tag-hahnemuhle","15":"product_tag-japan","16":"product_tag-japanpapir","17":"product_tag-matt","18":"product_tag-papir","19":"product_tag-rispapir","20":"product_tag-smooth","21":"product_tag-velvet","22":"product_tag-white","24":"first","25":"instock","26":"taxable","27":"shipping-taxable","28":"purchasable","29":"product-type-simple"},"acf":[],"yoast_head":"<!-- This site is optimized with the Yoast SEO plugin v27.4 - https:\/\/yoast.com\/product\/yoast-seo-wordpress\/ -->\n<title>Hahnem\u00fchle Rice Paper 100 | Ultralett japanpapir | PIGS<\/title>\n<meta name=\"description\" content=\"Hahnem\u00fchle Rice Paper 100 er et ultralett fine art-papir (100 gsm) med subtile linjer og lett tekstur \u2013 perfekt til delikate kunstuttrykk og dokumentrepro.\" \/>\n<meta name=\"robots\" content=\"index, follow, max-snippet:-1, max-image-preview:large, max-video-preview:-1\" \/>\n<link rel=\"canonical\" href=\"https:\/\/staging.pigs.no\/sv\/product-2\/hahnemuehle-rice-paper-100\/\" \/>\n<meta property=\"og:locale\" content=\"sv_SE\" \/>\n<meta property=\"og:type\" content=\"article\" \/>\n<meta property=\"og:title\" content=\"Hahnem\u00fchle Rice Paper 100 | Ultralett japanpapir | PIGS\" \/>\n<meta property=\"og:description\" content=\"Hahnem\u00fchle Rice Paper 100 er et ultralett fine art-papir (100 gsm) med subtile linjer og lett tekstur \u2013 perfekt til delikate kunstuttrykk og dokumentrepro.\" \/>\n<meta property=\"og:url\" content=\"https:\/\/staging.pigs.no\/sv\/product-2\/hahnemuehle-rice-paper-100\/\" \/>\n<meta property=\"og:site_name\" content=\"PIGS\" \/>\n<meta property=\"article:publisher\" content=\"https:\/\/www.facebook.com\/PIGSimagingAS\" \/>\n<meta property=\"article:modified_time\" content=\"2026-01-19T22:09:09+00:00\" \/>\n<meta property=\"og:image\" content=\"https:\/\/staging.pigs.no\/wp-content\/uploads\/2022\/10\/PIGS-imaging-HA-RP100_2.jpg\" \/>\n\t<meta property=\"og:image:width\" content=\"1000\" \/>\n\t<meta property=\"og:image:height\" content=\"1000\" \/>\n\t<meta property=\"og:image:type\" content=\"image\/jpeg\" \/>\n<meta name=\"twitter:card\" content=\"summary_large_image\" \/>\n<meta name=\"twitter:label1\" content=\"Ber\u00e4knad l\u00e4stid\" \/>\n\t<meta name=\"twitter:data1\" content=\"1 minut\" \/>\n<script type=\"application\/ld+json\" class=\"yoast-schema-graph\">{\"@context\":\"https:\\\/\\\/schema.org\",\"@graph\":[{\"@type\":\"WebPage\",\"@id\":\"https:\\\/\\\/staging.pigs.no\\\/produkt\\\/hahnemuehle-rice-paper-100\\\/\",\"url\":\"https:\\\/\\\/staging.pigs.no\\\/produkt\\\/hahnemuehle-rice-paper-100\\\/\",\"name\":\"Hahnem\u00fchle Rice Paper 100 | Ultralett japanpapir | PIGS\",\"isPartOf\":{\"@id\":\"https:\\\/\\\/pigs.no\\\/#website\"},\"primaryImageOfPage\":{\"@id\":\"https:\\\/\\\/staging.pigs.no\\\/produkt\\\/hahnemuehle-rice-paper-100\\\/#primaryimage\"},\"image\":{\"@id\":\"https:\\\/\\\/staging.pigs.no\\\/produkt\\\/hahnemuehle-rice-paper-100\\\/#primaryimage\"},\"thumbnailUrl\":\"https:\\\/\\\/staging.pigs.no\\\/wp-content\\\/uploads\\\/2022\\\/10\\\/PIGS-imaging-HA-RP100_2.jpg\",\"datePublished\":\"2022-10-24T12:25:42+00:00\",\"dateModified\":\"2026-01-19T22:09:09+00:00\",\"description\":\"Hahnem\u00fchle Rice Paper 100 er et ultralett fine art-papir (100 gsm) med subtile linjer og lett tekstur \u2013 perfekt til delikate kunstuttrykk og dokumentrepro.\",\"breadcrumb\":{\"@id\":\"https:\\\/\\\/staging.pigs.no\\\/produkt\\\/hahnemuehle-rice-paper-100\\\/#breadcrumb\"},\"inLanguage\":\"sv-SE\",\"potentialAction\":[{\"@type\":\"ReadAction\",\"target\":[\"https:\\\/\\\/staging.pigs.no\\\/produkt\\\/hahnemuehle-rice-paper-100\\\/\"]}]},{\"@type\":\"ImageObject\",\"inLanguage\":\"sv-SE\",\"@id\":\"https:\\\/\\\/staging.pigs.no\\\/produkt\\\/hahnemuehle-rice-paper-100\\\/#primaryimage\",\"url\":\"https:\\\/\\\/staging.pigs.no\\\/wp-content\\\/uploads\\\/2022\\\/10\\\/PIGS-imaging-HA-RP100_2.jpg\",\"contentUrl\":\"https:\\\/\\\/staging.pigs.no\\\/wp-content\\\/uploads\\\/2022\\\/10\\\/PIGS-imaging-HA-RP100_2.jpg\",\"width\":1000,\"height\":1000,\"caption\":\"Hahnem\u00fchle Rice Paper 100\"},{\"@type\":\"BreadcrumbList\",\"@id\":\"https:\\\/\\\/staging.pigs.no\\\/produkt\\\/hahnemuehle-rice-paper-100\\\/#breadcrumb\",\"itemListElement\":[{\"@type\":\"ListItem\",\"position\":1,\"name\":\"Home\",\"item\":\"https:\\\/\\\/staging.pigs.no\\\/\"},{\"@type\":\"ListItem\",\"position\":2,\"name\":\"Shop\",\"item\":\"https:\\\/\\\/pigs.no\\\/nettbutikk\\\/\"},{\"@type\":\"ListItem\",\"position\":3,\"name\":\"Hahnem\u00fchle Rice Paper 100\"}]},{\"@type\":\"WebSite\",\"@id\":\"https:\\\/\\\/pigs.no\\\/#website\",\"url\":\"https:\\\/\\\/pigs.no\\\/\",\"name\":\"PIGS\",\"description\":\"Digitaltrykk\",\"publisher\":{\"@id\":\"https:\\\/\\\/pigs.no\\\/#organization\"},\"potentialAction\":[{\"@type\":\"SearchAction\",\"target\":{\"@type\":\"EntryPoint\",\"urlTemplate\":\"https:\\\/\\\/pigs.no\\\/?s={search_term_string}\"},\"query-input\":{\"@type\":\"PropertyValueSpecification\",\"valueRequired\":true,\"valueName\":\"search_term_string\"}}],\"inLanguage\":\"sv-SE\"},{\"@type\":\"Organization\",\"@id\":\"https:\\\/\\\/pigs.no\\\/#organization\",\"name\":\"PIGS\",\"url\":\"https:\\\/\\\/pigs.no\\\/\",\"logo\":{\"@type\":\"ImageObject\",\"inLanguage\":\"sv-SE\",\"@id\":\"https:\\\/\\\/pigs.no\\\/#\\\/schema\\\/logo\\\/image\\\/\",\"url\":\"https:\\\/\\\/staging.pigs.no\\\/wp-content\\\/uploads\\\/2023\\\/09\\\/PIGS-logo_2023-transparent.png\",\"contentUrl\":\"https:\\\/\\\/staging.pigs.no\\\/wp-content\\\/uploads\\\/2023\\\/09\\\/PIGS-logo_2023-transparent.png\",\"width\":1000,\"height\":461,\"caption\":\"PIGS\"},\"image\":{\"@id\":\"https:\\\/\\\/pigs.no\\\/#\\\/schema\\\/logo\\\/image\\\/\"},\"sameAs\":[\"https:\\\/\\\/www.facebook.com\\\/PIGSimagingAS\"]}]}<\/script>\n<!-- \/ Yoast SEO plugin. -->","yoast_head_json":{"title":"Hahnem\u00fchle Rice Paper 100 | Ultral\u00e4tt japanskt papper | PIGS","description":"Hahnem\u00fchle Rice Paper 100 \u00e4r ett ultral\u00e4tt konstpapper (100 g\/m\u00b2) med subtila linjer och l\u00e4tt textur - perfekt f\u00f6r k\u00e4nsliga konstuttryck och dokumentrepro.","robots":{"index":"index","follow":"follow","max-snippet":"max-snippet:-1","max-image-preview":"max-image-preview:large","max-video-preview":"max-video-preview:-1"},"canonical":"https:\/\/staging.pigs.no\/sv\/product-2\/hahnemuehle-rice-paper-100\/","og_locale":"sv_SE","og_type":"article","og_title":"Hahnem\u00fchle Rice Paper 100 | Ultralett japanpapir | PIGS","og_description":"Hahnem\u00fchle Rice Paper 100 er et ultralett fine art-papir (100 gsm) med subtile linjer og lett tekstur \u2013 perfekt til delikate kunstuttrykk og dokumentrepro.","og_url":"https:\/\/staging.pigs.no\/sv\/product-2\/hahnemuehle-rice-paper-100\/","og_site_name":"PIGS","article_publisher":"https:\/\/www.facebook.com\/PIGSimagingAS","article_modified_time":"2026-01-19T22:09:09+00:00","og_image":[{"width":1000,"height":1000,"url":"https:\/\/staging.pigs.no\/wp-content\/uploads\/2022\/10\/PIGS-imaging-HA-RP100_2.jpg","type":"image\/jpeg"}],"twitter_card":"summary_large_image","twitter_misc":{"Ber\u00e4knad l\u00e4stid":"1 minut"},"schema":{"@context":"https:\/\/schema.org","@graph":[{"@type":"WebPage","@id":"https:\/\/staging.pigs.no\/produkt\/hahnemuehle-rice-paper-100\/","url":"https:\/\/staging.pigs.no\/produkt\/hahnemuehle-rice-paper-100\/","name":"Hahnem\u00fchle Rice Paper 100 | Ultral\u00e4tt japanskt papper | PIGS","isPartOf":{"@id":"https:\/\/pigs.no\/#website"},"primaryImageOfPage":{"@id":"https:\/\/staging.pigs.no\/produkt\/hahnemuehle-rice-paper-100\/#primaryimage"},"image":{"@id":"https:\/\/staging.pigs.no\/produkt\/hahnemuehle-rice-paper-100\/#primaryimage"},"thumbnailUrl":"https:\/\/staging.pigs.no\/wp-content\/uploads\/2022\/10\/PIGS-imaging-HA-RP100_2.jpg","datePublished":"2022-10-24T12:25:42+00:00","dateModified":"2026-01-19T22:09:09+00:00","description":"Hahnem\u00fchle Rice Paper 100 \u00e4r ett ultral\u00e4tt konstpapper (100 g\/m\u00b2) med subtila linjer och l\u00e4tt textur - perfekt f\u00f6r k\u00e4nsliga konstuttryck och dokumentrepro.","breadcrumb":{"@id":"https:\/\/staging.pigs.no\/produkt\/hahnemuehle-rice-paper-100\/#breadcrumb"},"inLanguage":"sv-SE","potentialAction":[{"@type":"ReadAction","target":["https:\/\/staging.pigs.no\/produkt\/hahnemuehle-rice-paper-100\/"]}]},{"@type":"ImageObject","inLanguage":"sv-SE","@id":"https:\/\/staging.pigs.no\/produkt\/hahnemuehle-rice-paper-100\/#primaryimage","url":"https:\/\/staging.pigs.no\/wp-content\/uploads\/2022\/10\/PIGS-imaging-HA-RP100_2.jpg","contentUrl":"https:\/\/staging.pigs.no\/wp-content\/uploads\/2022\/10\/PIGS-imaging-HA-RP100_2.jpg","width":1000,"height":1000,"caption":"Hahnem\u00fchle Rice Paper 100"},{"@type":"BreadcrumbList","@id":"https:\/\/staging.pigs.no\/produkt\/hahnemuehle-rice-paper-100\/#breadcrumb","itemListElement":[{"@type":"ListItem","position":1,"name":"Home","item":"https:\/\/staging.pigs.no\/"},{"@type":"ListItem","position":2,"name":"Shop","item":"https:\/\/pigs.no\/nettbutikk\/"},{"@type":"ListItem","position":3,"name":"Hahnem\u00fchle Rice Paper 100"}]},{"@type":"WebSite","@id":"https:\/\/pigs.no\/#website","url":"https:\/\/pigs.no\/","name":"PIGS","description":"Digitaltrykk","publisher":{"@id":"https:\/\/pigs.no\/#organization"},"potentialAction":[{"@type":"SearchAction","target":{"@type":"EntryPoint","urlTemplate":"https:\/\/pigs.no\/?s={search_term_string}"},"query-input":{"@type":"PropertyValueSpecification","valueRequired":true,"valueName":"search_term_string"}}],"inLanguage":"sv-SE"},{"@type":"Organization","@id":"https:\/\/pigs.no\/#organization","name":"PIGS","url":"https:\/\/pigs.no\/","logo":{"@type":"ImageObject","inLanguage":"sv-SE","@id":"https:\/\/pigs.no\/#\/schema\/logo\/image\/","url":"https:\/\/staging.pigs.no\/wp-content\/uploads\/2023\/09\/PIGS-logo_2023-transparent.png","contentUrl":"https:\/\/staging.pigs.no\/wp-content\/uploads\/2023\/09\/PIGS-logo_2023-transparent.png","width":1000,"height":461,"caption":"PIGS"},"image":{"@id":"https:\/\/pigs.no\/#\/schema\/logo\/image\/"},"sameAs":["https:\/\/www.facebook.com\/PIGSimagingAS"]}]}},"_links":{"self":[{"href":"https:\/\/staging.pigs.no\/sv\/wp-json\/wp\/v2\/product\/2631","targetHints":{"allow":["GET"]}}],"collection":[{"href":"https:\/\/staging.pigs.no\/sv\/wp-json\/wp\/v2\/product"}],"about":[{"href":"https:\/\/staging.pigs.no\/sv\/wp-json\/wp\/v2\/types\/product"}],"version-history":[{"count":3,"href":"https:\/\/staging.pigs.no\/sv\/wp-json\/wp\/v2\/product\/2631\/revisions"}],"predecessor-version":[{"id":13477,"href":"https:\/\/staging.pigs.no\/sv\/wp-json\/wp\/v2\/product\/2631\/revisions\/13477"}],"wp:featuredmedia":[{"embeddable":true,"href":"https:\/\/staging.pigs.no\/sv\/wp-json\/wp\/v2\/media\/2663"}],"wp:attachment":[{"href":"https:\/\/staging.pigs.no\/sv\/wp-json\/wp\/v2\/media?parent=2631"}],"wp:term":[{"taxonomy":"product_brand","embeddable":true,"href":"https:\/\/staging.pigs.no\/sv\/wp-json\/wp\/v2\/product_brand?post=2631"},{"taxonomy":"product_cat","embeddable":true,"href":"https:\/\/staging.pigs.no\/sv\/wp-json\/wp\/v2\/product_cat?post=2631"},{"taxonomy":"product_tag","embeddable":true,"href":"https:\/\/staging.pigs.no\/sv\/wp-json\/wp\/v2\/product_tag?post=2631"}],"curies":[{"name":"wp","href":"https:\/\/api.w.org\/{rel}","templated":true}]}}