{"id":2668,"date":"2022-10-24T13:31:43","date_gmt":"2022-10-24T13:31:43","guid":{"rendered":"https:\/\/nye.pigs.no\/?post_type=product&#038;p=2668"},"modified":"2026-01-19T21:52:17","modified_gmt":"2026-01-19T21:52:17","slug":"hahnemuehle-bamboo-290","status":"publish","type":"product","link":"https:\/\/staging.pigs.no\/sv\/produkt\/hahnemuehle-bamboo-290\/","title":{"rendered":"Hahnem\u00fchle Bamboo 290"},"content":{"rendered":"<p>Bamboo 290 \u00e4r ett milj\u00f6v\u00e4nligt fine art-papper med en varm naturvit ton utan optiska vitmedel. Den mjuka, l\u00e4tt texturerade filtstrukturen ger ett taktilt, lugnt uttryck med utm\u00e4rkta resultat, s\u00e4rskilt f\u00f6r varma f\u00e4rger och svartvitt. \u00d6verensst\u00e4mmer med ISO 9706.<\/p>\n<p><span style=\"font-weight: 400;\"><strong>NB!<\/strong> Kan tryckas upp till 110 cm p\u00e5 kortsidan (t.ex. 110 \u00d7 220 cm). Rullens bredd: 111 cm (44\u2033).<\/span><\/p>\n<p><strong data-start=\"17841\" data-end=\"17861\">L\u00e4mpar sig b\u00e4st f\u00f6r:<\/strong> s-h \/ illustration \/ utst\u00e4llning \/ foto<\/p>\n<p data-start=\"17615\" data-end=\"17644\"><strong data-start=\"17615\" data-end=\"17642\">Funktioner:<\/strong><\/p>\n<ul data-start=\"17645\" data-end=\"17839\">\n<li data-start=\"17645\" data-end=\"17656\">\n<p data-start=\"17647\" data-end=\"17656\">290 g\/m\u00b2<\/p>\n<\/li>\n<li data-start=\"17657\" data-end=\"17689\">\n<p data-start=\"17659\" data-end=\"17689\">90% bambufiber \/ 10% bomull<\/p>\n<\/li>\n<li data-start=\"17690\" data-end=\"17741\">\n<p data-start=\"17692\" data-end=\"17741\">Naturvitt, varm ton - utan optiska vitmedel<\/p>\n<\/li>\n<li data-start=\"17742\" data-end=\"17779\">\n<p data-start=\"17744\" data-end=\"17779\">Mjuk, l\u00e4tt texturerad filtstruktur<\/p>\n<\/li>\n<li data-start=\"17780\" data-end=\"17802\">\n<p data-start=\"17782\" data-end=\"17802\">Fri fr\u00e5n syra och lignin<\/p>\n<\/li>\n<li data-start=\"17803\" data-end=\"17839\">\n<p data-start=\"17805\" data-end=\"17839\">ISO 9706-kompatibel \/ museikvalitet<\/p>\n<\/li>\n<\/ul>\n<p>&nbsp;<\/p>\n<p class=\"\"><a href=\"https:\/\/staging.pigs.no\/wp-content\/uploads\/2022\/09\/Datasheet-Hahnem\u00fchle-Bamboo-290.pdf\">L\u00e4s mer om Hahnem\u00fchle Bamboo 290<\/a><\/p>","protected":false},"excerpt":{"rendered":"<p>Naturvitt, varmtonat fine art-papper (290 gsm) med 90% bambufibrer utan OBA - mjuk, l\u00e4tt filtstruktur och lugnt uttryck.<\/p>","protected":false},"featured_media":2649,"template":"","meta":{"_acf_changed":false},"product_brand":[167],"product_cat":[81,37,100,102,106],"product_tag":[42,40,39,46,43,101,103,87,69,47,73],"class_list":{"0":"post-2668","1":"product","2":"type-product","3":"status-publish","4":"has-post-thumbnail","6":"product_brand-hahnemuhle","7":"product_cat-natural-line","8":"product_cat-matt-papir","9":"product_cat-matte-fineart-prints","10":"product_cat-matte-prints-med-tekstur","11":"product_cat-pigs-medier","12":"product_tag-300gsm","13":"product_tag-fineart","14":"product_tag-giclee","15":"product_tag-hahnemuhle","16":"product_tag-matt","17":"product_tag-matte-fineart-prints","18":"product_tag-matte-prints-med-tekstur","19":"product_tag-natural-line","20":"product_tag-natural-white","21":"product_tag-papir","22":"product_tag-texture","24":"first","25":"instock","26":"taxable","27":"shipping-taxable","28":"purchasable","29":"product-type-simple"},"acf":[],"yoast_head":"<!-- This site is optimized with the Yoast SEO plugin v27.4 - https:\/\/yoast.com\/product\/yoast-seo-wordpress\/ -->\n<title>Hahnem\u00fchle Bamboo 290 | Varmt fine art-papir | PIGS<\/title>\n<meta name=\"description\" content=\"Fine art-papir (290 gsm) med 90% bambusfibre uten OBA. Varm naturhvit tone og myk filttekstur \u2013 spesielt flott til sort-hvitt og kunstprint.\" \/>\n<meta name=\"robots\" content=\"index, follow, max-snippet:-1, max-image-preview:large, max-video-preview:-1\" \/>\n<link rel=\"canonical\" href=\"https:\/\/staging.pigs.no\/sv\/product-2\/hahnemuehle-bamboo-290\/\" \/>\n<meta property=\"og:locale\" content=\"sv_SE\" \/>\n<meta property=\"og:type\" content=\"article\" \/>\n<meta property=\"og:title\" content=\"Hahnem\u00fchle Bamboo 290 | Varmt fine art-papir | PIGS\" \/>\n<meta property=\"og:description\" content=\"Fine art-papir (290 gsm) med 90% bambusfibre uten OBA. Varm naturhvit tone og myk filttekstur \u2013 spesielt flott til sort-hvitt og kunstprint.\" \/>\n<meta property=\"og:url\" content=\"https:\/\/staging.pigs.no\/sv\/product-2\/hahnemuehle-bamboo-290\/\" \/>\n<meta property=\"og:site_name\" content=\"PIGS\" \/>\n<meta property=\"article:publisher\" content=\"https:\/\/www.facebook.com\/PIGSimagingAS\" \/>\n<meta property=\"article:modified_time\" content=\"2026-01-19T21:52:17+00:00\" \/>\n<meta property=\"og:image\" content=\"https:\/\/staging.pigs.no\/wp-content\/uploads\/2022\/10\/PIGS-imaging-HA-BA290.jpg\" \/>\n\t<meta property=\"og:image:width\" content=\"1000\" \/>\n\t<meta property=\"og:image:height\" content=\"1000\" \/>\n\t<meta property=\"og:image:type\" content=\"image\/jpeg\" \/>\n<meta name=\"twitter:card\" content=\"summary_large_image\" \/>\n<meta name=\"twitter:label1\" content=\"Ber\u00e4knad l\u00e4stid\" \/>\n\t<meta name=\"twitter:data1\" content=\"1 minut\" \/>\n<script type=\"application\/ld+json\" class=\"yoast-schema-graph\">{\"@context\":\"https:\\\/\\\/schema.org\",\"@graph\":[{\"@type\":\"WebPage\",\"@id\":\"https:\\\/\\\/staging.pigs.no\\\/produkt\\\/hahnemuehle-bamboo-290\\\/\",\"url\":\"https:\\\/\\\/staging.pigs.no\\\/produkt\\\/hahnemuehle-bamboo-290\\\/\",\"name\":\"Hahnem\u00fchle Bamboo 290 | Varmt fine art-papir | PIGS\",\"isPartOf\":{\"@id\":\"https:\\\/\\\/pigs.no\\\/#website\"},\"primaryImageOfPage\":{\"@id\":\"https:\\\/\\\/staging.pigs.no\\\/produkt\\\/hahnemuehle-bamboo-290\\\/#primaryimage\"},\"image\":{\"@id\":\"https:\\\/\\\/staging.pigs.no\\\/produkt\\\/hahnemuehle-bamboo-290\\\/#primaryimage\"},\"thumbnailUrl\":\"https:\\\/\\\/staging.pigs.no\\\/wp-content\\\/uploads\\\/2022\\\/10\\\/PIGS-imaging-HA-BA290.jpg\",\"datePublished\":\"2022-10-24T13:31:43+00:00\",\"dateModified\":\"2026-01-19T21:52:17+00:00\",\"description\":\"Fine art-papir (290 gsm) med 90% bambusfibre uten OBA. Varm naturhvit tone og myk filttekstur \u2013 spesielt flott til sort-hvitt og kunstprint.\",\"breadcrumb\":{\"@id\":\"https:\\\/\\\/staging.pigs.no\\\/produkt\\\/hahnemuehle-bamboo-290\\\/#breadcrumb\"},\"inLanguage\":\"sv-SE\",\"potentialAction\":[{\"@type\":\"ReadAction\",\"target\":[\"https:\\\/\\\/staging.pigs.no\\\/produkt\\\/hahnemuehle-bamboo-290\\\/\"]}]},{\"@type\":\"ImageObject\",\"inLanguage\":\"sv-SE\",\"@id\":\"https:\\\/\\\/staging.pigs.no\\\/produkt\\\/hahnemuehle-bamboo-290\\\/#primaryimage\",\"url\":\"https:\\\/\\\/staging.pigs.no\\\/wp-content\\\/uploads\\\/2022\\\/10\\\/PIGS-imaging-HA-BA290.jpg\",\"contentUrl\":\"https:\\\/\\\/staging.pigs.no\\\/wp-content\\\/uploads\\\/2022\\\/10\\\/PIGS-imaging-HA-BA290.jpg\",\"width\":1000,\"height\":1000,\"caption\":\"Hahnem\u00fchle Bamboo 290\"},{\"@type\":\"BreadcrumbList\",\"@id\":\"https:\\\/\\\/staging.pigs.no\\\/produkt\\\/hahnemuehle-bamboo-290\\\/#breadcrumb\",\"itemListElement\":[{\"@type\":\"ListItem\",\"position\":1,\"name\":\"Home\",\"item\":\"https:\\\/\\\/staging.pigs.no\\\/\"},{\"@type\":\"ListItem\",\"position\":2,\"name\":\"Shop\",\"item\":\"https:\\\/\\\/pigs.no\\\/nettbutikk\\\/\"},{\"@type\":\"ListItem\",\"position\":3,\"name\":\"Hahnem\u00fchle Bamboo 290\"}]},{\"@type\":\"WebSite\",\"@id\":\"https:\\\/\\\/pigs.no\\\/#website\",\"url\":\"https:\\\/\\\/pigs.no\\\/\",\"name\":\"PIGS\",\"description\":\"Digitaltrykk\",\"publisher\":{\"@id\":\"https:\\\/\\\/pigs.no\\\/#organization\"},\"potentialAction\":[{\"@type\":\"SearchAction\",\"target\":{\"@type\":\"EntryPoint\",\"urlTemplate\":\"https:\\\/\\\/pigs.no\\\/?s={search_term_string}\"},\"query-input\":{\"@type\":\"PropertyValueSpecification\",\"valueRequired\":true,\"valueName\":\"search_term_string\"}}],\"inLanguage\":\"sv-SE\"},{\"@type\":\"Organization\",\"@id\":\"https:\\\/\\\/pigs.no\\\/#organization\",\"name\":\"PIGS\",\"url\":\"https:\\\/\\\/pigs.no\\\/\",\"logo\":{\"@type\":\"ImageObject\",\"inLanguage\":\"sv-SE\",\"@id\":\"https:\\\/\\\/pigs.no\\\/#\\\/schema\\\/logo\\\/image\\\/\",\"url\":\"https:\\\/\\\/staging.pigs.no\\\/wp-content\\\/uploads\\\/2023\\\/09\\\/PIGS-logo_2023-transparent.png\",\"contentUrl\":\"https:\\\/\\\/staging.pigs.no\\\/wp-content\\\/uploads\\\/2023\\\/09\\\/PIGS-logo_2023-transparent.png\",\"width\":1000,\"height\":461,\"caption\":\"PIGS\"},\"image\":{\"@id\":\"https:\\\/\\\/pigs.no\\\/#\\\/schema\\\/logo\\\/image\\\/\"},\"sameAs\":[\"https:\\\/\\\/www.facebook.com\\\/PIGSimagingAS\"]}]}<\/script>\n<!-- \/ Yoast SEO plugin. -->","yoast_head_json":{"title":"Hahnem\u00fchle Bamboo 290 | Fine art-papper | PIGS","description":"Fine art-papper (290 g\/m\u00b2) med 90% bambufibrer utan OBA. Varm naturvit ton och mjuk filtstruktur - s\u00e4rskilt bra f\u00f6r svartvitt och konsttryck.","robots":{"index":"index","follow":"follow","max-snippet":"max-snippet:-1","max-image-preview":"max-image-preview:large","max-video-preview":"max-video-preview:-1"},"canonical":"https:\/\/staging.pigs.no\/sv\/product-2\/hahnemuehle-bamboo-290\/","og_locale":"sv_SE","og_type":"article","og_title":"Hahnem\u00fchle Bamboo 290 | Varmt fine art-papir | PIGS","og_description":"Fine art-papir (290 gsm) med 90% bambusfibre uten OBA. Varm naturhvit tone og myk filttekstur \u2013 spesielt flott til sort-hvitt og kunstprint.","og_url":"https:\/\/staging.pigs.no\/sv\/product-2\/hahnemuehle-bamboo-290\/","og_site_name":"PIGS","article_publisher":"https:\/\/www.facebook.com\/PIGSimagingAS","article_modified_time":"2026-01-19T21:52:17+00:00","og_image":[{"width":1000,"height":1000,"url":"https:\/\/staging.pigs.no\/wp-content\/uploads\/2022\/10\/PIGS-imaging-HA-BA290.jpg","type":"image\/jpeg"}],"twitter_card":"summary_large_image","twitter_misc":{"Ber\u00e4knad l\u00e4stid":"1 minut"},"schema":{"@context":"https:\/\/schema.org","@graph":[{"@type":"WebPage","@id":"https:\/\/staging.pigs.no\/produkt\/hahnemuehle-bamboo-290\/","url":"https:\/\/staging.pigs.no\/produkt\/hahnemuehle-bamboo-290\/","name":"Hahnem\u00fchle Bamboo 290 | Fine art-papper | PIGS","isPartOf":{"@id":"https:\/\/pigs.no\/#website"},"primaryImageOfPage":{"@id":"https:\/\/staging.pigs.no\/produkt\/hahnemuehle-bamboo-290\/#primaryimage"},"image":{"@id":"https:\/\/staging.pigs.no\/produkt\/hahnemuehle-bamboo-290\/#primaryimage"},"thumbnailUrl":"https:\/\/staging.pigs.no\/wp-content\/uploads\/2022\/10\/PIGS-imaging-HA-BA290.jpg","datePublished":"2022-10-24T13:31:43+00:00","dateModified":"2026-01-19T21:52:17+00:00","description":"Fine art-papper (290 g\/m\u00b2) med 90% bambufibrer utan OBA. Varm naturvit ton och mjuk filtstruktur - s\u00e4rskilt bra f\u00f6r svartvitt och konsttryck.","breadcrumb":{"@id":"https:\/\/staging.pigs.no\/produkt\/hahnemuehle-bamboo-290\/#breadcrumb"},"inLanguage":"sv-SE","potentialAction":[{"@type":"ReadAction","target":["https:\/\/staging.pigs.no\/produkt\/hahnemuehle-bamboo-290\/"]}]},{"@type":"ImageObject","inLanguage":"sv-SE","@id":"https:\/\/staging.pigs.no\/produkt\/hahnemuehle-bamboo-290\/#primaryimage","url":"https:\/\/staging.pigs.no\/wp-content\/uploads\/2022\/10\/PIGS-imaging-HA-BA290.jpg","contentUrl":"https:\/\/staging.pigs.no\/wp-content\/uploads\/2022\/10\/PIGS-imaging-HA-BA290.jpg","width":1000,"height":1000,"caption":"Hahnem\u00fchle Bamboo 290"},{"@type":"BreadcrumbList","@id":"https:\/\/staging.pigs.no\/produkt\/hahnemuehle-bamboo-290\/#breadcrumb","itemListElement":[{"@type":"ListItem","position":1,"name":"Home","item":"https:\/\/staging.pigs.no\/"},{"@type":"ListItem","position":2,"name":"Shop","item":"https:\/\/pigs.no\/nettbutikk\/"},{"@type":"ListItem","position":3,"name":"Hahnem\u00fchle Bamboo 290"}]},{"@type":"WebSite","@id":"https:\/\/pigs.no\/#website","url":"https:\/\/pigs.no\/","name":"PIGS","description":"Digitaltrykk","publisher":{"@id":"https:\/\/pigs.no\/#organization"},"potentialAction":[{"@type":"SearchAction","target":{"@type":"EntryPoint","urlTemplate":"https:\/\/pigs.no\/?s={search_term_string}"},"query-input":{"@type":"PropertyValueSpecification","valueRequired":true,"valueName":"search_term_string"}}],"inLanguage":"sv-SE"},{"@type":"Organization","@id":"https:\/\/pigs.no\/#organization","name":"PIGS","url":"https:\/\/pigs.no\/","logo":{"@type":"ImageObject","inLanguage":"sv-SE","@id":"https:\/\/pigs.no\/#\/schema\/logo\/image\/","url":"https:\/\/staging.pigs.no\/wp-content\/uploads\/2023\/09\/PIGS-logo_2023-transparent.png","contentUrl":"https:\/\/staging.pigs.no\/wp-content\/uploads\/2023\/09\/PIGS-logo_2023-transparent.png","width":1000,"height":461,"caption":"PIGS"},"image":{"@id":"https:\/\/pigs.no\/#\/schema\/logo\/image\/"},"sameAs":["https:\/\/www.facebook.com\/PIGSimagingAS"]}]}},"_links":{"self":[{"href":"https:\/\/staging.pigs.no\/sv\/wp-json\/wp\/v2\/product\/2668","targetHints":{"allow":["GET"]}}],"collection":[{"href":"https:\/\/staging.pigs.no\/sv\/wp-json\/wp\/v2\/product"}],"about":[{"href":"https:\/\/staging.pigs.no\/sv\/wp-json\/wp\/v2\/types\/product"}],"version-history":[{"count":3,"href":"https:\/\/staging.pigs.no\/sv\/wp-json\/wp\/v2\/product\/2668\/revisions"}],"predecessor-version":[{"id":13471,"href":"https:\/\/staging.pigs.no\/sv\/wp-json\/wp\/v2\/product\/2668\/revisions\/13471"}],"wp:featuredmedia":[{"embeddable":true,"href":"https:\/\/staging.pigs.no\/sv\/wp-json\/wp\/v2\/media\/2649"}],"wp:attachment":[{"href":"https:\/\/staging.pigs.no\/sv\/wp-json\/wp\/v2\/media?parent=2668"}],"wp:term":[{"taxonomy":"product_brand","embeddable":true,"href":"https:\/\/staging.pigs.no\/sv\/wp-json\/wp\/v2\/product_brand?post=2668"},{"taxonomy":"product_cat","embeddable":true,"href":"https:\/\/staging.pigs.no\/sv\/wp-json\/wp\/v2\/product_cat?post=2668"},{"taxonomy":"product_tag","embeddable":true,"href":"https:\/\/staging.pigs.no\/sv\/wp-json\/wp\/v2\/product_tag?post=2668"}],"curies":[{"name":"wp","href":"https:\/\/api.w.org\/{rel}","templated":true}]}}