{"id":2672,"date":"2022-10-24T13:45:32","date_gmt":"2022-10-24T13:45:32","guid":{"rendered":"https:\/\/nye.pigs.no\/?post_type=product&#038;p=2672"},"modified":"2026-01-19T22:35:24","modified_gmt":"2026-01-19T22:35:24","slug":"hahnemuehle-william-turner-310","status":"publish","type":"product","link":"https:\/\/staging.pigs.no\/sv\/produkt\/hahnemuehle-william-turner-310\/","title":{"rendered":"Hahnem\u00fchle William Turner 310"},"content":{"rendered":"<p data-start=\"12615\" data-end=\"12888\">William Turner 310 \u00e4r ett traditionellt akvarellpapper (formpressat) med en bel\u00e4ggning som \u00e4r idealisk f\u00f6r inkjettryck. Den starka filtstrukturen ger ett sl\u00e5ende djup och en tredimensionell effekt, perfekt n\u00e4r papperet m\u00e5ste vara en del av uttrycket. \u00d6verensst\u00e4mmer med ISO 9706.<\/p>\n<p><span style=\"font-weight: 400;\"><strong>NB! <\/strong><\/span>Kan tryckas upp till 110 cm p\u00e5 kortsidan (t.ex. 110 \u00d7 220 cm). Rullens bredd: 111 cm (44\u2033).<\/p>\n<p><strong data-start=\"13126\" data-end=\"13146\">L\u00e4mpar sig b\u00e4st f\u00f6r:<\/strong> illustration \/ utst\u00e4llning \/ foto<\/p>\n<p data-start=\"12890\" data-end=\"12919\"><strong data-start=\"12890\" data-end=\"12917\">Funktioner:<\/strong><\/p>\n<ul data-start=\"12920\" data-end=\"13124\">\n<li data-start=\"12920\" data-end=\"12944\">\n<p data-start=\"12922\" data-end=\"12944\">310 g\/m\u00b2, 100% bomull<\/p>\n<\/li>\n<li data-start=\"12945\" data-end=\"12984\">\n<p data-start=\"12947\" data-end=\"12984\">Vit ton, utan optiska vitmedel<\/p>\n<\/li>\n<li data-start=\"12985\" data-end=\"13016\">\n<p data-start=\"12987\" data-end=\"13016\">Fin men stark filtstruktur<\/p>\n<\/li>\n<li data-start=\"13017\" data-end=\"13064\">\n<p data-start=\"13019\" data-end=\"13064\">Matt yta (optimerad f\u00f6r pigmentbl\u00e4ck)<\/p>\n<\/li>\n<li data-start=\"13065\" data-end=\"13087\">\n<p data-start=\"13067\" data-end=\"13087\">Fri fr\u00e5n syra och lignin<\/p>\n<\/li>\n<li data-start=\"13088\" data-end=\"13124\">\n<p data-start=\"13090\" data-end=\"13124\">ISO 9706-kompatibel \/ museikvalitet<\/p>\n<\/li>\n<\/ul>\n<p>&nbsp;<\/p>\n<p class=\"\"><a href=\"https:\/\/staging.pigs.no\/wp-content\/uploads\/2022\/09\/Datasheet-Hahnem\u00fchle-William-Turner-310.pdf\">L\u00e4s mer om Hahnem\u00fchle William Turner 310<\/a><\/p>","protected":false},"excerpt":{"rendered":"<p>Akvarellpapper i bomull 100% (310 gsm) utan OBA, med en stark filtstruktur och en distinkt konstpapperslook.<\/p>","protected":false},"featured_media":2665,"template":"","meta":{"_acf_changed":false},"product_brand":[167],"product_cat":[37,100,102,106],"product_tag":[86,42,40,39,46,43,101,103,47,73,41],"class_list":{"0":"post-2672","1":"product","2":"type-product","3":"status-publish","4":"has-post-thumbnail","6":"product_brand-hahnemuhle","7":"product_cat-matt-papir","8":"product_cat-matte-fineart-prints","9":"product_cat-matte-prints-med-tekstur","10":"product_cat-pigs-medier","11":"product_tag-100-cotton","12":"product_tag-300gsm","13":"product_tag-fineart","14":"product_tag-giclee","15":"product_tag-hahnemuhle","16":"product_tag-matt","17":"product_tag-matte-fineart-prints","18":"product_tag-matte-prints-med-tekstur","19":"product_tag-papir","20":"product_tag-texture","21":"product_tag-white","23":"first","24":"instock","25":"taxable","26":"shipping-taxable","27":"purchasable","28":"product-type-simple"},"acf":[],"yoast_head":"<!-- This site is optimized with the Yoast SEO plugin v27.4 - https:\/\/yoast.com\/product\/yoast-seo-wordpress\/ -->\n<title>William Turner 310 | Teksturert akvarellpapir | PIGS<\/title>\n<meta name=\"description\" content=\"Teksturert akvarellpapir (310 gsm) i 100% bomull uten OBA. Gir kunstnerisk dybde og eksklusiv presentasjon til utstilling og kunstrepro.\" \/>\n<meta name=\"robots\" content=\"index, follow, max-snippet:-1, max-image-preview:large, max-video-preview:-1\" \/>\n<link rel=\"canonical\" href=\"https:\/\/staging.pigs.no\/sv\/product-2\/hahnemuehle-william-turner-310\/\" \/>\n<meta property=\"og:locale\" content=\"sv_SE\" \/>\n<meta property=\"og:type\" content=\"article\" \/>\n<meta property=\"og:title\" content=\"William Turner 310 | Teksturert akvarellpapir | PIGS\" \/>\n<meta property=\"og:description\" content=\"Teksturert akvarellpapir (310 gsm) i 100% bomull uten OBA. Gir kunstnerisk dybde og eksklusiv presentasjon til utstilling og kunstrepro.\" \/>\n<meta property=\"og:url\" content=\"https:\/\/staging.pigs.no\/sv\/product-2\/hahnemuehle-william-turner-310\/\" \/>\n<meta property=\"og:site_name\" content=\"PIGS\" \/>\n<meta property=\"article:publisher\" content=\"https:\/\/www.facebook.com\/PIGSimagingAS\" \/>\n<meta property=\"article:modified_time\" content=\"2026-01-19T22:35:24+00:00\" \/>\n<meta property=\"og:image\" content=\"https:\/\/staging.pigs.no\/wp-content\/uploads\/2022\/10\/PIGS-imaging-HA-WT310_2.jpg\" \/>\n\t<meta property=\"og:image:width\" content=\"1000\" \/>\n\t<meta property=\"og:image:height\" content=\"1000\" \/>\n\t<meta property=\"og:image:type\" content=\"image\/jpeg\" \/>\n<meta name=\"twitter:card\" content=\"summary_large_image\" \/>\n<meta name=\"twitter:label1\" content=\"Ber\u00e4knad l\u00e4stid\" \/>\n\t<meta name=\"twitter:data1\" content=\"1 minut\" \/>\n<script type=\"application\/ld+json\" class=\"yoast-schema-graph\">{\"@context\":\"https:\\\/\\\/schema.org\",\"@graph\":[{\"@type\":\"WebPage\",\"@id\":\"https:\\\/\\\/staging.pigs.no\\\/produkt\\\/hahnemuehle-william-turner-310\\\/\",\"url\":\"https:\\\/\\\/staging.pigs.no\\\/produkt\\\/hahnemuehle-william-turner-310\\\/\",\"name\":\"William Turner 310 | Teksturert akvarellpapir | PIGS\",\"isPartOf\":{\"@id\":\"https:\\\/\\\/pigs.no\\\/#website\"},\"primaryImageOfPage\":{\"@id\":\"https:\\\/\\\/staging.pigs.no\\\/produkt\\\/hahnemuehle-william-turner-310\\\/#primaryimage\"},\"image\":{\"@id\":\"https:\\\/\\\/staging.pigs.no\\\/produkt\\\/hahnemuehle-william-turner-310\\\/#primaryimage\"},\"thumbnailUrl\":\"https:\\\/\\\/staging.pigs.no\\\/wp-content\\\/uploads\\\/2022\\\/10\\\/PIGS-imaging-HA-WT310_2.jpg\",\"datePublished\":\"2022-10-24T13:45:32+00:00\",\"dateModified\":\"2026-01-19T22:35:24+00:00\",\"description\":\"Teksturert akvarellpapir (310 gsm) i 100% bomull uten OBA. Gir kunstnerisk dybde og eksklusiv presentasjon til utstilling og kunstrepro.\",\"breadcrumb\":{\"@id\":\"https:\\\/\\\/staging.pigs.no\\\/produkt\\\/hahnemuehle-william-turner-310\\\/#breadcrumb\"},\"inLanguage\":\"sv-SE\",\"potentialAction\":[{\"@type\":\"ReadAction\",\"target\":[\"https:\\\/\\\/staging.pigs.no\\\/produkt\\\/hahnemuehle-william-turner-310\\\/\"]}]},{\"@type\":\"ImageObject\",\"inLanguage\":\"sv-SE\",\"@id\":\"https:\\\/\\\/staging.pigs.no\\\/produkt\\\/hahnemuehle-william-turner-310\\\/#primaryimage\",\"url\":\"https:\\\/\\\/staging.pigs.no\\\/wp-content\\\/uploads\\\/2022\\\/10\\\/PIGS-imaging-HA-WT310_2.jpg\",\"contentUrl\":\"https:\\\/\\\/staging.pigs.no\\\/wp-content\\\/uploads\\\/2022\\\/10\\\/PIGS-imaging-HA-WT310_2.jpg\",\"width\":1000,\"height\":1000,\"caption\":\"Hahnem\u00fchle William Turner 310\"},{\"@type\":\"BreadcrumbList\",\"@id\":\"https:\\\/\\\/staging.pigs.no\\\/produkt\\\/hahnemuehle-william-turner-310\\\/#breadcrumb\",\"itemListElement\":[{\"@type\":\"ListItem\",\"position\":1,\"name\":\"Home\",\"item\":\"https:\\\/\\\/staging.pigs.no\\\/\"},{\"@type\":\"ListItem\",\"position\":2,\"name\":\"Shop\",\"item\":\"https:\\\/\\\/pigs.no\\\/nettbutikk\\\/\"},{\"@type\":\"ListItem\",\"position\":3,\"name\":\"Hahnem\u00fchle William Turner 310\"}]},{\"@type\":\"WebSite\",\"@id\":\"https:\\\/\\\/pigs.no\\\/#website\",\"url\":\"https:\\\/\\\/pigs.no\\\/\",\"name\":\"PIGS\",\"description\":\"Digitaltrykk\",\"publisher\":{\"@id\":\"https:\\\/\\\/pigs.no\\\/#organization\"},\"potentialAction\":[{\"@type\":\"SearchAction\",\"target\":{\"@type\":\"EntryPoint\",\"urlTemplate\":\"https:\\\/\\\/pigs.no\\\/?s={search_term_string}\"},\"query-input\":{\"@type\":\"PropertyValueSpecification\",\"valueRequired\":true,\"valueName\":\"search_term_string\"}}],\"inLanguage\":\"sv-SE\"},{\"@type\":\"Organization\",\"@id\":\"https:\\\/\\\/pigs.no\\\/#organization\",\"name\":\"PIGS\",\"url\":\"https:\\\/\\\/pigs.no\\\/\",\"logo\":{\"@type\":\"ImageObject\",\"inLanguage\":\"sv-SE\",\"@id\":\"https:\\\/\\\/pigs.no\\\/#\\\/schema\\\/logo\\\/image\\\/\",\"url\":\"https:\\\/\\\/staging.pigs.no\\\/wp-content\\\/uploads\\\/2023\\\/09\\\/PIGS-logo_2023-transparent.png\",\"contentUrl\":\"https:\\\/\\\/staging.pigs.no\\\/wp-content\\\/uploads\\\/2023\\\/09\\\/PIGS-logo_2023-transparent.png\",\"width\":1000,\"height\":461,\"caption\":\"PIGS\"},\"image\":{\"@id\":\"https:\\\/\\\/pigs.no\\\/#\\\/schema\\\/logo\\\/image\\\/\"},\"sameAs\":[\"https:\\\/\\\/www.facebook.com\\\/PIGSimagingAS\"]}]}<\/script>\n<!-- \/ Yoast SEO plugin. -->","yoast_head_json":{"title":"William Turner 310 | Texturerat akvarellpapper | PIGS","description":"Texturerat akvarellpapper (310 gsm) i bomull 100% utan OBA. Ger konstn\u00e4rligt djup och exklusiv presentation f\u00f6r utst\u00e4llningar och konstprojekt.","robots":{"index":"index","follow":"follow","max-snippet":"max-snippet:-1","max-image-preview":"max-image-preview:large","max-video-preview":"max-video-preview:-1"},"canonical":"https:\/\/staging.pigs.no\/sv\/product-2\/hahnemuehle-william-turner-310\/","og_locale":"sv_SE","og_type":"article","og_title":"William Turner 310 | Teksturert akvarellpapir | PIGS","og_description":"Teksturert akvarellpapir (310 gsm) i 100% bomull uten OBA. Gir kunstnerisk dybde og eksklusiv presentasjon til utstilling og kunstrepro.","og_url":"https:\/\/staging.pigs.no\/sv\/product-2\/hahnemuehle-william-turner-310\/","og_site_name":"PIGS","article_publisher":"https:\/\/www.facebook.com\/PIGSimagingAS","article_modified_time":"2026-01-19T22:35:24+00:00","og_image":[{"width":1000,"height":1000,"url":"https:\/\/staging.pigs.no\/wp-content\/uploads\/2022\/10\/PIGS-imaging-HA-WT310_2.jpg","type":"image\/jpeg"}],"twitter_card":"summary_large_image","twitter_misc":{"Ber\u00e4knad l\u00e4stid":"1 minut"},"schema":{"@context":"https:\/\/schema.org","@graph":[{"@type":"WebPage","@id":"https:\/\/staging.pigs.no\/produkt\/hahnemuehle-william-turner-310\/","url":"https:\/\/staging.pigs.no\/produkt\/hahnemuehle-william-turner-310\/","name":"William Turner 310 | Texturerat akvarellpapper | PIGS","isPartOf":{"@id":"https:\/\/pigs.no\/#website"},"primaryImageOfPage":{"@id":"https:\/\/staging.pigs.no\/produkt\/hahnemuehle-william-turner-310\/#primaryimage"},"image":{"@id":"https:\/\/staging.pigs.no\/produkt\/hahnemuehle-william-turner-310\/#primaryimage"},"thumbnailUrl":"https:\/\/staging.pigs.no\/wp-content\/uploads\/2022\/10\/PIGS-imaging-HA-WT310_2.jpg","datePublished":"2022-10-24T13:45:32+00:00","dateModified":"2026-01-19T22:35:24+00:00","description":"Texturerat akvarellpapper (310 gsm) i bomull 100% utan OBA. Ger konstn\u00e4rligt djup och exklusiv presentation f\u00f6r utst\u00e4llningar och konstprojekt.","breadcrumb":{"@id":"https:\/\/staging.pigs.no\/produkt\/hahnemuehle-william-turner-310\/#breadcrumb"},"inLanguage":"sv-SE","potentialAction":[{"@type":"ReadAction","target":["https:\/\/staging.pigs.no\/produkt\/hahnemuehle-william-turner-310\/"]}]},{"@type":"ImageObject","inLanguage":"sv-SE","@id":"https:\/\/staging.pigs.no\/produkt\/hahnemuehle-william-turner-310\/#primaryimage","url":"https:\/\/staging.pigs.no\/wp-content\/uploads\/2022\/10\/PIGS-imaging-HA-WT310_2.jpg","contentUrl":"https:\/\/staging.pigs.no\/wp-content\/uploads\/2022\/10\/PIGS-imaging-HA-WT310_2.jpg","width":1000,"height":1000,"caption":"Hahnem\u00fchle William Turner 310"},{"@type":"BreadcrumbList","@id":"https:\/\/staging.pigs.no\/produkt\/hahnemuehle-william-turner-310\/#breadcrumb","itemListElement":[{"@type":"ListItem","position":1,"name":"Home","item":"https:\/\/staging.pigs.no\/"},{"@type":"ListItem","position":2,"name":"Shop","item":"https:\/\/pigs.no\/nettbutikk\/"},{"@type":"ListItem","position":3,"name":"Hahnem\u00fchle William Turner 310"}]},{"@type":"WebSite","@id":"https:\/\/pigs.no\/#website","url":"https:\/\/pigs.no\/","name":"PIGS","description":"Digitaltrykk","publisher":{"@id":"https:\/\/pigs.no\/#organization"},"potentialAction":[{"@type":"SearchAction","target":{"@type":"EntryPoint","urlTemplate":"https:\/\/pigs.no\/?s={search_term_string}"},"query-input":{"@type":"PropertyValueSpecification","valueRequired":true,"valueName":"search_term_string"}}],"inLanguage":"sv-SE"},{"@type":"Organization","@id":"https:\/\/pigs.no\/#organization","name":"PIGS","url":"https:\/\/pigs.no\/","logo":{"@type":"ImageObject","inLanguage":"sv-SE","@id":"https:\/\/pigs.no\/#\/schema\/logo\/image\/","url":"https:\/\/staging.pigs.no\/wp-content\/uploads\/2023\/09\/PIGS-logo_2023-transparent.png","contentUrl":"https:\/\/staging.pigs.no\/wp-content\/uploads\/2023\/09\/PIGS-logo_2023-transparent.png","width":1000,"height":461,"caption":"PIGS"},"image":{"@id":"https:\/\/pigs.no\/#\/schema\/logo\/image\/"},"sameAs":["https:\/\/www.facebook.com\/PIGSimagingAS"]}]}},"_links":{"self":[{"href":"https:\/\/staging.pigs.no\/sv\/wp-json\/wp\/v2\/product\/2672","targetHints":{"allow":["GET"]}}],"collection":[{"href":"https:\/\/staging.pigs.no\/sv\/wp-json\/wp\/v2\/product"}],"about":[{"href":"https:\/\/staging.pigs.no\/sv\/wp-json\/wp\/v2\/types\/product"}],"version-history":[{"count":3,"href":"https:\/\/staging.pigs.no\/sv\/wp-json\/wp\/v2\/product\/2672\/revisions"}],"predecessor-version":[{"id":6987,"href":"https:\/\/staging.pigs.no\/sv\/wp-json\/wp\/v2\/product\/2672\/revisions\/6987"}],"wp:featuredmedia":[{"embeddable":true,"href":"https:\/\/staging.pigs.no\/sv\/wp-json\/wp\/v2\/media\/2665"}],"wp:attachment":[{"href":"https:\/\/staging.pigs.no\/sv\/wp-json\/wp\/v2\/media?parent=2672"}],"wp:term":[{"taxonomy":"product_brand","embeddable":true,"href":"https:\/\/staging.pigs.no\/sv\/wp-json\/wp\/v2\/product_brand?post=2672"},{"taxonomy":"product_cat","embeddable":true,"href":"https:\/\/staging.pigs.no\/sv\/wp-json\/wp\/v2\/product_cat?post=2672"},{"taxonomy":"product_tag","embeddable":true,"href":"https:\/\/staging.pigs.no\/sv\/wp-json\/wp\/v2\/product_tag?post=2672"}],"curies":[{"name":"wp","href":"https:\/\/api.w.org\/{rel}","templated":true}]}}