{"id":2673,"date":"2022-10-24T13:49:55","date_gmt":"2022-10-24T13:49:55","guid":{"rendered":"https:\/\/nye.pigs.no\/?post_type=product&#038;p=2673"},"modified":"2026-01-19T22:35:18","modified_gmt":"2026-01-19T22:35:18","slug":"hahnemuehle-museum-etching-350","status":"publish","type":"product","link":"https:\/\/staging.pigs.no\/sv\/produkt\/hahnemuehle-museum-etching-350\/","title":{"rendered":"Hahnem\u00fchle Museum Etching 350"},"content":{"rendered":"<p>Museum Etching 350 \u00e4r ett stabilt, texturerat fine art-bomullspapper med en bestrykning som \u00e4r optimerad f\u00f6r inkjet-tryck. Den fina filtstrukturen ger extra djup och tredimensionalitet med livfulla f\u00e4rger, djup sv\u00e4rta och exakta detaljer. \u00d6verensst\u00e4mmer med ISO 9706.<\/p>\n<p><span style=\"font-weight: 400;\"><strong>NB!<\/strong> Kan tryckas upp till 110 cm p\u00e5 kortsidan (t.ex. 110 \u00d7 220 cm). Rullens bredd: 111 cm (44\u2033).<\/span><\/p>\n<p><strong data-start=\"14306\" data-end=\"14326\">L\u00e4mpar sig b\u00e4st f\u00f6r:<\/strong> illustration \/ utst\u00e4llning \/ foto \/ s-h<\/p>\n<p data-start=\"14062\" data-end=\"14091\"><strong data-start=\"14062\" data-end=\"14089\">Funktioner:<\/strong><\/p>\n<ul data-start=\"14092\" data-end=\"14304\">\n<li data-start=\"14092\" data-end=\"14116\">\n<p data-start=\"14094\" data-end=\"14116\">350 gsm, 100% bomull<\/p>\n<\/li>\n<li data-start=\"14117\" data-end=\"14161\">\n<p data-start=\"14119\" data-end=\"14161\">Naturvit f\u00e4rg, utan optiska vitmedel<\/p>\n<\/li>\n<li data-start=\"14162\" data-end=\"14196\">\n<p data-start=\"14164\" data-end=\"14196\">Bra, men tydlig filtstruktur<\/p>\n<\/li>\n<li data-start=\"14197\" data-end=\"14244\">\n<p data-start=\"14199\" data-end=\"14244\">Matt yta (optimerad f\u00f6r pigmentbl\u00e4ck)<\/p>\n<\/li>\n<li data-start=\"14245\" data-end=\"14267\">\n<p data-start=\"14247\" data-end=\"14267\">Fri fr\u00e5n syra och lignin<\/p>\n<\/li>\n<li data-start=\"14268\" data-end=\"14304\">\n<p data-start=\"14270\" data-end=\"14304\">ISO 9706-kompatibel \/ museikvalitet<\/p>\n<\/li>\n<\/ul>\n<p>&nbsp;<\/p>\n<p class=\"\"><a href=\"https:\/\/staging.pigs.no\/wp-content\/uploads\/2022\/09\/Datasheet-Hahnem\u00fchle-Museum-Etching-310.pdf\">L\u00e4s mer om Hahnem\u00fchle Museum Etching 350<\/a><\/p>","protected":false},"excerpt":{"rendered":"<p>Kraftigt naturvitt bomullspapper (350 gsm) utan OBA - tydlig filtstruktur och maximal gallerik\u00e4nsla.<\/p>","protected":false},"featured_media":2655,"template":"","meta":{"_acf_changed":false},"product_brand":[167],"product_cat":[37,100,102,106],"product_tag":[86,42,40,39,46,43,101,103,69,47,73],"class_list":{"0":"post-2673","1":"product","2":"type-product","3":"status-publish","4":"has-post-thumbnail","6":"product_brand-hahnemuhle","7":"product_cat-matt-papir","8":"product_cat-matte-fineart-prints","9":"product_cat-matte-prints-med-tekstur","10":"product_cat-pigs-medier","11":"product_tag-100-cotton","12":"product_tag-300gsm","13":"product_tag-fineart","14":"product_tag-giclee","15":"product_tag-hahnemuhle","16":"product_tag-matt","17":"product_tag-matte-fineart-prints","18":"product_tag-matte-prints-med-tekstur","19":"product_tag-natural-white","20":"product_tag-papir","21":"product_tag-texture","23":"first","24":"instock","25":"taxable","26":"shipping-taxable","27":"purchasable","28":"product-type-simple"},"acf":[],"yoast_head":"<!-- This site is optimized with the Yoast SEO plugin v27.4 - https:\/\/yoast.com\/product\/yoast-seo-wordpress\/ -->\n<title>Hahnem\u00fchle Museum Etching 350 | Kraftig teksturert bomull | PIGS<\/title>\n<meta name=\"description\" content=\"Teksturert bomullspapir (350 gsm) uten OBA med matt finish. Gir maksimal dybde og eksklusiv presentasjon \u2013 museumskvalitet til utstilling.\" \/>\n<meta name=\"robots\" content=\"index, follow, max-snippet:-1, max-image-preview:large, max-video-preview:-1\" \/>\n<link rel=\"canonical\" href=\"https:\/\/staging.pigs.no\/sv\/product-2\/hahnemuehle-museum-etching-350\/\" \/>\n<meta property=\"og:locale\" content=\"sv_SE\" \/>\n<meta property=\"og:type\" content=\"article\" \/>\n<meta property=\"og:title\" content=\"Hahnem\u00fchle Museum Etching 350 | Kraftig teksturert bomull | PIGS\" \/>\n<meta property=\"og:description\" content=\"Teksturert bomullspapir (350 gsm) uten OBA med matt finish. Gir maksimal dybde og eksklusiv presentasjon \u2013 museumskvalitet til utstilling.\" \/>\n<meta property=\"og:url\" content=\"https:\/\/staging.pigs.no\/sv\/product-2\/hahnemuehle-museum-etching-350\/\" \/>\n<meta property=\"og:site_name\" content=\"PIGS\" \/>\n<meta property=\"article:publisher\" content=\"https:\/\/www.facebook.com\/PIGSimagingAS\" \/>\n<meta property=\"article:modified_time\" content=\"2026-01-19T22:35:18+00:00\" \/>\n<meta property=\"og:image\" content=\"https:\/\/staging.pigs.no\/wp-content\/uploads\/2022\/10\/PIGS-imaging-HA-ME350_2.jpg\" \/>\n\t<meta property=\"og:image:width\" content=\"1000\" \/>\n\t<meta property=\"og:image:height\" content=\"1000\" \/>\n\t<meta property=\"og:image:type\" content=\"image\/jpeg\" \/>\n<meta name=\"twitter:card\" content=\"summary_large_image\" \/>\n<meta name=\"twitter:label1\" content=\"Ber\u00e4knad l\u00e4stid\" \/>\n\t<meta name=\"twitter:data1\" content=\"1 minut\" \/>\n<script type=\"application\/ld+json\" class=\"yoast-schema-graph\">{\"@context\":\"https:\\\/\\\/schema.org\",\"@graph\":[{\"@type\":\"WebPage\",\"@id\":\"https:\\\/\\\/staging.pigs.no\\\/produkt\\\/hahnemuehle-museum-etching-350\\\/\",\"url\":\"https:\\\/\\\/staging.pigs.no\\\/produkt\\\/hahnemuehle-museum-etching-350\\\/\",\"name\":\"Hahnem\u00fchle Museum Etching 350 | Kraftig teksturert bomull | PIGS\",\"isPartOf\":{\"@id\":\"https:\\\/\\\/pigs.no\\\/#website\"},\"primaryImageOfPage\":{\"@id\":\"https:\\\/\\\/staging.pigs.no\\\/produkt\\\/hahnemuehle-museum-etching-350\\\/#primaryimage\"},\"image\":{\"@id\":\"https:\\\/\\\/staging.pigs.no\\\/produkt\\\/hahnemuehle-museum-etching-350\\\/#primaryimage\"},\"thumbnailUrl\":\"https:\\\/\\\/staging.pigs.no\\\/wp-content\\\/uploads\\\/2022\\\/10\\\/PIGS-imaging-HA-ME350_2.jpg\",\"datePublished\":\"2022-10-24T13:49:55+00:00\",\"dateModified\":\"2026-01-19T22:35:18+00:00\",\"description\":\"Teksturert bomullspapir (350 gsm) uten OBA med matt finish. Gir maksimal dybde og eksklusiv presentasjon \u2013 museumskvalitet til utstilling.\",\"breadcrumb\":{\"@id\":\"https:\\\/\\\/staging.pigs.no\\\/produkt\\\/hahnemuehle-museum-etching-350\\\/#breadcrumb\"},\"inLanguage\":\"sv-SE\",\"potentialAction\":[{\"@type\":\"ReadAction\",\"target\":[\"https:\\\/\\\/staging.pigs.no\\\/produkt\\\/hahnemuehle-museum-etching-350\\\/\"]}]},{\"@type\":\"ImageObject\",\"inLanguage\":\"sv-SE\",\"@id\":\"https:\\\/\\\/staging.pigs.no\\\/produkt\\\/hahnemuehle-museum-etching-350\\\/#primaryimage\",\"url\":\"https:\\\/\\\/staging.pigs.no\\\/wp-content\\\/uploads\\\/2022\\\/10\\\/PIGS-imaging-HA-ME350_2.jpg\",\"contentUrl\":\"https:\\\/\\\/staging.pigs.no\\\/wp-content\\\/uploads\\\/2022\\\/10\\\/PIGS-imaging-HA-ME350_2.jpg\",\"width\":1000,\"height\":1000,\"caption\":\"Hahnem\u00fchle Museum Etching\"},{\"@type\":\"BreadcrumbList\",\"@id\":\"https:\\\/\\\/staging.pigs.no\\\/produkt\\\/hahnemuehle-museum-etching-350\\\/#breadcrumb\",\"itemListElement\":[{\"@type\":\"ListItem\",\"position\":1,\"name\":\"Home\",\"item\":\"https:\\\/\\\/staging.pigs.no\\\/\"},{\"@type\":\"ListItem\",\"position\":2,\"name\":\"Shop\",\"item\":\"https:\\\/\\\/pigs.no\\\/nettbutikk\\\/\"},{\"@type\":\"ListItem\",\"position\":3,\"name\":\"Hahnem\u00fchle Museum Etching 350\"}]},{\"@type\":\"WebSite\",\"@id\":\"https:\\\/\\\/pigs.no\\\/#website\",\"url\":\"https:\\\/\\\/pigs.no\\\/\",\"name\":\"PIGS\",\"description\":\"Digitaltrykk\",\"publisher\":{\"@id\":\"https:\\\/\\\/pigs.no\\\/#organization\"},\"potentialAction\":[{\"@type\":\"SearchAction\",\"target\":{\"@type\":\"EntryPoint\",\"urlTemplate\":\"https:\\\/\\\/pigs.no\\\/?s={search_term_string}\"},\"query-input\":{\"@type\":\"PropertyValueSpecification\",\"valueRequired\":true,\"valueName\":\"search_term_string\"}}],\"inLanguage\":\"sv-SE\"},{\"@type\":\"Organization\",\"@id\":\"https:\\\/\\\/pigs.no\\\/#organization\",\"name\":\"PIGS\",\"url\":\"https:\\\/\\\/pigs.no\\\/\",\"logo\":{\"@type\":\"ImageObject\",\"inLanguage\":\"sv-SE\",\"@id\":\"https:\\\/\\\/pigs.no\\\/#\\\/schema\\\/logo\\\/image\\\/\",\"url\":\"https:\\\/\\\/staging.pigs.no\\\/wp-content\\\/uploads\\\/2023\\\/09\\\/PIGS-logo_2023-transparent.png\",\"contentUrl\":\"https:\\\/\\\/staging.pigs.no\\\/wp-content\\\/uploads\\\/2023\\\/09\\\/PIGS-logo_2023-transparent.png\",\"width\":1000,\"height\":461,\"caption\":\"PIGS\"},\"image\":{\"@id\":\"https:\\\/\\\/pigs.no\\\/#\\\/schema\\\/logo\\\/image\\\/\"},\"sameAs\":[\"https:\\\/\\\/www.facebook.com\\\/PIGSimagingAS\"]}]}<\/script>\n<!-- \/ Yoast SEO plugin. -->","yoast_head_json":{"title":"Hahnem\u00fchle Museum Etching 350 | Kraftig texturerad bomull | PIGS","description":"Texturerat bomullspapper (350 g\/m\u00b2) utan OBA med matt finish. Ger maximalt djup och exklusiv presentation - museikvalitet f\u00f6r utst\u00e4llningar.","robots":{"index":"index","follow":"follow","max-snippet":"max-snippet:-1","max-image-preview":"max-image-preview:large","max-video-preview":"max-video-preview:-1"},"canonical":"https:\/\/staging.pigs.no\/sv\/product-2\/hahnemuehle-museum-etching-350\/","og_locale":"sv_SE","og_type":"article","og_title":"Hahnem\u00fchle Museum Etching 350 | Kraftig teksturert bomull | PIGS","og_description":"Teksturert bomullspapir (350 gsm) uten OBA med matt finish. Gir maksimal dybde og eksklusiv presentasjon \u2013 museumskvalitet til utstilling.","og_url":"https:\/\/staging.pigs.no\/sv\/product-2\/hahnemuehle-museum-etching-350\/","og_site_name":"PIGS","article_publisher":"https:\/\/www.facebook.com\/PIGSimagingAS","article_modified_time":"2026-01-19T22:35:18+00:00","og_image":[{"width":1000,"height":1000,"url":"https:\/\/staging.pigs.no\/wp-content\/uploads\/2022\/10\/PIGS-imaging-HA-ME350_2.jpg","type":"image\/jpeg"}],"twitter_card":"summary_large_image","twitter_misc":{"Ber\u00e4knad l\u00e4stid":"1 minut"},"schema":{"@context":"https:\/\/schema.org","@graph":[{"@type":"WebPage","@id":"https:\/\/staging.pigs.no\/produkt\/hahnemuehle-museum-etching-350\/","url":"https:\/\/staging.pigs.no\/produkt\/hahnemuehle-museum-etching-350\/","name":"Hahnem\u00fchle Museum Etching 350 | Kraftig texturerad bomull | PIGS","isPartOf":{"@id":"https:\/\/pigs.no\/#website"},"primaryImageOfPage":{"@id":"https:\/\/staging.pigs.no\/produkt\/hahnemuehle-museum-etching-350\/#primaryimage"},"image":{"@id":"https:\/\/staging.pigs.no\/produkt\/hahnemuehle-museum-etching-350\/#primaryimage"},"thumbnailUrl":"https:\/\/staging.pigs.no\/wp-content\/uploads\/2022\/10\/PIGS-imaging-HA-ME350_2.jpg","datePublished":"2022-10-24T13:49:55+00:00","dateModified":"2026-01-19T22:35:18+00:00","description":"Texturerat bomullspapper (350 g\/m\u00b2) utan OBA med matt finish. Ger maximalt djup och exklusiv presentation - museikvalitet f\u00f6r utst\u00e4llningar.","breadcrumb":{"@id":"https:\/\/staging.pigs.no\/produkt\/hahnemuehle-museum-etching-350\/#breadcrumb"},"inLanguage":"sv-SE","potentialAction":[{"@type":"ReadAction","target":["https:\/\/staging.pigs.no\/produkt\/hahnemuehle-museum-etching-350\/"]}]},{"@type":"ImageObject","inLanguage":"sv-SE","@id":"https:\/\/staging.pigs.no\/produkt\/hahnemuehle-museum-etching-350\/#primaryimage","url":"https:\/\/staging.pigs.no\/wp-content\/uploads\/2022\/10\/PIGS-imaging-HA-ME350_2.jpg","contentUrl":"https:\/\/staging.pigs.no\/wp-content\/uploads\/2022\/10\/PIGS-imaging-HA-ME350_2.jpg","width":1000,"height":1000,"caption":"Hahnem\u00fchle Museum Etching"},{"@type":"BreadcrumbList","@id":"https:\/\/staging.pigs.no\/produkt\/hahnemuehle-museum-etching-350\/#breadcrumb","itemListElement":[{"@type":"ListItem","position":1,"name":"Home","item":"https:\/\/staging.pigs.no\/"},{"@type":"ListItem","position":2,"name":"Shop","item":"https:\/\/pigs.no\/nettbutikk\/"},{"@type":"ListItem","position":3,"name":"Hahnem\u00fchle Museum Etching 350"}]},{"@type":"WebSite","@id":"https:\/\/pigs.no\/#website","url":"https:\/\/pigs.no\/","name":"PIGS","description":"Digitaltrykk","publisher":{"@id":"https:\/\/pigs.no\/#organization"},"potentialAction":[{"@type":"SearchAction","target":{"@type":"EntryPoint","urlTemplate":"https:\/\/pigs.no\/?s={search_term_string}"},"query-input":{"@type":"PropertyValueSpecification","valueRequired":true,"valueName":"search_term_string"}}],"inLanguage":"sv-SE"},{"@type":"Organization","@id":"https:\/\/pigs.no\/#organization","name":"PIGS","url":"https:\/\/pigs.no\/","logo":{"@type":"ImageObject","inLanguage":"sv-SE","@id":"https:\/\/pigs.no\/#\/schema\/logo\/image\/","url":"https:\/\/staging.pigs.no\/wp-content\/uploads\/2023\/09\/PIGS-logo_2023-transparent.png","contentUrl":"https:\/\/staging.pigs.no\/wp-content\/uploads\/2023\/09\/PIGS-logo_2023-transparent.png","width":1000,"height":461,"caption":"PIGS"},"image":{"@id":"https:\/\/pigs.no\/#\/schema\/logo\/image\/"},"sameAs":["https:\/\/www.facebook.com\/PIGSimagingAS"]}]}},"_links":{"self":[{"href":"https:\/\/staging.pigs.no\/sv\/wp-json\/wp\/v2\/product\/2673","targetHints":{"allow":["GET"]}}],"collection":[{"href":"https:\/\/staging.pigs.no\/sv\/wp-json\/wp\/v2\/product"}],"about":[{"href":"https:\/\/staging.pigs.no\/sv\/wp-json\/wp\/v2\/types\/product"}],"version-history":[{"count":3,"href":"https:\/\/staging.pigs.no\/sv\/wp-json\/wp\/v2\/product\/2673\/revisions"}],"predecessor-version":[{"id":13468,"href":"https:\/\/staging.pigs.no\/sv\/wp-json\/wp\/v2\/product\/2673\/revisions\/13468"}],"wp:featuredmedia":[{"embeddable":true,"href":"https:\/\/staging.pigs.no\/sv\/wp-json\/wp\/v2\/media\/2655"}],"wp:attachment":[{"href":"https:\/\/staging.pigs.no\/sv\/wp-json\/wp\/v2\/media?parent=2673"}],"wp:term":[{"taxonomy":"product_brand","embeddable":true,"href":"https:\/\/staging.pigs.no\/sv\/wp-json\/wp\/v2\/product_brand?post=2673"},{"taxonomy":"product_cat","embeddable":true,"href":"https:\/\/staging.pigs.no\/sv\/wp-json\/wp\/v2\/product_cat?post=2673"},{"taxonomy":"product_tag","embeddable":true,"href":"https:\/\/staging.pigs.no\/sv\/wp-json\/wp\/v2\/product_tag?post=2673"}],"curies":[{"name":"wp","href":"https:\/\/api.w.org\/{rel}","templated":true}]}}