{"id":2674,"date":"2022-10-24T13:56:11","date_gmt":"2022-10-24T13:56:11","guid":{"rendered":"https:\/\/nye.pigs.no\/?post_type=product&#038;p=2674"},"modified":"2026-01-19T22:00:28","modified_gmt":"2026-01-19T22:00:28","slug":"hahnemuehle-fineart-baryta-satin-300","status":"publish","type":"product","link":"https:\/\/staging.pigs.no\/sv\/produkt\/hahnemuehle-fineart-baryta-satin-300\/","title":{"rendered":"Hahnem\u00fchle FineArt Baryta Satin 300"},"content":{"rendered":"<p>FineArt Baryta Satin 300 kombinerar en naturvit bas utan optiska vitmedel med en silkeslen, finkornig yta. Satinfinishen ger en sofistikerad barytautseende med intensiv f\u00e4rg, djup sv\u00e4rta och mycket h\u00f6g sk\u00e4rpa. \u00d6verensst\u00e4mmer med ISO 9706.<\/p>\n<p><strong>NB!<\/strong> Kan tryckas upp till 110 cm p\u00e5 kortsidan (t.ex. 110 \u00d7 200 cm). Rullens bredd: 111 cm (44\u2033).<\/p>\n<p><strong data-start=\"21425\" data-end=\"21445\">L\u00e4mpar sig b\u00e4st f\u00f6r:<\/strong> s-h \/ foto \/ utst\u00e4llning \/ reproduktion av gamla fotografier<\/p>\n<p data-start=\"21211\" data-end=\"21240\"><strong data-start=\"21211\" data-end=\"21238\">Funktioner:<\/strong><\/p>\n<ul data-start=\"21241\" data-end=\"21423\">\n<li data-start=\"21241\" data-end=\"21252\">\n<p data-start=\"21243\" data-end=\"21252\">300 gsm<\/p>\n<\/li>\n<li data-start=\"21253\" data-end=\"21276\">\n<p data-start=\"21255\" data-end=\"21276\">100% alfa-cellulosa<\/p>\n<\/li>\n<li data-start=\"21277\" data-end=\"21320\">\n<p data-start=\"21279\" data-end=\"21320\">Naturvitt, utan optiska vitmedel<\/p>\n<\/li>\n<li data-start=\"21321\" data-end=\"21358\">\n<p data-start=\"21323\" data-end=\"21358\">Silkeslen och finkornig yta<\/p>\n<\/li>\n<li data-start=\"21359\" data-end=\"21374\">\n<p data-start=\"21361\" data-end=\"21374\">Satinfinish<\/p>\n<\/li>\n<li data-start=\"21375\" data-end=\"21386\">\n<p data-start=\"21377\" data-end=\"21386\">Syrafri<\/p>\n<\/li>\n<li data-start=\"21387\" data-end=\"21423\">\n<p data-start=\"21389\" data-end=\"21423\">ISO 9706-kompatibel \/ museikvalitet<\/p>\n<\/li>\n<\/ul>\n<p>&nbsp;<\/p>\n<p class=\"\"><a href=\"https:\/\/staging.pigs.no\/wp-content\/uploads\/2022\/09\/Datasheet-Hahnem\u00fchle-FineArt-Baryta-Satin-300.pdf\">L\u00e4s mer om Hahnem\u00fchle FineArt Baryta Satin 300<\/a><\/p>","protected":false},"excerpt":{"rendered":"<p>Natural white fine art (300 gsm) i alfacellulosa 100% utan OBA - silkeslen, finkornig yta och satinfinish med intensiva f\u00e4rger och djupa sv\u00e4rtor.<\/p>","protected":false},"featured_media":2650,"template":"","meta":{"_acf_changed":false},"product_brand":[167],"product_cat":[91,107,104,106],"product_tag":[42,85,92,70,40,39,46,69,47],"class_list":{"0":"post-2674","1":"product","2":"type-product","3":"status-publish","4":"has-post-thumbnail","6":"product_brand-hahnemuhle","7":"product_cat-baryta-prints","8":"product_cat-blanke-fineart-prints","9":"product_cat-blankt-papir","10":"product_cat-pigs-medier","11":"product_tag-300gsm","12":"product_tag-alpha-cellulose","13":"product_tag-baryta","14":"product_tag-blank","15":"product_tag-fineart","16":"product_tag-giclee","17":"product_tag-hahnemuhle","18":"product_tag-natural-white","19":"product_tag-papir","21":"first","22":"instock","23":"taxable","24":"shipping-taxable","25":"purchasable","26":"product-type-simple"},"acf":[],"yoast_head":"<!-- This site is optimized with the Yoast SEO plugin v27.4 - https:\/\/yoast.com\/product\/yoast-seo-wordpress\/ -->\n<title>FineArt Baryta Satin 300 | Satin baryta fine art | PIGS<\/title>\n<meta name=\"description\" content=\"FineArt Baryta Satin 300 (300 gsm) uten OBA gir intense farger, dype sorte og h\u00f8y skarphet \u2013 et premium valg til foto og sort-hvitt i utstilling.\" \/>\n<meta name=\"robots\" content=\"index, follow, max-snippet:-1, max-image-preview:large, max-video-preview:-1\" \/>\n<link rel=\"canonical\" href=\"https:\/\/staging.pigs.no\/sv\/product-2\/hahnemuehle-fineart-baryta-satin-300\/\" \/>\n<meta property=\"og:locale\" content=\"sv_SE\" \/>\n<meta property=\"og:type\" content=\"article\" \/>\n<meta property=\"og:title\" content=\"FineArt Baryta Satin 300 | Satin baryta fine art | PIGS\" \/>\n<meta property=\"og:description\" content=\"FineArt Baryta Satin 300 (300 gsm) uten OBA gir intense farger, dype sorte og h\u00f8y skarphet \u2013 et premium valg til foto og sort-hvitt i utstilling.\" \/>\n<meta property=\"og:url\" content=\"https:\/\/staging.pigs.no\/sv\/product-2\/hahnemuehle-fineart-baryta-satin-300\/\" \/>\n<meta property=\"og:site_name\" content=\"PIGS\" \/>\n<meta property=\"article:publisher\" content=\"https:\/\/www.facebook.com\/PIGSimagingAS\" \/>\n<meta property=\"article:modified_time\" content=\"2026-01-19T22:00:28+00:00\" \/>\n<meta property=\"og:image\" content=\"https:\/\/staging.pigs.no\/wp-content\/uploads\/2022\/10\/PIGS-imaging-HA-FAB300_2.jpg\" \/>\n\t<meta property=\"og:image:width\" content=\"1000\" \/>\n\t<meta property=\"og:image:height\" content=\"1000\" \/>\n\t<meta property=\"og:image:type\" content=\"image\/jpeg\" \/>\n<meta name=\"twitter:card\" content=\"summary_large_image\" \/>\n<meta name=\"twitter:label1\" content=\"Ber\u00e4knad l\u00e4stid\" \/>\n\t<meta name=\"twitter:data1\" content=\"1 minut\" \/>\n<script type=\"application\/ld+json\" class=\"yoast-schema-graph\">{\"@context\":\"https:\\\/\\\/schema.org\",\"@graph\":[{\"@type\":\"WebPage\",\"@id\":\"https:\\\/\\\/staging.pigs.no\\\/produkt\\\/hahnemuehle-fineart-baryta-satin-300\\\/\",\"url\":\"https:\\\/\\\/staging.pigs.no\\\/produkt\\\/hahnemuehle-fineart-baryta-satin-300\\\/\",\"name\":\"FineArt Baryta Satin 300 | Satin baryta fine art | PIGS\",\"isPartOf\":{\"@id\":\"https:\\\/\\\/pigs.no\\\/#website\"},\"primaryImageOfPage\":{\"@id\":\"https:\\\/\\\/staging.pigs.no\\\/produkt\\\/hahnemuehle-fineart-baryta-satin-300\\\/#primaryimage\"},\"image\":{\"@id\":\"https:\\\/\\\/staging.pigs.no\\\/produkt\\\/hahnemuehle-fineart-baryta-satin-300\\\/#primaryimage\"},\"thumbnailUrl\":\"https:\\\/\\\/staging.pigs.no\\\/wp-content\\\/uploads\\\/2022\\\/10\\\/PIGS-imaging-HA-FAB300_2.jpg\",\"datePublished\":\"2022-10-24T13:56:11+00:00\",\"dateModified\":\"2026-01-19T22:00:28+00:00\",\"description\":\"FineArt Baryta Satin 300 (300 gsm) uten OBA gir intense farger, dype sorte og h\u00f8y skarphet \u2013 et premium valg til foto og sort-hvitt i utstilling.\",\"breadcrumb\":{\"@id\":\"https:\\\/\\\/staging.pigs.no\\\/produkt\\\/hahnemuehle-fineart-baryta-satin-300\\\/#breadcrumb\"},\"inLanguage\":\"sv-SE\",\"potentialAction\":[{\"@type\":\"ReadAction\",\"target\":[\"https:\\\/\\\/staging.pigs.no\\\/produkt\\\/hahnemuehle-fineart-baryta-satin-300\\\/\"]}]},{\"@type\":\"ImageObject\",\"inLanguage\":\"sv-SE\",\"@id\":\"https:\\\/\\\/staging.pigs.no\\\/produkt\\\/hahnemuehle-fineart-baryta-satin-300\\\/#primaryimage\",\"url\":\"https:\\\/\\\/staging.pigs.no\\\/wp-content\\\/uploads\\\/2022\\\/10\\\/PIGS-imaging-HA-FAB300_2.jpg\",\"contentUrl\":\"https:\\\/\\\/staging.pigs.no\\\/wp-content\\\/uploads\\\/2022\\\/10\\\/PIGS-imaging-HA-FAB300_2.jpg\",\"width\":1000,\"height\":1000,\"caption\":\"Hahnem\u00fchle FineArt Baryta Satin 300\"},{\"@type\":\"BreadcrumbList\",\"@id\":\"https:\\\/\\\/staging.pigs.no\\\/produkt\\\/hahnemuehle-fineart-baryta-satin-300\\\/#breadcrumb\",\"itemListElement\":[{\"@type\":\"ListItem\",\"position\":1,\"name\":\"Home\",\"item\":\"https:\\\/\\\/staging.pigs.no\\\/\"},{\"@type\":\"ListItem\",\"position\":2,\"name\":\"Shop\",\"item\":\"https:\\\/\\\/pigs.no\\\/nettbutikk\\\/\"},{\"@type\":\"ListItem\",\"position\":3,\"name\":\"Hahnem\u00fchle FineArt Baryta Satin 300\"}]},{\"@type\":\"WebSite\",\"@id\":\"https:\\\/\\\/pigs.no\\\/#website\",\"url\":\"https:\\\/\\\/pigs.no\\\/\",\"name\":\"PIGS\",\"description\":\"Digitaltrykk\",\"publisher\":{\"@id\":\"https:\\\/\\\/pigs.no\\\/#organization\"},\"potentialAction\":[{\"@type\":\"SearchAction\",\"target\":{\"@type\":\"EntryPoint\",\"urlTemplate\":\"https:\\\/\\\/pigs.no\\\/?s={search_term_string}\"},\"query-input\":{\"@type\":\"PropertyValueSpecification\",\"valueRequired\":true,\"valueName\":\"search_term_string\"}}],\"inLanguage\":\"sv-SE\"},{\"@type\":\"Organization\",\"@id\":\"https:\\\/\\\/pigs.no\\\/#organization\",\"name\":\"PIGS\",\"url\":\"https:\\\/\\\/pigs.no\\\/\",\"logo\":{\"@type\":\"ImageObject\",\"inLanguage\":\"sv-SE\",\"@id\":\"https:\\\/\\\/pigs.no\\\/#\\\/schema\\\/logo\\\/image\\\/\",\"url\":\"https:\\\/\\\/staging.pigs.no\\\/wp-content\\\/uploads\\\/2023\\\/09\\\/PIGS-logo_2023-transparent.png\",\"contentUrl\":\"https:\\\/\\\/staging.pigs.no\\\/wp-content\\\/uploads\\\/2023\\\/09\\\/PIGS-logo_2023-transparent.png\",\"width\":1000,\"height\":461,\"caption\":\"PIGS\"},\"image\":{\"@id\":\"https:\\\/\\\/pigs.no\\\/#\\\/schema\\\/logo\\\/image\\\/\"},\"sameAs\":[\"https:\\\/\\\/www.facebook.com\\\/PIGSimagingAS\"]}]}<\/script>\n<!-- \/ Yoast SEO plugin. -->","yoast_head_json":{"title":"FineArt Baryta Satin 300 | Satin baryta fine art | PIGS","description":"FineArt Baryta Satin 300 (300 g\/m\u00b2) utan OBA ger intensiva f\u00e4rger, djup sv\u00e4rta och h\u00f6g sk\u00e4rpa - ett f\u00f6rstklassigt val f\u00f6r svartvitt foto och utst\u00e4llning.","robots":{"index":"index","follow":"follow","max-snippet":"max-snippet:-1","max-image-preview":"max-image-preview:large","max-video-preview":"max-video-preview:-1"},"canonical":"https:\/\/staging.pigs.no\/sv\/product-2\/hahnemuehle-fineart-baryta-satin-300\/","og_locale":"sv_SE","og_type":"article","og_title":"FineArt Baryta Satin 300 | Satin baryta fine art | PIGS","og_description":"FineArt Baryta Satin 300 (300 gsm) uten OBA gir intense farger, dype sorte og h\u00f8y skarphet \u2013 et premium valg til foto og sort-hvitt i utstilling.","og_url":"https:\/\/staging.pigs.no\/sv\/product-2\/hahnemuehle-fineart-baryta-satin-300\/","og_site_name":"PIGS","article_publisher":"https:\/\/www.facebook.com\/PIGSimagingAS","article_modified_time":"2026-01-19T22:00:28+00:00","og_image":[{"width":1000,"height":1000,"url":"https:\/\/staging.pigs.no\/wp-content\/uploads\/2022\/10\/PIGS-imaging-HA-FAB300_2.jpg","type":"image\/jpeg"}],"twitter_card":"summary_large_image","twitter_misc":{"Ber\u00e4knad l\u00e4stid":"1 minut"},"schema":{"@context":"https:\/\/schema.org","@graph":[{"@type":"WebPage","@id":"https:\/\/staging.pigs.no\/produkt\/hahnemuehle-fineart-baryta-satin-300\/","url":"https:\/\/staging.pigs.no\/produkt\/hahnemuehle-fineart-baryta-satin-300\/","name":"FineArt Baryta Satin 300 | Satin baryta fine art | PIGS","isPartOf":{"@id":"https:\/\/pigs.no\/#website"},"primaryImageOfPage":{"@id":"https:\/\/staging.pigs.no\/produkt\/hahnemuehle-fineart-baryta-satin-300\/#primaryimage"},"image":{"@id":"https:\/\/staging.pigs.no\/produkt\/hahnemuehle-fineart-baryta-satin-300\/#primaryimage"},"thumbnailUrl":"https:\/\/staging.pigs.no\/wp-content\/uploads\/2022\/10\/PIGS-imaging-HA-FAB300_2.jpg","datePublished":"2022-10-24T13:56:11+00:00","dateModified":"2026-01-19T22:00:28+00:00","description":"FineArt Baryta Satin 300 (300 g\/m\u00b2) utan OBA ger intensiva f\u00e4rger, djup sv\u00e4rta och h\u00f6g sk\u00e4rpa - ett f\u00f6rstklassigt val f\u00f6r svartvitt foto och utst\u00e4llning.","breadcrumb":{"@id":"https:\/\/staging.pigs.no\/produkt\/hahnemuehle-fineart-baryta-satin-300\/#breadcrumb"},"inLanguage":"sv-SE","potentialAction":[{"@type":"ReadAction","target":["https:\/\/staging.pigs.no\/produkt\/hahnemuehle-fineart-baryta-satin-300\/"]}]},{"@type":"ImageObject","inLanguage":"sv-SE","@id":"https:\/\/staging.pigs.no\/produkt\/hahnemuehle-fineart-baryta-satin-300\/#primaryimage","url":"https:\/\/staging.pigs.no\/wp-content\/uploads\/2022\/10\/PIGS-imaging-HA-FAB300_2.jpg","contentUrl":"https:\/\/staging.pigs.no\/wp-content\/uploads\/2022\/10\/PIGS-imaging-HA-FAB300_2.jpg","width":1000,"height":1000,"caption":"Hahnem\u00fchle FineArt Baryta Satin 300"},{"@type":"BreadcrumbList","@id":"https:\/\/staging.pigs.no\/produkt\/hahnemuehle-fineart-baryta-satin-300\/#breadcrumb","itemListElement":[{"@type":"ListItem","position":1,"name":"Home","item":"https:\/\/staging.pigs.no\/"},{"@type":"ListItem","position":2,"name":"Shop","item":"https:\/\/pigs.no\/nettbutikk\/"},{"@type":"ListItem","position":3,"name":"Hahnem\u00fchle FineArt Baryta Satin 300"}]},{"@type":"WebSite","@id":"https:\/\/pigs.no\/#website","url":"https:\/\/pigs.no\/","name":"PIGS","description":"Digitaltrykk","publisher":{"@id":"https:\/\/pigs.no\/#organization"},"potentialAction":[{"@type":"SearchAction","target":{"@type":"EntryPoint","urlTemplate":"https:\/\/pigs.no\/?s={search_term_string}"},"query-input":{"@type":"PropertyValueSpecification","valueRequired":true,"valueName":"search_term_string"}}],"inLanguage":"sv-SE"},{"@type":"Organization","@id":"https:\/\/pigs.no\/#organization","name":"PIGS","url":"https:\/\/pigs.no\/","logo":{"@type":"ImageObject","inLanguage":"sv-SE","@id":"https:\/\/pigs.no\/#\/schema\/logo\/image\/","url":"https:\/\/staging.pigs.no\/wp-content\/uploads\/2023\/09\/PIGS-logo_2023-transparent.png","contentUrl":"https:\/\/staging.pigs.no\/wp-content\/uploads\/2023\/09\/PIGS-logo_2023-transparent.png","width":1000,"height":461,"caption":"PIGS"},"image":{"@id":"https:\/\/pigs.no\/#\/schema\/logo\/image\/"},"sameAs":["https:\/\/www.facebook.com\/PIGSimagingAS"]}]}},"_links":{"self":[{"href":"https:\/\/staging.pigs.no\/sv\/wp-json\/wp\/v2\/product\/2674","targetHints":{"allow":["GET"]}}],"collection":[{"href":"https:\/\/staging.pigs.no\/sv\/wp-json\/wp\/v2\/product"}],"about":[{"href":"https:\/\/staging.pigs.no\/sv\/wp-json\/wp\/v2\/types\/product"}],"version-history":[{"count":3,"href":"https:\/\/staging.pigs.no\/sv\/wp-json\/wp\/v2\/product\/2674\/revisions"}],"predecessor-version":[{"id":13474,"href":"https:\/\/staging.pigs.no\/sv\/wp-json\/wp\/v2\/product\/2674\/revisions\/13474"}],"wp:featuredmedia":[{"embeddable":true,"href":"https:\/\/staging.pigs.no\/sv\/wp-json\/wp\/v2\/media\/2650"}],"wp:attachment":[{"href":"https:\/\/staging.pigs.no\/sv\/wp-json\/wp\/v2\/media?parent=2674"}],"wp:term":[{"taxonomy":"product_brand","embeddable":true,"href":"https:\/\/staging.pigs.no\/sv\/wp-json\/wp\/v2\/product_brand?post=2674"},{"taxonomy":"product_cat","embeddable":true,"href":"https:\/\/staging.pigs.no\/sv\/wp-json\/wp\/v2\/product_cat?post=2674"},{"taxonomy":"product_tag","embeddable":true,"href":"https:\/\/staging.pigs.no\/sv\/wp-json\/wp\/v2\/product_tag?post=2674"}],"curies":[{"name":"wp","href":"https:\/\/api.w.org\/{rel}","templated":true}]}}