{"id":2680,"date":"2022-10-24T20:17:05","date_gmt":"2022-10-24T20:17:05","guid":{"rendered":"https:\/\/nye.pigs.no\/?post_type=product&#038;p=2680"},"modified":"2026-01-19T22:12:59","modified_gmt":"2026-01-19T22:12:59","slug":"awagami-kozo-thin-white-70","status":"publish","type":"product","link":"https:\/\/staging.pigs.no\/sv\/produkt\/awagami-kozo-thin-white-70\/","title":{"rendered":"Awagami Kozo Thin White 70"},"content":{"rendered":"<div data-elementor-type=\"product-post\" data-elementor-id=\"2680\" class=\"elementor elementor-2680\" data-elementor-post-type=\"product\">\n\t\t\t\t<div class=\"elementor-element elementor-element-2a751baf e-flex e-con-boxed e-con e-parent\" data-id=\"2a751baf\" data-element_type=\"container\" data-e-type=\"container\">\n\t\t\t\t\t<div class=\"e-con-inner\">\n\t\t\t\t<div class=\"elementor-element elementor-element-249398a8 elementor-widget elementor-widget-text-editor\" data-id=\"249398a8\" data-element_type=\"widget\" data-e-type=\"widget\" data-widget_type=\"text-editor.default\">\n\t\t\t\t\t\t\t\t\t<p>Kozo (mullb\u00e4r) \u00e4r en traditionell fiber som ger exceptionellt starkt papper. Kozo Thin White 70 \u00e4r l\u00e4mpligt n\u00e4r du beh\u00f6ver ett mycket starkt men halvgenomskinligt japanskt papper. Rekommenderas inte f\u00f6r motiv med mycket h\u00f6g bl\u00e4ckdensitet, eftersom tunna papper kan buckla. \u00d6verensst\u00e4mmer med ISO 9706.<\/p><p><strong>NB!<\/strong> Kan tryckas upp till 60 cm p\u00e5 kortsidan (t.ex. 60 \u00d7 90 cm). Rullens bredd: 61 cm (24\u2033).<\/p><p><strong data-start=\"26150\" data-end=\"26170\">L\u00e4mpar sig b\u00e4st f\u00f6r:<\/strong> illustration \/ utst\u00e4llning \/ foto<\/p><p data-start=\"25952\" data-end=\"25981\"><strong data-start=\"25952\" data-end=\"25979\">Funktioner:<\/strong><\/p><ul data-start=\"25982\" data-end=\"26148\"><li data-start=\"25982\" data-end=\"25992\"><p data-start=\"25984\" data-end=\"25992\">70 gsm<\/p><\/li><li data-start=\"25993\" data-end=\"26024\"><p data-start=\"25995\" data-end=\"26024\">100% mullb\u00e4r (kozo\/mullb\u00e4r)<\/p><\/li><li data-start=\"26025\" data-end=\"26059\"><p data-start=\"26027\" data-end=\"26059\">Vit, utan optiska vitmedel<\/p><\/li><li data-start=\"26060\" data-end=\"26083\"><p data-start=\"26062\" data-end=\"26083\">Klassiskt japanskt papper<\/p><\/li><li data-start=\"26084\" data-end=\"26099\"><p data-start=\"26086\" data-end=\"26099\">Matt yta<\/p><\/li><li data-start=\"26100\" data-end=\"26111\"><p data-start=\"26102\" data-end=\"26111\">Syrafri<\/p><\/li><li data-start=\"26112\" data-end=\"26148\"><p data-start=\"26114\" data-end=\"26148\">ISO 9706-kompatibel \/ museikvalitet<\/p><\/li><\/ul>\t\t\t\t\t\t\t\t<\/div>\n\t\t\t\t\t<\/div>\n\t\t\t\t<\/div>\n\t\t\t\t<\/div>","protected":false},"excerpt":{"rendered":"<p>Extra starkt, halvgenomskinligt japanskt papper (70 g\/m\u00b2) i 100% kozo\/mullb\u00e4r - perfekt f\u00f6r gicl\u00e9e och reproduktioner i museikvalitet.<\/p>","protected":false},"featured_media":2178,"template":"","meta":{"_acf_changed":false},"product_brand":[170],"product_cat":[128,106],"product_tag":[76,97,40,39,66,154,43,47,153,44,41],"class_list":{"0":"post-2680","1":"product","2":"type-product","3":"status-publish","4":"has-post-thumbnail","6":"product_brand-awagami","7":"product_cat-japanpapir","8":"product_cat-pigs-medier","9":"product_tag-100gsm","10":"product_tag-awagami","11":"product_tag-fineart","12":"product_tag-giclee","13":"product_tag-japan","14":"product_tag-japanpapir","15":"product_tag-matt","16":"product_tag-papir","17":"product_tag-rispapir","18":"product_tag-smooth","19":"product_tag-white","21":"first","22":"instock","23":"taxable","24":"shipping-taxable","25":"purchasable","26":"product-type-simple"},"acf":[],"yoast_head":"<!-- This site is optimized with the Yoast SEO plugin v27.4 - https:\/\/yoast.com\/product\/yoast-seo-wordpress\/ -->\n<title>Awagami Kozo Thin White 70 | ekte Japanpapir | PIGS<\/title>\n<meta name=\"description\" content=\"Awagami Kozo Thin White 70 er et sterkt, halvtransparent japanpapir (70 gsm) i kozo\/morb\u00e6r \u2013 museumskvalitet til gicl\u00e9e og reproduksjoner.\" \/>\n<meta name=\"robots\" content=\"index, follow, max-snippet:-1, max-image-preview:large, max-video-preview:-1\" \/>\n<link rel=\"canonical\" href=\"https:\/\/staging.pigs.no\/sv\/product-2\/awagami-kozo-thin-white-70\/\" \/>\n<meta property=\"og:locale\" content=\"sv_SE\" \/>\n<meta property=\"og:type\" content=\"article\" \/>\n<meta property=\"og:title\" content=\"Awagami Kozo Thin White 70 | ekte Japanpapir | PIGS\" \/>\n<meta property=\"og:description\" content=\"Awagami Kozo Thin White 70 er et sterkt, halvtransparent japanpapir (70 gsm) i kozo\/morb\u00e6r \u2013 museumskvalitet til gicl\u00e9e og reproduksjoner.\" \/>\n<meta property=\"og:url\" content=\"https:\/\/staging.pigs.no\/sv\/product-2\/awagami-kozo-thin-white-70\/\" \/>\n<meta property=\"og:site_name\" content=\"PIGS\" \/>\n<meta property=\"article:publisher\" content=\"https:\/\/www.facebook.com\/PIGSimagingAS\" \/>\n<meta property=\"article:modified_time\" content=\"2026-01-19T22:12:59+00:00\" \/>\n<meta property=\"og:image\" content=\"https:\/\/staging.pigs.no\/wp-content\/uploads\/2022\/09\/Pigs-imaging-awagami-kozo-70-2.jpg\" \/>\n\t<meta property=\"og:image:width\" content=\"1400\" \/>\n\t<meta property=\"og:image:height\" content=\"1050\" \/>\n\t<meta property=\"og:image:type\" content=\"image\/jpeg\" \/>\n<meta name=\"twitter:card\" content=\"summary_large_image\" \/>\n<meta name=\"twitter:label1\" content=\"Ber\u00e4knad l\u00e4stid\" \/>\n\t<meta name=\"twitter:data1\" content=\"1 minut\" \/>\n<script type=\"application\/ld+json\" class=\"yoast-schema-graph\">{\"@context\":\"https:\\\/\\\/schema.org\",\"@graph\":[{\"@type\":\"WebPage\",\"@id\":\"https:\\\/\\\/staging.pigs.no\\\/produkt\\\/awagami-kozo-thin-white-70\\\/\",\"url\":\"https:\\\/\\\/staging.pigs.no\\\/produkt\\\/awagami-kozo-thin-white-70\\\/\",\"name\":\"Awagami Kozo Thin White 70 | ekte Japanpapir | PIGS\",\"isPartOf\":{\"@id\":\"https:\\\/\\\/pigs.no\\\/#website\"},\"primaryImageOfPage\":{\"@id\":\"https:\\\/\\\/staging.pigs.no\\\/produkt\\\/awagami-kozo-thin-white-70\\\/#primaryimage\"},\"image\":{\"@id\":\"https:\\\/\\\/staging.pigs.no\\\/produkt\\\/awagami-kozo-thin-white-70\\\/#primaryimage\"},\"thumbnailUrl\":\"https:\\\/\\\/staging.pigs.no\\\/wp-content\\\/uploads\\\/2022\\\/09\\\/Pigs-imaging-awagami-kozo-70-2.jpg\",\"datePublished\":\"2022-10-24T20:17:05+00:00\",\"dateModified\":\"2026-01-19T22:12:59+00:00\",\"description\":\"Awagami Kozo Thin White 70 er et sterkt, halvtransparent japanpapir (70 gsm) i kozo\\\/morb\u00e6r \u2013 museumskvalitet til gicl\u00e9e og reproduksjoner.\",\"breadcrumb\":{\"@id\":\"https:\\\/\\\/staging.pigs.no\\\/produkt\\\/awagami-kozo-thin-white-70\\\/#breadcrumb\"},\"inLanguage\":\"sv-SE\",\"potentialAction\":[{\"@type\":\"ReadAction\",\"target\":[\"https:\\\/\\\/staging.pigs.no\\\/produkt\\\/awagami-kozo-thin-white-70\\\/\"]}]},{\"@type\":\"ImageObject\",\"inLanguage\":\"sv-SE\",\"@id\":\"https:\\\/\\\/staging.pigs.no\\\/produkt\\\/awagami-kozo-thin-white-70\\\/#primaryimage\",\"url\":\"https:\\\/\\\/staging.pigs.no\\\/wp-content\\\/uploads\\\/2022\\\/09\\\/Pigs-imaging-awagami-kozo-70-2.jpg\",\"contentUrl\":\"https:\\\/\\\/staging.pigs.no\\\/wp-content\\\/uploads\\\/2022\\\/09\\\/Pigs-imaging-awagami-kozo-70-2.jpg\",\"width\":1400,\"height\":1050,\"caption\":\"Awagami Kozo Thin White 70\"},{\"@type\":\"BreadcrumbList\",\"@id\":\"https:\\\/\\\/staging.pigs.no\\\/produkt\\\/awagami-kozo-thin-white-70\\\/#breadcrumb\",\"itemListElement\":[{\"@type\":\"ListItem\",\"position\":1,\"name\":\"Home\",\"item\":\"https:\\\/\\\/staging.pigs.no\\\/\"},{\"@type\":\"ListItem\",\"position\":2,\"name\":\"Shop\",\"item\":\"https:\\\/\\\/pigs.no\\\/nettbutikk\\\/\"},{\"@type\":\"ListItem\",\"position\":3,\"name\":\"Awagami Kozo Thin White 70\"}]},{\"@type\":\"WebSite\",\"@id\":\"https:\\\/\\\/pigs.no\\\/#website\",\"url\":\"https:\\\/\\\/pigs.no\\\/\",\"name\":\"PIGS\",\"description\":\"Digitaltrykk\",\"publisher\":{\"@id\":\"https:\\\/\\\/pigs.no\\\/#organization\"},\"potentialAction\":[{\"@type\":\"SearchAction\",\"target\":{\"@type\":\"EntryPoint\",\"urlTemplate\":\"https:\\\/\\\/pigs.no\\\/?s={search_term_string}\"},\"query-input\":{\"@type\":\"PropertyValueSpecification\",\"valueRequired\":true,\"valueName\":\"search_term_string\"}}],\"inLanguage\":\"sv-SE\"},{\"@type\":\"Organization\",\"@id\":\"https:\\\/\\\/pigs.no\\\/#organization\",\"name\":\"PIGS\",\"url\":\"https:\\\/\\\/pigs.no\\\/\",\"logo\":{\"@type\":\"ImageObject\",\"inLanguage\":\"sv-SE\",\"@id\":\"https:\\\/\\\/pigs.no\\\/#\\\/schema\\\/logo\\\/image\\\/\",\"url\":\"https:\\\/\\\/staging.pigs.no\\\/wp-content\\\/uploads\\\/2023\\\/09\\\/PIGS-logo_2023-transparent.png\",\"contentUrl\":\"https:\\\/\\\/staging.pigs.no\\\/wp-content\\\/uploads\\\/2023\\\/09\\\/PIGS-logo_2023-transparent.png\",\"width\":1000,\"height\":461,\"caption\":\"PIGS\"},\"image\":{\"@id\":\"https:\\\/\\\/pigs.no\\\/#\\\/schema\\\/logo\\\/image\\\/\"},\"sameAs\":[\"https:\\\/\\\/www.facebook.com\\\/PIGSimagingAS\"]}]}<\/script>\n<!-- \/ Yoast SEO plugin. -->","yoast_head_json":{"title":"Awagami Kozo Thin White 70 | \u00e4kta japanskt papper | PIGS","description":"Awagami Kozo Thin White 70 \u00e4r ett starkt, halvtransparent japanskt papper (70 gsm) i kozo\/svartb\u00e4r - museikvalitet f\u00f6r gicl\u00e9e och reproduktioner.","robots":{"index":"index","follow":"follow","max-snippet":"max-snippet:-1","max-image-preview":"max-image-preview:large","max-video-preview":"max-video-preview:-1"},"canonical":"https:\/\/staging.pigs.no\/sv\/product-2\/awagami-kozo-thin-white-70\/","og_locale":"sv_SE","og_type":"article","og_title":"Awagami Kozo Thin White 70 | ekte Japanpapir | PIGS","og_description":"Awagami Kozo Thin White 70 er et sterkt, halvtransparent japanpapir (70 gsm) i kozo\/morb\u00e6r \u2013 museumskvalitet til gicl\u00e9e og reproduksjoner.","og_url":"https:\/\/staging.pigs.no\/sv\/product-2\/awagami-kozo-thin-white-70\/","og_site_name":"PIGS","article_publisher":"https:\/\/www.facebook.com\/PIGSimagingAS","article_modified_time":"2026-01-19T22:12:59+00:00","og_image":[{"width":1400,"height":1050,"url":"https:\/\/staging.pigs.no\/wp-content\/uploads\/2022\/09\/Pigs-imaging-awagami-kozo-70-2.jpg","type":"image\/jpeg"}],"twitter_card":"summary_large_image","twitter_misc":{"Ber\u00e4knad l\u00e4stid":"1 minut"},"schema":{"@context":"https:\/\/schema.org","@graph":[{"@type":"WebPage","@id":"https:\/\/staging.pigs.no\/produkt\/awagami-kozo-thin-white-70\/","url":"https:\/\/staging.pigs.no\/produkt\/awagami-kozo-thin-white-70\/","name":"Awagami Kozo Thin White 70 | \u00e4kta japanskt papper | PIGS","isPartOf":{"@id":"https:\/\/pigs.no\/#website"},"primaryImageOfPage":{"@id":"https:\/\/staging.pigs.no\/produkt\/awagami-kozo-thin-white-70\/#primaryimage"},"image":{"@id":"https:\/\/staging.pigs.no\/produkt\/awagami-kozo-thin-white-70\/#primaryimage"},"thumbnailUrl":"https:\/\/staging.pigs.no\/wp-content\/uploads\/2022\/09\/Pigs-imaging-awagami-kozo-70-2.jpg","datePublished":"2022-10-24T20:17:05+00:00","dateModified":"2026-01-19T22:12:59+00:00","description":"Awagami Kozo Thin White 70 \u00e4r ett starkt, halvtransparent japanskt papper (70 gsm) i kozo\/svartb\u00e4r - museikvalitet f\u00f6r gicl\u00e9e och reproduktioner.","breadcrumb":{"@id":"https:\/\/staging.pigs.no\/produkt\/awagami-kozo-thin-white-70\/#breadcrumb"},"inLanguage":"sv-SE","potentialAction":[{"@type":"ReadAction","target":["https:\/\/staging.pigs.no\/produkt\/awagami-kozo-thin-white-70\/"]}]},{"@type":"ImageObject","inLanguage":"sv-SE","@id":"https:\/\/staging.pigs.no\/produkt\/awagami-kozo-thin-white-70\/#primaryimage","url":"https:\/\/staging.pigs.no\/wp-content\/uploads\/2022\/09\/Pigs-imaging-awagami-kozo-70-2.jpg","contentUrl":"https:\/\/staging.pigs.no\/wp-content\/uploads\/2022\/09\/Pigs-imaging-awagami-kozo-70-2.jpg","width":1400,"height":1050,"caption":"Awagami Kozo Thin White 70"},{"@type":"BreadcrumbList","@id":"https:\/\/staging.pigs.no\/produkt\/awagami-kozo-thin-white-70\/#breadcrumb","itemListElement":[{"@type":"ListItem","position":1,"name":"Home","item":"https:\/\/staging.pigs.no\/"},{"@type":"ListItem","position":2,"name":"Shop","item":"https:\/\/pigs.no\/nettbutikk\/"},{"@type":"ListItem","position":3,"name":"Awagami Kozo Thin White 70"}]},{"@type":"WebSite","@id":"https:\/\/pigs.no\/#website","url":"https:\/\/pigs.no\/","name":"PIGS","description":"Digitaltrykk","publisher":{"@id":"https:\/\/pigs.no\/#organization"},"potentialAction":[{"@type":"SearchAction","target":{"@type":"EntryPoint","urlTemplate":"https:\/\/pigs.no\/?s={search_term_string}"},"query-input":{"@type":"PropertyValueSpecification","valueRequired":true,"valueName":"search_term_string"}}],"inLanguage":"sv-SE"},{"@type":"Organization","@id":"https:\/\/pigs.no\/#organization","name":"PIGS","url":"https:\/\/pigs.no\/","logo":{"@type":"ImageObject","inLanguage":"sv-SE","@id":"https:\/\/pigs.no\/#\/schema\/logo\/image\/","url":"https:\/\/staging.pigs.no\/wp-content\/uploads\/2023\/09\/PIGS-logo_2023-transparent.png","contentUrl":"https:\/\/staging.pigs.no\/wp-content\/uploads\/2023\/09\/PIGS-logo_2023-transparent.png","width":1000,"height":461,"caption":"PIGS"},"image":{"@id":"https:\/\/pigs.no\/#\/schema\/logo\/image\/"},"sameAs":["https:\/\/www.facebook.com\/PIGSimagingAS"]}]}},"_links":{"self":[{"href":"https:\/\/staging.pigs.no\/sv\/wp-json\/wp\/v2\/product\/2680","targetHints":{"allow":["GET"]}}],"collection":[{"href":"https:\/\/staging.pigs.no\/sv\/wp-json\/wp\/v2\/product"}],"about":[{"href":"https:\/\/staging.pigs.no\/sv\/wp-json\/wp\/v2\/types\/product"}],"version-history":[{"count":5,"href":"https:\/\/staging.pigs.no\/sv\/wp-json\/wp\/v2\/product\/2680\/revisions"}],"predecessor-version":[{"id":13481,"href":"https:\/\/staging.pigs.no\/sv\/wp-json\/wp\/v2\/product\/2680\/revisions\/13481"}],"wp:featuredmedia":[{"embeddable":true,"href":"https:\/\/staging.pigs.no\/sv\/wp-json\/wp\/v2\/media\/2178"}],"wp:attachment":[{"href":"https:\/\/staging.pigs.no\/sv\/wp-json\/wp\/v2\/media?parent=2680"}],"wp:term":[{"taxonomy":"product_brand","embeddable":true,"href":"https:\/\/staging.pigs.no\/sv\/wp-json\/wp\/v2\/product_brand?post=2680"},{"taxonomy":"product_cat","embeddable":true,"href":"https:\/\/staging.pigs.no\/sv\/wp-json\/wp\/v2\/product_cat?post=2680"},{"taxonomy":"product_tag","embeddable":true,"href":"https:\/\/staging.pigs.no\/sv\/wp-json\/wp\/v2\/product_tag?post=2680"}],"curies":[{"name":"wp","href":"https:\/\/api.w.org\/{rel}","templated":true}]}}