{"id":2681,"date":"2022-10-24T20:21:59","date_gmt":"2022-10-24T20:21:59","guid":{"rendered":"https:\/\/nye.pigs.no\/?post_type=product&#038;p=2681"},"modified":"2026-01-19T22:15:52","modified_gmt":"2026-01-19T22:15:52","slug":"awagami-bamboo-170","status":"publish","type":"product","link":"https:\/\/staging.pigs.no\/sv\/produkt\/awagami-bamboo-170\/","title":{"rendered":"Awagami Bamboo 170"},"content":{"rendered":"<p>Awagami Bamboo 170 \u00e4r ett milj\u00f6v\u00e4nligt alternativ till bomullsbaserade papper, tillverkat f\u00f6r vackra utskrifter och l\u00e5ng livsl\u00e4ngd. Papperet \u00e4r bestruket p\u00e5 b\u00e5da sidor, vilket g\u00f6r det l\u00e4mpligt f\u00f6r dubbelsidiga utskrifter. \u00d6verensst\u00e4mmer med ISO 9706.<\/p>\n<p><strong>NB!<\/strong> Kan tryckas upp till 60 cm p\u00e5 kortsidan (t.ex. 60 \u00d7 90 cm). Rullens bredd: 61 cm (24\u2033).<\/p>\n<p><strong data-start=\"27326\" data-end=\"27346\">L\u00e4mpar sig b\u00e4st f\u00f6r:<\/strong> illustration \/ utst\u00e4llning<\/p>\n<p data-start=\"27074\" data-end=\"27103\"><strong data-start=\"27074\" data-end=\"27101\">Funktioner:<\/strong><\/p>\n<ul data-start=\"27104\" data-end=\"27324\">\n<li data-start=\"27104\" data-end=\"27115\">\n<p data-start=\"27106\" data-end=\"27115\">170 gsm<\/p>\n<\/li>\n<li data-start=\"27116\" data-end=\"27159\">\n<p data-start=\"27118\" data-end=\"27159\">70% bambu \/ 30% \u00e5tervunnen pappersmassa<\/p>\n<\/li>\n<li data-start=\"27160\" data-end=\"27194\">\n<p data-start=\"27162\" data-end=\"27194\">Vit, utan optiska vitmedel<\/p>\n<\/li>\n<li data-start=\"27195\" data-end=\"27218\">\n<p data-start=\"27197\" data-end=\"27218\">Klassiskt japanskt papper<\/p>\n<\/li>\n<li data-start=\"27219\" data-end=\"27234\">\n<p data-start=\"27221\" data-end=\"27234\">Matt yta<\/p>\n<\/li>\n<li data-start=\"27235\" data-end=\"27275\">\n<p data-start=\"27237\" data-end=\"27275\">Belagd p\u00e5 b\u00e5da sidor (dubbelsidig)<\/p>\n<\/li>\n<li data-start=\"27276\" data-end=\"27287\">\n<p data-start=\"27278\" data-end=\"27287\">Syrafri<\/p>\n<\/li>\n<li data-start=\"27288\" data-end=\"27324\">\n<p data-start=\"27290\" data-end=\"27324\">ISO 9706-kompatibel \/ museikvalitet<\/p>\n<\/li>\n<\/ul>","protected":false},"excerpt":{"rendered":"<p>Mjukt och t\u00e4tt japanskt papper (170 gsm) tillverkat av 70% bambu + 30% \u00e5tervunnen pappersmassa, bestruket p\u00e5 b\u00e5da sidor - perfekt f\u00f6r dubbelsidiga utskrifter.<\/p>","protected":false},"featured_media":2176,"template":"","meta":{"_acf_changed":false},"product_brand":[170],"product_cat":[128,106],"product_tag":[75,97,40,39,66,154,43,69,47,153,44],"class_list":{"0":"post-2681","1":"product","2":"type-product","3":"status-publish","4":"has-post-thumbnail","6":"product_brand-awagami","7":"product_cat-japanpapir","8":"product_cat-pigs-medier","9":"product_tag-200gsm","10":"product_tag-awagami","11":"product_tag-fineart","12":"product_tag-giclee","13":"product_tag-japan","14":"product_tag-japanpapir","15":"product_tag-matt","16":"product_tag-natural-white","17":"product_tag-papir","18":"product_tag-rispapir","19":"product_tag-smooth","21":"first","22":"instock","23":"taxable","24":"shipping-taxable","25":"purchasable","26":"product-type-simple"},"acf":[],"yoast_head":"<!-- This site is optimized with the Yoast SEO plugin v27.4 - https:\/\/yoast.com\/product\/yoast-seo-wordpress\/ -->\n<title>Awagami Bamboo 170 | Japanpapir dobbeltsidig | PIGS<\/title>\n<meta name=\"description\" content=\"Awagami Bamboo 170 er et mykt, tett japanpapir (170 gsm) av bambus og resirkulert papirmasse, coated p\u00e5 begge sider \u2013 ideelt til dobbeltsidige kunstprint.\" \/>\n<meta name=\"robots\" content=\"index, follow, max-snippet:-1, max-image-preview:large, max-video-preview:-1\" \/>\n<link rel=\"canonical\" href=\"https:\/\/staging.pigs.no\/sv\/product-2\/awagami-bamboo-170\/\" \/>\n<meta property=\"og:locale\" content=\"sv_SE\" \/>\n<meta property=\"og:type\" content=\"article\" \/>\n<meta property=\"og:title\" content=\"Awagami Bamboo 170 | Japanpapir dobbeltsidig | PIGS\" \/>\n<meta property=\"og:description\" content=\"Awagami Bamboo 170 er et mykt, tett japanpapir (170 gsm) av bambus og resirkulert papirmasse, coated p\u00e5 begge sider \u2013 ideelt til dobbeltsidige kunstprint.\" \/>\n<meta property=\"og:url\" content=\"https:\/\/staging.pigs.no\/sv\/product-2\/awagami-bamboo-170\/\" \/>\n<meta property=\"og:site_name\" content=\"PIGS\" \/>\n<meta property=\"article:publisher\" content=\"https:\/\/www.facebook.com\/PIGSimagingAS\" \/>\n<meta property=\"article:modified_time\" content=\"2026-01-19T22:15:52+00:00\" \/>\n<meta property=\"og:image\" content=\"https:\/\/staging.pigs.no\/wp-content\/uploads\/2022\/09\/Pigs-imaging-awagami-bamboo-170-2.jpg\" \/>\n\t<meta property=\"og:image:width\" content=\"1400\" \/>\n\t<meta property=\"og:image:height\" content=\"1050\" \/>\n\t<meta property=\"og:image:type\" content=\"image\/jpeg\" \/>\n<meta name=\"twitter:card\" content=\"summary_large_image\" \/>\n<meta name=\"twitter:label1\" content=\"Ber\u00e4knad l\u00e4stid\" \/>\n\t<meta name=\"twitter:data1\" content=\"1 minut\" \/>\n<script type=\"application\/ld+json\" class=\"yoast-schema-graph\">{\"@context\":\"https:\\\/\\\/schema.org\",\"@graph\":[{\"@type\":\"WebPage\",\"@id\":\"https:\\\/\\\/staging.pigs.no\\\/produkt\\\/awagami-bamboo-170\\\/\",\"url\":\"https:\\\/\\\/staging.pigs.no\\\/produkt\\\/awagami-bamboo-170\\\/\",\"name\":\"Awagami Bamboo 170 | Japanpapir dobbeltsidig | PIGS\",\"isPartOf\":{\"@id\":\"https:\\\/\\\/pigs.no\\\/#website\"},\"primaryImageOfPage\":{\"@id\":\"https:\\\/\\\/staging.pigs.no\\\/produkt\\\/awagami-bamboo-170\\\/#primaryimage\"},\"image\":{\"@id\":\"https:\\\/\\\/staging.pigs.no\\\/produkt\\\/awagami-bamboo-170\\\/#primaryimage\"},\"thumbnailUrl\":\"https:\\\/\\\/staging.pigs.no\\\/wp-content\\\/uploads\\\/2022\\\/09\\\/Pigs-imaging-awagami-bamboo-170-2.jpg\",\"datePublished\":\"2022-10-24T20:21:59+00:00\",\"dateModified\":\"2026-01-19T22:15:52+00:00\",\"description\":\"Awagami Bamboo 170 er et mykt, tett japanpapir (170 gsm) av bambus og resirkulert papirmasse, coated p\u00e5 begge sider \u2013 ideelt til dobbeltsidige kunstprint.\",\"breadcrumb\":{\"@id\":\"https:\\\/\\\/staging.pigs.no\\\/produkt\\\/awagami-bamboo-170\\\/#breadcrumb\"},\"inLanguage\":\"sv-SE\",\"potentialAction\":[{\"@type\":\"ReadAction\",\"target\":[\"https:\\\/\\\/staging.pigs.no\\\/produkt\\\/awagami-bamboo-170\\\/\"]}]},{\"@type\":\"ImageObject\",\"inLanguage\":\"sv-SE\",\"@id\":\"https:\\\/\\\/staging.pigs.no\\\/produkt\\\/awagami-bamboo-170\\\/#primaryimage\",\"url\":\"https:\\\/\\\/staging.pigs.no\\\/wp-content\\\/uploads\\\/2022\\\/09\\\/Pigs-imaging-awagami-bamboo-170-2.jpg\",\"contentUrl\":\"https:\\\/\\\/staging.pigs.no\\\/wp-content\\\/uploads\\\/2022\\\/09\\\/Pigs-imaging-awagami-bamboo-170-2.jpg\",\"width\":1400,\"height\":1050,\"caption\":\"Awagami Bamboo 170\"},{\"@type\":\"BreadcrumbList\",\"@id\":\"https:\\\/\\\/staging.pigs.no\\\/produkt\\\/awagami-bamboo-170\\\/#breadcrumb\",\"itemListElement\":[{\"@type\":\"ListItem\",\"position\":1,\"name\":\"Home\",\"item\":\"https:\\\/\\\/staging.pigs.no\\\/\"},{\"@type\":\"ListItem\",\"position\":2,\"name\":\"Shop\",\"item\":\"https:\\\/\\\/pigs.no\\\/nettbutikk\\\/\"},{\"@type\":\"ListItem\",\"position\":3,\"name\":\"Awagami Bamboo 170\"}]},{\"@type\":\"WebSite\",\"@id\":\"https:\\\/\\\/pigs.no\\\/#website\",\"url\":\"https:\\\/\\\/pigs.no\\\/\",\"name\":\"PIGS\",\"description\":\"Digitaltrykk\",\"publisher\":{\"@id\":\"https:\\\/\\\/pigs.no\\\/#organization\"},\"potentialAction\":[{\"@type\":\"SearchAction\",\"target\":{\"@type\":\"EntryPoint\",\"urlTemplate\":\"https:\\\/\\\/pigs.no\\\/?s={search_term_string}\"},\"query-input\":{\"@type\":\"PropertyValueSpecification\",\"valueRequired\":true,\"valueName\":\"search_term_string\"}}],\"inLanguage\":\"sv-SE\"},{\"@type\":\"Organization\",\"@id\":\"https:\\\/\\\/pigs.no\\\/#organization\",\"name\":\"PIGS\",\"url\":\"https:\\\/\\\/pigs.no\\\/\",\"logo\":{\"@type\":\"ImageObject\",\"inLanguage\":\"sv-SE\",\"@id\":\"https:\\\/\\\/pigs.no\\\/#\\\/schema\\\/logo\\\/image\\\/\",\"url\":\"https:\\\/\\\/staging.pigs.no\\\/wp-content\\\/uploads\\\/2023\\\/09\\\/PIGS-logo_2023-transparent.png\",\"contentUrl\":\"https:\\\/\\\/staging.pigs.no\\\/wp-content\\\/uploads\\\/2023\\\/09\\\/PIGS-logo_2023-transparent.png\",\"width\":1000,\"height\":461,\"caption\":\"PIGS\"},\"image\":{\"@id\":\"https:\\\/\\\/pigs.no\\\/#\\\/schema\\\/logo\\\/image\\\/\"},\"sameAs\":[\"https:\\\/\\\/www.facebook.com\\\/PIGSimagingAS\"]}]}<\/script>\n<!-- \/ Yoast SEO plugin. -->","yoast_head_json":{"title":"Awagami Bamboo 170 | Japanskt papper dubbelsidigt | PIGS","description":"Awagami Bamboo 170 \u00e4r ett mjukt, t\u00e4tt japanskt papper (170 gsm) tillverkat av bambu och \u00e5tervunnen pappersmassa, bestruket p\u00e5 b\u00e5da sidor - perfekt f\u00f6r dubbelsidiga konstutskrifter.","robots":{"index":"index","follow":"follow","max-snippet":"max-snippet:-1","max-image-preview":"max-image-preview:large","max-video-preview":"max-video-preview:-1"},"canonical":"https:\/\/staging.pigs.no\/sv\/product-2\/awagami-bamboo-170\/","og_locale":"sv_SE","og_type":"article","og_title":"Awagami Bamboo 170 | Japanpapir dobbeltsidig | PIGS","og_description":"Awagami Bamboo 170 er et mykt, tett japanpapir (170 gsm) av bambus og resirkulert papirmasse, coated p\u00e5 begge sider \u2013 ideelt til dobbeltsidige kunstprint.","og_url":"https:\/\/staging.pigs.no\/sv\/product-2\/awagami-bamboo-170\/","og_site_name":"PIGS","article_publisher":"https:\/\/www.facebook.com\/PIGSimagingAS","article_modified_time":"2026-01-19T22:15:52+00:00","og_image":[{"width":1400,"height":1050,"url":"https:\/\/staging.pigs.no\/wp-content\/uploads\/2022\/09\/Pigs-imaging-awagami-bamboo-170-2.jpg","type":"image\/jpeg"}],"twitter_card":"summary_large_image","twitter_misc":{"Ber\u00e4knad l\u00e4stid":"1 minut"},"schema":{"@context":"https:\/\/schema.org","@graph":[{"@type":"WebPage","@id":"https:\/\/staging.pigs.no\/produkt\/awagami-bamboo-170\/","url":"https:\/\/staging.pigs.no\/produkt\/awagami-bamboo-170\/","name":"Awagami Bamboo 170 | Japanskt papper dubbelsidigt | PIGS","isPartOf":{"@id":"https:\/\/pigs.no\/#website"},"primaryImageOfPage":{"@id":"https:\/\/staging.pigs.no\/produkt\/awagami-bamboo-170\/#primaryimage"},"image":{"@id":"https:\/\/staging.pigs.no\/produkt\/awagami-bamboo-170\/#primaryimage"},"thumbnailUrl":"https:\/\/staging.pigs.no\/wp-content\/uploads\/2022\/09\/Pigs-imaging-awagami-bamboo-170-2.jpg","datePublished":"2022-10-24T20:21:59+00:00","dateModified":"2026-01-19T22:15:52+00:00","description":"Awagami Bamboo 170 \u00e4r ett mjukt, t\u00e4tt japanskt papper (170 gsm) tillverkat av bambu och \u00e5tervunnen pappersmassa, bestruket p\u00e5 b\u00e5da sidor - perfekt f\u00f6r dubbelsidiga konstutskrifter.","breadcrumb":{"@id":"https:\/\/staging.pigs.no\/produkt\/awagami-bamboo-170\/#breadcrumb"},"inLanguage":"sv-SE","potentialAction":[{"@type":"ReadAction","target":["https:\/\/staging.pigs.no\/produkt\/awagami-bamboo-170\/"]}]},{"@type":"ImageObject","inLanguage":"sv-SE","@id":"https:\/\/staging.pigs.no\/produkt\/awagami-bamboo-170\/#primaryimage","url":"https:\/\/staging.pigs.no\/wp-content\/uploads\/2022\/09\/Pigs-imaging-awagami-bamboo-170-2.jpg","contentUrl":"https:\/\/staging.pigs.no\/wp-content\/uploads\/2022\/09\/Pigs-imaging-awagami-bamboo-170-2.jpg","width":1400,"height":1050,"caption":"Awagami Bamboo 170"},{"@type":"BreadcrumbList","@id":"https:\/\/staging.pigs.no\/produkt\/awagami-bamboo-170\/#breadcrumb","itemListElement":[{"@type":"ListItem","position":1,"name":"Home","item":"https:\/\/staging.pigs.no\/"},{"@type":"ListItem","position":2,"name":"Shop","item":"https:\/\/pigs.no\/nettbutikk\/"},{"@type":"ListItem","position":3,"name":"Awagami Bamboo 170"}]},{"@type":"WebSite","@id":"https:\/\/pigs.no\/#website","url":"https:\/\/pigs.no\/","name":"PIGS","description":"Digitaltrykk","publisher":{"@id":"https:\/\/pigs.no\/#organization"},"potentialAction":[{"@type":"SearchAction","target":{"@type":"EntryPoint","urlTemplate":"https:\/\/pigs.no\/?s={search_term_string}"},"query-input":{"@type":"PropertyValueSpecification","valueRequired":true,"valueName":"search_term_string"}}],"inLanguage":"sv-SE"},{"@type":"Organization","@id":"https:\/\/pigs.no\/#organization","name":"PIGS","url":"https:\/\/pigs.no\/","logo":{"@type":"ImageObject","inLanguage":"sv-SE","@id":"https:\/\/pigs.no\/#\/schema\/logo\/image\/","url":"https:\/\/staging.pigs.no\/wp-content\/uploads\/2023\/09\/PIGS-logo_2023-transparent.png","contentUrl":"https:\/\/staging.pigs.no\/wp-content\/uploads\/2023\/09\/PIGS-logo_2023-transparent.png","width":1000,"height":461,"caption":"PIGS"},"image":{"@id":"https:\/\/pigs.no\/#\/schema\/logo\/image\/"},"sameAs":["https:\/\/www.facebook.com\/PIGSimagingAS"]}]}},"_links":{"self":[{"href":"https:\/\/staging.pigs.no\/sv\/wp-json\/wp\/v2\/product\/2681","targetHints":{"allow":["GET"]}}],"collection":[{"href":"https:\/\/staging.pigs.no\/sv\/wp-json\/wp\/v2\/product"}],"about":[{"href":"https:\/\/staging.pigs.no\/sv\/wp-json\/wp\/v2\/types\/product"}],"version-history":[{"count":4,"href":"https:\/\/staging.pigs.no\/sv\/wp-json\/wp\/v2\/product\/2681\/revisions"}],"predecessor-version":[{"id":13482,"href":"https:\/\/staging.pigs.no\/sv\/wp-json\/wp\/v2\/product\/2681\/revisions\/13482"}],"wp:featuredmedia":[{"embeddable":true,"href":"https:\/\/staging.pigs.no\/sv\/wp-json\/wp\/v2\/media\/2176"}],"wp:attachment":[{"href":"https:\/\/staging.pigs.no\/sv\/wp-json\/wp\/v2\/media?parent=2681"}],"wp:term":[{"taxonomy":"product_brand","embeddable":true,"href":"https:\/\/staging.pigs.no\/sv\/wp-json\/wp\/v2\/product_brand?post=2681"},{"taxonomy":"product_cat","embeddable":true,"href":"https:\/\/staging.pigs.no\/sv\/wp-json\/wp\/v2\/product_cat?post=2681"},{"taxonomy":"product_tag","embeddable":true,"href":"https:\/\/staging.pigs.no\/sv\/wp-json\/wp\/v2\/product_tag?post=2681"}],"curies":[{"name":"wp","href":"https:\/\/api.w.org\/{rel}","templated":true}]}}