{"id":2688,"date":"2022-10-25T11:35:57","date_gmt":"2022-10-25T11:35:57","guid":{"rendered":"https:\/\/nye.pigs.no\/?post_type=product&#038;p=2688"},"modified":"2026-01-19T22:34:31","modified_gmt":"2026-01-19T22:34:31","slug":"canson-photosatin-premium-rc-270","status":"publish","type":"product","link":"https:\/\/staging.pigs.no\/sv\/produkt\/canson-photosatin-premium-rc-270\/","title":{"rendered":"Canson PhotoSatin Premium RC 270"},"content":{"rendered":"<p>Canson PhotoSatin Premium RC 270 \u00e4r ett mycket attraktivt RC\/PE-fotopapper med en sl\u00e4t, finkornig yta. Satinfinishen ger ett tidl\u00f6st fotoutseende med vackra graderingar och naturlig kontrast, utan spegelblankhet.<\/p>\n<p><strong>NB!<\/strong> Kan tryckas upp till 110 cm p\u00e5 kortsidan (t.ex. 110 \u00d7 200 cm). Rullens bredd: 111 cm (44\u2033).<\/p>\n<p><strong data-start=\"1843\" data-end=\"1863\">L\u00e4mpar sig b\u00e4st f\u00f6r:<\/strong> foto \/ utst\u00e4llning \/ affisch<\/p>\n<p data-start=\"1691\" data-end=\"1720\"><strong data-start=\"1691\" data-end=\"1718\">Funktioner:<\/strong><\/p>\n<ul data-start=\"1721\" data-end=\"1841\">\n<li data-start=\"1721\" data-end=\"1753\">\n<p data-start=\"1723\" data-end=\"1753\">Klassiskt fotopapper (RC \/ PE)<\/p>\n<\/li>\n<li data-start=\"1754\" data-end=\"1765\">\n<p data-start=\"1756\" data-end=\"1765\">270 gsm<\/p>\n<\/li>\n<li data-start=\"1766\" data-end=\"1796\">\n<p data-start=\"1768\" data-end=\"1796\">Sl\u00e4t, finkornig yta<\/p>\n<\/li>\n<li data-start=\"1797\" data-end=\"1814\">\n<p data-start=\"1799\" data-end=\"1814\">Ljus vit ton<\/p>\n<\/li>\n<li data-start=\"1815\" data-end=\"1831\">\n<p data-start=\"1817\" data-end=\"1831\">Satinfinish<\/p>\n<\/li>\n<li data-start=\"1832\" data-end=\"1841\">\n<p data-start=\"1834\" data-end=\"1841\">Syrafri<\/p>\n<\/li>\n<\/ul>\n<p>&nbsp;<\/p>\n<p><a href=\"https:\/\/staging.pigs.no\/wp-content\/uploads\/2022\/09\/Datasheet-Canson-PhotoSatin-Premium-RC-270.pdf\">L\u00e4s mer om Canson PhotoSatin Premium RC 270<\/a><\/p>","protected":false},"excerpt":{"rendered":"<p>Premium fotopapper med finkornig satinfinish och klassisk fotok\u00e4nsla - bra djup, fina detaljer och kontrollerad glans.<\/p>","protected":false},"featured_media":2182,"template":"","meta":{"_acf_changed":false},"product_brand":[168],"product_cat":[104,54,106],"product_tag":[70,77,124,67,47,94,41],"class_list":{"0":"post-2688","1":"product","2":"type-product","3":"status-publish","4":"has-post-thumbnail","6":"product_brand-canson-infinity","7":"product_cat-blankt-papir","8":"product_cat-klassiske-fotoprints","9":"product_cat-pigs-medier","10":"product_tag-blank","11":"product_tag-canson","12":"product_tag-fotokvalitet","13":"product_tag-klassiske-fotoprints","14":"product_tag-papir","15":"product_tag-resin-coated","16":"product_tag-white","18":"first","19":"instock","20":"taxable","21":"shipping-taxable","22":"purchasable","23":"product-type-simple"},"acf":[],"yoast_head":"<!-- This site is optimized with the Yoast SEO plugin v27.4 - https:\/\/yoast.com\/product\/yoast-seo-wordpress\/ -->\n<title>Canson PhotoSatin Premium RC 270 | Satin fotopapir | PIGS<\/title>\n<meta name=\"description\" content=\"Canson PhotoSatin Premium RC 270 gir klassisk fotouttrykk med satin-finish, god dybde og fine detaljer \u2013 perfekt til foto og posters.\" \/>\n<meta name=\"robots\" content=\"index, follow, max-snippet:-1, max-image-preview:large, max-video-preview:-1\" \/>\n<link rel=\"canonical\" href=\"https:\/\/staging.pigs.no\/sv\/product-2\/canson-photosatin-premium-rc-270\/\" \/>\n<meta property=\"og:locale\" content=\"sv_SE\" \/>\n<meta property=\"og:type\" content=\"article\" \/>\n<meta property=\"og:title\" content=\"Canson PhotoSatin Premium RC 270 | Satin fotopapir | PIGS\" \/>\n<meta property=\"og:description\" content=\"Canson PhotoSatin Premium RC 270 gir klassisk fotouttrykk med satin-finish, god dybde og fine detaljer \u2013 perfekt til foto og posters.\" \/>\n<meta property=\"og:url\" content=\"https:\/\/staging.pigs.no\/sv\/product-2\/canson-photosatin-premium-rc-270\/\" \/>\n<meta property=\"og:site_name\" content=\"PIGS\" \/>\n<meta property=\"article:publisher\" content=\"https:\/\/www.facebook.com\/PIGSimagingAS\" \/>\n<meta property=\"article:modified_time\" content=\"2026-01-19T22:34:31+00:00\" \/>\n<meta property=\"og:image\" content=\"https:\/\/staging.pigs.no\/wp-content\/uploads\/2022\/09\/Pigs-imaging-canson-photosatin-premium-rc-270.jpg\" \/>\n\t<meta property=\"og:image:width\" content=\"1400\" \/>\n\t<meta property=\"og:image:height\" content=\"1050\" \/>\n\t<meta property=\"og:image:type\" content=\"image\/jpeg\" \/>\n<meta name=\"twitter:card\" content=\"summary_large_image\" \/>\n<meta name=\"twitter:label1\" content=\"Ber\u00e4knad l\u00e4stid\" \/>\n\t<meta name=\"twitter:data1\" content=\"1 minut\" \/>\n<script type=\"application\/ld+json\" class=\"yoast-schema-graph\">{\"@context\":\"https:\\\/\\\/schema.org\",\"@graph\":[{\"@type\":\"WebPage\",\"@id\":\"https:\\\/\\\/staging.pigs.no\\\/produkt\\\/canson-photosatin-premium-rc-270\\\/\",\"url\":\"https:\\\/\\\/staging.pigs.no\\\/produkt\\\/canson-photosatin-premium-rc-270\\\/\",\"name\":\"Canson PhotoSatin Premium RC 270 | Satin fotopapir | PIGS\",\"isPartOf\":{\"@id\":\"https:\\\/\\\/pigs.no\\\/#website\"},\"primaryImageOfPage\":{\"@id\":\"https:\\\/\\\/staging.pigs.no\\\/produkt\\\/canson-photosatin-premium-rc-270\\\/#primaryimage\"},\"image\":{\"@id\":\"https:\\\/\\\/staging.pigs.no\\\/produkt\\\/canson-photosatin-premium-rc-270\\\/#primaryimage\"},\"thumbnailUrl\":\"https:\\\/\\\/staging.pigs.no\\\/wp-content\\\/uploads\\\/2022\\\/09\\\/Pigs-imaging-canson-photosatin-premium-rc-270.jpg\",\"datePublished\":\"2022-10-25T11:35:57+00:00\",\"dateModified\":\"2026-01-19T22:34:31+00:00\",\"description\":\"Canson PhotoSatin Premium RC 270 gir klassisk fotouttrykk med satin-finish, god dybde og fine detaljer \u2013 perfekt til foto og posters.\",\"breadcrumb\":{\"@id\":\"https:\\\/\\\/staging.pigs.no\\\/produkt\\\/canson-photosatin-premium-rc-270\\\/#breadcrumb\"},\"inLanguage\":\"sv-SE\",\"potentialAction\":[{\"@type\":\"ReadAction\",\"target\":[\"https:\\\/\\\/staging.pigs.no\\\/produkt\\\/canson-photosatin-premium-rc-270\\\/\"]}]},{\"@type\":\"ImageObject\",\"inLanguage\":\"sv-SE\",\"@id\":\"https:\\\/\\\/staging.pigs.no\\\/produkt\\\/canson-photosatin-premium-rc-270\\\/#primaryimage\",\"url\":\"https:\\\/\\\/staging.pigs.no\\\/wp-content\\\/uploads\\\/2022\\\/09\\\/Pigs-imaging-canson-photosatin-premium-rc-270.jpg\",\"contentUrl\":\"https:\\\/\\\/staging.pigs.no\\\/wp-content\\\/uploads\\\/2022\\\/09\\\/Pigs-imaging-canson-photosatin-premium-rc-270.jpg\",\"width\":1400,\"height\":1050,\"caption\":\"Canson PhotoSatin Premium RC 270\"},{\"@type\":\"BreadcrumbList\",\"@id\":\"https:\\\/\\\/staging.pigs.no\\\/produkt\\\/canson-photosatin-premium-rc-270\\\/#breadcrumb\",\"itemListElement\":[{\"@type\":\"ListItem\",\"position\":1,\"name\":\"Home\",\"item\":\"https:\\\/\\\/staging.pigs.no\\\/\"},{\"@type\":\"ListItem\",\"position\":2,\"name\":\"Shop\",\"item\":\"https:\\\/\\\/pigs.no\\\/nettbutikk\\\/\"},{\"@type\":\"ListItem\",\"position\":3,\"name\":\"Canson PhotoSatin Premium RC 270\"}]},{\"@type\":\"WebSite\",\"@id\":\"https:\\\/\\\/pigs.no\\\/#website\",\"url\":\"https:\\\/\\\/pigs.no\\\/\",\"name\":\"PIGS\",\"description\":\"Digitaltrykk\",\"publisher\":{\"@id\":\"https:\\\/\\\/pigs.no\\\/#organization\"},\"potentialAction\":[{\"@type\":\"SearchAction\",\"target\":{\"@type\":\"EntryPoint\",\"urlTemplate\":\"https:\\\/\\\/pigs.no\\\/?s={search_term_string}\"},\"query-input\":{\"@type\":\"PropertyValueSpecification\",\"valueRequired\":true,\"valueName\":\"search_term_string\"}}],\"inLanguage\":\"sv-SE\"},{\"@type\":\"Organization\",\"@id\":\"https:\\\/\\\/pigs.no\\\/#organization\",\"name\":\"PIGS\",\"url\":\"https:\\\/\\\/pigs.no\\\/\",\"logo\":{\"@type\":\"ImageObject\",\"inLanguage\":\"sv-SE\",\"@id\":\"https:\\\/\\\/pigs.no\\\/#\\\/schema\\\/logo\\\/image\\\/\",\"url\":\"https:\\\/\\\/staging.pigs.no\\\/wp-content\\\/uploads\\\/2023\\\/09\\\/PIGS-logo_2023-transparent.png\",\"contentUrl\":\"https:\\\/\\\/staging.pigs.no\\\/wp-content\\\/uploads\\\/2023\\\/09\\\/PIGS-logo_2023-transparent.png\",\"width\":1000,\"height\":461,\"caption\":\"PIGS\"},\"image\":{\"@id\":\"https:\\\/\\\/pigs.no\\\/#\\\/schema\\\/logo\\\/image\\\/\"},\"sameAs\":[\"https:\\\/\\\/www.facebook.com\\\/PIGSimagingAS\"]}]}<\/script>\n<!-- \/ Yoast SEO plugin. -->","yoast_head_json":{"title":"Canson PhotoSatin Premium RC 270 | Satin fotopapper | PIGS","description":"Canson PhotoSatin Premium RC 270 ger en klassisk fotoutseende med satinfinish, bra djup och fina detaljer - perfekt f\u00f6r foton och affischer.","robots":{"index":"index","follow":"follow","max-snippet":"max-snippet:-1","max-image-preview":"max-image-preview:large","max-video-preview":"max-video-preview:-1"},"canonical":"https:\/\/staging.pigs.no\/sv\/product-2\/canson-photosatin-premium-rc-270\/","og_locale":"sv_SE","og_type":"article","og_title":"Canson PhotoSatin Premium RC 270 | Satin fotopapir | PIGS","og_description":"Canson PhotoSatin Premium RC 270 gir klassisk fotouttrykk med satin-finish, god dybde og fine detaljer \u2013 perfekt til foto og posters.","og_url":"https:\/\/staging.pigs.no\/sv\/product-2\/canson-photosatin-premium-rc-270\/","og_site_name":"PIGS","article_publisher":"https:\/\/www.facebook.com\/PIGSimagingAS","article_modified_time":"2026-01-19T22:34:31+00:00","og_image":[{"width":1400,"height":1050,"url":"https:\/\/staging.pigs.no\/wp-content\/uploads\/2022\/09\/Pigs-imaging-canson-photosatin-premium-rc-270.jpg","type":"image\/jpeg"}],"twitter_card":"summary_large_image","twitter_misc":{"Ber\u00e4knad l\u00e4stid":"1 minut"},"schema":{"@context":"https:\/\/schema.org","@graph":[{"@type":"WebPage","@id":"https:\/\/staging.pigs.no\/produkt\/canson-photosatin-premium-rc-270\/","url":"https:\/\/staging.pigs.no\/produkt\/canson-photosatin-premium-rc-270\/","name":"Canson PhotoSatin Premium RC 270 | Satin fotopapper | PIGS","isPartOf":{"@id":"https:\/\/pigs.no\/#website"},"primaryImageOfPage":{"@id":"https:\/\/staging.pigs.no\/produkt\/canson-photosatin-premium-rc-270\/#primaryimage"},"image":{"@id":"https:\/\/staging.pigs.no\/produkt\/canson-photosatin-premium-rc-270\/#primaryimage"},"thumbnailUrl":"https:\/\/staging.pigs.no\/wp-content\/uploads\/2022\/09\/Pigs-imaging-canson-photosatin-premium-rc-270.jpg","datePublished":"2022-10-25T11:35:57+00:00","dateModified":"2026-01-19T22:34:31+00:00","description":"Canson PhotoSatin Premium RC 270 ger en klassisk fotoutseende med satinfinish, bra djup och fina detaljer - perfekt f\u00f6r foton och affischer.","breadcrumb":{"@id":"https:\/\/staging.pigs.no\/produkt\/canson-photosatin-premium-rc-270\/#breadcrumb"},"inLanguage":"sv-SE","potentialAction":[{"@type":"ReadAction","target":["https:\/\/staging.pigs.no\/produkt\/canson-photosatin-premium-rc-270\/"]}]},{"@type":"ImageObject","inLanguage":"sv-SE","@id":"https:\/\/staging.pigs.no\/produkt\/canson-photosatin-premium-rc-270\/#primaryimage","url":"https:\/\/staging.pigs.no\/wp-content\/uploads\/2022\/09\/Pigs-imaging-canson-photosatin-premium-rc-270.jpg","contentUrl":"https:\/\/staging.pigs.no\/wp-content\/uploads\/2022\/09\/Pigs-imaging-canson-photosatin-premium-rc-270.jpg","width":1400,"height":1050,"caption":"Canson PhotoSatin Premium RC 270"},{"@type":"BreadcrumbList","@id":"https:\/\/staging.pigs.no\/produkt\/canson-photosatin-premium-rc-270\/#breadcrumb","itemListElement":[{"@type":"ListItem","position":1,"name":"Home","item":"https:\/\/staging.pigs.no\/"},{"@type":"ListItem","position":2,"name":"Shop","item":"https:\/\/pigs.no\/nettbutikk\/"},{"@type":"ListItem","position":3,"name":"Canson PhotoSatin Premium RC 270"}]},{"@type":"WebSite","@id":"https:\/\/pigs.no\/#website","url":"https:\/\/pigs.no\/","name":"PIGS","description":"Digitaltrykk","publisher":{"@id":"https:\/\/pigs.no\/#organization"},"potentialAction":[{"@type":"SearchAction","target":{"@type":"EntryPoint","urlTemplate":"https:\/\/pigs.no\/?s={search_term_string}"},"query-input":{"@type":"PropertyValueSpecification","valueRequired":true,"valueName":"search_term_string"}}],"inLanguage":"sv-SE"},{"@type":"Organization","@id":"https:\/\/pigs.no\/#organization","name":"PIGS","url":"https:\/\/pigs.no\/","logo":{"@type":"ImageObject","inLanguage":"sv-SE","@id":"https:\/\/pigs.no\/#\/schema\/logo\/image\/","url":"https:\/\/staging.pigs.no\/wp-content\/uploads\/2023\/09\/PIGS-logo_2023-transparent.png","contentUrl":"https:\/\/staging.pigs.no\/wp-content\/uploads\/2023\/09\/PIGS-logo_2023-transparent.png","width":1000,"height":461,"caption":"PIGS"},"image":{"@id":"https:\/\/pigs.no\/#\/schema\/logo\/image\/"},"sameAs":["https:\/\/www.facebook.com\/PIGSimagingAS"]}]}},"_links":{"self":[{"href":"https:\/\/staging.pigs.no\/sv\/wp-json\/wp\/v2\/product\/2688","targetHints":{"allow":["GET"]}}],"collection":[{"href":"https:\/\/staging.pigs.no\/sv\/wp-json\/wp\/v2\/product"}],"about":[{"href":"https:\/\/staging.pigs.no\/sv\/wp-json\/wp\/v2\/types\/product"}],"version-history":[{"count":4,"href":"https:\/\/staging.pigs.no\/sv\/wp-json\/wp\/v2\/product\/2688\/revisions"}],"predecessor-version":[{"id":13451,"href":"https:\/\/staging.pigs.no\/sv\/wp-json\/wp\/v2\/product\/2688\/revisions\/13451"}],"wp:featuredmedia":[{"embeddable":true,"href":"https:\/\/staging.pigs.no\/sv\/wp-json\/wp\/v2\/media\/2182"}],"wp:attachment":[{"href":"https:\/\/staging.pigs.no\/sv\/wp-json\/wp\/v2\/media?parent=2688"}],"wp:term":[{"taxonomy":"product_brand","embeddable":true,"href":"https:\/\/staging.pigs.no\/sv\/wp-json\/wp\/v2\/product_brand?post=2688"},{"taxonomy":"product_cat","embeddable":true,"href":"https:\/\/staging.pigs.no\/sv\/wp-json\/wp\/v2\/product_cat?post=2688"},{"taxonomy":"product_tag","embeddable":true,"href":"https:\/\/staging.pigs.no\/sv\/wp-json\/wp\/v2\/product_tag?post=2688"}],"curies":[{"name":"wp","href":"https:\/\/api.w.org\/{rel}","templated":true}]}}