{"id":2690,"date":"2022-10-25T11:44:51","date_gmt":"2022-10-25T11:44:51","guid":{"rendered":"https:\/\/nye.pigs.no\/?post_type=product&#038;p=2690"},"modified":"2026-01-19T22:28:45","modified_gmt":"2026-01-19T22:28:45","slug":"hahnemuehle-cezanne-canvas-montert","status":"publish","type":"product","link":"https:\/\/staging.pigs.no\/sv\/produkt\/hahnemuehle-cezanne-canvas-montert\/","title":{"rendered":"Hahnem\u00fchle C\u00e9zanne Canvas 430 - uppsp\u00e4nd p\u00e5 kilramar"},"content":{"rendered":"<p>C\u00e9zanne Canvas 430 \u00e4r en kraftig bomullscanvas med finv\u00e4vd, elegant struktur och en naturvit f\u00e4rg utan optiska vitmedel. I kombination med pigmentbl\u00e4ck ger den utm\u00e4rkta resultat med fina detaljer, djup sv\u00e4rta och starka kontraster. Canvasen \u00e4r extremt elastisk och l\u00e4tt att sp\u00e4nna upp p\u00e5 en kilram. \u00d6verensst\u00e4mmer med ISO 9706.<\/p>\n<p><strong>NB! <\/strong>Kan tryckas upp till 135 cm p\u00e5 kortsidan n\u00e4r den str\u00e4cks (t.ex. 135 \u00d7 200 cm). Rullens bredd: 152 cm (60\u2033). Till\u00e5t ca 15 cm f\u00f6r uppsp\u00e4nning.<\/p>\n<p><strong data-start=\"29699\" data-end=\"29719\">L\u00e4mpar sig b\u00e4st f\u00f6r:<\/strong> foto \/ illustration \/ utst\u00e4llning \/ reproduktion<\/p>\n<p data-start=\"29504\" data-end=\"29533\"><strong data-start=\"29504\" data-end=\"29531\">Funktioner:<\/strong><\/p>\n<ul data-start=\"29534\" data-end=\"29697\">\n<li data-start=\"29534\" data-end=\"29549\">\n<p data-start=\"29536\" data-end=\"29549\">100% bomull<\/p>\n<\/li>\n<li data-start=\"29550\" data-end=\"29561\">\n<p data-start=\"29552\" data-end=\"29561\">430 gsm<\/p>\n<\/li>\n<li data-start=\"29562\" data-end=\"29601\">\n<p data-start=\"29564\" data-end=\"29601\">Naturvitt, utan optiska vitmedel<\/p>\n<\/li>\n<li data-start=\"29602\" data-end=\"29632\">\n<p data-start=\"29604\" data-end=\"29632\">Elegant, fint v\u00e4vd yta<\/p>\n<\/li>\n<li data-start=\"29633\" data-end=\"29648\">\n<p data-start=\"29635\" data-end=\"29648\">Matt yta<\/p>\n<\/li>\n<li data-start=\"29649\" data-end=\"29660\">\n<p data-start=\"29651\" data-end=\"29660\">Syrafri<\/p>\n<\/li>\n<li data-start=\"29661\" data-end=\"29697\">\n<p data-start=\"29663\" data-end=\"29697\">ISO 9706-kompatibel \/ museikvalitet<\/p>\n<\/li>\n<\/ul>\n<p>&nbsp;<\/p>\n<p class=\"\"><a class=\"docs-creator\" href=\"https:\/\/staging.pigs.no\/wp-content\/uploads\/2022\/09\/Datasheet-Hahnemu%CC%88hle-Cezanne-Canvas-430.pdf\">L\u00e4s mer om Hahnem\u00fchle C\u00e9zanne Canvas 430<\/a><\/p>","protected":false},"excerpt":{"rendered":"<p>Kraftig canvas i 100% bomull (430 g\/m\u00b2) utan OBA, med en elegant finv\u00e4vd yta och naturvit ton - en unik canvas.<\/p>","protected":false},"featured_media":2684,"template":"","meta":{"_acf_changed":false},"product_brand":[167],"product_cat":[122,56,106],"product_tag":[86,158,156,123,46,65,43,69,157],"class_list":{"0":"post-2690","1":"product","2":"type-product","3":"status-publish","4":"has-post-thumbnail","6":"product_brand-hahnemuhle","7":"product_cat-fineart-canvas","8":"product_cat-lerret-og-japanpapir","9":"product_cat-pigs-medier","10":"product_tag-100-cotton","11":"product_tag-canvas","12":"product_tag-canvas-print","13":"product_tag-fineart-canvas","14":"product_tag-hahnemuhle","15":"product_tag-lerret","16":"product_tag-matt","17":"product_tag-natural-white","18":"product_tag-print-pa-lerret","20":"first","21":"instock","22":"taxable","23":"shipping-taxable","24":"purchasable","25":"product-type-simple"},"acf":[],"yoast_head":"<!-- This site is optimized with the Yoast SEO plugin v27.4 - https:\/\/yoast.com\/product\/yoast-seo-wordpress\/ -->\n<title>C\u00e9zanne Canvas 430 ferdig med ramme | PIGS<\/title>\n<meta name=\"description\" content=\"Tungt bomullslerret (430 gsm) uten OBA med finvevd overflate og naturhvit tone. Gir sv\u00e6rt h\u00f8y kvalitet ferdig montert p\u00e5 blindrammer \u2013 museumskvalitet.\" \/>\n<meta name=\"robots\" content=\"index, follow, max-snippet:-1, max-image-preview:large, max-video-preview:-1\" \/>\n<link rel=\"canonical\" href=\"https:\/\/staging.pigs.no\/sv\/product-2\/hahnemuehle-cezanne-canvas-montert\/\" \/>\n<meta property=\"og:locale\" content=\"sv_SE\" \/>\n<meta property=\"og:type\" content=\"article\" \/>\n<meta property=\"og:title\" content=\"C\u00e9zanne Canvas 430 ferdig med ramme | PIGS\" \/>\n<meta property=\"og:description\" content=\"Tungt bomullslerret (430 gsm) uten OBA med finvevd overflate og naturhvit tone. Gir sv\u00e6rt h\u00f8y kvalitet ferdig montert p\u00e5 blindrammer \u2013 museumskvalitet.\" \/>\n<meta property=\"og:url\" content=\"https:\/\/staging.pigs.no\/sv\/product-2\/hahnemuehle-cezanne-canvas-montert\/\" \/>\n<meta property=\"og:site_name\" content=\"PIGS\" \/>\n<meta property=\"article:publisher\" content=\"https:\/\/www.facebook.com\/PIGSimagingAS\" \/>\n<meta property=\"article:modified_time\" content=\"2026-01-19T22:28:45+00:00\" \/>\n<meta property=\"og:image\" content=\"https:\/\/staging.pigs.no\/wp-content\/uploads\/2022\/10\/PIGS-imaging-HA-CC430.jpg\" \/>\n\t<meta property=\"og:image:width\" content=\"1000\" \/>\n\t<meta property=\"og:image:height\" content=\"1000\" \/>\n\t<meta property=\"og:image:type\" content=\"image\/jpeg\" \/>\n<meta name=\"twitter:card\" content=\"summary_large_image\" \/>\n<meta name=\"twitter:label1\" content=\"Ber\u00e4knad l\u00e4stid\" \/>\n\t<meta name=\"twitter:data1\" content=\"1 minut\" \/>\n<script type=\"application\/ld+json\" class=\"yoast-schema-graph\">{\"@context\":\"https:\\\/\\\/schema.org\",\"@graph\":[{\"@type\":\"WebPage\",\"@id\":\"https:\\\/\\\/staging.pigs.no\\\/produkt\\\/hahnemuehle-cezanne-canvas-montert\\\/\",\"url\":\"https:\\\/\\\/staging.pigs.no\\\/produkt\\\/hahnemuehle-cezanne-canvas-montert\\\/\",\"name\":\"C\u00e9zanne Canvas 430 ferdig med ramme | PIGS\",\"isPartOf\":{\"@id\":\"https:\\\/\\\/pigs.no\\\/#website\"},\"primaryImageOfPage\":{\"@id\":\"https:\\\/\\\/staging.pigs.no\\\/produkt\\\/hahnemuehle-cezanne-canvas-montert\\\/#primaryimage\"},\"image\":{\"@id\":\"https:\\\/\\\/staging.pigs.no\\\/produkt\\\/hahnemuehle-cezanne-canvas-montert\\\/#primaryimage\"},\"thumbnailUrl\":\"https:\\\/\\\/staging.pigs.no\\\/wp-content\\\/uploads\\\/2022\\\/10\\\/PIGS-imaging-HA-CC430.jpg\",\"datePublished\":\"2022-10-25T11:44:51+00:00\",\"dateModified\":\"2026-01-19T22:28:45+00:00\",\"description\":\"Tungt bomullslerret (430 gsm) uten OBA med finvevd overflate og naturhvit tone. Gir sv\u00e6rt h\u00f8y kvalitet ferdig montert p\u00e5 blindrammer \u2013 museumskvalitet.\",\"breadcrumb\":{\"@id\":\"https:\\\/\\\/staging.pigs.no\\\/produkt\\\/hahnemuehle-cezanne-canvas-montert\\\/#breadcrumb\"},\"inLanguage\":\"sv-SE\",\"potentialAction\":[{\"@type\":\"ReadAction\",\"target\":[\"https:\\\/\\\/staging.pigs.no\\\/produkt\\\/hahnemuehle-cezanne-canvas-montert\\\/\"]}]},{\"@type\":\"ImageObject\",\"inLanguage\":\"sv-SE\",\"@id\":\"https:\\\/\\\/staging.pigs.no\\\/produkt\\\/hahnemuehle-cezanne-canvas-montert\\\/#primaryimage\",\"url\":\"https:\\\/\\\/staging.pigs.no\\\/wp-content\\\/uploads\\\/2022\\\/10\\\/PIGS-imaging-HA-CC430.jpg\",\"contentUrl\":\"https:\\\/\\\/staging.pigs.no\\\/wp-content\\\/uploads\\\/2022\\\/10\\\/PIGS-imaging-HA-CC430.jpg\",\"width\":1000,\"height\":1000,\"caption\":\"Hahnem\u00fchle Canvas Cezanne 430\"},{\"@type\":\"BreadcrumbList\",\"@id\":\"https:\\\/\\\/staging.pigs.no\\\/produkt\\\/hahnemuehle-cezanne-canvas-montert\\\/#breadcrumb\",\"itemListElement\":[{\"@type\":\"ListItem\",\"position\":1,\"name\":\"Home\",\"item\":\"https:\\\/\\\/staging.pigs.no\\\/\"},{\"@type\":\"ListItem\",\"position\":2,\"name\":\"Shop\",\"item\":\"https:\\\/\\\/pigs.no\\\/nettbutikk\\\/\"},{\"@type\":\"ListItem\",\"position\":3,\"name\":\"Hahnem\u00fchle C\u00e9zanne Canvas 430 \u2013 ferdig montert p\u00e5 blindrammer\"}]},{\"@type\":\"WebSite\",\"@id\":\"https:\\\/\\\/pigs.no\\\/#website\",\"url\":\"https:\\\/\\\/pigs.no\\\/\",\"name\":\"PIGS\",\"description\":\"Digitaltrykk\",\"publisher\":{\"@id\":\"https:\\\/\\\/pigs.no\\\/#organization\"},\"potentialAction\":[{\"@type\":\"SearchAction\",\"target\":{\"@type\":\"EntryPoint\",\"urlTemplate\":\"https:\\\/\\\/pigs.no\\\/?s={search_term_string}\"},\"query-input\":{\"@type\":\"PropertyValueSpecification\",\"valueRequired\":true,\"valueName\":\"search_term_string\"}}],\"inLanguage\":\"sv-SE\"},{\"@type\":\"Organization\",\"@id\":\"https:\\\/\\\/pigs.no\\\/#organization\",\"name\":\"PIGS\",\"url\":\"https:\\\/\\\/pigs.no\\\/\",\"logo\":{\"@type\":\"ImageObject\",\"inLanguage\":\"sv-SE\",\"@id\":\"https:\\\/\\\/pigs.no\\\/#\\\/schema\\\/logo\\\/image\\\/\",\"url\":\"https:\\\/\\\/staging.pigs.no\\\/wp-content\\\/uploads\\\/2023\\\/09\\\/PIGS-logo_2023-transparent.png\",\"contentUrl\":\"https:\\\/\\\/staging.pigs.no\\\/wp-content\\\/uploads\\\/2023\\\/09\\\/PIGS-logo_2023-transparent.png\",\"width\":1000,\"height\":461,\"caption\":\"PIGS\"},\"image\":{\"@id\":\"https:\\\/\\\/pigs.no\\\/#\\\/schema\\\/logo\\\/image\\\/\"},\"sameAs\":[\"https:\\\/\\\/www.facebook.com\\\/PIGSimagingAS\"]}]}<\/script>\n<!-- \/ Yoast SEO plugin. -->","yoast_head_json":{"title":"C\u00e9zanne Canvas 430 f\u00e4rdigst\u00e4lld med ram | PIGS","description":"Kraftig bomullsduk (430 g\/m\u00b2) utan OBA med finv\u00e4vd yta och naturvit f\u00e4rg. Ger mycket h\u00f6g kvalitet n\u00e4r den monteras p\u00e5 blindramar - museikvalitet.","robots":{"index":"index","follow":"follow","max-snippet":"max-snippet:-1","max-image-preview":"max-image-preview:large","max-video-preview":"max-video-preview:-1"},"canonical":"https:\/\/staging.pigs.no\/sv\/product-2\/hahnemuehle-cezanne-canvas-montert\/","og_locale":"sv_SE","og_type":"article","og_title":"C\u00e9zanne Canvas 430 ferdig med ramme | PIGS","og_description":"Tungt bomullslerret (430 gsm) uten OBA med finvevd overflate og naturhvit tone. Gir sv\u00e6rt h\u00f8y kvalitet ferdig montert p\u00e5 blindrammer \u2013 museumskvalitet.","og_url":"https:\/\/staging.pigs.no\/sv\/product-2\/hahnemuehle-cezanne-canvas-montert\/","og_site_name":"PIGS","article_publisher":"https:\/\/www.facebook.com\/PIGSimagingAS","article_modified_time":"2026-01-19T22:28:45+00:00","og_image":[{"width":1000,"height":1000,"url":"https:\/\/staging.pigs.no\/wp-content\/uploads\/2022\/10\/PIGS-imaging-HA-CC430.jpg","type":"image\/jpeg"}],"twitter_card":"summary_large_image","twitter_misc":{"Ber\u00e4knad l\u00e4stid":"1 minut"},"schema":{"@context":"https:\/\/schema.org","@graph":[{"@type":"WebPage","@id":"https:\/\/staging.pigs.no\/produkt\/hahnemuehle-cezanne-canvas-montert\/","url":"https:\/\/staging.pigs.no\/produkt\/hahnemuehle-cezanne-canvas-montert\/","name":"C\u00e9zanne Canvas 430 f\u00e4rdigst\u00e4lld med ram | PIGS","isPartOf":{"@id":"https:\/\/pigs.no\/#website"},"primaryImageOfPage":{"@id":"https:\/\/staging.pigs.no\/produkt\/hahnemuehle-cezanne-canvas-montert\/#primaryimage"},"image":{"@id":"https:\/\/staging.pigs.no\/produkt\/hahnemuehle-cezanne-canvas-montert\/#primaryimage"},"thumbnailUrl":"https:\/\/staging.pigs.no\/wp-content\/uploads\/2022\/10\/PIGS-imaging-HA-CC430.jpg","datePublished":"2022-10-25T11:44:51+00:00","dateModified":"2026-01-19T22:28:45+00:00","description":"Kraftig bomullsduk (430 g\/m\u00b2) utan OBA med finv\u00e4vd yta och naturvit f\u00e4rg. Ger mycket h\u00f6g kvalitet n\u00e4r den monteras p\u00e5 blindramar - museikvalitet.","breadcrumb":{"@id":"https:\/\/staging.pigs.no\/produkt\/hahnemuehle-cezanne-canvas-montert\/#breadcrumb"},"inLanguage":"sv-SE","potentialAction":[{"@type":"ReadAction","target":["https:\/\/staging.pigs.no\/produkt\/hahnemuehle-cezanne-canvas-montert\/"]}]},{"@type":"ImageObject","inLanguage":"sv-SE","@id":"https:\/\/staging.pigs.no\/produkt\/hahnemuehle-cezanne-canvas-montert\/#primaryimage","url":"https:\/\/staging.pigs.no\/wp-content\/uploads\/2022\/10\/PIGS-imaging-HA-CC430.jpg","contentUrl":"https:\/\/staging.pigs.no\/wp-content\/uploads\/2022\/10\/PIGS-imaging-HA-CC430.jpg","width":1000,"height":1000,"caption":"Hahnem\u00fchle Canvas Cezanne 430"},{"@type":"BreadcrumbList","@id":"https:\/\/staging.pigs.no\/produkt\/hahnemuehle-cezanne-canvas-montert\/#breadcrumb","itemListElement":[{"@type":"ListItem","position":1,"name":"Home","item":"https:\/\/staging.pigs.no\/"},{"@type":"ListItem","position":2,"name":"Shop","item":"https:\/\/pigs.no\/nettbutikk\/"},{"@type":"ListItem","position":3,"name":"Hahnem\u00fchle C\u00e9zanne Canvas 430 \u2013 ferdig montert p\u00e5 blindrammer"}]},{"@type":"WebSite","@id":"https:\/\/pigs.no\/#website","url":"https:\/\/pigs.no\/","name":"PIGS","description":"Digitaltrykk","publisher":{"@id":"https:\/\/pigs.no\/#organization"},"potentialAction":[{"@type":"SearchAction","target":{"@type":"EntryPoint","urlTemplate":"https:\/\/pigs.no\/?s={search_term_string}"},"query-input":{"@type":"PropertyValueSpecification","valueRequired":true,"valueName":"search_term_string"}}],"inLanguage":"sv-SE"},{"@type":"Organization","@id":"https:\/\/pigs.no\/#organization","name":"PIGS","url":"https:\/\/pigs.no\/","logo":{"@type":"ImageObject","inLanguage":"sv-SE","@id":"https:\/\/pigs.no\/#\/schema\/logo\/image\/","url":"https:\/\/staging.pigs.no\/wp-content\/uploads\/2023\/09\/PIGS-logo_2023-transparent.png","contentUrl":"https:\/\/staging.pigs.no\/wp-content\/uploads\/2023\/09\/PIGS-logo_2023-transparent.png","width":1000,"height":461,"caption":"PIGS"},"image":{"@id":"https:\/\/pigs.no\/#\/schema\/logo\/image\/"},"sameAs":["https:\/\/www.facebook.com\/PIGSimagingAS"]}]}},"_links":{"self":[{"href":"https:\/\/staging.pigs.no\/sv\/wp-json\/wp\/v2\/product\/2690","targetHints":{"allow":["GET"]}}],"collection":[{"href":"https:\/\/staging.pigs.no\/sv\/wp-json\/wp\/v2\/product"}],"about":[{"href":"https:\/\/staging.pigs.no\/sv\/wp-json\/wp\/v2\/types\/product"}],"version-history":[{"count":5,"href":"https:\/\/staging.pigs.no\/sv\/wp-json\/wp\/v2\/product\/2690\/revisions"}],"predecessor-version":[{"id":3137,"href":"https:\/\/staging.pigs.no\/sv\/wp-json\/wp\/v2\/product\/2690\/revisions\/3137"}],"wp:featuredmedia":[{"embeddable":true,"href":"https:\/\/staging.pigs.no\/sv\/wp-json\/wp\/v2\/media\/2684"}],"wp:attachment":[{"href":"https:\/\/staging.pigs.no\/sv\/wp-json\/wp\/v2\/media?parent=2690"}],"wp:term":[{"taxonomy":"product_brand","embeddable":true,"href":"https:\/\/staging.pigs.no\/sv\/wp-json\/wp\/v2\/product_brand?post=2690"},{"taxonomy":"product_cat","embeddable":true,"href":"https:\/\/staging.pigs.no\/sv\/wp-json\/wp\/v2\/product_cat?post=2690"},{"taxonomy":"product_tag","embeddable":true,"href":"https:\/\/staging.pigs.no\/sv\/wp-json\/wp\/v2\/product_tag?post=2690"}],"curies":[{"name":"wp","href":"https:\/\/api.w.org\/{rel}","templated":true}]}}