{"id":4901,"date":"2022-11-08T20:46:32","date_gmt":"2022-11-08T20:46:32","guid":{"rendered":"https:\/\/nye.pigs.no\/?post_type=product&#038;p=4901"},"modified":"2023-02-14T12:34:30","modified_gmt":"2023-02-14T12:34:30","slug":"bildemontering-paa-aluminium","status":"publish","type":"product","link":"https:\/\/staging.pigs.no\/sv\/produkt\/bildemontering-paa-aluminium\/","title":{"rendered":"Aluminum 1,5mm"},"content":{"rendered":"<p>Stiv og hard aluminiumsplate \u2013 egner seg b\u00e5de, til \u00e5 ha i ramme eller uten, direkte p\u00e5 veggen. Bestill hengelister p\u00e5 baksiden som veggfeste.<\/p>\n<ul>\n<li>1,5mm tykkelse<\/li>\n<li>ren aluminium i s\u00f8lv<\/li>\n<li>meget stiv, meget fint og tynt<\/li>\n<li>skj\u00f8r p\u00e5 hj\u00f8rnene<\/li>\n<\/ul>\n<p>&nbsp;<\/p>\n<p><strong>Tilleggsprodukt: <\/strong><\/p>\n<p>10mm hengelist (huk av om du \u00f8nsker hengelist i skjemaet nedenfor)<\/p>\n<p>10mm aluminium hengelist p\u00e5 baksiden av platen. Listen limes med epoksi p\u00e5 plate og gir meget god feste. Til veggmontering uten rammer, festes med to skruer. Meget enkel, solid og langvarig hengel\u00f8sning til harde plater som alu eller iBond.<\/p>","protected":false},"excerpt":{"rendered":"<ul>\n<li>1,5mm tykkelse<\/li>\n<li>ren aluminium i s\u00f8lv<\/li>\n<li>meget stiv, meget fint og tynt<\/li>\n<li>skj\u00f8r p\u00e5 hj\u00f8rnene<\/li>\n<\/ul>","protected":false},"featured_media":4905,"template":"","meta":{"_acf_changed":false},"product_brand":[],"product_cat":[125,120,111],"product_tag":[126,118,116],"class_list":{"0":"post-4901","1":"product","2":"type-product","3":"status-publish","4":"has-post-thumbnail","6":"product_cat-alu","7":"product_cat-hengelist-10mm","8":"product_cat-monteringsplater","9":"product_tag-alu","10":"product_tag-aluminium","11":"product_tag-monteringsplate","13":"first","14":"instock","15":"taxable","16":"shipping-taxable","17":"purchasable","18":"product-type-simple"},"acf":[],"yoast_head":"<!-- This site is optimized with the Yoast SEO plugin v27.4 - https:\/\/yoast.com\/product\/yoast-seo-wordpress\/ -->\n<title>Aluminum 1,5mm - PIGS<\/title>\n<meta name=\"description\" content=\"bildemontering p\u00e5 stiv og hard aluminiumsplate \u2013 egner seg b\u00e5de, til \u00e5 ha i ramme eller direkte p\u00e5 veggen. Bestill hengelister p\u00e5 baksiden som veggfeste.\" \/>\n<meta name=\"robots\" content=\"index, follow, max-snippet:-1, max-image-preview:large, max-video-preview:-1\" \/>\n<link rel=\"canonical\" href=\"https:\/\/staging.pigs.no\/sv\/product-2\/bildemontering-paa-aluminium\/\" \/>\n<meta property=\"og:locale\" content=\"sv_SE\" \/>\n<meta property=\"og:type\" content=\"article\" \/>\n<meta property=\"og:title\" content=\"Aluminum 1,5mm - PIGS\" \/>\n<meta property=\"og:description\" content=\"bildemontering p\u00e5 stiv og hard aluminiumsplate \u2013 egner seg b\u00e5de, til \u00e5 ha i ramme eller direkte p\u00e5 veggen. Bestill hengelister p\u00e5 baksiden som veggfeste.\" \/>\n<meta property=\"og:url\" content=\"https:\/\/staging.pigs.no\/sv\/product-2\/bildemontering-paa-aluminium\/\" \/>\n<meta property=\"og:site_name\" content=\"PIGS\" \/>\n<meta property=\"article:publisher\" content=\"https:\/\/www.facebook.com\/PIGSimagingAS\" \/>\n<meta property=\"article:modified_time\" content=\"2023-02-14T12:34:30+00:00\" \/>\n<meta property=\"og:image\" content=\"https:\/\/staging.pigs.no\/wp-content\/uploads\/2022\/11\/PIGS-imaging-montering-aluminium-01.jpg\" \/>\n\t<meta property=\"og:image:width\" content=\"1200\" \/>\n\t<meta property=\"og:image:height\" content=\"1200\" \/>\n\t<meta property=\"og:image:type\" content=\"image\/jpeg\" \/>\n<meta name=\"twitter:card\" content=\"summary_large_image\" \/>\n<meta name=\"twitter:label1\" content=\"Ber\u00e4knad l\u00e4stid\" \/>\n\t<meta name=\"twitter:data1\" content=\"1 minut\" \/>\n<script type=\"application\/ld+json\" class=\"yoast-schema-graph\">{\"@context\":\"https:\\\/\\\/schema.org\",\"@graph\":[{\"@type\":\"WebPage\",\"@id\":\"https:\\\/\\\/staging.pigs.no\\\/produkt\\\/bildemontering-paa-aluminium\\\/\",\"url\":\"https:\\\/\\\/staging.pigs.no\\\/produkt\\\/bildemontering-paa-aluminium\\\/\",\"name\":\"Aluminum 1,5mm - PIGS\",\"isPartOf\":{\"@id\":\"https:\\\/\\\/pigs.no\\\/#website\"},\"primaryImageOfPage\":{\"@id\":\"https:\\\/\\\/staging.pigs.no\\\/produkt\\\/bildemontering-paa-aluminium\\\/#primaryimage\"},\"image\":{\"@id\":\"https:\\\/\\\/staging.pigs.no\\\/produkt\\\/bildemontering-paa-aluminium\\\/#primaryimage\"},\"thumbnailUrl\":\"https:\\\/\\\/staging.pigs.no\\\/wp-content\\\/uploads\\\/2022\\\/11\\\/PIGS-imaging-montering-aluminium-01.jpg\",\"datePublished\":\"2022-11-08T20:46:32+00:00\",\"dateModified\":\"2023-02-14T12:34:30+00:00\",\"description\":\"bildemontering p\u00e5 stiv og hard aluminiumsplate \u2013 egner seg b\u00e5de, til \u00e5 ha i ramme eller direkte p\u00e5 veggen. Bestill hengelister p\u00e5 baksiden som veggfeste.\",\"breadcrumb\":{\"@id\":\"https:\\\/\\\/staging.pigs.no\\\/produkt\\\/bildemontering-paa-aluminium\\\/#breadcrumb\"},\"inLanguage\":\"sv-SE\",\"potentialAction\":[{\"@type\":\"ReadAction\",\"target\":[\"https:\\\/\\\/staging.pigs.no\\\/produkt\\\/bildemontering-paa-aluminium\\\/\"]}]},{\"@type\":\"ImageObject\",\"inLanguage\":\"sv-SE\",\"@id\":\"https:\\\/\\\/staging.pigs.no\\\/produkt\\\/bildemontering-paa-aluminium\\\/#primaryimage\",\"url\":\"https:\\\/\\\/staging.pigs.no\\\/wp-content\\\/uploads\\\/2022\\\/11\\\/PIGS-imaging-montering-aluminium-01.jpg\",\"contentUrl\":\"https:\\\/\\\/staging.pigs.no\\\/wp-content\\\/uploads\\\/2022\\\/11\\\/PIGS-imaging-montering-aluminium-01.jpg\",\"width\":1200,\"height\":1200,\"caption\":\"Bildemontering p\u00e5 plate\"},{\"@type\":\"BreadcrumbList\",\"@id\":\"https:\\\/\\\/staging.pigs.no\\\/produkt\\\/bildemontering-paa-aluminium\\\/#breadcrumb\",\"itemListElement\":[{\"@type\":\"ListItem\",\"position\":1,\"name\":\"Home\",\"item\":\"https:\\\/\\\/staging.pigs.no\\\/\"},{\"@type\":\"ListItem\",\"position\":2,\"name\":\"Shop\",\"item\":\"https:\\\/\\\/pigs.no\\\/nettbutikk\\\/\"},{\"@type\":\"ListItem\",\"position\":3,\"name\":\"Aluminum 1,5mm\"}]},{\"@type\":\"WebSite\",\"@id\":\"https:\\\/\\\/pigs.no\\\/#website\",\"url\":\"https:\\\/\\\/pigs.no\\\/\",\"name\":\"PIGS\",\"description\":\"Digitaltrykk\",\"publisher\":{\"@id\":\"https:\\\/\\\/pigs.no\\\/#organization\"},\"potentialAction\":[{\"@type\":\"SearchAction\",\"target\":{\"@type\":\"EntryPoint\",\"urlTemplate\":\"https:\\\/\\\/pigs.no\\\/?s={search_term_string}\"},\"query-input\":{\"@type\":\"PropertyValueSpecification\",\"valueRequired\":true,\"valueName\":\"search_term_string\"}}],\"inLanguage\":\"sv-SE\"},{\"@type\":\"Organization\",\"@id\":\"https:\\\/\\\/pigs.no\\\/#organization\",\"name\":\"PIGS\",\"url\":\"https:\\\/\\\/pigs.no\\\/\",\"logo\":{\"@type\":\"ImageObject\",\"inLanguage\":\"sv-SE\",\"@id\":\"https:\\\/\\\/pigs.no\\\/#\\\/schema\\\/logo\\\/image\\\/\",\"url\":\"https:\\\/\\\/staging.pigs.no\\\/wp-content\\\/uploads\\\/2023\\\/09\\\/PIGS-logo_2023-transparent.png\",\"contentUrl\":\"https:\\\/\\\/staging.pigs.no\\\/wp-content\\\/uploads\\\/2023\\\/09\\\/PIGS-logo_2023-transparent.png\",\"width\":1000,\"height\":461,\"caption\":\"PIGS\"},\"image\":{\"@id\":\"https:\\\/\\\/pigs.no\\\/#\\\/schema\\\/logo\\\/image\\\/\"},\"sameAs\":[\"https:\\\/\\\/www.facebook.com\\\/PIGSimagingAS\"]}]}<\/script>\n<!-- \/ Yoast SEO plugin. -->","yoast_head_json":{"title":"Aluminum 1,5mm - PIGS","description":"bildemontering p\u00e5 stiv og hard aluminiumsplate \u2013 egner seg b\u00e5de, til \u00e5 ha i ramme eller direkte p\u00e5 veggen. Bestill hengelister p\u00e5 baksiden som veggfeste.","robots":{"index":"index","follow":"follow","max-snippet":"max-snippet:-1","max-image-preview":"max-image-preview:large","max-video-preview":"max-video-preview:-1"},"canonical":"https:\/\/staging.pigs.no\/sv\/product-2\/bildemontering-paa-aluminium\/","og_locale":"sv_SE","og_type":"article","og_title":"Aluminum 1,5mm - PIGS","og_description":"bildemontering p\u00e5 stiv og hard aluminiumsplate \u2013 egner seg b\u00e5de, til \u00e5 ha i ramme eller direkte p\u00e5 veggen. Bestill hengelister p\u00e5 baksiden som veggfeste.","og_url":"https:\/\/staging.pigs.no\/sv\/product-2\/bildemontering-paa-aluminium\/","og_site_name":"PIGS","article_publisher":"https:\/\/www.facebook.com\/PIGSimagingAS","article_modified_time":"2023-02-14T12:34:30+00:00","og_image":[{"width":1200,"height":1200,"url":"https:\/\/staging.pigs.no\/wp-content\/uploads\/2022\/11\/PIGS-imaging-montering-aluminium-01.jpg","type":"image\/jpeg"}],"twitter_card":"summary_large_image","twitter_misc":{"Ber\u00e4knad l\u00e4stid":"1 minut"},"schema":{"@context":"https:\/\/schema.org","@graph":[{"@type":"WebPage","@id":"https:\/\/staging.pigs.no\/produkt\/bildemontering-paa-aluminium\/","url":"https:\/\/staging.pigs.no\/produkt\/bildemontering-paa-aluminium\/","name":"Aluminum 1,5mm - PIGS","isPartOf":{"@id":"https:\/\/pigs.no\/#website"},"primaryImageOfPage":{"@id":"https:\/\/staging.pigs.no\/produkt\/bildemontering-paa-aluminium\/#primaryimage"},"image":{"@id":"https:\/\/staging.pigs.no\/produkt\/bildemontering-paa-aluminium\/#primaryimage"},"thumbnailUrl":"https:\/\/staging.pigs.no\/wp-content\/uploads\/2022\/11\/PIGS-imaging-montering-aluminium-01.jpg","datePublished":"2022-11-08T20:46:32+00:00","dateModified":"2023-02-14T12:34:30+00:00","description":"bildemontering p\u00e5 stiv og hard aluminiumsplate \u2013 egner seg b\u00e5de, til \u00e5 ha i ramme eller direkte p\u00e5 veggen. Bestill hengelister p\u00e5 baksiden som veggfeste.","breadcrumb":{"@id":"https:\/\/staging.pigs.no\/produkt\/bildemontering-paa-aluminium\/#breadcrumb"},"inLanguage":"sv-SE","potentialAction":[{"@type":"ReadAction","target":["https:\/\/staging.pigs.no\/produkt\/bildemontering-paa-aluminium\/"]}]},{"@type":"ImageObject","inLanguage":"sv-SE","@id":"https:\/\/staging.pigs.no\/produkt\/bildemontering-paa-aluminium\/#primaryimage","url":"https:\/\/staging.pigs.no\/wp-content\/uploads\/2022\/11\/PIGS-imaging-montering-aluminium-01.jpg","contentUrl":"https:\/\/staging.pigs.no\/wp-content\/uploads\/2022\/11\/PIGS-imaging-montering-aluminium-01.jpg","width":1200,"height":1200,"caption":"Bildemontering p\u00e5 plate"},{"@type":"BreadcrumbList","@id":"https:\/\/staging.pigs.no\/produkt\/bildemontering-paa-aluminium\/#breadcrumb","itemListElement":[{"@type":"ListItem","position":1,"name":"Home","item":"https:\/\/staging.pigs.no\/"},{"@type":"ListItem","position":2,"name":"Shop","item":"https:\/\/pigs.no\/nettbutikk\/"},{"@type":"ListItem","position":3,"name":"Aluminum 1,5mm"}]},{"@type":"WebSite","@id":"https:\/\/pigs.no\/#website","url":"https:\/\/pigs.no\/","name":"PIGS","description":"Digitaltrykk","publisher":{"@id":"https:\/\/pigs.no\/#organization"},"potentialAction":[{"@type":"SearchAction","target":{"@type":"EntryPoint","urlTemplate":"https:\/\/pigs.no\/?s={search_term_string}"},"query-input":{"@type":"PropertyValueSpecification","valueRequired":true,"valueName":"search_term_string"}}],"inLanguage":"sv-SE"},{"@type":"Organization","@id":"https:\/\/pigs.no\/#organization","name":"PIGS","url":"https:\/\/pigs.no\/","logo":{"@type":"ImageObject","inLanguage":"sv-SE","@id":"https:\/\/pigs.no\/#\/schema\/logo\/image\/","url":"https:\/\/staging.pigs.no\/wp-content\/uploads\/2023\/09\/PIGS-logo_2023-transparent.png","contentUrl":"https:\/\/staging.pigs.no\/wp-content\/uploads\/2023\/09\/PIGS-logo_2023-transparent.png","width":1000,"height":461,"caption":"PIGS"},"image":{"@id":"https:\/\/pigs.no\/#\/schema\/logo\/image\/"},"sameAs":["https:\/\/www.facebook.com\/PIGSimagingAS"]}]}},"_links":{"self":[{"href":"https:\/\/staging.pigs.no\/sv\/wp-json\/wp\/v2\/product\/4901","targetHints":{"allow":["GET"]}}],"collection":[{"href":"https:\/\/staging.pigs.no\/sv\/wp-json\/wp\/v2\/product"}],"about":[{"href":"https:\/\/staging.pigs.no\/sv\/wp-json\/wp\/v2\/types\/product"}],"version-history":[{"count":1,"href":"https:\/\/staging.pigs.no\/sv\/wp-json\/wp\/v2\/product\/4901\/revisions"}],"predecessor-version":[{"id":5486,"href":"https:\/\/staging.pigs.no\/sv\/wp-json\/wp\/v2\/product\/4901\/revisions\/5486"}],"wp:featuredmedia":[{"embeddable":true,"href":"https:\/\/staging.pigs.no\/sv\/wp-json\/wp\/v2\/media\/4905"}],"wp:attachment":[{"href":"https:\/\/staging.pigs.no\/sv\/wp-json\/wp\/v2\/media?parent=4901"}],"wp:term":[{"taxonomy":"product_brand","embeddable":true,"href":"https:\/\/staging.pigs.no\/sv\/wp-json\/wp\/v2\/product_brand?post=4901"},{"taxonomy":"product_cat","embeddable":true,"href":"https:\/\/staging.pigs.no\/sv\/wp-json\/wp\/v2\/product_cat?post=4901"},{"taxonomy":"product_tag","embeddable":true,"href":"https:\/\/staging.pigs.no\/sv\/wp-json\/wp\/v2\/product_tag?post=4901"}],"curies":[{"name":"wp","href":"https:\/\/api.w.org\/{rel}","templated":true}]}}