{"id":4902,"date":"2022-11-08T20:48:31","date_gmt":"2022-11-08T20:48:31","guid":{"rendered":"https:\/\/nye.pigs.no\/?post_type=product&#038;p=4902"},"modified":"2026-01-13T13:18:30","modified_gmt":"2026-01-13T13:18:30","slug":"5mm-kapa-skumplate-bildemontering","status":"publish","type":"product","link":"https:\/\/staging.pigs.no\/sv\/produkt\/5mm-kapa-skumplate-bildemontering\/","title":{"rendered":"Expofoam Kapa 5mm"},"content":{"rendered":"<p>Stiv skumplate \u2013 egner seg prima som monteringsplate til innramming. Husk at spesiell st\u00f8rre plater b\u00f8yer seg over tid uten innramming.<\/p>\n<ul>\n<li>5mm tykkelse<\/li>\n<li>skumplate sandwich med hvit eller gr\u00e5 kjern<\/li>\n<li>lettvekt, myk kjerne<\/li>\n<li>meget skj\u00f8r p\u00e5 hj\u00f8rnene<\/li>\n<\/ul>","protected":false},"excerpt":{"rendered":"<p>Stiv skumplate \u2013 egner seg prima som monteringsplate til innramming. Husk at spesiell st\u00f8rre plater b\u00f8yer seg over tid uten innramming.<\/p>","protected":false},"featured_media":5419,"template":"","meta":{"_acf_changed":false},"product_brand":[],"product_cat":[115,111],"product_tag":[119,165,116],"class_list":{"0":"post-4902","1":"product","2":"type-product","3":"status-publish","4":"has-post-thumbnail","6":"product_cat-expofoam-5mm","7":"product_cat-monteringsplater","8":"product_tag-expofoam","9":"product_tag-kapa","10":"product_tag-monteringsplate","12":"first","13":"instock","14":"taxable","15":"shipping-taxable","16":"purchasable","17":"product-type-simple"},"acf":[],"yoast_head":"<!-- This site is optimized with the Yoast SEO plugin v27.4 - https:\/\/yoast.com\/product\/yoast-seo-wordpress\/ -->\n<title>Bildemontering p\u00e5 5mm Kapa i Oslo | PIGS<\/title>\n<meta name=\"description\" content=\"Stiv 5mm Kapa skumplate til bildemontering \u2013 egner seg prima som monteringsplate til innramming. Husk at store plater b\u00f8yer seg over tid uten innramming.\" \/>\n<meta name=\"robots\" content=\"index, follow, max-snippet:-1, max-image-preview:large, max-video-preview:-1\" \/>\n<link rel=\"canonical\" href=\"https:\/\/staging.pigs.no\/sv\/product-2\/5mm-kapa-skumplate-bildemontering\/\" \/>\n<meta property=\"og:locale\" content=\"sv_SE\" \/>\n<meta property=\"og:type\" content=\"article\" \/>\n<meta property=\"og:title\" content=\"Bildemontering p\u00e5 5mm Kapa i Oslo | PIGS\" \/>\n<meta property=\"og:description\" content=\"Stiv 5mm Kapa skumplate til bildemontering \u2013 egner seg prima som monteringsplate til innramming. Husk at store plater b\u00f8yer seg over tid uten innramming.\" \/>\n<meta property=\"og:url\" content=\"https:\/\/staging.pigs.no\/sv\/product-2\/5mm-kapa-skumplate-bildemontering\/\" \/>\n<meta property=\"og:site_name\" content=\"PIGS\" \/>\n<meta property=\"article:publisher\" content=\"https:\/\/www.facebook.com\/PIGSimagingAS\" \/>\n<meta property=\"article:modified_time\" content=\"2026-01-13T13:18:30+00:00\" \/>\n<meta property=\"og:image\" content=\"https:\/\/staging.pigs.no\/wp-content\/uploads\/2022\/11\/PIGS-imaging-montering-skumplate-01-1.webp\" \/>\n\t<meta property=\"og:image:width\" content=\"1200\" \/>\n\t<meta property=\"og:image:height\" content=\"1200\" \/>\n\t<meta property=\"og:image:type\" content=\"image\/webp\" \/>\n<meta name=\"twitter:card\" content=\"summary_large_image\" \/>\n<meta name=\"twitter:label1\" content=\"Ber\u00e4knad l\u00e4stid\" \/>\n\t<meta name=\"twitter:data1\" content=\"1 minut\" \/>\n<script type=\"application\/ld+json\" class=\"yoast-schema-graph\">{\"@context\":\"https:\\\/\\\/schema.org\",\"@graph\":[{\"@type\":\"WebPage\",\"@id\":\"https:\\\/\\\/staging.pigs.no\\\/produkt\\\/5mm-kapa-skumplate-bildemontering\\\/\",\"url\":\"https:\\\/\\\/staging.pigs.no\\\/produkt\\\/5mm-kapa-skumplate-bildemontering\\\/\",\"name\":\"Bildemontering p\u00e5 5mm Kapa i Oslo | PIGS\",\"isPartOf\":{\"@id\":\"https:\\\/\\\/pigs.no\\\/#website\"},\"primaryImageOfPage\":{\"@id\":\"https:\\\/\\\/staging.pigs.no\\\/produkt\\\/5mm-kapa-skumplate-bildemontering\\\/#primaryimage\"},\"image\":{\"@id\":\"https:\\\/\\\/staging.pigs.no\\\/produkt\\\/5mm-kapa-skumplate-bildemontering\\\/#primaryimage\"},\"thumbnailUrl\":\"https:\\\/\\\/staging.pigs.no\\\/wp-content\\\/uploads\\\/2022\\\/11\\\/PIGS-imaging-montering-skumplate-01-1.webp\",\"datePublished\":\"2022-11-08T20:48:31+00:00\",\"dateModified\":\"2026-01-13T13:18:30+00:00\",\"description\":\"Stiv 5mm Kapa skumplate til bildemontering \u2013 egner seg prima som monteringsplate til innramming. Husk at store plater b\u00f8yer seg over tid uten innramming.\",\"breadcrumb\":{\"@id\":\"https:\\\/\\\/staging.pigs.no\\\/produkt\\\/5mm-kapa-skumplate-bildemontering\\\/#breadcrumb\"},\"inLanguage\":\"sv-SE\",\"potentialAction\":[{\"@type\":\"ReadAction\",\"target\":[\"https:\\\/\\\/staging.pigs.no\\\/produkt\\\/5mm-kapa-skumplate-bildemontering\\\/\"]}]},{\"@type\":\"ImageObject\",\"inLanguage\":\"sv-SE\",\"@id\":\"https:\\\/\\\/staging.pigs.no\\\/produkt\\\/5mm-kapa-skumplate-bildemontering\\\/#primaryimage\",\"url\":\"https:\\\/\\\/staging.pigs.no\\\/wp-content\\\/uploads\\\/2022\\\/11\\\/PIGS-imaging-montering-skumplate-01-1.webp\",\"contentUrl\":\"https:\\\/\\\/staging.pigs.no\\\/wp-content\\\/uploads\\\/2022\\\/11\\\/PIGS-imaging-montering-skumplate-01-1.webp\",\"width\":1200,\"height\":1200,\"caption\":\"Bildemontering p\u00e5 skumplate\"},{\"@type\":\"BreadcrumbList\",\"@id\":\"https:\\\/\\\/staging.pigs.no\\\/produkt\\\/5mm-kapa-skumplate-bildemontering\\\/#breadcrumb\",\"itemListElement\":[{\"@type\":\"ListItem\",\"position\":1,\"name\":\"Home\",\"item\":\"https:\\\/\\\/staging.pigs.no\\\/\"},{\"@type\":\"ListItem\",\"position\":2,\"name\":\"Shop\",\"item\":\"https:\\\/\\\/pigs.no\\\/nettbutikk\\\/\"},{\"@type\":\"ListItem\",\"position\":3,\"name\":\"Expofoam Kapa 5mm\"}]},{\"@type\":\"WebSite\",\"@id\":\"https:\\\/\\\/pigs.no\\\/#website\",\"url\":\"https:\\\/\\\/pigs.no\\\/\",\"name\":\"PIGS\",\"description\":\"Digitaltrykk\",\"publisher\":{\"@id\":\"https:\\\/\\\/pigs.no\\\/#organization\"},\"potentialAction\":[{\"@type\":\"SearchAction\",\"target\":{\"@type\":\"EntryPoint\",\"urlTemplate\":\"https:\\\/\\\/pigs.no\\\/?s={search_term_string}\"},\"query-input\":{\"@type\":\"PropertyValueSpecification\",\"valueRequired\":true,\"valueName\":\"search_term_string\"}}],\"inLanguage\":\"sv-SE\"},{\"@type\":\"Organization\",\"@id\":\"https:\\\/\\\/pigs.no\\\/#organization\",\"name\":\"PIGS\",\"url\":\"https:\\\/\\\/pigs.no\\\/\",\"logo\":{\"@type\":\"ImageObject\",\"inLanguage\":\"sv-SE\",\"@id\":\"https:\\\/\\\/pigs.no\\\/#\\\/schema\\\/logo\\\/image\\\/\",\"url\":\"https:\\\/\\\/staging.pigs.no\\\/wp-content\\\/uploads\\\/2023\\\/09\\\/PIGS-logo_2023-transparent.png\",\"contentUrl\":\"https:\\\/\\\/staging.pigs.no\\\/wp-content\\\/uploads\\\/2023\\\/09\\\/PIGS-logo_2023-transparent.png\",\"width\":1000,\"height\":461,\"caption\":\"PIGS\"},\"image\":{\"@id\":\"https:\\\/\\\/pigs.no\\\/#\\\/schema\\\/logo\\\/image\\\/\"},\"sameAs\":[\"https:\\\/\\\/www.facebook.com\\\/PIGSimagingAS\"]}]}<\/script>\n<!-- \/ Yoast SEO plugin. -->","yoast_head_json":{"title":"Bildemontering p\u00e5 5mm Kapa i Oslo | PIGS","description":"Stiv 5mm Kapa skumplate til bildemontering \u2013 egner seg prima som monteringsplate til innramming. Husk at store plater b\u00f8yer seg over tid uten innramming.","robots":{"index":"index","follow":"follow","max-snippet":"max-snippet:-1","max-image-preview":"max-image-preview:large","max-video-preview":"max-video-preview:-1"},"canonical":"https:\/\/staging.pigs.no\/sv\/product-2\/5mm-kapa-skumplate-bildemontering\/","og_locale":"sv_SE","og_type":"article","og_title":"Bildemontering p\u00e5 5mm Kapa i Oslo | PIGS","og_description":"Stiv 5mm Kapa skumplate til bildemontering \u2013 egner seg prima som monteringsplate til innramming. Husk at store plater b\u00f8yer seg over tid uten innramming.","og_url":"https:\/\/staging.pigs.no\/sv\/product-2\/5mm-kapa-skumplate-bildemontering\/","og_site_name":"PIGS","article_publisher":"https:\/\/www.facebook.com\/PIGSimagingAS","article_modified_time":"2026-01-13T13:18:30+00:00","og_image":[{"width":1200,"height":1200,"url":"https:\/\/staging.pigs.no\/wp-content\/uploads\/2022\/11\/PIGS-imaging-montering-skumplate-01-1.webp","type":"image\/webp"}],"twitter_card":"summary_large_image","twitter_misc":{"Ber\u00e4knad l\u00e4stid":"1 minut"},"schema":{"@context":"https:\/\/schema.org","@graph":[{"@type":"WebPage","@id":"https:\/\/staging.pigs.no\/produkt\/5mm-kapa-skumplate-bildemontering\/","url":"https:\/\/staging.pigs.no\/produkt\/5mm-kapa-skumplate-bildemontering\/","name":"Bildemontering p\u00e5 5mm Kapa i Oslo | PIGS","isPartOf":{"@id":"https:\/\/pigs.no\/#website"},"primaryImageOfPage":{"@id":"https:\/\/staging.pigs.no\/produkt\/5mm-kapa-skumplate-bildemontering\/#primaryimage"},"image":{"@id":"https:\/\/staging.pigs.no\/produkt\/5mm-kapa-skumplate-bildemontering\/#primaryimage"},"thumbnailUrl":"https:\/\/staging.pigs.no\/wp-content\/uploads\/2022\/11\/PIGS-imaging-montering-skumplate-01-1.webp","datePublished":"2022-11-08T20:48:31+00:00","dateModified":"2026-01-13T13:18:30+00:00","description":"Stiv 5mm Kapa skumplate til bildemontering \u2013 egner seg prima som monteringsplate til innramming. Husk at store plater b\u00f8yer seg over tid uten innramming.","breadcrumb":{"@id":"https:\/\/staging.pigs.no\/produkt\/5mm-kapa-skumplate-bildemontering\/#breadcrumb"},"inLanguage":"sv-SE","potentialAction":[{"@type":"ReadAction","target":["https:\/\/staging.pigs.no\/produkt\/5mm-kapa-skumplate-bildemontering\/"]}]},{"@type":"ImageObject","inLanguage":"sv-SE","@id":"https:\/\/staging.pigs.no\/produkt\/5mm-kapa-skumplate-bildemontering\/#primaryimage","url":"https:\/\/staging.pigs.no\/wp-content\/uploads\/2022\/11\/PIGS-imaging-montering-skumplate-01-1.webp","contentUrl":"https:\/\/staging.pigs.no\/wp-content\/uploads\/2022\/11\/PIGS-imaging-montering-skumplate-01-1.webp","width":1200,"height":1200,"caption":"Bildemontering p\u00e5 skumplate"},{"@type":"BreadcrumbList","@id":"https:\/\/staging.pigs.no\/produkt\/5mm-kapa-skumplate-bildemontering\/#breadcrumb","itemListElement":[{"@type":"ListItem","position":1,"name":"Home","item":"https:\/\/staging.pigs.no\/"},{"@type":"ListItem","position":2,"name":"Shop","item":"https:\/\/pigs.no\/nettbutikk\/"},{"@type":"ListItem","position":3,"name":"Expofoam Kapa 5mm"}]},{"@type":"WebSite","@id":"https:\/\/pigs.no\/#website","url":"https:\/\/pigs.no\/","name":"PIGS","description":"Digitaltrykk","publisher":{"@id":"https:\/\/pigs.no\/#organization"},"potentialAction":[{"@type":"SearchAction","target":{"@type":"EntryPoint","urlTemplate":"https:\/\/pigs.no\/?s={search_term_string}"},"query-input":{"@type":"PropertyValueSpecification","valueRequired":true,"valueName":"search_term_string"}}],"inLanguage":"sv-SE"},{"@type":"Organization","@id":"https:\/\/pigs.no\/#organization","name":"PIGS","url":"https:\/\/pigs.no\/","logo":{"@type":"ImageObject","inLanguage":"sv-SE","@id":"https:\/\/pigs.no\/#\/schema\/logo\/image\/","url":"https:\/\/staging.pigs.no\/wp-content\/uploads\/2023\/09\/PIGS-logo_2023-transparent.png","contentUrl":"https:\/\/staging.pigs.no\/wp-content\/uploads\/2023\/09\/PIGS-logo_2023-transparent.png","width":1000,"height":461,"caption":"PIGS"},"image":{"@id":"https:\/\/pigs.no\/#\/schema\/logo\/image\/"},"sameAs":["https:\/\/www.facebook.com\/PIGSimagingAS"]}]}},"_links":{"self":[{"href":"https:\/\/staging.pigs.no\/sv\/wp-json\/wp\/v2\/product\/4902","targetHints":{"allow":["GET"]}}],"collection":[{"href":"https:\/\/staging.pigs.no\/sv\/wp-json\/wp\/v2\/product"}],"about":[{"href":"https:\/\/staging.pigs.no\/sv\/wp-json\/wp\/v2\/types\/product"}],"version-history":[{"count":3,"href":"https:\/\/staging.pigs.no\/sv\/wp-json\/wp\/v2\/product\/4902\/revisions"}],"predecessor-version":[{"id":13334,"href":"https:\/\/staging.pigs.no\/sv\/wp-json\/wp\/v2\/product\/4902\/revisions\/13334"}],"wp:featuredmedia":[{"embeddable":true,"href":"https:\/\/staging.pigs.no\/sv\/wp-json\/wp\/v2\/media\/5419"}],"wp:attachment":[{"href":"https:\/\/staging.pigs.no\/sv\/wp-json\/wp\/v2\/media?parent=4902"}],"wp:term":[{"taxonomy":"product_brand","embeddable":true,"href":"https:\/\/staging.pigs.no\/sv\/wp-json\/wp\/v2\/product_brand?post=4902"},{"taxonomy":"product_cat","embeddable":true,"href":"https:\/\/staging.pigs.no\/sv\/wp-json\/wp\/v2\/product_cat?post=4902"},{"taxonomy":"product_tag","embeddable":true,"href":"https:\/\/staging.pigs.no\/sv\/wp-json\/wp\/v2\/product_tag?post=4902"}],"curies":[{"name":"wp","href":"https:\/\/api.w.org\/{rel}","templated":true}]}}