{"id":7076,"date":"2022-12-20T12:12:41","date_gmt":"2022-12-20T12:12:41","guid":{"rendered":"https:\/\/nye.pigs.no\/?post_type=product&#038;p=7076"},"modified":"2026-01-19T22:34:10","modified_gmt":"2026-01-19T22:34:10","slug":"uv-beskyttelse","status":"publish","type":"product","link":"https:\/\/staging.pigs.no\/sv\/produkt\/uv-beskyttelse\/","title":{"rendered":"UV-skydd - till\u00e4ggsprodukt endast f\u00f6r tryckbest\u00e4llningar"},"content":{"rendered":"<p><strong>UV-beskyttelse \u2013 bestilles kun i forbindelse med printbestilling. Vi selger ikke enkle spraybokser med UV-beskyttelse<\/strong>.<\/p>\n<p>Hahnem\u00fchle Protective Spray beskytter blekkutskrifter mot smuss, fingeravtrykk og fuktighet og \u00f8ker UV-stabiliteten. Den inneholder en UV-absorber og gir dermed ekstra lysbeskyttelse. Det p\u00e5f\u00f8rte beskyttende laget \u00f8ker slitestyrken til papiret, og reduserer risikoen for fingeravtrykk og riper. Gulning av papiret p\u00e5 grunn av sprayen er ikke mulig.<\/p>\n<p>Sprayen legger seg jevnt p\u00e5 papiret som en fin t\u00e5ke uten \u00e5 endre strukturen. Farger p\u00e5 pigment- og fargeblekk er faste, fargene falmer ikke; motivene beholder permanent fargeintensiteten og glansen. Sprayen har kort t\u00f8rketid.<\/p>\n<ul>\n<li style=\"font-weight: 400;\" aria-level=\"1\">Ingen gulning<\/li>\n<li style=\"font-weight: 400;\" aria-level=\"1\">Enkel \u00e5 p\u00e5f\u00f8re<\/li>\n<li style=\"font-weight: 400;\" aria-level=\"1\">Permanent opphold av intensitet og h\u00f8y glans<\/li>\n<li style=\"font-weight: 400;\" aria-level=\"1\">Snabbtorkande<\/li>\n<li style=\"font-weight: 400;\" aria-level=\"1\">Beskytter og forsegler utskriften<\/li>\n<\/ul>\n<p>&nbsp;<\/p>\n<p class=\"\"><a href=\"https:\/\/staging.pigs.no\/wp-content\/uploads\/2022\/12\/Datasheet-Hahnemuhle-Protective-Spary-400ml.pdf\">Les mer om Hahnem\u00fchle Protective Spray<\/a><\/p>","protected":false},"excerpt":{"rendered":"<p>UV Protective Spray beskytter blekkutskrifter mot smuss, fingeravtrykk og fuktighet og \u00f8ker UV-stabiliteten. Den inneholder en UV-absorber og gir dermed ekstra lysbeskyttelse. Det p\u00e5f\u00f8rte beskyttende laget \u00f8ker slitestyrken til papiret, og reduserer risikoen for fingeravtrykk og riper. Gulning av papiret p\u00e5 grunn av sprayen er ikke mulig.<\/p>\n<p>&nbsp;<\/p>","protected":false},"featured_media":7077,"template":"","meta":{"_acf_changed":false},"product_brand":[167],"product_cat":[144,131],"product_tag":[132],"class_list":{"0":"post-7076","1":"product","2":"type-product","3":"status-publish","4":"has-post-thumbnail","6":"product_brand-hahnemuhle","7":"product_cat-tilbehoer","8":"product_cat-uv-spray","9":"product_tag-uv-spray","11":"first","12":"instock","13":"taxable","14":"shipping-taxable","15":"purchasable","16":"product-type-simple"},"acf":[],"yoast_head":"<!-- This site is optimized with the Yoast SEO plugin v27.4 - https:\/\/yoast.com\/product\/yoast-seo-wordpress\/ -->\n<title>UV-beskyttelse \u2013 kun tilleggsprodukt til printbestilling - PIGS<\/title>\n<meta name=\"description\" content=\"Hahnem\u00fchle Protective Spray beskytter blekkutskrifter mot smuss, fingeravtrykk og fuktighet og \u00f8ker UV-stabiliteten. Gir ekstra lysbeskyttelse.\" \/>\n<meta name=\"robots\" content=\"index, follow, max-snippet:-1, max-image-preview:large, max-video-preview:-1\" \/>\n<link rel=\"canonical\" href=\"https:\/\/staging.pigs.no\/sv\/product-2\/uv-beskyttelse\/\" \/>\n<meta property=\"og:locale\" content=\"sv_SE\" \/>\n<meta property=\"og:type\" content=\"article\" \/>\n<meta property=\"og:title\" content=\"UV-beskyttelse \u2013 kun tilleggsprodukt til printbestilling - PIGS\" \/>\n<meta property=\"og:description\" content=\"Hahnem\u00fchle Protective Spray beskytter blekkutskrifter mot smuss, fingeravtrykk og fuktighet og \u00f8ker UV-stabiliteten. Gir ekstra lysbeskyttelse.\" \/>\n<meta property=\"og:url\" content=\"https:\/\/staging.pigs.no\/sv\/product-2\/uv-beskyttelse\/\" \/>\n<meta property=\"og:site_name\" content=\"PIGS\" \/>\n<meta property=\"article:publisher\" content=\"https:\/\/www.facebook.com\/PIGSimagingAS\" \/>\n<meta property=\"article:modified_time\" content=\"2026-01-19T22:34:10+00:00\" \/>\n<meta property=\"og:image\" content=\"https:\/\/staging.pigs.no\/wp-content\/uploads\/2022\/12\/PIGS-imaging-HA-UV-SPRAY.webp\" \/>\n\t<meta property=\"og:image:width\" content=\"1200\" \/>\n\t<meta property=\"og:image:height\" content=\"1200\" \/>\n\t<meta property=\"og:image:type\" content=\"image\/webp\" \/>\n<meta name=\"twitter:card\" content=\"summary_large_image\" \/>\n<meta name=\"twitter:label1\" content=\"Ber\u00e4knad l\u00e4stid\" \/>\n\t<meta name=\"twitter:data1\" content=\"1 minut\" \/>\n<script type=\"application\/ld+json\" class=\"yoast-schema-graph\">{\"@context\":\"https:\\\/\\\/schema.org\",\"@graph\":[{\"@type\":\"WebPage\",\"@id\":\"https:\\\/\\\/staging.pigs.no\\\/produkt\\\/uv-beskyttelse\\\/\",\"url\":\"https:\\\/\\\/staging.pigs.no\\\/produkt\\\/uv-beskyttelse\\\/\",\"name\":\"UV-beskyttelse \u2013 kun tilleggsprodukt til printbestilling - PIGS\",\"isPartOf\":{\"@id\":\"https:\\\/\\\/pigs.no\\\/#website\"},\"primaryImageOfPage\":{\"@id\":\"https:\\\/\\\/staging.pigs.no\\\/produkt\\\/uv-beskyttelse\\\/#primaryimage\"},\"image\":{\"@id\":\"https:\\\/\\\/staging.pigs.no\\\/produkt\\\/uv-beskyttelse\\\/#primaryimage\"},\"thumbnailUrl\":\"https:\\\/\\\/staging.pigs.no\\\/wp-content\\\/uploads\\\/2022\\\/12\\\/PIGS-imaging-HA-UV-SPRAY.webp\",\"datePublished\":\"2022-12-20T12:12:41+00:00\",\"dateModified\":\"2026-01-19T22:34:10+00:00\",\"description\":\"Hahnem\u00fchle Protective Spray beskytter blekkutskrifter mot smuss, fingeravtrykk og fuktighet og \u00f8ker UV-stabiliteten. Gir ekstra lysbeskyttelse.\",\"breadcrumb\":{\"@id\":\"https:\\\/\\\/staging.pigs.no\\\/produkt\\\/uv-beskyttelse\\\/#breadcrumb\"},\"inLanguage\":\"sv-SE\",\"potentialAction\":[{\"@type\":\"ReadAction\",\"target\":[\"https:\\\/\\\/staging.pigs.no\\\/produkt\\\/uv-beskyttelse\\\/\"]}]},{\"@type\":\"ImageObject\",\"inLanguage\":\"sv-SE\",\"@id\":\"https:\\\/\\\/staging.pigs.no\\\/produkt\\\/uv-beskyttelse\\\/#primaryimage\",\"url\":\"https:\\\/\\\/staging.pigs.no\\\/wp-content\\\/uploads\\\/2022\\\/12\\\/PIGS-imaging-HA-UV-SPRAY.webp\",\"contentUrl\":\"https:\\\/\\\/staging.pigs.no\\\/wp-content\\\/uploads\\\/2022\\\/12\\\/PIGS-imaging-HA-UV-SPRAY.webp\",\"width\":1200,\"height\":1200},{\"@type\":\"BreadcrumbList\",\"@id\":\"https:\\\/\\\/staging.pigs.no\\\/produkt\\\/uv-beskyttelse\\\/#breadcrumb\",\"itemListElement\":[{\"@type\":\"ListItem\",\"position\":1,\"name\":\"Home\",\"item\":\"https:\\\/\\\/staging.pigs.no\\\/\"},{\"@type\":\"ListItem\",\"position\":2,\"name\":\"Shop\",\"item\":\"https:\\\/\\\/pigs.no\\\/nettbutikk\\\/\"},{\"@type\":\"ListItem\",\"position\":3,\"name\":\"UV-beskyttelse \u2013 kun tilleggsprodukt til printbestilling\"}]},{\"@type\":\"WebSite\",\"@id\":\"https:\\\/\\\/pigs.no\\\/#website\",\"url\":\"https:\\\/\\\/pigs.no\\\/\",\"name\":\"PIGS\",\"description\":\"Digitaltrykk\",\"publisher\":{\"@id\":\"https:\\\/\\\/pigs.no\\\/#organization\"},\"potentialAction\":[{\"@type\":\"SearchAction\",\"target\":{\"@type\":\"EntryPoint\",\"urlTemplate\":\"https:\\\/\\\/pigs.no\\\/?s={search_term_string}\"},\"query-input\":{\"@type\":\"PropertyValueSpecification\",\"valueRequired\":true,\"valueName\":\"search_term_string\"}}],\"inLanguage\":\"sv-SE\"},{\"@type\":\"Organization\",\"@id\":\"https:\\\/\\\/pigs.no\\\/#organization\",\"name\":\"PIGS\",\"url\":\"https:\\\/\\\/pigs.no\\\/\",\"logo\":{\"@type\":\"ImageObject\",\"inLanguage\":\"sv-SE\",\"@id\":\"https:\\\/\\\/pigs.no\\\/#\\\/schema\\\/logo\\\/image\\\/\",\"url\":\"https:\\\/\\\/staging.pigs.no\\\/wp-content\\\/uploads\\\/2023\\\/09\\\/PIGS-logo_2023-transparent.png\",\"contentUrl\":\"https:\\\/\\\/staging.pigs.no\\\/wp-content\\\/uploads\\\/2023\\\/09\\\/PIGS-logo_2023-transparent.png\",\"width\":1000,\"height\":461,\"caption\":\"PIGS\"},\"image\":{\"@id\":\"https:\\\/\\\/pigs.no\\\/#\\\/schema\\\/logo\\\/image\\\/\"},\"sameAs\":[\"https:\\\/\\\/www.facebook.com\\\/PIGSimagingAS\"]}]}<\/script>\n<!-- \/ Yoast SEO plugin. -->","yoast_head_json":{"title":"UV-beskyttelse \u2013 kun tilleggsprodukt til printbestilling - PIGS","description":"Hahnem\u00fchle Protective Spray beskytter blekkutskrifter mot smuss, fingeravtrykk og fuktighet og \u00f8ker UV-stabiliteten. Gir ekstra lysbeskyttelse.","robots":{"index":"index","follow":"follow","max-snippet":"max-snippet:-1","max-image-preview":"max-image-preview:large","max-video-preview":"max-video-preview:-1"},"canonical":"https:\/\/staging.pigs.no\/sv\/product-2\/uv-beskyttelse\/","og_locale":"sv_SE","og_type":"article","og_title":"UV-beskyttelse \u2013 kun tilleggsprodukt til printbestilling - PIGS","og_description":"Hahnem\u00fchle Protective Spray beskytter blekkutskrifter mot smuss, fingeravtrykk og fuktighet og \u00f8ker UV-stabiliteten. Gir ekstra lysbeskyttelse.","og_url":"https:\/\/staging.pigs.no\/sv\/product-2\/uv-beskyttelse\/","og_site_name":"PIGS","article_publisher":"https:\/\/www.facebook.com\/PIGSimagingAS","article_modified_time":"2026-01-19T22:34:10+00:00","og_image":[{"width":1200,"height":1200,"url":"https:\/\/staging.pigs.no\/wp-content\/uploads\/2022\/12\/PIGS-imaging-HA-UV-SPRAY.webp","type":"image\/webp"}],"twitter_card":"summary_large_image","twitter_misc":{"Ber\u00e4knad l\u00e4stid":"1 minut"},"schema":{"@context":"https:\/\/schema.org","@graph":[{"@type":"WebPage","@id":"https:\/\/staging.pigs.no\/produkt\/uv-beskyttelse\/","url":"https:\/\/staging.pigs.no\/produkt\/uv-beskyttelse\/","name":"UV-beskyttelse \u2013 kun tilleggsprodukt til printbestilling - PIGS","isPartOf":{"@id":"https:\/\/pigs.no\/#website"},"primaryImageOfPage":{"@id":"https:\/\/staging.pigs.no\/produkt\/uv-beskyttelse\/#primaryimage"},"image":{"@id":"https:\/\/staging.pigs.no\/produkt\/uv-beskyttelse\/#primaryimage"},"thumbnailUrl":"https:\/\/staging.pigs.no\/wp-content\/uploads\/2022\/12\/PIGS-imaging-HA-UV-SPRAY.webp","datePublished":"2022-12-20T12:12:41+00:00","dateModified":"2026-01-19T22:34:10+00:00","description":"Hahnem\u00fchle Protective Spray beskytter blekkutskrifter mot smuss, fingeravtrykk og fuktighet og \u00f8ker UV-stabiliteten. Gir ekstra lysbeskyttelse.","breadcrumb":{"@id":"https:\/\/staging.pigs.no\/produkt\/uv-beskyttelse\/#breadcrumb"},"inLanguage":"sv-SE","potentialAction":[{"@type":"ReadAction","target":["https:\/\/staging.pigs.no\/produkt\/uv-beskyttelse\/"]}]},{"@type":"ImageObject","inLanguage":"sv-SE","@id":"https:\/\/staging.pigs.no\/produkt\/uv-beskyttelse\/#primaryimage","url":"https:\/\/staging.pigs.no\/wp-content\/uploads\/2022\/12\/PIGS-imaging-HA-UV-SPRAY.webp","contentUrl":"https:\/\/staging.pigs.no\/wp-content\/uploads\/2022\/12\/PIGS-imaging-HA-UV-SPRAY.webp","width":1200,"height":1200},{"@type":"BreadcrumbList","@id":"https:\/\/staging.pigs.no\/produkt\/uv-beskyttelse\/#breadcrumb","itemListElement":[{"@type":"ListItem","position":1,"name":"Home","item":"https:\/\/staging.pigs.no\/"},{"@type":"ListItem","position":2,"name":"Shop","item":"https:\/\/pigs.no\/nettbutikk\/"},{"@type":"ListItem","position":3,"name":"UV-beskyttelse \u2013 kun tilleggsprodukt til printbestilling"}]},{"@type":"WebSite","@id":"https:\/\/pigs.no\/#website","url":"https:\/\/pigs.no\/","name":"PIGS","description":"Digitaltrykk","publisher":{"@id":"https:\/\/pigs.no\/#organization"},"potentialAction":[{"@type":"SearchAction","target":{"@type":"EntryPoint","urlTemplate":"https:\/\/pigs.no\/?s={search_term_string}"},"query-input":{"@type":"PropertyValueSpecification","valueRequired":true,"valueName":"search_term_string"}}],"inLanguage":"sv-SE"},{"@type":"Organization","@id":"https:\/\/pigs.no\/#organization","name":"PIGS","url":"https:\/\/pigs.no\/","logo":{"@type":"ImageObject","inLanguage":"sv-SE","@id":"https:\/\/pigs.no\/#\/schema\/logo\/image\/","url":"https:\/\/staging.pigs.no\/wp-content\/uploads\/2023\/09\/PIGS-logo_2023-transparent.png","contentUrl":"https:\/\/staging.pigs.no\/wp-content\/uploads\/2023\/09\/PIGS-logo_2023-transparent.png","width":1000,"height":461,"caption":"PIGS"},"image":{"@id":"https:\/\/pigs.no\/#\/schema\/logo\/image\/"},"sameAs":["https:\/\/www.facebook.com\/PIGSimagingAS"]}]}},"_links":{"self":[{"href":"https:\/\/staging.pigs.no\/sv\/wp-json\/wp\/v2\/product\/7076","targetHints":{"allow":["GET"]}}],"collection":[{"href":"https:\/\/staging.pigs.no\/sv\/wp-json\/wp\/v2\/product"}],"about":[{"href":"https:\/\/staging.pigs.no\/sv\/wp-json\/wp\/v2\/types\/product"}],"version-history":[{"count":4,"href":"https:\/\/staging.pigs.no\/sv\/wp-json\/wp\/v2\/product\/7076\/revisions"}],"predecessor-version":[{"id":13358,"href":"https:\/\/staging.pigs.no\/sv\/wp-json\/wp\/v2\/product\/7076\/revisions\/13358"}],"wp:featuredmedia":[{"embeddable":true,"href":"https:\/\/staging.pigs.no\/sv\/wp-json\/wp\/v2\/media\/7077"}],"wp:attachment":[{"href":"https:\/\/staging.pigs.no\/sv\/wp-json\/wp\/v2\/media?parent=7076"}],"wp:term":[{"taxonomy":"product_brand","embeddable":true,"href":"https:\/\/staging.pigs.no\/sv\/wp-json\/wp\/v2\/product_brand?post=7076"},{"taxonomy":"product_cat","embeddable":true,"href":"https:\/\/staging.pigs.no\/sv\/wp-json\/wp\/v2\/product_cat?post=7076"},{"taxonomy":"product_tag","embeddable":true,"href":"https:\/\/staging.pigs.no\/sv\/wp-json\/wp\/v2\/product_tag?post=7076"}],"curies":[{"name":"wp","href":"https:\/\/api.w.org\/{rel}","templated":true}]}}