{"id":9327,"date":"2023-09-11T15:04:26","date_gmt":"2023-09-11T15:04:26","guid":{"rendered":"https:\/\/staging.pigs.no\/?post_type=product&#038;p=9327"},"modified":"2026-01-19T21:57:54","modified_gmt":"2026-01-19T21:57:54","slug":"hahnemuehle-fineart-pearl-giclee","status":"publish","type":"product","link":"https:\/\/staging.pigs.no\/sv\/produkt\/hahnemuehle-fineart-pearl-giclee\/","title":{"rendered":"Hahnem\u00fchle FineArt Pearl 285"},"content":{"rendered":"<p>FineArt Pearl 285 har en fint definierad, sl\u00e4t yta och en ljus bas utan optiska vitmedel. Den p\u00e4rlemorskimrande finishen ger ett elegant fotografiskt uttryck med bra djup och kontrast, utan att bli glansig. \u00d6verensst\u00e4mmer med ISO 9706.<\/p>\n<p><strong>NB!<\/strong> Kan tryckas upp till 110 cm p\u00e5 kortsidan (t.ex. 110 \u00d7 200 cm). Rullens bredd: 111 cm (44\u2033).<\/p>\n<p><strong data-start=\"20239\" data-end=\"20259\">L\u00e4mpar sig b\u00e4st f\u00f6r:<\/strong> s-h \/ foto \/ affisch \/ utst\u00e4llning<\/p>\n<p data-start=\"20012\" data-end=\"20041\"><strong data-start=\"20012\" data-end=\"20039\">Funktioner:<\/strong><\/p>\n<ul data-start=\"20042\" data-end=\"20237\">\n<li data-start=\"20042\" data-end=\"20053\">\n<p data-start=\"20044\" data-end=\"20053\">285 gsm<\/p>\n<\/li>\n<li data-start=\"20054\" data-end=\"20077\">\n<p data-start=\"20056\" data-end=\"20077\">100% alfa-cellulosa<\/p>\n<\/li>\n<li data-start=\"20078\" data-end=\"20131\">\n<p data-start=\"20080\" data-end=\"20131\">Ljusvit, utan optiska vitmedel<\/p>\n<\/li>\n<li data-start=\"20132\" data-end=\"20166\">\n<p data-start=\"20134\" data-end=\"20166\">Delikat, sl\u00e4t ytstruktur<\/p>\n<\/li>\n<li data-start=\"20167\" data-end=\"20188\">\n<p data-start=\"20169\" data-end=\"20188\">P\u00e4rlemorskimrande yta<\/p>\n<\/li>\n<li data-start=\"20189\" data-end=\"20200\">\n<p data-start=\"20191\" data-end=\"20200\">Syrafri<\/p>\n<\/li>\n<li data-start=\"20201\" data-end=\"20237\">\n<p data-start=\"20203\" data-end=\"20237\">ISO 9706-kompatibel \/ museikvalitet<\/p>\n<\/li>\n<\/ul>\n<p>&nbsp;<\/p>\n<p><a href=\"https:\/\/staging.pigs.no\/wp-content\/uploads\/2022\/09\/Datasheet-Hahnem\u00fchle-PhotoRag-Pearl-320.pdf\">L\u00e4s mer om Hahnem\u00fchle FineArt Pearl 285<\/a><\/p>","protected":false},"excerpt":{"rendered":"<p>Ljusvit fine art (285 g\/m\u00b2) i 100% alfa-cellulosa utan OBA - j\u00e4mn textur och p\u00e4rlemorskimrande glans f\u00f6r bra kontrast och levande f\u00e4rger.<\/p>","protected":false},"featured_media":9330,"template":"","meta":{"_acf_changed":false},"product_brand":[167],"product_cat":[84,107,104,53,106],"product_tag":[86,42,70,40,39,46,47,41],"class_list":{"0":"post-9327","1":"product","2":"type-product","3":"status-publish","4":"has-post-thumbnail","6":"product_brand-hahnemuhle","7":"product_cat-alpha-cellulose","8":"product_cat-blanke-fineart-prints","9":"product_cat-blankt-papir","10":"product_cat-bright-white","11":"product_cat-pigs-medier","12":"product_tag-100-cotton","13":"product_tag-300gsm","14":"product_tag-blank","15":"product_tag-fineart","16":"product_tag-giclee","17":"product_tag-hahnemuhle","18":"product_tag-papir","19":"product_tag-white","21":"first","22":"instock","23":"taxable","24":"shipping-taxable","25":"purchasable","26":"product-type-simple"},"acf":[],"yoast_head":"<!-- This site is optimized with the Yoast SEO plugin v27.4 - https:\/\/yoast.com\/product\/yoast-seo-wordpress\/ -->\n<title>FineArt Pearl 285 | Perleglans fine art-papir | PIGS<\/title>\n<meta name=\"description\" content=\"FineArt Pearl 285 er et lys hvitt fine art-papir (285 gsm) uten OBA med perleglans finish. Gir god kontrast og levende farger til foto og posters.\" \/>\n<meta name=\"robots\" content=\"index, follow, max-snippet:-1, max-image-preview:large, max-video-preview:-1\" \/>\n<link rel=\"canonical\" href=\"https:\/\/staging.pigs.no\/sv\/product-2\/hahnemuehle-fineart-pearl-giclee\/\" \/>\n<meta property=\"og:locale\" content=\"sv_SE\" \/>\n<meta property=\"og:type\" content=\"article\" \/>\n<meta property=\"og:title\" content=\"FineArt Pearl 285 | Perleglans fine art-papir | PIGS\" \/>\n<meta property=\"og:description\" content=\"FineArt Pearl 285 er et lys hvitt fine art-papir (285 gsm) uten OBA med perleglans finish. Gir god kontrast og levende farger til foto og posters.\" \/>\n<meta property=\"og:url\" content=\"https:\/\/staging.pigs.no\/sv\/product-2\/hahnemuehle-fineart-pearl-giclee\/\" \/>\n<meta property=\"og:site_name\" content=\"PIGS\" \/>\n<meta property=\"article:publisher\" content=\"https:\/\/www.facebook.com\/PIGSimagingAS\" \/>\n<meta property=\"article:modified_time\" content=\"2026-01-19T21:57:54+00:00\" \/>\n<meta property=\"og:image\" content=\"https:\/\/staging.pigs.no\/wp-content\/uploads\/2023\/09\/Pigs-imaging-hahnemuehle-fineart-pearl-285.webp\" \/>\n\t<meta property=\"og:image:width\" content=\"2000\" \/>\n\t<meta property=\"og:image:height\" content=\"2000\" \/>\n\t<meta property=\"og:image:type\" content=\"image\/webp\" \/>\n<meta name=\"twitter:card\" content=\"summary_large_image\" \/>\n<meta name=\"twitter:label1\" content=\"Ber\u00e4knad l\u00e4stid\" \/>\n\t<meta name=\"twitter:data1\" content=\"1 minut\" \/>\n<script type=\"application\/ld+json\" class=\"yoast-schema-graph\">{\"@context\":\"https:\\\/\\\/schema.org\",\"@graph\":[{\"@type\":\"WebPage\",\"@id\":\"https:\\\/\\\/staging.pigs.no\\\/produkt\\\/hahnemuehle-fineart-pearl-giclee\\\/\",\"url\":\"https:\\\/\\\/staging.pigs.no\\\/produkt\\\/hahnemuehle-fineart-pearl-giclee\\\/\",\"name\":\"FineArt Pearl 285 | Perleglans fine art-papir | PIGS\",\"isPartOf\":{\"@id\":\"https:\\\/\\\/pigs.no\\\/#website\"},\"primaryImageOfPage\":{\"@id\":\"https:\\\/\\\/staging.pigs.no\\\/produkt\\\/hahnemuehle-fineart-pearl-giclee\\\/#primaryimage\"},\"image\":{\"@id\":\"https:\\\/\\\/staging.pigs.no\\\/produkt\\\/hahnemuehle-fineart-pearl-giclee\\\/#primaryimage\"},\"thumbnailUrl\":\"https:\\\/\\\/staging.pigs.no\\\/wp-content\\\/uploads\\\/2023\\\/09\\\/Pigs-imaging-hahnemuehle-fineart-pearl-285.webp\",\"datePublished\":\"2023-09-11T15:04:26+00:00\",\"dateModified\":\"2026-01-19T21:57:54+00:00\",\"description\":\"FineArt Pearl 285 er et lys hvitt fine art-papir (285 gsm) uten OBA med perleglans finish. Gir god kontrast og levende farger til foto og posters.\",\"breadcrumb\":{\"@id\":\"https:\\\/\\\/staging.pigs.no\\\/produkt\\\/hahnemuehle-fineart-pearl-giclee\\\/#breadcrumb\"},\"inLanguage\":\"sv-SE\",\"potentialAction\":[{\"@type\":\"ReadAction\",\"target\":[\"https:\\\/\\\/staging.pigs.no\\\/produkt\\\/hahnemuehle-fineart-pearl-giclee\\\/\"]}]},{\"@type\":\"ImageObject\",\"inLanguage\":\"sv-SE\",\"@id\":\"https:\\\/\\\/staging.pigs.no\\\/produkt\\\/hahnemuehle-fineart-pearl-giclee\\\/#primaryimage\",\"url\":\"https:\\\/\\\/staging.pigs.no\\\/wp-content\\\/uploads\\\/2023\\\/09\\\/Pigs-imaging-hahnemuehle-fineart-pearl-285.webp\",\"contentUrl\":\"https:\\\/\\\/staging.pigs.no\\\/wp-content\\\/uploads\\\/2023\\\/09\\\/Pigs-imaging-hahnemuehle-fineart-pearl-285.webp\",\"width\":2000,\"height\":2000,\"caption\":\"Hahnem\u00fchle FineArt Pearl 285\"},{\"@type\":\"BreadcrumbList\",\"@id\":\"https:\\\/\\\/staging.pigs.no\\\/produkt\\\/hahnemuehle-fineart-pearl-giclee\\\/#breadcrumb\",\"itemListElement\":[{\"@type\":\"ListItem\",\"position\":1,\"name\":\"Home\",\"item\":\"https:\\\/\\\/staging.pigs.no\\\/\"},{\"@type\":\"ListItem\",\"position\":2,\"name\":\"Shop\",\"item\":\"https:\\\/\\\/pigs.no\\\/nettbutikk\\\/\"},{\"@type\":\"ListItem\",\"position\":3,\"name\":\"Hahnem\u00fchle FineArt Pearl 285\"}]},{\"@type\":\"WebSite\",\"@id\":\"https:\\\/\\\/pigs.no\\\/#website\",\"url\":\"https:\\\/\\\/pigs.no\\\/\",\"name\":\"PIGS\",\"description\":\"Digitaltrykk\",\"publisher\":{\"@id\":\"https:\\\/\\\/pigs.no\\\/#organization\"},\"potentialAction\":[{\"@type\":\"SearchAction\",\"target\":{\"@type\":\"EntryPoint\",\"urlTemplate\":\"https:\\\/\\\/pigs.no\\\/?s={search_term_string}\"},\"query-input\":{\"@type\":\"PropertyValueSpecification\",\"valueRequired\":true,\"valueName\":\"search_term_string\"}}],\"inLanguage\":\"sv-SE\"},{\"@type\":\"Organization\",\"@id\":\"https:\\\/\\\/pigs.no\\\/#organization\",\"name\":\"PIGS\",\"url\":\"https:\\\/\\\/pigs.no\\\/\",\"logo\":{\"@type\":\"ImageObject\",\"inLanguage\":\"sv-SE\",\"@id\":\"https:\\\/\\\/pigs.no\\\/#\\\/schema\\\/logo\\\/image\\\/\",\"url\":\"https:\\\/\\\/staging.pigs.no\\\/wp-content\\\/uploads\\\/2023\\\/09\\\/PIGS-logo_2023-transparent.png\",\"contentUrl\":\"https:\\\/\\\/staging.pigs.no\\\/wp-content\\\/uploads\\\/2023\\\/09\\\/PIGS-logo_2023-transparent.png\",\"width\":1000,\"height\":461,\"caption\":\"PIGS\"},\"image\":{\"@id\":\"https:\\\/\\\/pigs.no\\\/#\\\/schema\\\/logo\\\/image\\\/\"},\"sameAs\":[\"https:\\\/\\\/www.facebook.com\\\/PIGSimagingAS\"]}]}<\/script>\n<!-- \/ Yoast SEO plugin. -->","yoast_head_json":{"title":"FineArt Pearl 285 | Perleglans konstpapper | PIGS","description":"FineArt Pearl 285 \u00e4r ett ljusvitt fine art-papper (285 g\/m\u00b2) utan OBA med p\u00e4rlemorskimrande finish. Ger bra kontrast och livfulla f\u00e4rger f\u00f6r foton och affischer.","robots":{"index":"index","follow":"follow","max-snippet":"max-snippet:-1","max-image-preview":"max-image-preview:large","max-video-preview":"max-video-preview:-1"},"canonical":"https:\/\/staging.pigs.no\/sv\/product-2\/hahnemuehle-fineart-pearl-giclee\/","og_locale":"sv_SE","og_type":"article","og_title":"FineArt Pearl 285 | Perleglans fine art-papir | PIGS","og_description":"FineArt Pearl 285 er et lys hvitt fine art-papir (285 gsm) uten OBA med perleglans finish. Gir god kontrast og levende farger til foto og posters.","og_url":"https:\/\/staging.pigs.no\/sv\/product-2\/hahnemuehle-fineart-pearl-giclee\/","og_site_name":"PIGS","article_publisher":"https:\/\/www.facebook.com\/PIGSimagingAS","article_modified_time":"2026-01-19T21:57:54+00:00","og_image":[{"width":2000,"height":2000,"url":"https:\/\/staging.pigs.no\/wp-content\/uploads\/2023\/09\/Pigs-imaging-hahnemuehle-fineart-pearl-285.webp","type":"image\/webp"}],"twitter_card":"summary_large_image","twitter_misc":{"Ber\u00e4knad l\u00e4stid":"1 minut"},"schema":{"@context":"https:\/\/schema.org","@graph":[{"@type":"WebPage","@id":"https:\/\/staging.pigs.no\/produkt\/hahnemuehle-fineart-pearl-giclee\/","url":"https:\/\/staging.pigs.no\/produkt\/hahnemuehle-fineart-pearl-giclee\/","name":"FineArt Pearl 285 | Perleglans konstpapper | PIGS","isPartOf":{"@id":"https:\/\/pigs.no\/#website"},"primaryImageOfPage":{"@id":"https:\/\/staging.pigs.no\/produkt\/hahnemuehle-fineart-pearl-giclee\/#primaryimage"},"image":{"@id":"https:\/\/staging.pigs.no\/produkt\/hahnemuehle-fineart-pearl-giclee\/#primaryimage"},"thumbnailUrl":"https:\/\/staging.pigs.no\/wp-content\/uploads\/2023\/09\/Pigs-imaging-hahnemuehle-fineart-pearl-285.webp","datePublished":"2023-09-11T15:04:26+00:00","dateModified":"2026-01-19T21:57:54+00:00","description":"FineArt Pearl 285 \u00e4r ett ljusvitt fine art-papper (285 g\/m\u00b2) utan OBA med p\u00e4rlemorskimrande finish. Ger bra kontrast och livfulla f\u00e4rger f\u00f6r foton och affischer.","breadcrumb":{"@id":"https:\/\/staging.pigs.no\/produkt\/hahnemuehle-fineart-pearl-giclee\/#breadcrumb"},"inLanguage":"sv-SE","potentialAction":[{"@type":"ReadAction","target":["https:\/\/staging.pigs.no\/produkt\/hahnemuehle-fineart-pearl-giclee\/"]}]},{"@type":"ImageObject","inLanguage":"sv-SE","@id":"https:\/\/staging.pigs.no\/produkt\/hahnemuehle-fineart-pearl-giclee\/#primaryimage","url":"https:\/\/staging.pigs.no\/wp-content\/uploads\/2023\/09\/Pigs-imaging-hahnemuehle-fineart-pearl-285.webp","contentUrl":"https:\/\/staging.pigs.no\/wp-content\/uploads\/2023\/09\/Pigs-imaging-hahnemuehle-fineart-pearl-285.webp","width":2000,"height":2000,"caption":"Hahnem\u00fchle FineArt Pearl 285"},{"@type":"BreadcrumbList","@id":"https:\/\/staging.pigs.no\/produkt\/hahnemuehle-fineart-pearl-giclee\/#breadcrumb","itemListElement":[{"@type":"ListItem","position":1,"name":"Home","item":"https:\/\/staging.pigs.no\/"},{"@type":"ListItem","position":2,"name":"Shop","item":"https:\/\/pigs.no\/nettbutikk\/"},{"@type":"ListItem","position":3,"name":"Hahnem\u00fchle FineArt Pearl 285"}]},{"@type":"WebSite","@id":"https:\/\/pigs.no\/#website","url":"https:\/\/pigs.no\/","name":"PIGS","description":"Digitaltrykk","publisher":{"@id":"https:\/\/pigs.no\/#organization"},"potentialAction":[{"@type":"SearchAction","target":{"@type":"EntryPoint","urlTemplate":"https:\/\/pigs.no\/?s={search_term_string}"},"query-input":{"@type":"PropertyValueSpecification","valueRequired":true,"valueName":"search_term_string"}}],"inLanguage":"sv-SE"},{"@type":"Organization","@id":"https:\/\/pigs.no\/#organization","name":"PIGS","url":"https:\/\/pigs.no\/","logo":{"@type":"ImageObject","inLanguage":"sv-SE","@id":"https:\/\/pigs.no\/#\/schema\/logo\/image\/","url":"https:\/\/staging.pigs.no\/wp-content\/uploads\/2023\/09\/PIGS-logo_2023-transparent.png","contentUrl":"https:\/\/staging.pigs.no\/wp-content\/uploads\/2023\/09\/PIGS-logo_2023-transparent.png","width":1000,"height":461,"caption":"PIGS"},"image":{"@id":"https:\/\/pigs.no\/#\/schema\/logo\/image\/"},"sameAs":["https:\/\/www.facebook.com\/PIGSimagingAS"]}]}},"_links":{"self":[{"href":"https:\/\/staging.pigs.no\/sv\/wp-json\/wp\/v2\/product\/9327","targetHints":{"allow":["GET"]}}],"collection":[{"href":"https:\/\/staging.pigs.no\/sv\/wp-json\/wp\/v2\/product"}],"about":[{"href":"https:\/\/staging.pigs.no\/sv\/wp-json\/wp\/v2\/types\/product"}],"version-history":[{"count":4,"href":"https:\/\/staging.pigs.no\/sv\/wp-json\/wp\/v2\/product\/9327\/revisions"}],"predecessor-version":[{"id":13473,"href":"https:\/\/staging.pigs.no\/sv\/wp-json\/wp\/v2\/product\/9327\/revisions\/13473"}],"wp:featuredmedia":[{"embeddable":true,"href":"https:\/\/staging.pigs.no\/sv\/wp-json\/wp\/v2\/media\/9330"}],"wp:attachment":[{"href":"https:\/\/staging.pigs.no\/sv\/wp-json\/wp\/v2\/media?parent=9327"}],"wp:term":[{"taxonomy":"product_brand","embeddable":true,"href":"https:\/\/staging.pigs.no\/sv\/wp-json\/wp\/v2\/product_brand?post=9327"},{"taxonomy":"product_cat","embeddable":true,"href":"https:\/\/staging.pigs.no\/sv\/wp-json\/wp\/v2\/product_cat?post=9327"},{"taxonomy":"product_tag","embeddable":true,"href":"https:\/\/staging.pigs.no\/sv\/wp-json\/wp\/v2\/product_tag?post=9327"}],"curies":[{"name":"wp","href":"https:\/\/api.w.org\/{rel}","templated":true}]}}